{"id":9975,"date":"2025-04-16T13:46:39","date_gmt":"2025-04-16T12:46:39","guid":{"rendered":"https:\/\/masilaparfum.com\/?post_type=product&#038;p=9975"},"modified":"2025-04-16T13:46:39","modified_gmt":"2025-04-16T12:46:39","slug":"libre-absolu","status":"publish","type":"product","link":"https:\/\/masilaparfum.com\/index.php\/product\/libre-absolu\/","title":{"rendered":"YSL Libre L&rsquo;Absolu Platine 90ML"},"content":{"rendered":"<h3 style=\"text-align: center;\"><em><b>YSL Libre L&rsquo;Absolu Platine<\/b><\/em><\/h3>\n<p style=\"text-align: center;\">\u00a0un parfum Orientale Floral pour femme. C&rsquo;est un nouveau parfum.\u00a0<b>Libre L&rsquo;Absolu Platine<\/b>\u00a0a \u00e9t\u00e9 lanc\u00e9 en 2023. Les notes de t\u00eate sont Ald\u00e9hydes, Bergamote et Mandarine; les notes de coeur sont Lavande, Lavande bleue et Fleur d&rsquo;oranger; les notes de fond sont Vanille et Ambre.<\/p>\n","protected":false},"excerpt":{"rendered":"<p>YSL Libre L&rsquo;Absolu Platine \u00a0un parfum Orientale Floral pour femme. C&rsquo;est un nouveau parfum.\u00a0Libre L&rsquo;Absolu Platine\u00a0a \u00e9t\u00e9 lanc\u00e9 en 2023. Les notes de t\u00eate sont Ald\u00e9hydes, Bergamote et Mandarine; les notes de coeur sont Lavande, Lavande bleue et Fleur d&rsquo;oranger; les notes de fond sont Vanille et Ambre.<\/p>\n","protected":false},"featured_media":9976,"comment_status":"open","ping_status":"closed","template":"","meta":{"_uag_custom_page_level_css":"","site-sidebar-layout":"default","site-content-layout":"","ast-site-content-layout":"default","site-content-style":"default","site-sidebar-style":"default","ast-global-header-display":"","ast-banner-title-visibility":"","ast-main-header-display":"","ast-hfb-above-header-display":"","ast-hfb-below-header-display":"","ast-hfb-mobile-header-display":"","site-post-title":"","ast-breadcrumbs-content":"","ast-featured-img":"","footer-sml-layout":"","theme-transparent-header-meta":"default","adv-header-id-meta":"","stick-header-meta":"","header-above-stick-meta":"","header-main-stick-meta":"","header-below-stick-meta":"","astra-migrate-meta-layouts":"set","ast-page-background-enabled":"default","ast-page-background-meta":{"desktop":{"background-color":"","background-image":"","background-repeat":"repeat","background-position":"center center","background-size":"auto","background-attachment":"scroll","background-type":"","background-media":"","overlay-type":"","overlay-color":"","overlay-opacity":"","overlay-gradient":""},"tablet":{"background-color":"","background-image":"","background-repeat":"repeat","background-position":"center center","background-size":"auto","background-attachment":"scroll","background-type":"","background-media":"","overlay-type":"","overlay-color":"","overlay-opacity":"","overlay-gradient":""},"mobile":{"background-color":"","background-image":"","background-repeat":"repeat","background-position":"center center","background-size":"auto","background-attachment":"scroll","background-type":"","background-media":"","overlay-type":"","overlay-color":"","overlay-opacity":"","overlay-gradient":""}},"ast-content-background-meta":{"desktop":{"background-color":"var(--ast-global-color-5)","background-image":"","background-repeat":"repeat","background-position":"center center","background-size":"auto","background-attachment":"scroll","background-type":"","background-media":"","overlay-type":"","overlay-color":"","overlay-opacity":"","overlay-gradient":""},"tablet":{"background-color":"var(--ast-global-color-5)","background-image":"","background-repeat":"repeat","background-position":"center center","background-size":"auto","background-attachment":"scroll","background-type":"","background-media":"","overlay-type":"","overlay-color":"","overlay-opacity":"","overlay-gradient":""},"mobile":{"background-color":"var(--ast-global-color-5)","background-image":"","background-repeat":"repeat","background-position":"center center","background-size":"auto","background-attachment":"scroll","background-type":"","background-media":"","overlay-type":"","overlay-color":"","overlay-opacity":"","overlay-gradient":""}}},"product_cat":[59],"product_tag":[],"class_list":{"0":"post-9975","1":"product","2":"type-product","3":"status-publish","4":"has-post-thumbnail","6":"product_cat-parfumfemme","7":"desktop-align-center","8":"tablet-align-left","9":"mobile-align-center","11":"first","12":"instock","13":"shipping-taxable","14":"purchasable","15":"product-type-simple"},"uagb_featured_image_src":{"full":["https:\/\/masilaparfum.com\/wp-content\/uploads\/2025\/04\/libre-absolu-platine.jpg",670,670,false],"thumbnail":["https:\/\/masilaparfum.com\/wp-content\/uploads\/2025\/04\/libre-absolu-platine-150x150.jpg",150,150,true],"medium":["https:\/\/masilaparfum.com\/wp-content\/uploads\/2025\/04\/libre-absolu-platine-300x300.jpg",300,300,true],"medium_large":["https:\/\/masilaparfum.com\/wp-content\/uploads\/2025\/04\/libre-absolu-platine.jpg",670,670,false],"large":["https:\/\/masilaparfum.com\/wp-content\/uploads\/2025\/04\/libre-absolu-platine.jpg",670,670,false],"1536x1536":["https:\/\/masilaparfum.com\/wp-content\/uploads\/2025\/04\/libre-absolu-platine.jpg",670,670,false],"2048x2048":["https:\/\/masilaparfum.com\/wp-content\/uploads\/2025\/04\/libre-absolu-platine.jpg",670,670,false],"mailpoet_newsletter_max":["https:\/\/masilaparfum.com\/wp-content\/uploads\/2025\/04\/libre-absolu-platine.jpg",670,670,false],"woocommerce_thumbnail":["https:\/\/masilaparfum.com\/wp-content\/uploads\/2025\/04\/libre-absolu-platine-300x300.jpg",300,300,true],"woocommerce_single":["https:\/\/masilaparfum.com\/wp-content\/uploads\/2025\/04\/libre-absolu-platine-600x600.jpg",600,600,true],"woocommerce_gallery_thumbnail":["https:\/\/masilaparfum.com\/wp-content\/uploads\/2025\/04\/libre-absolu-platine-100x100.jpg",100,100,true],"wcpr-photo-reviews":["https:\/\/masilaparfum.com\/wp-content\/uploads\/2025\/04\/libre-absolu-platine.jpg",500,500,false]},"uagb_author_info":{"display_name":"masilaparfum","author_link":"https:\/\/masilaparfum.com\/index.php\/author\/"},"uagb_comment_info":0,"uagb_excerpt":"YSL Libre L&rsquo;Absolu Platine \u00a0un parfum Orientale Floral pour femme. C&rsquo;est un nouveau parfum.\u00a0Libre L&rsquo;Absolu Platine\u00a0a \u00e9t\u00e9 lanc\u00e9 en 2023. Les notes de t\u00eate sont Ald\u00e9hydes, Bergamote et Mandarine; les notes de coeur sont Lavande, Lavande bleue et Fleur d&rsquo;oranger; les notes de fond sont Vanille et Ambre.","_links":{"self":[{"href":"https:\/\/masilaparfum.com\/index.php\/wp-json\/wp\/v2\/product\/9975","targetHints":{"allow":["GET"]}}],"collection":[{"href":"https:\/\/masilaparfum.com\/index.php\/wp-json\/wp\/v2\/product"}],"about":[{"href":"https:\/\/masilaparfum.com\/index.php\/wp-json\/wp\/v2\/types\/product"}],"replies":[{"embeddable":true,"href":"https:\/\/masilaparfum.com\/index.php\/wp-json\/wp\/v2\/comments?post=9975"}],"wp:featuredmedia":[{"embeddable":true,"href":"https:\/\/masilaparfum.com\/index.php\/wp-json\/wp\/v2\/media\/9976"}],"wp:attachment":[{"href":"https:\/\/masilaparfum.com\/index.php\/wp-json\/wp\/v2\/media?parent=9975"}],"wp:term":[{"taxonomy":"product_cat","embeddable":true,"href":"https:\/\/masilaparfum.com\/index.php\/wp-json\/wp\/v2\/product_cat?post=9975"},{"taxonomy":"product_tag","embeddable":true,"href":"https:\/\/masilaparfum.com\/index.php\/wp-json\/wp\/v2\/product_tag?post=9975"}],"curies":[{"name":"wp","href":"https:\/\/api.w.org\/{rel}","templated":true}]}}