{"id":9971,"date":"2025-04-16T13:40:25","date_gmt":"2025-04-16T12:40:25","guid":{"rendered":"https:\/\/masilaparfum.com\/?post_type=product&#038;p=9971"},"modified":"2025-04-16T13:40:25","modified_gmt":"2025-04-16T12:40:25","slug":"goddes","status":"publish","type":"product","link":"https:\/\/masilaparfum.com\/index.php\/product\/goddes\/","title":{"rendered":"GODDESS DE BURBERRY 100ML"},"content":{"rendered":"<h3 style=\"text-align: center;\"><em><strong>Goddess\u00a0de\u00a0Burberry<\/strong><\/em><\/h3>\n<p style=\"text-align: center;\">\u00a0un parfum Aromatique pour femme. C&rsquo;est un nouveau parfum.\u00a0<b>Goddess<\/b>\u00a0a \u00e9t\u00e9 lanc\u00e9 en 2023. Le nez derri\u00e8re ce parfum est Amandine Clerc-Marie. Les notes de t\u00eate sont Vanille, Lavande, Cacao et Gingembre; la note de coeur est Vanilla Caviar; la note de fond est Absolu de vanille.<\/p>\n","protected":false},"excerpt":{"rendered":"<p>Goddess\u00a0de\u00a0Burberry \u00a0un parfum Aromatique pour femme. C&rsquo;est un nouveau parfum.\u00a0Goddess\u00a0a \u00e9t\u00e9 lanc\u00e9 en 2023. Le nez derri\u00e8re ce parfum est Amandine Clerc-Marie. Les notes de t\u00eate sont Vanille, Lavande, Cacao et Gingembre; la note de coeur est Vanilla Caviar; la note de fond est Absolu de vanille.<\/p>\n","protected":false},"featured_media":9972,"comment_status":"open","ping_status":"closed","template":"","meta":{"_uag_custom_page_level_css":"","site-sidebar-layout":"default","site-content-layout":"","ast-site-content-layout":"default","site-content-style":"default","site-sidebar-style":"default","ast-global-header-display":"","ast-banner-title-visibility":"","ast-main-header-display":"","ast-hfb-above-header-display":"","ast-hfb-below-header-display":"","ast-hfb-mobile-header-display":"","site-post-title":"","ast-breadcrumbs-content":"","ast-featured-img":"","footer-sml-layout":"","theme-transparent-header-meta":"default","adv-header-id-meta":"","stick-header-meta":"","header-above-stick-meta":"","header-main-stick-meta":"","header-below-stick-meta":"","astra-migrate-meta-layouts":"set","ast-page-background-enabled":"default","ast-page-background-meta":{"desktop":{"background-color":"","background-image":"","background-repeat":"repeat","background-position":"center center","background-size":"auto","background-attachment":"scroll","background-type":"","background-media":"","overlay-type":"","overlay-color":"","overlay-opacity":"","overlay-gradient":""},"tablet":{"background-color":"","background-image":"","background-repeat":"repeat","background-position":"center center","background-size":"auto","background-attachment":"scroll","background-type":"","background-media":"","overlay-type":"","overlay-color":"","overlay-opacity":"","overlay-gradient":""},"mobile":{"background-color":"","background-image":"","background-repeat":"repeat","background-position":"center center","background-size":"auto","background-attachment":"scroll","background-type":"","background-media":"","overlay-type":"","overlay-color":"","overlay-opacity":"","overlay-gradient":""}},"ast-content-background-meta":{"desktop":{"background-color":"var(--ast-global-color-5)","background-image":"","background-repeat":"repeat","background-position":"center center","background-size":"auto","background-attachment":"scroll","background-type":"","background-media":"","overlay-type":"","overlay-color":"","overlay-opacity":"","overlay-gradient":""},"tablet":{"background-color":"var(--ast-global-color-5)","background-image":"","background-repeat":"repeat","background-position":"center center","background-size":"auto","background-attachment":"scroll","background-type":"","background-media":"","overlay-type":"","overlay-color":"","overlay-opacity":"","overlay-gradient":""},"mobile":{"background-color":"var(--ast-global-color-5)","background-image":"","background-repeat":"repeat","background-position":"center center","background-size":"auto","background-attachment":"scroll","background-type":"","background-media":"","overlay-type":"","overlay-color":"","overlay-opacity":"","overlay-gradient":""}}},"product_cat":[59],"product_tag":[],"class_list":{"0":"post-9971","1":"product","2":"type-product","3":"status-publish","4":"has-post-thumbnail","6":"product_cat-parfumfemme","7":"desktop-align-center","8":"tablet-align-left","9":"mobile-align-center","11":"first","12":"instock","13":"sale","14":"shipping-taxable","15":"purchasable","16":"product-type-simple"},"uagb_featured_image_src":{"full":["https:\/\/masilaparfum.com\/wp-content\/uploads\/2025\/04\/Capture-decran-2025-04-16-a-13.35.13.png",331,331,false],"thumbnail":["https:\/\/masilaparfum.com\/wp-content\/uploads\/2025\/04\/Capture-decran-2025-04-16-a-13.35.13-150x150.png",150,150,true],"medium":["https:\/\/masilaparfum.com\/wp-content\/uploads\/2025\/04\/Capture-decran-2025-04-16-a-13.35.13-300x300.png",300,300,true],"medium_large":["https:\/\/masilaparfum.com\/wp-content\/uploads\/2025\/04\/Capture-decran-2025-04-16-a-13.35.13.png",331,331,false],"large":["https:\/\/masilaparfum.com\/wp-content\/uploads\/2025\/04\/Capture-decran-2025-04-16-a-13.35.13.png",331,331,false],"1536x1536":["https:\/\/masilaparfum.com\/wp-content\/uploads\/2025\/04\/Capture-decran-2025-04-16-a-13.35.13.png",331,331,false],"2048x2048":["https:\/\/masilaparfum.com\/wp-content\/uploads\/2025\/04\/Capture-decran-2025-04-16-a-13.35.13.png",331,331,false],"mailpoet_newsletter_max":["https:\/\/masilaparfum.com\/wp-content\/uploads\/2025\/04\/Capture-decran-2025-04-16-a-13.35.13.png",331,331,false],"woocommerce_thumbnail":["https:\/\/masilaparfum.com\/wp-content\/uploads\/2025\/04\/Capture-decran-2025-04-16-a-13.35.13-300x300.png",300,300,true],"woocommerce_single":["https:\/\/masilaparfum.com\/wp-content\/uploads\/2025\/04\/Capture-decran-2025-04-16-a-13.35.13.png",331,331,false],"woocommerce_gallery_thumbnail":["https:\/\/masilaparfum.com\/wp-content\/uploads\/2025\/04\/Capture-decran-2025-04-16-a-13.35.13-100x100.png",100,100,true],"wcpr-photo-reviews":["https:\/\/masilaparfum.com\/wp-content\/uploads\/2025\/04\/Capture-decran-2025-04-16-a-13.35.13.png",331,331,false]},"uagb_author_info":{"display_name":"masilaparfum","author_link":"https:\/\/masilaparfum.com\/index.php\/author\/"},"uagb_comment_info":0,"uagb_excerpt":"Goddess\u00a0de\u00a0Burberry \u00a0un parfum Aromatique pour femme. C&rsquo;est un nouveau parfum.\u00a0Goddess\u00a0a \u00e9t\u00e9 lanc\u00e9 en 2023. Le nez derri\u00e8re ce parfum est Amandine Clerc-Marie. Les notes de t\u00eate sont Vanille, Lavande, Cacao et Gingembre; la note de coeur est Vanilla Caviar; la note de fond est Absolu de vanille.","_links":{"self":[{"href":"https:\/\/masilaparfum.com\/index.php\/wp-json\/wp\/v2\/product\/9971","targetHints":{"allow":["GET"]}}],"collection":[{"href":"https:\/\/masilaparfum.com\/index.php\/wp-json\/wp\/v2\/product"}],"about":[{"href":"https:\/\/masilaparfum.com\/index.php\/wp-json\/wp\/v2\/types\/product"}],"replies":[{"embeddable":true,"href":"https:\/\/masilaparfum.com\/index.php\/wp-json\/wp\/v2\/comments?post=9971"}],"wp:featuredmedia":[{"embeddable":true,"href":"https:\/\/masilaparfum.com\/index.php\/wp-json\/wp\/v2\/media\/9972"}],"wp:attachment":[{"href":"https:\/\/masilaparfum.com\/index.php\/wp-json\/wp\/v2\/media?parent=9971"}],"wp:term":[{"taxonomy":"product_cat","embeddable":true,"href":"https:\/\/masilaparfum.com\/index.php\/wp-json\/wp\/v2\/product_cat?post=9971"},{"taxonomy":"product_tag","embeddable":true,"href":"https:\/\/masilaparfum.com\/index.php\/wp-json\/wp\/v2\/product_tag?post=9971"}],"curies":[{"name":"wp","href":"https:\/\/api.w.org\/{rel}","templated":true}]}}