{"id":9776,"date":"2025-03-24T01:12:59","date_gmt":"2025-03-24T01:12:59","guid":{"rendered":"https:\/\/masilaparfum.com\/?post_type=product&#038;p=9776"},"modified":"2025-05-26T19:32:13","modified_gmt":"2025-05-26T18:32:13","slug":"feve-delis","status":"publish","type":"product","link":"https:\/\/masilaparfum.com\/index.php\/product\/feve-delis\/","title":{"rendered":"CD FEVE DELICIEUSE EDP 125ML"},"content":{"rendered":"<h3 style=\"text-align: center;\"><b>F\u00e8ve D\u00e9licieuse<\/b>\u00a0de\u00a0<b>Dior<\/b><\/h3>\n<p style=\"text-align: center;\">\u00a0un parfum Orientale Vanill\u00e9 pour homme et femme.\u00a0<b>F\u00e8ve D\u00e9licieuse<\/b>\u00a0a \u00e9t\u00e9 lanc\u00e9 en 2015. Le nez derri\u00e8re ce parfum est Fran\u00e7ois Demachy. Les notes de t\u00eate sont Lavande, Menthe et Bergamote; les notes de coeur sont Griotte, Freesia et Jasmin; les notes de fond sont F\u00e8ve de tonka, Vanille, Cosse de cacao, Caramel, Pralin\u00e9, Lait, Benjoin, Bois de santal, Cuir et C\u00e8dre.<\/p>\n","protected":false},"excerpt":{"rendered":"<p>F\u00e8ve D\u00e9licieuse\u00a0de\u00a0Dior \u00a0un parfum Orientale Vanill\u00e9 pour homme et femme.\u00a0F\u00e8ve D\u00e9licieuse\u00a0a \u00e9t\u00e9 lanc\u00e9 en 2015. Le nez derri\u00e8re ce parfum est Fran\u00e7ois Demachy. Les notes de t\u00eate sont Lavande, Menthe et Bergamote; les notes de coeur sont Griotte, Freesia et Jasmin; les notes de fond sont F\u00e8ve de tonka, Vanille, Cosse de cacao, Caramel, Pralin\u00e9, [&hellip;]<\/p>\n","protected":false},"featured_media":10340,"comment_status":"open","ping_status":"closed","template":"","meta":{"_uag_custom_page_level_css":"","site-sidebar-layout":"default","site-content-layout":"","ast-site-content-layout":"default","site-content-style":"default","site-sidebar-style":"default","ast-global-header-display":"","ast-banner-title-visibility":"","ast-main-header-display":"","ast-hfb-above-header-display":"","ast-hfb-below-header-display":"","ast-hfb-mobile-header-display":"","site-post-title":"","ast-breadcrumbs-content":"","ast-featured-img":"","footer-sml-layout":"","theme-transparent-header-meta":"default","adv-header-id-meta":"","stick-header-meta":"","header-above-stick-meta":"","header-main-stick-meta":"","header-below-stick-meta":"","astra-migrate-meta-layouts":"set","ast-page-background-enabled":"default","ast-page-background-meta":{"desktop":{"background-color":"","background-image":"","background-repeat":"repeat","background-position":"center center","background-size":"auto","background-attachment":"scroll","background-type":"","background-media":"","overlay-type":"","overlay-color":"","overlay-opacity":"","overlay-gradient":""},"tablet":{"background-color":"","background-image":"","background-repeat":"repeat","background-position":"center center","background-size":"auto","background-attachment":"scroll","background-type":"","background-media":"","overlay-type":"","overlay-color":"","overlay-opacity":"","overlay-gradient":""},"mobile":{"background-color":"","background-image":"","background-repeat":"repeat","background-position":"center center","background-size":"auto","background-attachment":"scroll","background-type":"","background-media":"","overlay-type":"","overlay-color":"","overlay-opacity":"","overlay-gradient":""}},"ast-content-background-meta":{"desktop":{"background-color":"var(--ast-global-color-5)","background-image":"","background-repeat":"repeat","background-position":"center center","background-size":"auto","background-attachment":"scroll","background-type":"","background-media":"","overlay-type":"","overlay-color":"","overlay-opacity":"","overlay-gradient":""},"tablet":{"background-color":"var(--ast-global-color-5)","background-image":"","background-repeat":"repeat","background-position":"center center","background-size":"auto","background-attachment":"scroll","background-type":"","background-media":"","overlay-type":"","overlay-color":"","overlay-opacity":"","overlay-gradient":""},"mobile":{"background-color":"var(--ast-global-color-5)","background-image":"","background-repeat":"repeat","background-position":"center center","background-size":"auto","background-attachment":"scroll","background-type":"","background-media":"","overlay-type":"","overlay-color":"","overlay-opacity":"","overlay-gradient":""}}},"product_cat":[59,60,62],"product_tag":[],"class_list":{"0":"post-9776","1":"product","2":"type-product","3":"status-publish","4":"has-post-thumbnail","6":"product_cat-parfumfemme","7":"product_cat-parfumhomme","8":"product_cat-parfum-unisex","9":"desktop-align-center","10":"tablet-align-left","11":"mobile-align-center","13":"first","14":"instock","15":"shipping-taxable","16":"purchasable","17":"product-type-simple"},"uagb_featured_image_src":{"full":["https:\/\/masilaparfum.com\/wp-content\/uploads\/2025\/03\/Y0768550_F076855009_E02_GHC.jpg",1850,1850,false],"thumbnail":["https:\/\/masilaparfum.com\/wp-content\/uploads\/2025\/03\/Y0768550_F076855009_E02_GHC-150x150.jpg",150,150,true],"medium":["https:\/\/masilaparfum.com\/wp-content\/uploads\/2025\/03\/Y0768550_F076855009_E02_GHC-300x300.jpg",300,300,true],"medium_large":["https:\/\/masilaparfum.com\/wp-content\/uploads\/2025\/03\/Y0768550_F076855009_E02_GHC-768x768.jpg",768,768,true],"large":["https:\/\/masilaparfum.com\/wp-content\/uploads\/2025\/03\/Y0768550_F076855009_E02_GHC-1024x1024.jpg",1024,1024,true],"1536x1536":["https:\/\/masilaparfum.com\/wp-content\/uploads\/2025\/03\/Y0768550_F076855009_E02_GHC-1536x1536.jpg",1536,1536,true],"2048x2048":["https:\/\/masilaparfum.com\/wp-content\/uploads\/2025\/03\/Y0768550_F076855009_E02_GHC.jpg",1850,1850,false],"mailpoet_newsletter_max":["https:\/\/masilaparfum.com\/wp-content\/uploads\/2025\/03\/Y0768550_F076855009_E02_GHC-1320x1320.jpg",1320,1320,true],"woocommerce_thumbnail":["https:\/\/masilaparfum.com\/wp-content\/uploads\/2025\/03\/Y0768550_F076855009_E02_GHC-300x300.jpg",300,300,true],"woocommerce_single":["https:\/\/masilaparfum.com\/wp-content\/uploads\/2025\/03\/Y0768550_F076855009_E02_GHC-600x600.jpg",600,600,true],"woocommerce_gallery_thumbnail":["https:\/\/masilaparfum.com\/wp-content\/uploads\/2025\/03\/Y0768550_F076855009_E02_GHC-100x100.jpg",100,100,true],"wcpr-photo-reviews":["https:\/\/masilaparfum.com\/wp-content\/uploads\/2025\/03\/Y0768550_F076855009_E02_GHC.jpg",500,500,false]},"uagb_author_info":{"display_name":"masilaparfum","author_link":"https:\/\/masilaparfum.com\/index.php\/author\/"},"uagb_comment_info":0,"uagb_excerpt":"F\u00e8ve D\u00e9licieuse\u00a0de\u00a0Dior \u00a0un parfum Orientale Vanill\u00e9 pour homme et femme.\u00a0F\u00e8ve D\u00e9licieuse\u00a0a \u00e9t\u00e9 lanc\u00e9 en 2015. Le nez derri\u00e8re ce parfum est Fran\u00e7ois Demachy. Les notes de t\u00eate sont Lavande, Menthe et Bergamote; les notes de coeur sont Griotte, Freesia et Jasmin; les notes de fond sont F\u00e8ve de tonka, Vanille, Cosse de cacao, Caramel, Pralin\u00e9,\u2026","_links":{"self":[{"href":"https:\/\/masilaparfum.com\/index.php\/wp-json\/wp\/v2\/product\/9776","targetHints":{"allow":["GET"]}}],"collection":[{"href":"https:\/\/masilaparfum.com\/index.php\/wp-json\/wp\/v2\/product"}],"about":[{"href":"https:\/\/masilaparfum.com\/index.php\/wp-json\/wp\/v2\/types\/product"}],"replies":[{"embeddable":true,"href":"https:\/\/masilaparfum.com\/index.php\/wp-json\/wp\/v2\/comments?post=9776"}],"wp:featuredmedia":[{"embeddable":true,"href":"https:\/\/masilaparfum.com\/index.php\/wp-json\/wp\/v2\/media\/10340"}],"wp:attachment":[{"href":"https:\/\/masilaparfum.com\/index.php\/wp-json\/wp\/v2\/media?parent=9776"}],"wp:term":[{"taxonomy":"product_cat","embeddable":true,"href":"https:\/\/masilaparfum.com\/index.php\/wp-json\/wp\/v2\/product_cat?post=9776"},{"taxonomy":"product_tag","embeddable":true,"href":"https:\/\/masilaparfum.com\/index.php\/wp-json\/wp\/v2\/product_tag?post=9776"}],"curies":[{"name":"wp","href":"https:\/\/api.w.org\/{rel}","templated":true}]}}