{"id":9771,"date":"2025-03-24T01:09:00","date_gmt":"2025-03-24T01:09:00","guid":{"rendered":"https:\/\/masilaparfum.com\/?post_type=product&#038;p=9771"},"modified":"2025-03-24T01:09:00","modified_gmt":"2025-03-24T01:09:00","slug":"grdsoirtester","status":"publish","type":"product","link":"https:\/\/masilaparfum.com\/index.php\/product\/grdsoirtester\/","title":{"rendered":"MFK GRAND SOIR edp 70ML ( Tester )"},"content":{"rendered":"<h3 style=\"text-align: center;\"><b>Grand Soir<\/b>\u00a0de\u00a0<b>Maison Francis Kurkdjian<\/b><\/h3>\n<p style=\"text-align: center;\">\u00a0un parfum Orientale pour homme et femme.\u00a0<b>Grand Soir<\/b>\u00a0a \u00e9t\u00e9 lanc\u00e9 en 2016. Le nez derri\u00e8re ce parfum est Francis Kurkdjian. Les notes de t\u00eate sont Ciste d&rsquo;Espagne et Orange; les notes de coeur sont Lavande et Benjoin de Siam; les notes de fond sont Ambre, Vanille, F\u00e8ve de tonka, Musc et C\u00e8dre.<\/p>\n","protected":false},"excerpt":{"rendered":"<p>Grand Soir\u00a0de\u00a0Maison Francis Kurkdjian \u00a0un parfum Orientale pour homme et femme.\u00a0Grand Soir\u00a0a \u00e9t\u00e9 lanc\u00e9 en 2016. Le nez derri\u00e8re ce parfum est Francis Kurkdjian. Les notes de t\u00eate sont Ciste d&rsquo;Espagne et Orange; les notes de coeur sont Lavande et Benjoin de Siam; les notes de fond sont Ambre, Vanille, F\u00e8ve de tonka, Musc et [&hellip;]<\/p>\n","protected":false},"featured_media":9772,"comment_status":"open","ping_status":"closed","template":"","meta":{"_uag_custom_page_level_css":"","site-sidebar-layout":"default","site-content-layout":"","ast-site-content-layout":"default","site-content-style":"default","site-sidebar-style":"default","ast-global-header-display":"","ast-banner-title-visibility":"","ast-main-header-display":"","ast-hfb-above-header-display":"","ast-hfb-below-header-display":"","ast-hfb-mobile-header-display":"","site-post-title":"","ast-breadcrumbs-content":"","ast-featured-img":"","footer-sml-layout":"","theme-transparent-header-meta":"default","adv-header-id-meta":"","stick-header-meta":"","header-above-stick-meta":"","header-main-stick-meta":"","header-below-stick-meta":"","astra-migrate-meta-layouts":"set","ast-page-background-enabled":"default","ast-page-background-meta":{"desktop":{"background-color":"","background-image":"","background-repeat":"repeat","background-position":"center center","background-size":"auto","background-attachment":"scroll","background-type":"","background-media":"","overlay-type":"","overlay-color":"","overlay-opacity":"","overlay-gradient":""},"tablet":{"background-color":"","background-image":"","background-repeat":"repeat","background-position":"center center","background-size":"auto","background-attachment":"scroll","background-type":"","background-media":"","overlay-type":"","overlay-color":"","overlay-opacity":"","overlay-gradient":""},"mobile":{"background-color":"","background-image":"","background-repeat":"repeat","background-position":"center center","background-size":"auto","background-attachment":"scroll","background-type":"","background-media":"","overlay-type":"","overlay-color":"","overlay-opacity":"","overlay-gradient":""}},"ast-content-background-meta":{"desktop":{"background-color":"var(--ast-global-color-5)","background-image":"","background-repeat":"repeat","background-position":"center center","background-size":"auto","background-attachment":"scroll","background-type":"","background-media":"","overlay-type":"","overlay-color":"","overlay-opacity":"","overlay-gradient":""},"tablet":{"background-color":"var(--ast-global-color-5)","background-image":"","background-repeat":"repeat","background-position":"center center","background-size":"auto","background-attachment":"scroll","background-type":"","background-media":"","overlay-type":"","overlay-color":"","overlay-opacity":"","overlay-gradient":""},"mobile":{"background-color":"var(--ast-global-color-5)","background-image":"","background-repeat":"repeat","background-position":"center center","background-size":"auto","background-attachment":"scroll","background-type":"","background-media":"","overlay-type":"","overlay-color":"","overlay-opacity":"","overlay-gradient":""}}},"product_cat":[59,60,62],"product_tag":[],"class_list":{"0":"post-9771","1":"product","2":"type-product","3":"status-publish","4":"has-post-thumbnail","6":"product_cat-parfumfemme","7":"product_cat-parfumhomme","8":"product_cat-parfum-unisex","9":"desktop-align-center","10":"tablet-align-left","11":"mobile-align-center","13":"first","14":"instock","15":"sale","16":"shipping-taxable","17":"purchasable","18":"product-type-simple"},"uagb_featured_image_src":{"full":["https:\/\/masilaparfum.com\/wp-content\/uploads\/2025\/03\/Capture-decran-2025-03-24-a-00.21.55.png",469,457,false],"thumbnail":["https:\/\/masilaparfum.com\/wp-content\/uploads\/2025\/03\/Capture-decran-2025-03-24-a-00.21.55-150x150.png",150,150,true],"medium":["https:\/\/masilaparfum.com\/wp-content\/uploads\/2025\/03\/Capture-decran-2025-03-24-a-00.21.55-300x300.png",300,300,true],"medium_large":["https:\/\/masilaparfum.com\/wp-content\/uploads\/2025\/03\/Capture-decran-2025-03-24-a-00.21.55.png",469,457,false],"large":["https:\/\/masilaparfum.com\/wp-content\/uploads\/2025\/03\/Capture-decran-2025-03-24-a-00.21.55.png",469,457,false],"1536x1536":["https:\/\/masilaparfum.com\/wp-content\/uploads\/2025\/03\/Capture-decran-2025-03-24-a-00.21.55.png",469,457,false],"2048x2048":["https:\/\/masilaparfum.com\/wp-content\/uploads\/2025\/03\/Capture-decran-2025-03-24-a-00.21.55.png",469,457,false],"mailpoet_newsletter_max":["https:\/\/masilaparfum.com\/wp-content\/uploads\/2025\/03\/Capture-decran-2025-03-24-a-00.21.55.png",469,457,false],"woocommerce_thumbnail":["https:\/\/masilaparfum.com\/wp-content\/uploads\/2025\/03\/Capture-decran-2025-03-24-a-00.21.55-300x300.png",300,300,true],"woocommerce_single":["https:\/\/masilaparfum.com\/wp-content\/uploads\/2025\/03\/Capture-decran-2025-03-24-a-00.21.55.png",469,457,false],"woocommerce_gallery_thumbnail":["https:\/\/masilaparfum.com\/wp-content\/uploads\/2025\/03\/Capture-decran-2025-03-24-a-00.21.55-100x100.png",100,100,true],"wcpr-photo-reviews":["https:\/\/masilaparfum.com\/wp-content\/uploads\/2025\/03\/Capture-decran-2025-03-24-a-00.21.55.png",469,457,false]},"uagb_author_info":{"display_name":"masilaparfum","author_link":"https:\/\/masilaparfum.com\/index.php\/author\/"},"uagb_comment_info":0,"uagb_excerpt":"Grand Soir\u00a0de\u00a0Maison Francis Kurkdjian \u00a0un parfum Orientale pour homme et femme.\u00a0Grand Soir\u00a0a \u00e9t\u00e9 lanc\u00e9 en 2016. Le nez derri\u00e8re ce parfum est Francis Kurkdjian. Les notes de t\u00eate sont Ciste d&rsquo;Espagne et Orange; les notes de coeur sont Lavande et Benjoin de Siam; les notes de fond sont Ambre, Vanille, F\u00e8ve de tonka, Musc et\u2026","_links":{"self":[{"href":"https:\/\/masilaparfum.com\/index.php\/wp-json\/wp\/v2\/product\/9771","targetHints":{"allow":["GET"]}}],"collection":[{"href":"https:\/\/masilaparfum.com\/index.php\/wp-json\/wp\/v2\/product"}],"about":[{"href":"https:\/\/masilaparfum.com\/index.php\/wp-json\/wp\/v2\/types\/product"}],"replies":[{"embeddable":true,"href":"https:\/\/masilaparfum.com\/index.php\/wp-json\/wp\/v2\/comments?post=9771"}],"wp:featuredmedia":[{"embeddable":true,"href":"https:\/\/masilaparfum.com\/index.php\/wp-json\/wp\/v2\/media\/9772"}],"wp:attachment":[{"href":"https:\/\/masilaparfum.com\/index.php\/wp-json\/wp\/v2\/media?parent=9771"}],"wp:term":[{"taxonomy":"product_cat","embeddable":true,"href":"https:\/\/masilaparfum.com\/index.php\/wp-json\/wp\/v2\/product_cat?post=9771"},{"taxonomy":"product_tag","embeddable":true,"href":"https:\/\/masilaparfum.com\/index.php\/wp-json\/wp\/v2\/product_tag?post=9771"}],"curies":[{"name":"wp","href":"https:\/\/api.w.org\/{rel}","templated":true}]}}