{"id":9768,"date":"2025-03-24T01:03:12","date_gmt":"2025-03-24T01:03:12","guid":{"rendered":"https:\/\/masilaparfum.com\/?post_type=product&#038;p=9768"},"modified":"2025-03-24T01:03:12","modified_gmt":"2025-03-24T01:03:12","slug":"prad-intense","status":"publish","type":"product","link":"https:\/\/masilaparfum.com\/index.php\/product\/prad-intense\/","title":{"rendered":"Prada Paradoxe Intense 90ml"},"content":{"rendered":"<h3 style=\"text-align: center;\"><b>Prada Paradoxe Intense<\/b>\u00a0de\u00a0<b>Prada<\/b><\/h3>\n<p style=\"text-align: center;\">\u00a0un parfum Orientale Floral pour femme. C&rsquo;est un nouveau parfum.\u00a0<b>Prada Paradoxe Intense<\/b>\u00a0a \u00e9t\u00e9 lanc\u00e9 en 2023. Prada Paradoxe Intense a \u00e9t\u00e9 cr\u00e9\u00e9 par Nad\u00e8ge Le Garlantezec, Shyamala Maisondieu et Antoine Maisondieu. Les notes de t\u00eate sont Poire, N\u00e9roli et Bergamote; les notes de coeur sont Mousse, Jasmin et Essence de n\u00e9roli; les notes de fond sont Vanille bourbon, Vanille, Ambre, Ambrofix\u2122 et S\u00e9r\u00e9nolide.<\/p>\n","protected":false},"excerpt":{"rendered":"<p>Prada Paradoxe Intense\u00a0de\u00a0Prada \u00a0un parfum Orientale Floral pour femme. C&rsquo;est un nouveau parfum.\u00a0Prada Paradoxe Intense\u00a0a \u00e9t\u00e9 lanc\u00e9 en 2023. Prada Paradoxe Intense a \u00e9t\u00e9 cr\u00e9\u00e9 par Nad\u00e8ge Le Garlantezec, Shyamala Maisondieu et Antoine Maisondieu. Les notes de t\u00eate sont Poire, N\u00e9roli et Bergamote; les notes de coeur sont Mousse, Jasmin et Essence de n\u00e9roli; les [&hellip;]<\/p>\n","protected":false},"featured_media":9769,"comment_status":"open","ping_status":"closed","template":"","meta":{"_uag_custom_page_level_css":"","site-sidebar-layout":"default","site-content-layout":"","ast-site-content-layout":"default","site-content-style":"default","site-sidebar-style":"default","ast-global-header-display":"","ast-banner-title-visibility":"","ast-main-header-display":"","ast-hfb-above-header-display":"","ast-hfb-below-header-display":"","ast-hfb-mobile-header-display":"","site-post-title":"","ast-breadcrumbs-content":"","ast-featured-img":"","footer-sml-layout":"","theme-transparent-header-meta":"default","adv-header-id-meta":"","stick-header-meta":"","header-above-stick-meta":"","header-main-stick-meta":"","header-below-stick-meta":"","astra-migrate-meta-layouts":"set","ast-page-background-enabled":"default","ast-page-background-meta":{"desktop":{"background-color":"","background-image":"","background-repeat":"repeat","background-position":"center center","background-size":"auto","background-attachment":"scroll","background-type":"","background-media":"","overlay-type":"","overlay-color":"","overlay-opacity":"","overlay-gradient":""},"tablet":{"background-color":"","background-image":"","background-repeat":"repeat","background-position":"center center","background-size":"auto","background-attachment":"scroll","background-type":"","background-media":"","overlay-type":"","overlay-color":"","overlay-opacity":"","overlay-gradient":""},"mobile":{"background-color":"","background-image":"","background-repeat":"repeat","background-position":"center center","background-size":"auto","background-attachment":"scroll","background-type":"","background-media":"","overlay-type":"","overlay-color":"","overlay-opacity":"","overlay-gradient":""}},"ast-content-background-meta":{"desktop":{"background-color":"var(--ast-global-color-5)","background-image":"","background-repeat":"repeat","background-position":"center center","background-size":"auto","background-attachment":"scroll","background-type":"","background-media":"","overlay-type":"","overlay-color":"","overlay-opacity":"","overlay-gradient":""},"tablet":{"background-color":"var(--ast-global-color-5)","background-image":"","background-repeat":"repeat","background-position":"center center","background-size":"auto","background-attachment":"scroll","background-type":"","background-media":"","overlay-type":"","overlay-color":"","overlay-opacity":"","overlay-gradient":""},"mobile":{"background-color":"var(--ast-global-color-5)","background-image":"","background-repeat":"repeat","background-position":"center center","background-size":"auto","background-attachment":"scroll","background-type":"","background-media":"","overlay-type":"","overlay-color":"","overlay-opacity":"","overlay-gradient":""}}},"product_cat":[59],"product_tag":[],"class_list":{"0":"post-9768","1":"product","2":"type-product","3":"status-publish","4":"has-post-thumbnail","6":"product_cat-parfumfemme","7":"desktop-align-center","8":"tablet-align-left","9":"mobile-align-center","11":"first","12":"instock","13":"shipping-taxable","14":"purchasable","15":"product-type-simple"},"uagb_featured_image_src":{"full":["https:\/\/masilaparfum.com\/wp-content\/uploads\/2025\/03\/GVFz0HmzF7EYdVLMUrJ57MjBaMKPWWPJwSaoUKiv_lg.png",680,680,false],"thumbnail":["https:\/\/masilaparfum.com\/wp-content\/uploads\/2025\/03\/GVFz0HmzF7EYdVLMUrJ57MjBaMKPWWPJwSaoUKiv_lg-150x150.png",150,150,true],"medium":["https:\/\/masilaparfum.com\/wp-content\/uploads\/2025\/03\/GVFz0HmzF7EYdVLMUrJ57MjBaMKPWWPJwSaoUKiv_lg-300x300.png",300,300,true],"medium_large":["https:\/\/masilaparfum.com\/wp-content\/uploads\/2025\/03\/GVFz0HmzF7EYdVLMUrJ57MjBaMKPWWPJwSaoUKiv_lg.png",680,680,false],"large":["https:\/\/masilaparfum.com\/wp-content\/uploads\/2025\/03\/GVFz0HmzF7EYdVLMUrJ57MjBaMKPWWPJwSaoUKiv_lg.png",680,680,false],"1536x1536":["https:\/\/masilaparfum.com\/wp-content\/uploads\/2025\/03\/GVFz0HmzF7EYdVLMUrJ57MjBaMKPWWPJwSaoUKiv_lg.png",680,680,false],"2048x2048":["https:\/\/masilaparfum.com\/wp-content\/uploads\/2025\/03\/GVFz0HmzF7EYdVLMUrJ57MjBaMKPWWPJwSaoUKiv_lg.png",680,680,false],"mailpoet_newsletter_max":["https:\/\/masilaparfum.com\/wp-content\/uploads\/2025\/03\/GVFz0HmzF7EYdVLMUrJ57MjBaMKPWWPJwSaoUKiv_lg.png",680,680,false],"woocommerce_thumbnail":["https:\/\/masilaparfum.com\/wp-content\/uploads\/2025\/03\/GVFz0HmzF7EYdVLMUrJ57MjBaMKPWWPJwSaoUKiv_lg-300x300.png",300,300,true],"woocommerce_single":["https:\/\/masilaparfum.com\/wp-content\/uploads\/2025\/03\/GVFz0HmzF7EYdVLMUrJ57MjBaMKPWWPJwSaoUKiv_lg-600x600.png",600,600,true],"woocommerce_gallery_thumbnail":["https:\/\/masilaparfum.com\/wp-content\/uploads\/2025\/03\/GVFz0HmzF7EYdVLMUrJ57MjBaMKPWWPJwSaoUKiv_lg-100x100.png",100,100,true],"wcpr-photo-reviews":["https:\/\/masilaparfum.com\/wp-content\/uploads\/2025\/03\/GVFz0HmzF7EYdVLMUrJ57MjBaMKPWWPJwSaoUKiv_lg.png",500,500,false]},"uagb_author_info":{"display_name":"masilaparfum","author_link":"https:\/\/masilaparfum.com\/index.php\/author\/"},"uagb_comment_info":0,"uagb_excerpt":"Prada Paradoxe Intense\u00a0de\u00a0Prada \u00a0un parfum Orientale Floral pour femme. C&rsquo;est un nouveau parfum.\u00a0Prada Paradoxe Intense\u00a0a \u00e9t\u00e9 lanc\u00e9 en 2023. Prada Paradoxe Intense a \u00e9t\u00e9 cr\u00e9\u00e9 par Nad\u00e8ge Le Garlantezec, Shyamala Maisondieu et Antoine Maisondieu. Les notes de t\u00eate sont Poire, N\u00e9roli et Bergamote; les notes de coeur sont Mousse, Jasmin et Essence de n\u00e9roli; les\u2026","_links":{"self":[{"href":"https:\/\/masilaparfum.com\/index.php\/wp-json\/wp\/v2\/product\/9768","targetHints":{"allow":["GET"]}}],"collection":[{"href":"https:\/\/masilaparfum.com\/index.php\/wp-json\/wp\/v2\/product"}],"about":[{"href":"https:\/\/masilaparfum.com\/index.php\/wp-json\/wp\/v2\/types\/product"}],"replies":[{"embeddable":true,"href":"https:\/\/masilaparfum.com\/index.php\/wp-json\/wp\/v2\/comments?post=9768"}],"wp:featuredmedia":[{"embeddable":true,"href":"https:\/\/masilaparfum.com\/index.php\/wp-json\/wp\/v2\/media\/9769"}],"wp:attachment":[{"href":"https:\/\/masilaparfum.com\/index.php\/wp-json\/wp\/v2\/media?parent=9768"}],"wp:term":[{"taxonomy":"product_cat","embeddable":true,"href":"https:\/\/masilaparfum.com\/index.php\/wp-json\/wp\/v2\/product_cat?post=9768"},{"taxonomy":"product_tag","embeddable":true,"href":"https:\/\/masilaparfum.com\/index.php\/wp-json\/wp\/v2\/product_tag?post=9768"}],"curies":[{"name":"wp","href":"https:\/\/api.w.org\/{rel}","templated":true}]}}