{"id":9764,"date":"2025-03-24T00:59:45","date_gmt":"2025-03-24T00:59:45","guid":{"rendered":"https:\/\/masilaparfum.com\/?post_type=product&#038;p=9764"},"modified":"2025-03-24T01:00:02","modified_gmt":"2025-03-24T01:00:02","slug":"prada-edp","status":"publish","type":"product","link":"https:\/\/masilaparfum.com\/index.php\/product\/prada-edp\/","title":{"rendered":"Prada Paradoxe Edp &#8211; 90ml"},"content":{"rendered":"<h3 style=\"text-align: center;\"><b>Prada Paradoxe<\/b>\u00a0de\u00a0<b>Prada<\/b><\/h3>\n<p style=\"text-align: center;\">\u00a0un parfum Orientale Floral pour femme. C&rsquo;est un nouveau parfum.\u00a0<b>Prada Paradoxe<\/b>\u00a0a \u00e9t\u00e9 lanc\u00e9 en 2022. Prada Paradoxe a \u00e9t\u00e9 cr\u00e9\u00e9 par Nad\u00e8ge Le Garlantezec, Antoine Maisondieu et Shyamala Maisondieu. Les notes de t\u00eate sont Poire, Tangerine et Bergamote; les notes de coeur sont Fleur d&rsquo;oranger, Essence de n\u00e9roli, N\u00e9roli et Jasmin Sambac; les notes de fond sont Vanille bourbon, Ambre, Musc blanc et Benjoin.<\/p>\n","protected":false},"excerpt":{"rendered":"<p>Prada Paradoxe\u00a0de\u00a0Prada \u00a0un parfum Orientale Floral pour femme. C&rsquo;est un nouveau parfum.\u00a0Prada Paradoxe\u00a0a \u00e9t\u00e9 lanc\u00e9 en 2022. Prada Paradoxe a \u00e9t\u00e9 cr\u00e9\u00e9 par Nad\u00e8ge Le Garlantezec, Antoine Maisondieu et Shyamala Maisondieu. Les notes de t\u00eate sont Poire, Tangerine et Bergamote; les notes de coeur sont Fleur d&rsquo;oranger, Essence de n\u00e9roli, N\u00e9roli et Jasmin Sambac; les [&hellip;]<\/p>\n","protected":false},"featured_media":9767,"comment_status":"open","ping_status":"closed","template":"","meta":{"_uag_custom_page_level_css":"","site-sidebar-layout":"default","site-content-layout":"","ast-site-content-layout":"default","site-content-style":"default","site-sidebar-style":"default","ast-global-header-display":"","ast-banner-title-visibility":"","ast-main-header-display":"","ast-hfb-above-header-display":"","ast-hfb-below-header-display":"","ast-hfb-mobile-header-display":"","site-post-title":"","ast-breadcrumbs-content":"","ast-featured-img":"","footer-sml-layout":"","theme-transparent-header-meta":"default","adv-header-id-meta":"","stick-header-meta":"","header-above-stick-meta":"","header-main-stick-meta":"","header-below-stick-meta":"","astra-migrate-meta-layouts":"set","ast-page-background-enabled":"default","ast-page-background-meta":{"desktop":{"background-color":"","background-image":"","background-repeat":"repeat","background-position":"center center","background-size":"auto","background-attachment":"scroll","background-type":"","background-media":"","overlay-type":"","overlay-color":"","overlay-opacity":"","overlay-gradient":""},"tablet":{"background-color":"","background-image":"","background-repeat":"repeat","background-position":"center center","background-size":"auto","background-attachment":"scroll","background-type":"","background-media":"","overlay-type":"","overlay-color":"","overlay-opacity":"","overlay-gradient":""},"mobile":{"background-color":"","background-image":"","background-repeat":"repeat","background-position":"center center","background-size":"auto","background-attachment":"scroll","background-type":"","background-media":"","overlay-type":"","overlay-color":"","overlay-opacity":"","overlay-gradient":""}},"ast-content-background-meta":{"desktop":{"background-color":"var(--ast-global-color-5)","background-image":"","background-repeat":"repeat","background-position":"center center","background-size":"auto","background-attachment":"scroll","background-type":"","background-media":"","overlay-type":"","overlay-color":"","overlay-opacity":"","overlay-gradient":""},"tablet":{"background-color":"var(--ast-global-color-5)","background-image":"","background-repeat":"repeat","background-position":"center center","background-size":"auto","background-attachment":"scroll","background-type":"","background-media":"","overlay-type":"","overlay-color":"","overlay-opacity":"","overlay-gradient":""},"mobile":{"background-color":"var(--ast-global-color-5)","background-image":"","background-repeat":"repeat","background-position":"center center","background-size":"auto","background-attachment":"scroll","background-type":"","background-media":"","overlay-type":"","overlay-color":"","overlay-opacity":"","overlay-gradient":""}}},"product_cat":[59],"product_tag":[],"class_list":{"0":"post-9764","1":"product","2":"type-product","3":"status-publish","4":"has-post-thumbnail","6":"product_cat-parfumfemme","7":"desktop-align-center","8":"tablet-align-left","9":"mobile-align-center","11":"first","12":"instock","13":"shipping-taxable","14":"purchasable","15":"product-type-simple"},"uagb_featured_image_src":{"full":["https:\/\/masilaparfum.com\/wp-content\/uploads\/2025\/03\/144991-3.jpg",700,700,false],"thumbnail":["https:\/\/masilaparfum.com\/wp-content\/uploads\/2025\/03\/144991-3-150x150.jpg",150,150,true],"medium":["https:\/\/masilaparfum.com\/wp-content\/uploads\/2025\/03\/144991-3-300x300.jpg",300,300,true],"medium_large":["https:\/\/masilaparfum.com\/wp-content\/uploads\/2025\/03\/144991-3.jpg",700,700,false],"large":["https:\/\/masilaparfum.com\/wp-content\/uploads\/2025\/03\/144991-3.jpg",700,700,false],"1536x1536":["https:\/\/masilaparfum.com\/wp-content\/uploads\/2025\/03\/144991-3.jpg",700,700,false],"2048x2048":["https:\/\/masilaparfum.com\/wp-content\/uploads\/2025\/03\/144991-3.jpg",700,700,false],"mailpoet_newsletter_max":["https:\/\/masilaparfum.com\/wp-content\/uploads\/2025\/03\/144991-3.jpg",700,700,false],"woocommerce_thumbnail":["https:\/\/masilaparfum.com\/wp-content\/uploads\/2025\/03\/144991-3-300x300.jpg",300,300,true],"woocommerce_single":["https:\/\/masilaparfum.com\/wp-content\/uploads\/2025\/03\/144991-3-600x600.jpg",600,600,true],"woocommerce_gallery_thumbnail":["https:\/\/masilaparfum.com\/wp-content\/uploads\/2025\/03\/144991-3-100x100.jpg",100,100,true],"wcpr-photo-reviews":["https:\/\/masilaparfum.com\/wp-content\/uploads\/2025\/03\/144991-3.jpg",500,500,false]},"uagb_author_info":{"display_name":"masilaparfum","author_link":"https:\/\/masilaparfum.com\/index.php\/author\/"},"uagb_comment_info":0,"uagb_excerpt":"Prada Paradoxe\u00a0de\u00a0Prada \u00a0un parfum Orientale Floral pour femme. C&rsquo;est un nouveau parfum.\u00a0Prada Paradoxe\u00a0a \u00e9t\u00e9 lanc\u00e9 en 2022. Prada Paradoxe a \u00e9t\u00e9 cr\u00e9\u00e9 par Nad\u00e8ge Le Garlantezec, Antoine Maisondieu et Shyamala Maisondieu. Les notes de t\u00eate sont Poire, Tangerine et Bergamote; les notes de coeur sont Fleur d&rsquo;oranger, Essence de n\u00e9roli, N\u00e9roli et Jasmin Sambac; les\u2026","_links":{"self":[{"href":"https:\/\/masilaparfum.com\/index.php\/wp-json\/wp\/v2\/product\/9764","targetHints":{"allow":["GET"]}}],"collection":[{"href":"https:\/\/masilaparfum.com\/index.php\/wp-json\/wp\/v2\/product"}],"about":[{"href":"https:\/\/masilaparfum.com\/index.php\/wp-json\/wp\/v2\/types\/product"}],"replies":[{"embeddable":true,"href":"https:\/\/masilaparfum.com\/index.php\/wp-json\/wp\/v2\/comments?post=9764"}],"wp:featuredmedia":[{"embeddable":true,"href":"https:\/\/masilaparfum.com\/index.php\/wp-json\/wp\/v2\/media\/9767"}],"wp:attachment":[{"href":"https:\/\/masilaparfum.com\/index.php\/wp-json\/wp\/v2\/media?parent=9764"}],"wp:term":[{"taxonomy":"product_cat","embeddable":true,"href":"https:\/\/masilaparfum.com\/index.php\/wp-json\/wp\/v2\/product_cat?post=9764"},{"taxonomy":"product_tag","embeddable":true,"href":"https:\/\/masilaparfum.com\/index.php\/wp-json\/wp\/v2\/product_tag?post=9764"}],"curies":[{"name":"wp","href":"https:\/\/api.w.org\/{rel}","templated":true}]}}