{"id":9748,"date":"2025-03-24T00:29:28","date_gmt":"2025-03-24T00:29:28","guid":{"rendered":"https:\/\/masilaparfum.com\/?post_type=product&#038;p=9748"},"modified":"2025-10-16T16:16:23","modified_gmt":"2025-10-16T15:16:23","slug":"pegasus","status":"publish","type":"product","link":"https:\/\/masilaparfum.com\/index.php\/product\/pegasus\/","title":{"rendered":"PEGASUS parfums de marly 125ML"},"content":{"rendered":"<h3 style=\"text-align: center;\"><b>Pegasus<\/b>\u00a0de\u00a0<b>Parfums de Marly<\/b><\/h3>\n<p style=\"text-align: center;\">un parfum Orientale Foug\u00e8re pour homme. <b>Pegasus<\/b>\u00a0a \u00e9t\u00e9 lanc\u00e9 en 2011. Le nez derri\u00e8re ce parfum est Hamid Merati-Kashani. Les notes de t\u00eate sont H\u00e9liotrope, Cumin et Bergamote; les notes de coeur sont Amande am\u00e8re, Lavande et Jasmin; les notes de fond sont Vanille, Bois de santal et Ambre.<\/p>\n","protected":false},"excerpt":{"rendered":"<p>Pegasus\u00a0de\u00a0Parfums de Marly un parfum Orientale Foug\u00e8re pour homme. Pegasus\u00a0a \u00e9t\u00e9 lanc\u00e9 en 2011. Le nez derri\u00e8re ce parfum est Hamid Merati-Kashani. Les notes de t\u00eate sont H\u00e9liotrope, Cumin et Bergamote; les notes de coeur sont Amande am\u00e8re, Lavande et Jasmin; les notes de fond sont Vanille, Bois de santal et Ambre.<\/p>\n","protected":false},"featured_media":9750,"comment_status":"open","ping_status":"closed","template":"","meta":{"_uag_custom_page_level_css":"","site-sidebar-layout":"default","site-content-layout":"","ast-site-content-layout":"default","site-content-style":"default","site-sidebar-style":"default","ast-global-header-display":"","ast-banner-title-visibility":"","ast-main-header-display":"","ast-hfb-above-header-display":"","ast-hfb-below-header-display":"","ast-hfb-mobile-header-display":"","site-post-title":"","ast-breadcrumbs-content":"","ast-featured-img":"","footer-sml-layout":"","theme-transparent-header-meta":"default","adv-header-id-meta":"","stick-header-meta":"","header-above-stick-meta":"","header-main-stick-meta":"","header-below-stick-meta":"","astra-migrate-meta-layouts":"set","ast-page-background-enabled":"default","ast-page-background-meta":{"desktop":{"background-color":"","background-image":"","background-repeat":"repeat","background-position":"center center","background-size":"auto","background-attachment":"scroll","background-type":"","background-media":"","overlay-type":"","overlay-color":"","overlay-opacity":"","overlay-gradient":""},"tablet":{"background-color":"","background-image":"","background-repeat":"repeat","background-position":"center center","background-size":"auto","background-attachment":"scroll","background-type":"","background-media":"","overlay-type":"","overlay-color":"","overlay-opacity":"","overlay-gradient":""},"mobile":{"background-color":"","background-image":"","background-repeat":"repeat","background-position":"center center","background-size":"auto","background-attachment":"scroll","background-type":"","background-media":"","overlay-type":"","overlay-color":"","overlay-opacity":"","overlay-gradient":""}},"ast-content-background-meta":{"desktop":{"background-color":"var(--ast-global-color-5)","background-image":"","background-repeat":"repeat","background-position":"center center","background-size":"auto","background-attachment":"scroll","background-type":"","background-media":"","overlay-type":"","overlay-color":"","overlay-opacity":"","overlay-gradient":""},"tablet":{"background-color":"var(--ast-global-color-5)","background-image":"","background-repeat":"repeat","background-position":"center center","background-size":"auto","background-attachment":"scroll","background-type":"","background-media":"","overlay-type":"","overlay-color":"","overlay-opacity":"","overlay-gradient":""},"mobile":{"background-color":"var(--ast-global-color-5)","background-image":"","background-repeat":"repeat","background-position":"center center","background-size":"auto","background-attachment":"scroll","background-type":"","background-media":"","overlay-type":"","overlay-color":"","overlay-opacity":"","overlay-gradient":""}}},"product_cat":[60],"product_tag":[],"class_list":{"0":"post-9748","1":"product","2":"type-product","3":"status-publish","4":"has-post-thumbnail","6":"product_cat-parfumhomme","7":"desktop-align-center","8":"tablet-align-left","9":"mobile-align-center","11":"first","12":"instock","13":"shipping-taxable","14":"purchasable","15":"product-type-simple"},"uagb_featured_image_src":{"full":["https:\/\/masilaparfum.com\/wp-content\/uploads\/2025\/03\/K71Fxey1kxW2fq0NPiydrmiMBupCRGtYcxdZz8Yw_lg.jpg",680,680,false],"thumbnail":["https:\/\/masilaparfum.com\/wp-content\/uploads\/2025\/03\/K71Fxey1kxW2fq0NPiydrmiMBupCRGtYcxdZz8Yw_lg-150x150.jpg",150,150,true],"medium":["https:\/\/masilaparfum.com\/wp-content\/uploads\/2025\/03\/K71Fxey1kxW2fq0NPiydrmiMBupCRGtYcxdZz8Yw_lg-300x300.jpg",300,300,true],"medium_large":["https:\/\/masilaparfum.com\/wp-content\/uploads\/2025\/03\/K71Fxey1kxW2fq0NPiydrmiMBupCRGtYcxdZz8Yw_lg.jpg",680,680,false],"large":["https:\/\/masilaparfum.com\/wp-content\/uploads\/2025\/03\/K71Fxey1kxW2fq0NPiydrmiMBupCRGtYcxdZz8Yw_lg.jpg",680,680,false],"1536x1536":["https:\/\/masilaparfum.com\/wp-content\/uploads\/2025\/03\/K71Fxey1kxW2fq0NPiydrmiMBupCRGtYcxdZz8Yw_lg.jpg",680,680,false],"2048x2048":["https:\/\/masilaparfum.com\/wp-content\/uploads\/2025\/03\/K71Fxey1kxW2fq0NPiydrmiMBupCRGtYcxdZz8Yw_lg.jpg",680,680,false],"mailpoet_newsletter_max":["https:\/\/masilaparfum.com\/wp-content\/uploads\/2025\/03\/K71Fxey1kxW2fq0NPiydrmiMBupCRGtYcxdZz8Yw_lg.jpg",680,680,false],"woocommerce_thumbnail":["https:\/\/masilaparfum.com\/wp-content\/uploads\/2025\/03\/K71Fxey1kxW2fq0NPiydrmiMBupCRGtYcxdZz8Yw_lg-300x300.jpg",300,300,true],"woocommerce_single":["https:\/\/masilaparfum.com\/wp-content\/uploads\/2025\/03\/K71Fxey1kxW2fq0NPiydrmiMBupCRGtYcxdZz8Yw_lg-600x600.jpg",600,600,true],"woocommerce_gallery_thumbnail":["https:\/\/masilaparfum.com\/wp-content\/uploads\/2025\/03\/K71Fxey1kxW2fq0NPiydrmiMBupCRGtYcxdZz8Yw_lg-100x100.jpg",100,100,true],"wcpr-photo-reviews":["https:\/\/masilaparfum.com\/wp-content\/uploads\/2025\/03\/K71Fxey1kxW2fq0NPiydrmiMBupCRGtYcxdZz8Yw_lg.jpg",500,500,false]},"uagb_author_info":{"display_name":"masilaparfum","author_link":"https:\/\/masilaparfum.com\/index.php\/author\/"},"uagb_comment_info":1,"uagb_excerpt":"Pegasus\u00a0de\u00a0Parfums de Marly un parfum Orientale Foug\u00e8re pour homme. Pegasus\u00a0a \u00e9t\u00e9 lanc\u00e9 en 2011. Le nez derri\u00e8re ce parfum est Hamid Merati-Kashani. Les notes de t\u00eate sont H\u00e9liotrope, Cumin et Bergamote; les notes de coeur sont Amande am\u00e8re, Lavande et Jasmin; les notes de fond sont Vanille, Bois de santal et Ambre.","_links":{"self":[{"href":"https:\/\/masilaparfum.com\/index.php\/wp-json\/wp\/v2\/product\/9748","targetHints":{"allow":["GET"]}}],"collection":[{"href":"https:\/\/masilaparfum.com\/index.php\/wp-json\/wp\/v2\/product"}],"about":[{"href":"https:\/\/masilaparfum.com\/index.php\/wp-json\/wp\/v2\/types\/product"}],"replies":[{"embeddable":true,"href":"https:\/\/masilaparfum.com\/index.php\/wp-json\/wp\/v2\/comments?post=9748"}],"wp:featuredmedia":[{"embeddable":true,"href":"https:\/\/masilaparfum.com\/index.php\/wp-json\/wp\/v2\/media\/9750"}],"wp:attachment":[{"href":"https:\/\/masilaparfum.com\/index.php\/wp-json\/wp\/v2\/media?parent=9748"}],"wp:term":[{"taxonomy":"product_cat","embeddable":true,"href":"https:\/\/masilaparfum.com\/index.php\/wp-json\/wp\/v2\/product_cat?post=9748"},{"taxonomy":"product_tag","embeddable":true,"href":"https:\/\/masilaparfum.com\/index.php\/wp-json\/wp\/v2\/product_tag?post=9748"}],"curies":[{"name":"wp","href":"https:\/\/api.w.org\/{rel}","templated":true}]}}