{"id":9730,"date":"2025-03-23T23:58:31","date_gmt":"2025-03-23T23:58:31","guid":{"rendered":"https:\/\/masilaparfum.com\/?post_type=product&#038;p=9730"},"modified":"2025-03-23T23:58:31","modified_gmt":"2025-03-23T23:58:31","slug":"imaginati","status":"publish","type":"product","link":"https:\/\/masilaparfum.com\/index.php\/product\/imaginati\/","title":{"rendered":"LOUIS VUITTON Imagination &#8211; 100ml (Tester)"},"content":{"rendered":"<h3 style=\"text-align: center;\"><strong>LOUIS VUITTON Imagination<\/strong><\/h3>\n<p><b>Imagination<\/b> \u00a0est un parfum Hesp\u00e9rid\u00e9 aromatique pour homme.\u00a0<b>Imagination<\/b>\u00a0a \u00e9t\u00e9 lanc\u00e9 en 2021. Le nez derri\u00e8re ce parfum est Jacques Cavallier Belletrud. Les notes de t\u00eate sont C\u00e9drat, Bergamote de Calabria et Orange de Sicile; les notes de coeur sont N\u00e9roli de Tunisie, Gingembre du Nigeria et Cannelle Ceylan; les notes de fond sont Th\u00e9 noir chinois, Ambroxan, Ga\u00efac et R\u00e9sine oliban.<\/p>\n","protected":false},"excerpt":{"rendered":"<p>LOUIS VUITTON Imagination Imagination \u00a0est un parfum Hesp\u00e9rid\u00e9 aromatique pour homme.\u00a0Imagination\u00a0a \u00e9t\u00e9 lanc\u00e9 en 2021. Le nez derri\u00e8re ce parfum est Jacques Cavallier Belletrud. Les notes de t\u00eate sont C\u00e9drat, Bergamote de Calabria et Orange de Sicile; les notes de coeur sont N\u00e9roli de Tunisie, Gingembre du Nigeria et Cannelle Ceylan; les notes de fond [&hellip;]<\/p>\n","protected":false},"featured_media":9732,"comment_status":"open","ping_status":"closed","template":"","meta":{"_uag_custom_page_level_css":"","site-sidebar-layout":"default","site-content-layout":"","ast-site-content-layout":"default","site-content-style":"default","site-sidebar-style":"default","ast-global-header-display":"","ast-banner-title-visibility":"","ast-main-header-display":"","ast-hfb-above-header-display":"","ast-hfb-below-header-display":"","ast-hfb-mobile-header-display":"","site-post-title":"","ast-breadcrumbs-content":"","ast-featured-img":"","footer-sml-layout":"","theme-transparent-header-meta":"default","adv-header-id-meta":"","stick-header-meta":"","header-above-stick-meta":"","header-main-stick-meta":"","header-below-stick-meta":"","astra-migrate-meta-layouts":"set","ast-page-background-enabled":"default","ast-page-background-meta":{"desktop":{"background-color":"","background-image":"","background-repeat":"repeat","background-position":"center center","background-size":"auto","background-attachment":"scroll","background-type":"","background-media":"","overlay-type":"","overlay-color":"","overlay-opacity":"","overlay-gradient":""},"tablet":{"background-color":"","background-image":"","background-repeat":"repeat","background-position":"center center","background-size":"auto","background-attachment":"scroll","background-type":"","background-media":"","overlay-type":"","overlay-color":"","overlay-opacity":"","overlay-gradient":""},"mobile":{"background-color":"","background-image":"","background-repeat":"repeat","background-position":"center center","background-size":"auto","background-attachment":"scroll","background-type":"","background-media":"","overlay-type":"","overlay-color":"","overlay-opacity":"","overlay-gradient":""}},"ast-content-background-meta":{"desktop":{"background-color":"var(--ast-global-color-5)","background-image":"","background-repeat":"repeat","background-position":"center center","background-size":"auto","background-attachment":"scroll","background-type":"","background-media":"","overlay-type":"","overlay-color":"","overlay-opacity":"","overlay-gradient":""},"tablet":{"background-color":"var(--ast-global-color-5)","background-image":"","background-repeat":"repeat","background-position":"center center","background-size":"auto","background-attachment":"scroll","background-type":"","background-media":"","overlay-type":"","overlay-color":"","overlay-opacity":"","overlay-gradient":""},"mobile":{"background-color":"var(--ast-global-color-5)","background-image":"","background-repeat":"repeat","background-position":"center center","background-size":"auto","background-attachment":"scroll","background-type":"","background-media":"","overlay-type":"","overlay-color":"","overlay-opacity":"","overlay-gradient":""}}},"product_cat":[60],"product_tag":[],"class_list":{"0":"post-9730","1":"product","2":"type-product","3":"status-publish","4":"has-post-thumbnail","6":"product_cat-parfumhomme","7":"desktop-align-center","8":"tablet-align-left","9":"mobile-align-center","11":"first","12":"instock","13":"sale","14":"shipping-taxable","15":"purchasable","16":"product-type-simple"},"uagb_featured_image_src":{"full":["https:\/\/masilaparfum.com\/wp-content\/uploads\/2025\/03\/111668_05b42f0f85.jpg",600,600,false],"thumbnail":["https:\/\/masilaparfum.com\/wp-content\/uploads\/2025\/03\/111668_05b42f0f85-150x150.jpg",150,150,true],"medium":["https:\/\/masilaparfum.com\/wp-content\/uploads\/2025\/03\/111668_05b42f0f85-300x300.jpg",300,300,true],"medium_large":["https:\/\/masilaparfum.com\/wp-content\/uploads\/2025\/03\/111668_05b42f0f85.jpg",600,600,false],"large":["https:\/\/masilaparfum.com\/wp-content\/uploads\/2025\/03\/111668_05b42f0f85.jpg",600,600,false],"1536x1536":["https:\/\/masilaparfum.com\/wp-content\/uploads\/2025\/03\/111668_05b42f0f85.jpg",600,600,false],"2048x2048":["https:\/\/masilaparfum.com\/wp-content\/uploads\/2025\/03\/111668_05b42f0f85.jpg",600,600,false],"mailpoet_newsletter_max":["https:\/\/masilaparfum.com\/wp-content\/uploads\/2025\/03\/111668_05b42f0f85.jpg",600,600,false],"woocommerce_thumbnail":["https:\/\/masilaparfum.com\/wp-content\/uploads\/2025\/03\/111668_05b42f0f85-300x300.jpg",300,300,true],"woocommerce_single":["https:\/\/masilaparfum.com\/wp-content\/uploads\/2025\/03\/111668_05b42f0f85.jpg",600,600,false],"woocommerce_gallery_thumbnail":["https:\/\/masilaparfum.com\/wp-content\/uploads\/2025\/03\/111668_05b42f0f85-100x100.jpg",100,100,true],"wcpr-photo-reviews":["https:\/\/masilaparfum.com\/wp-content\/uploads\/2025\/03\/111668_05b42f0f85.jpg",500,500,false]},"uagb_author_info":{"display_name":"masilaparfum","author_link":"https:\/\/masilaparfum.com\/index.php\/author\/"},"uagb_comment_info":0,"uagb_excerpt":"LOUIS VUITTON Imagination Imagination \u00a0est un parfum Hesp\u00e9rid\u00e9 aromatique pour homme.\u00a0Imagination\u00a0a \u00e9t\u00e9 lanc\u00e9 en 2021. Le nez derri\u00e8re ce parfum est Jacques Cavallier Belletrud. Les notes de t\u00eate sont C\u00e9drat, Bergamote de Calabria et Orange de Sicile; les notes de coeur sont N\u00e9roli de Tunisie, Gingembre du Nigeria et Cannelle Ceylan; les notes de fond\u2026","_links":{"self":[{"href":"https:\/\/masilaparfum.com\/index.php\/wp-json\/wp\/v2\/product\/9730","targetHints":{"allow":["GET"]}}],"collection":[{"href":"https:\/\/masilaparfum.com\/index.php\/wp-json\/wp\/v2\/product"}],"about":[{"href":"https:\/\/masilaparfum.com\/index.php\/wp-json\/wp\/v2\/types\/product"}],"replies":[{"embeddable":true,"href":"https:\/\/masilaparfum.com\/index.php\/wp-json\/wp\/v2\/comments?post=9730"}],"wp:featuredmedia":[{"embeddable":true,"href":"https:\/\/masilaparfum.com\/index.php\/wp-json\/wp\/v2\/media\/9732"}],"wp:attachment":[{"href":"https:\/\/masilaparfum.com\/index.php\/wp-json\/wp\/v2\/media?parent=9730"}],"wp:term":[{"taxonomy":"product_cat","embeddable":true,"href":"https:\/\/masilaparfum.com\/index.php\/wp-json\/wp\/v2\/product_cat?post=9730"},{"taxonomy":"product_tag","embeddable":true,"href":"https:\/\/masilaparfum.com\/index.php\/wp-json\/wp\/v2\/product_tag?post=9730"}],"curies":[{"name":"wp","href":"https:\/\/api.w.org\/{rel}","templated":true}]}}