{"id":9722,"date":"2025-03-23T23:43:00","date_gmt":"2025-03-23T23:43:00","guid":{"rendered":"https:\/\/masilaparfum.com\/?post_type=product&#038;p=9722"},"modified":"2025-05-26T19:23:07","modified_gmt":"2025-05-26T18:23:07","slug":"kayali28","status":"publish","type":"product","link":"https:\/\/masilaparfum.com\/index.php\/product\/kayali28\/","title":{"rendered":"Kayali Vanilla 28 &#8211; 100ML"},"content":{"rendered":"<h3 style=\"text-align: center;\"><b>Kayali Vanilla 28<\/b><\/h3>\n<p style=\"text-align: center;\">un parfum Orientale Vanill\u00e9 pour homme et femme.\u00a0<b>Vanilla 28<\/b>\u00a0a \u00e9t\u00e9 lanc\u00e9 en 2018. Le nez derri\u00e8re ce parfum est Gabriela Chelariu. Les notes de t\u00eate sont Orchid\u00e9e vanilla et Jasmin; les notes de coeur sont Cassonade et F\u00e8ve de tonka; les notes de fond sont Ambre, Amberwood, Musc et Patchouli.<\/p>\n","protected":false},"excerpt":{"rendered":"<p>Kayali Vanilla 28 un parfum Orientale Vanill\u00e9 pour homme et femme.\u00a0Vanilla 28\u00a0a \u00e9t\u00e9 lanc\u00e9 en 2018. Le nez derri\u00e8re ce parfum est Gabriela Chelariu. Les notes de t\u00eate sont Orchid\u00e9e vanilla et Jasmin; les notes de coeur sont Cassonade et F\u00e8ve de tonka; les notes de fond sont Ambre, Amberwood, Musc et Patchouli.<\/p>\n","protected":false},"featured_media":10338,"comment_status":"open","ping_status":"closed","template":"","meta":{"_uag_custom_page_level_css":"","site-sidebar-layout":"default","site-content-layout":"","ast-site-content-layout":"default","site-content-style":"default","site-sidebar-style":"default","ast-global-header-display":"","ast-banner-title-visibility":"","ast-main-header-display":"","ast-hfb-above-header-display":"","ast-hfb-below-header-display":"","ast-hfb-mobile-header-display":"","site-post-title":"","ast-breadcrumbs-content":"","ast-featured-img":"","footer-sml-layout":"","theme-transparent-header-meta":"default","adv-header-id-meta":"","stick-header-meta":"","header-above-stick-meta":"","header-main-stick-meta":"","header-below-stick-meta":"","astra-migrate-meta-layouts":"set","ast-page-background-enabled":"default","ast-page-background-meta":{"desktop":{"background-color":"","background-image":"","background-repeat":"repeat","background-position":"center center","background-size":"auto","background-attachment":"scroll","background-type":"","background-media":"","overlay-type":"","overlay-color":"","overlay-opacity":"","overlay-gradient":""},"tablet":{"background-color":"","background-image":"","background-repeat":"repeat","background-position":"center center","background-size":"auto","background-attachment":"scroll","background-type":"","background-media":"","overlay-type":"","overlay-color":"","overlay-opacity":"","overlay-gradient":""},"mobile":{"background-color":"","background-image":"","background-repeat":"repeat","background-position":"center center","background-size":"auto","background-attachment":"scroll","background-type":"","background-media":"","overlay-type":"","overlay-color":"","overlay-opacity":"","overlay-gradient":""}},"ast-content-background-meta":{"desktop":{"background-color":"var(--ast-global-color-5)","background-image":"","background-repeat":"repeat","background-position":"center center","background-size":"auto","background-attachment":"scroll","background-type":"","background-media":"","overlay-type":"","overlay-color":"","overlay-opacity":"","overlay-gradient":""},"tablet":{"background-color":"var(--ast-global-color-5)","background-image":"","background-repeat":"repeat","background-position":"center center","background-size":"auto","background-attachment":"scroll","background-type":"","background-media":"","overlay-type":"","overlay-color":"","overlay-opacity":"","overlay-gradient":""},"mobile":{"background-color":"var(--ast-global-color-5)","background-image":"","background-repeat":"repeat","background-position":"center center","background-size":"auto","background-attachment":"scroll","background-type":"","background-media":"","overlay-type":"","overlay-color":"","overlay-opacity":"","overlay-gradient":""}}},"product_cat":[59,60,62],"product_tag":[],"class_list":{"0":"post-9722","1":"product","2":"type-product","3":"status-publish","4":"has-post-thumbnail","6":"product_cat-parfumfemme","7":"product_cat-parfumhomme","8":"product_cat-parfum-unisex","9":"desktop-align-center","10":"tablet-align-left","11":"mobile-align-center","13":"first","14":"instock","15":"shipping-taxable","16":"purchasable","17":"product-type-simple"},"uagb_featured_image_src":{"full":["https:\/\/masilaparfum.com\/wp-content\/uploads\/2025\/03\/Capture-decran-2025-05-26-a-19.22.14.png",459,452,false],"thumbnail":["https:\/\/masilaparfum.com\/wp-content\/uploads\/2025\/03\/Capture-decran-2025-05-26-a-19.22.14-150x150.png",150,150,true],"medium":["https:\/\/masilaparfum.com\/wp-content\/uploads\/2025\/03\/Capture-decran-2025-05-26-a-19.22.14-300x300.png",300,300,true],"medium_large":["https:\/\/masilaparfum.com\/wp-content\/uploads\/2025\/03\/Capture-decran-2025-05-26-a-19.22.14.png",459,452,false],"large":["https:\/\/masilaparfum.com\/wp-content\/uploads\/2025\/03\/Capture-decran-2025-05-26-a-19.22.14.png",459,452,false],"1536x1536":["https:\/\/masilaparfum.com\/wp-content\/uploads\/2025\/03\/Capture-decran-2025-05-26-a-19.22.14.png",459,452,false],"2048x2048":["https:\/\/masilaparfum.com\/wp-content\/uploads\/2025\/03\/Capture-decran-2025-05-26-a-19.22.14.png",459,452,false],"mailpoet_newsletter_max":["https:\/\/masilaparfum.com\/wp-content\/uploads\/2025\/03\/Capture-decran-2025-05-26-a-19.22.14.png",459,452,false],"woocommerce_thumbnail":["https:\/\/masilaparfum.com\/wp-content\/uploads\/2025\/03\/Capture-decran-2025-05-26-a-19.22.14-300x300.png",300,300,true],"woocommerce_single":["https:\/\/masilaparfum.com\/wp-content\/uploads\/2025\/03\/Capture-decran-2025-05-26-a-19.22.14.png",459,452,false],"woocommerce_gallery_thumbnail":["https:\/\/masilaparfum.com\/wp-content\/uploads\/2025\/03\/Capture-decran-2025-05-26-a-19.22.14-100x100.png",100,100,true],"wcpr-photo-reviews":["https:\/\/masilaparfum.com\/wp-content\/uploads\/2025\/03\/Capture-decran-2025-05-26-a-19.22.14.png",459,452,false]},"uagb_author_info":{"display_name":"masilaparfum","author_link":"https:\/\/masilaparfum.com\/index.php\/author\/"},"uagb_comment_info":0,"uagb_excerpt":"Kayali Vanilla 28 un parfum Orientale Vanill\u00e9 pour homme et femme.\u00a0Vanilla 28\u00a0a \u00e9t\u00e9 lanc\u00e9 en 2018. Le nez derri\u00e8re ce parfum est Gabriela Chelariu. Les notes de t\u00eate sont Orchid\u00e9e vanilla et Jasmin; les notes de coeur sont Cassonade et F\u00e8ve de tonka; les notes de fond sont Ambre, Amberwood, Musc et Patchouli.","_links":{"self":[{"href":"https:\/\/masilaparfum.com\/index.php\/wp-json\/wp\/v2\/product\/9722","targetHints":{"allow":["GET"]}}],"collection":[{"href":"https:\/\/masilaparfum.com\/index.php\/wp-json\/wp\/v2\/product"}],"about":[{"href":"https:\/\/masilaparfum.com\/index.php\/wp-json\/wp\/v2\/types\/product"}],"replies":[{"embeddable":true,"href":"https:\/\/masilaparfum.com\/index.php\/wp-json\/wp\/v2\/comments?post=9722"}],"wp:featuredmedia":[{"embeddable":true,"href":"https:\/\/masilaparfum.com\/index.php\/wp-json\/wp\/v2\/media\/10338"}],"wp:attachment":[{"href":"https:\/\/masilaparfum.com\/index.php\/wp-json\/wp\/v2\/media?parent=9722"}],"wp:term":[{"taxonomy":"product_cat","embeddable":true,"href":"https:\/\/masilaparfum.com\/index.php\/wp-json\/wp\/v2\/product_cat?post=9722"},{"taxonomy":"product_tag","embeddable":true,"href":"https:\/\/masilaparfum.com\/index.php\/wp-json\/wp\/v2\/product_tag?post=9722"}],"curies":[{"name":"wp","href":"https:\/\/api.w.org\/{rel}","templated":true}]}}