{"id":9698,"date":"2025-03-23T23:00:12","date_gmt":"2025-03-23T23:00:12","guid":{"rendered":"https:\/\/masilaparfum.com\/?post_type=product&#038;p=9698"},"modified":"2025-03-23T23:18:59","modified_gmt":"2025-03-23T23:18:59","slug":"grandsoir","status":"publish","type":"product","link":"https:\/\/masilaparfum.com\/index.php\/product\/grandsoir\/","title":{"rendered":"MFK GRAND SOIR eau de parfum 70ML"},"content":{"rendered":"<h3 style=\"text-align: center;\"><strong>MFK GRAND SOIR<\/strong><\/h3>\n<p style=\"text-align: center;\"><strong>l&rsquo;\u00a0eau de parfum Grand Soir Maison Francis Kurkdjian invite \u00e0 se parer de ses plus beaux atours et \u00e0 parfaire son allure. S\u2019\u00e9garer dans une nuit sans fin et profiter, encore et encore, de l\u2019\u00e9clat d\u2019un grand soir parisien. Alors ponts et monuments brillent de mille feux. Ils s\u2019affichent avec majest\u00e9 dans un ciel cr\u00e9pusculaire port\u00e9 par la douce chaleur vanill\u00e9e du benjoin de Siam et de la f\u00e8ve tonka du Br\u00e9sil bouscul\u00e9e par l\u2019obscurit\u00e9 profonde du ciste labdanum d\u2019Espagne. Ce parfum ambr\u00e9 habille la peau de notes vibrantes, pour vivre aux rythmes de l\u2019\u00e9nergie et des myst\u00e8res de la Ville Lumi\u00e8re jusqu\u2019\u00e0 s\u2019abandonner dans les m\u00e9andres de la nuit<\/strong><\/p>\n","protected":false},"excerpt":{"rendered":"<p>MFK GRAND SOIR l&rsquo;\u00a0eau de parfum Grand Soir Maison Francis Kurkdjian invite \u00e0 se parer de ses plus beaux atours et \u00e0 parfaire son allure. S\u2019\u00e9garer dans une nuit sans fin et profiter, encore et encore, de l\u2019\u00e9clat d\u2019un grand soir parisien. Alors ponts et monuments brillent de mille feux. Ils s\u2019affichent avec majest\u00e9 dans [&hellip;]<\/p>\n","protected":false},"featured_media":9699,"comment_status":"open","ping_status":"closed","template":"","meta":{"_uag_custom_page_level_css":"","site-sidebar-layout":"default","site-content-layout":"","ast-site-content-layout":"default","site-content-style":"default","site-sidebar-style":"default","ast-global-header-display":"","ast-banner-title-visibility":"","ast-main-header-display":"","ast-hfb-above-header-display":"","ast-hfb-below-header-display":"","ast-hfb-mobile-header-display":"","site-post-title":"","ast-breadcrumbs-content":"","ast-featured-img":"","footer-sml-layout":"","theme-transparent-header-meta":"default","adv-header-id-meta":"","stick-header-meta":"","header-above-stick-meta":"","header-main-stick-meta":"","header-below-stick-meta":"","astra-migrate-meta-layouts":"set","ast-page-background-enabled":"default","ast-page-background-meta":{"desktop":{"background-color":"","background-image":"","background-repeat":"repeat","background-position":"center center","background-size":"auto","background-attachment":"scroll","background-type":"","background-media":"","overlay-type":"","overlay-color":"","overlay-opacity":"","overlay-gradient":""},"tablet":{"background-color":"","background-image":"","background-repeat":"repeat","background-position":"center center","background-size":"auto","background-attachment":"scroll","background-type":"","background-media":"","overlay-type":"","overlay-color":"","overlay-opacity":"","overlay-gradient":""},"mobile":{"background-color":"","background-image":"","background-repeat":"repeat","background-position":"center center","background-size":"auto","background-attachment":"scroll","background-type":"","background-media":"","overlay-type":"","overlay-color":"","overlay-opacity":"","overlay-gradient":""}},"ast-content-background-meta":{"desktop":{"background-color":"var(--ast-global-color-5)","background-image":"","background-repeat":"repeat","background-position":"center center","background-size":"auto","background-attachment":"scroll","background-type":"","background-media":"","overlay-type":"","overlay-color":"","overlay-opacity":"","overlay-gradient":""},"tablet":{"background-color":"var(--ast-global-color-5)","background-image":"","background-repeat":"repeat","background-position":"center center","background-size":"auto","background-attachment":"scroll","background-type":"","background-media":"","overlay-type":"","overlay-color":"","overlay-opacity":"","overlay-gradient":""},"mobile":{"background-color":"var(--ast-global-color-5)","background-image":"","background-repeat":"repeat","background-position":"center center","background-size":"auto","background-attachment":"scroll","background-type":"","background-media":"","overlay-type":"","overlay-color":"","overlay-opacity":"","overlay-gradient":""}}},"product_cat":[59,60,62],"product_tag":[],"class_list":{"0":"post-9698","1":"product","2":"type-product","3":"status-publish","4":"has-post-thumbnail","6":"product_cat-parfumfemme","7":"product_cat-parfumhomme","8":"product_cat-parfum-unisex","9":"desktop-align-center","10":"tablet-align-left","11":"mobile-align-center","13":"first","14":"instock","15":"shipping-taxable","16":"purchasable","17":"product-type-simple"},"uagb_featured_image_src":{"full":["https:\/\/masilaparfum.com\/wp-content\/uploads\/2025\/03\/maison-francis-kurkdjian-grand-soir-1.jpg",300,300,false],"thumbnail":["https:\/\/masilaparfum.com\/wp-content\/uploads\/2025\/03\/maison-francis-kurkdjian-grand-soir-1-150x150.jpg",150,150,true],"medium":["https:\/\/masilaparfum.com\/wp-content\/uploads\/2025\/03\/maison-francis-kurkdjian-grand-soir-1.jpg",300,300,false],"medium_large":["https:\/\/masilaparfum.com\/wp-content\/uploads\/2025\/03\/maison-francis-kurkdjian-grand-soir-1.jpg",300,300,false],"large":["https:\/\/masilaparfum.com\/wp-content\/uploads\/2025\/03\/maison-francis-kurkdjian-grand-soir-1.jpg",300,300,false],"1536x1536":["https:\/\/masilaparfum.com\/wp-content\/uploads\/2025\/03\/maison-francis-kurkdjian-grand-soir-1.jpg",300,300,false],"2048x2048":["https:\/\/masilaparfum.com\/wp-content\/uploads\/2025\/03\/maison-francis-kurkdjian-grand-soir-1.jpg",300,300,false],"mailpoet_newsletter_max":["https:\/\/masilaparfum.com\/wp-content\/uploads\/2025\/03\/maison-francis-kurkdjian-grand-soir-1.jpg",300,300,false],"woocommerce_thumbnail":["https:\/\/masilaparfum.com\/wp-content\/uploads\/2025\/03\/maison-francis-kurkdjian-grand-soir-1.jpg",300,300,false],"woocommerce_single":["https:\/\/masilaparfum.com\/wp-content\/uploads\/2025\/03\/maison-francis-kurkdjian-grand-soir-1.jpg",300,300,false],"woocommerce_gallery_thumbnail":["https:\/\/masilaparfum.com\/wp-content\/uploads\/2025\/03\/maison-francis-kurkdjian-grand-soir-1-100x100.jpg",100,100,true],"wcpr-photo-reviews":["https:\/\/masilaparfum.com\/wp-content\/uploads\/2025\/03\/maison-francis-kurkdjian-grand-soir-1.jpg",300,300,false]},"uagb_author_info":{"display_name":"masilaparfum","author_link":"https:\/\/masilaparfum.com\/index.php\/author\/"},"uagb_comment_info":0,"uagb_excerpt":"MFK GRAND SOIR l&rsquo;\u00a0eau de parfum Grand Soir Maison Francis Kurkdjian invite \u00e0 se parer de ses plus beaux atours et \u00e0 parfaire son allure. S\u2019\u00e9garer dans une nuit sans fin et profiter, encore et encore, de l\u2019\u00e9clat d\u2019un grand soir parisien. Alors ponts et monuments brillent de mille feux. Ils s\u2019affichent avec majest\u00e9 dans\u2026","_links":{"self":[{"href":"https:\/\/masilaparfum.com\/index.php\/wp-json\/wp\/v2\/product\/9698","targetHints":{"allow":["GET"]}}],"collection":[{"href":"https:\/\/masilaparfum.com\/index.php\/wp-json\/wp\/v2\/product"}],"about":[{"href":"https:\/\/masilaparfum.com\/index.php\/wp-json\/wp\/v2\/types\/product"}],"replies":[{"embeddable":true,"href":"https:\/\/masilaparfum.com\/index.php\/wp-json\/wp\/v2\/comments?post=9698"}],"wp:featuredmedia":[{"embeddable":true,"href":"https:\/\/masilaparfum.com\/index.php\/wp-json\/wp\/v2\/media\/9699"}],"wp:attachment":[{"href":"https:\/\/masilaparfum.com\/index.php\/wp-json\/wp\/v2\/media?parent=9698"}],"wp:term":[{"taxonomy":"product_cat","embeddable":true,"href":"https:\/\/masilaparfum.com\/index.php\/wp-json\/wp\/v2\/product_cat?post=9698"},{"taxonomy":"product_tag","embeddable":true,"href":"https:\/\/masilaparfum.com\/index.php\/wp-json\/wp\/v2\/product_tag?post=9698"}],"curies":[{"name":"wp","href":"https:\/\/api.w.org\/{rel}","templated":true}]}}