{"id":9195,"date":"2025-01-19T20:37:15","date_gmt":"2025-01-19T19:37:15","guid":{"rendered":"https:\/\/masilaparfum.com\/?post_type=product&#038;p=9195"},"modified":"2025-05-15T18:13:01","modified_gmt":"2025-05-15T17:13:01","slug":"you-tobacco-100ml","status":"publish","type":"product","link":"https:\/\/masilaparfum.com\/index.php\/product\/you-tobacco-100ml\/","title":{"rendered":"Stronger With You Tobacco &#8211; 100ml"},"content":{"rendered":"<p style=\"text-align: center\"><em><b>Emporio Armani Stronger With You Tobacco<\/b>\u00a0de\u00a0<b>Giorgio Armani<\/b> est un parfum Orientale \u00c9pic\u00e9 pour homme. C&rsquo;est un nouveau parfum.\u00a0<\/em><\/p>\n<p style=\"text-align: center\"><em>\u00a0Les notes de t\u00eate sont Poivre rose, Poivre noir, Cardamome, \u00c9l\u00e9mi et Sauge; les notes de coeur sont Tabac, Feuille de cannelier, Ch\u00e2taigne et Piment; les notes de fond sont Vanille bourbon, Ambre, Ga\u00efac et Benjoin.<\/em><\/p>\n","protected":false},"excerpt":{"rendered":"<p>Emporio Armani Stronger With You Tobacco\u00a0de\u00a0Giorgio Armani est un parfum Orientale \u00c9pic\u00e9 pour homme. C&rsquo;est un nouveau parfum.\u00a0 \u00a0Les notes de t\u00eate sont Poivre rose, Poivre noir, Cardamome, \u00c9l\u00e9mi et Sauge; les notes de coeur sont Tabac, Feuille de cannelier, Ch\u00e2taigne et Piment; les notes de fond sont Vanille bourbon, Ambre, Ga\u00efac et Benjoin.<\/p>\n","protected":false},"featured_media":9198,"comment_status":"open","ping_status":"closed","template":"","meta":{"_uag_custom_page_level_css":"","site-sidebar-layout":"default","site-content-layout":"","ast-site-content-layout":"default","site-content-style":"default","site-sidebar-style":"default","ast-global-header-display":"","ast-banner-title-visibility":"","ast-main-header-display":"","ast-hfb-above-header-display":"","ast-hfb-below-header-display":"","ast-hfb-mobile-header-display":"","site-post-title":"","ast-breadcrumbs-content":"","ast-featured-img":"","footer-sml-layout":"","theme-transparent-header-meta":"default","adv-header-id-meta":"","stick-header-meta":"","header-above-stick-meta":"","header-main-stick-meta":"","header-below-stick-meta":"","astra-migrate-meta-layouts":"set","ast-page-background-enabled":"default","ast-page-background-meta":{"desktop":{"background-color":"","background-image":"","background-repeat":"repeat","background-position":"center center","background-size":"auto","background-attachment":"scroll","background-type":"","background-media":"","overlay-type":"","overlay-color":"","overlay-opacity":"","overlay-gradient":""},"tablet":{"background-color":"","background-image":"","background-repeat":"repeat","background-position":"center center","background-size":"auto","background-attachment":"scroll","background-type":"","background-media":"","overlay-type":"","overlay-color":"","overlay-opacity":"","overlay-gradient":""},"mobile":{"background-color":"","background-image":"","background-repeat":"repeat","background-position":"center center","background-size":"auto","background-attachment":"scroll","background-type":"","background-media":"","overlay-type":"","overlay-color":"","overlay-opacity":"","overlay-gradient":""}},"ast-content-background-meta":{"desktop":{"background-color":"var(--ast-global-color-5)","background-image":"","background-repeat":"repeat","background-position":"center center","background-size":"auto","background-attachment":"scroll","background-type":"","background-media":"","overlay-type":"","overlay-color":"","overlay-opacity":"","overlay-gradient":""},"tablet":{"background-color":"var(--ast-global-color-5)","background-image":"","background-repeat":"repeat","background-position":"center center","background-size":"auto","background-attachment":"scroll","background-type":"","background-media":"","overlay-type":"","overlay-color":"","overlay-opacity":"","overlay-gradient":""},"mobile":{"background-color":"var(--ast-global-color-5)","background-image":"","background-repeat":"repeat","background-position":"center center","background-size":"auto","background-attachment":"scroll","background-type":"","background-media":"","overlay-type":"","overlay-color":"","overlay-opacity":"","overlay-gradient":""}}},"product_cat":[60],"product_tag":[],"class_list":{"0":"post-9195","1":"product","2":"type-product","3":"status-publish","4":"has-post-thumbnail","6":"product_cat-parfumhomme","7":"desktop-align-center","8":"tablet-align-left","9":"mobile-align-center","11":"first","12":"instock","13":"sale","14":"shipping-taxable","15":"purchasable","16":"product-type-simple"},"uagb_featured_image_src":{"full":["https:\/\/masilaparfum.com\/wp-content\/uploads\/2025\/01\/o.iPCOgaLDmk1-1-1-1.jpg",860,721,false],"thumbnail":["https:\/\/masilaparfum.com\/wp-content\/uploads\/2025\/01\/o.iPCOgaLDmk1-1-1-1-150x150.jpg",150,150,true],"medium":["https:\/\/masilaparfum.com\/wp-content\/uploads\/2025\/01\/o.iPCOgaLDmk1-1-1-1-300x300.jpg",300,300,true],"medium_large":["https:\/\/masilaparfum.com\/wp-content\/uploads\/2025\/01\/o.iPCOgaLDmk1-1-1-1-768x721.jpg",768,721,true],"large":["https:\/\/masilaparfum.com\/wp-content\/uploads\/2025\/01\/o.iPCOgaLDmk1-1-1-1.jpg",860,721,false],"1536x1536":["https:\/\/masilaparfum.com\/wp-content\/uploads\/2025\/01\/o.iPCOgaLDmk1-1-1-1.jpg",860,721,false],"2048x2048":["https:\/\/masilaparfum.com\/wp-content\/uploads\/2025\/01\/o.iPCOgaLDmk1-1-1-1.jpg",860,721,false],"mailpoet_newsletter_max":["https:\/\/masilaparfum.com\/wp-content\/uploads\/2025\/01\/o.iPCOgaLDmk1-1-1-1.jpg",860,721,false],"woocommerce_thumbnail":["https:\/\/masilaparfum.com\/wp-content\/uploads\/2025\/01\/o.iPCOgaLDmk1-1-1-1-300x300.jpg",300,300,true],"woocommerce_single":["https:\/\/masilaparfum.com\/wp-content\/uploads\/2025\/01\/o.iPCOgaLDmk1-1-1-1-600x503.jpg",600,503,true],"woocommerce_gallery_thumbnail":["https:\/\/masilaparfum.com\/wp-content\/uploads\/2025\/01\/o.iPCOgaLDmk1-1-1-1-100x100.jpg",100,100,true],"wcpr-photo-reviews":["https:\/\/masilaparfum.com\/wp-content\/uploads\/2025\/01\/o.iPCOgaLDmk1-1-1-1.jpg",500,419,false]},"uagb_author_info":{"display_name":"masilaparfum","author_link":"https:\/\/masilaparfum.com\/index.php\/author\/"},"uagb_comment_info":0,"uagb_excerpt":"Emporio Armani Stronger With You Tobacco\u00a0de\u00a0Giorgio Armani est un parfum Orientale \u00c9pic\u00e9 pour homme. C&rsquo;est un nouveau parfum.\u00a0 \u00a0Les notes de t\u00eate sont Poivre rose, Poivre noir, Cardamome, \u00c9l\u00e9mi et Sauge; les notes de coeur sont Tabac, Feuille de cannelier, Ch\u00e2taigne et Piment; les notes de fond sont Vanille bourbon, Ambre, Ga\u00efac et Benjoin.","_links":{"self":[{"href":"https:\/\/masilaparfum.com\/index.php\/wp-json\/wp\/v2\/product\/9195","targetHints":{"allow":["GET"]}}],"collection":[{"href":"https:\/\/masilaparfum.com\/index.php\/wp-json\/wp\/v2\/product"}],"about":[{"href":"https:\/\/masilaparfum.com\/index.php\/wp-json\/wp\/v2\/types\/product"}],"replies":[{"embeddable":true,"href":"https:\/\/masilaparfum.com\/index.php\/wp-json\/wp\/v2\/comments?post=9195"}],"wp:featuredmedia":[{"embeddable":true,"href":"https:\/\/masilaparfum.com\/index.php\/wp-json\/wp\/v2\/media\/9198"}],"wp:attachment":[{"href":"https:\/\/masilaparfum.com\/index.php\/wp-json\/wp\/v2\/media?parent=9195"}],"wp:term":[{"taxonomy":"product_cat","embeddable":true,"href":"https:\/\/masilaparfum.com\/index.php\/wp-json\/wp\/v2\/product_cat?post=9195"},{"taxonomy":"product_tag","embeddable":true,"href":"https:\/\/masilaparfum.com\/index.php\/wp-json\/wp\/v2\/product_tag?post=9195"}],"curies":[{"name":"wp","href":"https:\/\/api.w.org\/{rel}","templated":true}]}}