{"id":9181,"date":"2025-01-19T20:20:02","date_gmt":"2025-01-19T19:20:02","guid":{"rendered":"https:\/\/masilaparfum.com\/?post_type=product&#038;p=9181"},"modified":"2025-05-26T18:21:27","modified_gmt":"2025-05-26T17:21:27","slug":"baccarat-rouge-540-coffret-de-voyage-extrait-de-parfum","status":"publish","type":"product","link":"https:\/\/masilaparfum.com\/index.php\/product\/baccarat-rouge-540-coffret-de-voyage-extrait-de-parfum\/","title":{"rendered":"Baccarat Rouge 540 Coffret de voyage &#8211; Extrait de parfum"},"content":{"rendered":"<h4 style=\"text-align: center\"><em><strong>Baccarat Rouge 540 Coffret de voyage &#8211; Extrait de parfum<\/strong><\/em><\/h4>\n<p style=\"text-align: center\">Extrait de parfum Baccarat Rouge apporte un souffle nouveau, puissant et intense, \u00e0 la fragrance n\u00e9e de la rencontre entre Maison Francis Kurkdjian et la cristallerie Baccarat. Ce coffret de voyage c\u00e9l\u00e8bre la fragrance \u00e0 la signature olfactive exalt\u00e9e, au sillage fleuri ambr\u00e9 et bois\u00e9. Il invite \u00e0 la glisser avec \u00e9l\u00e9gance dans ses bagages, gr\u00e2ce \u00e0 ses 5 recharges de 11 ml et son vaporisateur de sac . \u00e9crin raffin\u00e9 et pr\u00e9cieux. Le coffret Baccarat Rouge 540 extrait de parfum<u>\u00a0<\/u>incarne le cadeau id\u00e9al, \u00e0 s&rsquo;offrir ou \u00e0 offrir sans r\u00e9serve.<\/p>\n","protected":false},"excerpt":{"rendered":"<p>Baccarat Rouge 540 Coffret de voyage &#8211; Extrait de parfum Extrait de parfum Baccarat Rouge apporte un souffle nouveau, puissant et intense, \u00e0 la fragrance n\u00e9e de la rencontre entre Maison Francis Kurkdjian et la cristallerie Baccarat. Ce coffret de voyage c\u00e9l\u00e8bre la fragrance \u00e0 la signature olfactive exalt\u00e9e, au sillage fleuri ambr\u00e9 et bois\u00e9. [&hellip;]<\/p>\n","protected":false},"featured_media":9182,"comment_status":"open","ping_status":"closed","template":"","meta":{"_uag_custom_page_level_css":"","site-sidebar-layout":"default","site-content-layout":"","ast-site-content-layout":"default","site-content-style":"default","site-sidebar-style":"default","ast-global-header-display":"","ast-banner-title-visibility":"","ast-main-header-display":"","ast-hfb-above-header-display":"","ast-hfb-below-header-display":"","ast-hfb-mobile-header-display":"","site-post-title":"","ast-breadcrumbs-content":"","ast-featured-img":"","footer-sml-layout":"","theme-transparent-header-meta":"default","adv-header-id-meta":"","stick-header-meta":"","header-above-stick-meta":"","header-main-stick-meta":"","header-below-stick-meta":"","astra-migrate-meta-layouts":"set","ast-page-background-enabled":"default","ast-page-background-meta":{"desktop":{"background-color":"","background-image":"","background-repeat":"repeat","background-position":"center center","background-size":"auto","background-attachment":"scroll","background-type":"","background-media":"","overlay-type":"","overlay-color":"","overlay-opacity":"","overlay-gradient":""},"tablet":{"background-color":"","background-image":"","background-repeat":"repeat","background-position":"center center","background-size":"auto","background-attachment":"scroll","background-type":"","background-media":"","overlay-type":"","overlay-color":"","overlay-opacity":"","overlay-gradient":""},"mobile":{"background-color":"","background-image":"","background-repeat":"repeat","background-position":"center center","background-size":"auto","background-attachment":"scroll","background-type":"","background-media":"","overlay-type":"","overlay-color":"","overlay-opacity":"","overlay-gradient":""}},"ast-content-background-meta":{"desktop":{"background-color":"var(--ast-global-color-5)","background-image":"","background-repeat":"repeat","background-position":"center center","background-size":"auto","background-attachment":"scroll","background-type":"","background-media":"","overlay-type":"","overlay-color":"","overlay-opacity":"","overlay-gradient":""},"tablet":{"background-color":"var(--ast-global-color-5)","background-image":"","background-repeat":"repeat","background-position":"center center","background-size":"auto","background-attachment":"scroll","background-type":"","background-media":"","overlay-type":"","overlay-color":"","overlay-opacity":"","overlay-gradient":""},"mobile":{"background-color":"var(--ast-global-color-5)","background-image":"","background-repeat":"repeat","background-position":"center center","background-size":"auto","background-attachment":"scroll","background-type":"","background-media":"","overlay-type":"","overlay-color":"","overlay-opacity":"","overlay-gradient":""}}},"product_cat":[59,60,62],"product_tag":[],"class_list":{"0":"post-9181","1":"product","2":"type-product","3":"status-publish","4":"has-post-thumbnail","6":"product_cat-parfumfemme","7":"product_cat-parfumhomme","8":"product_cat-parfum-unisex","9":"desktop-align-center","10":"tablet-align-left","11":"mobile-align-center","13":"first","14":"instock","15":"shipping-taxable","16":"purchasable","17":"product-type-simple"},"uagb_featured_image_src":{"full":["https:\/\/masilaparfum.com\/wp-content\/uploads\/2025\/01\/Maison-Francis-Kurkdjian-Baccara-resim-3503.jpg",600,600,false],"thumbnail":["https:\/\/masilaparfum.com\/wp-content\/uploads\/2025\/01\/Maison-Francis-Kurkdjian-Baccara-resim-3503-150x150.jpg",150,150,true],"medium":["https:\/\/masilaparfum.com\/wp-content\/uploads\/2025\/01\/Maison-Francis-Kurkdjian-Baccara-resim-3503-300x300.jpg",300,300,true],"medium_large":["https:\/\/masilaparfum.com\/wp-content\/uploads\/2025\/01\/Maison-Francis-Kurkdjian-Baccara-resim-3503.jpg",600,600,false],"large":["https:\/\/masilaparfum.com\/wp-content\/uploads\/2025\/01\/Maison-Francis-Kurkdjian-Baccara-resim-3503.jpg",600,600,false],"1536x1536":["https:\/\/masilaparfum.com\/wp-content\/uploads\/2025\/01\/Maison-Francis-Kurkdjian-Baccara-resim-3503.jpg",600,600,false],"2048x2048":["https:\/\/masilaparfum.com\/wp-content\/uploads\/2025\/01\/Maison-Francis-Kurkdjian-Baccara-resim-3503.jpg",600,600,false],"mailpoet_newsletter_max":["https:\/\/masilaparfum.com\/wp-content\/uploads\/2025\/01\/Maison-Francis-Kurkdjian-Baccara-resim-3503.jpg",600,600,false],"woocommerce_thumbnail":["https:\/\/masilaparfum.com\/wp-content\/uploads\/2025\/01\/Maison-Francis-Kurkdjian-Baccara-resim-3503-300x300.jpg",300,300,true],"woocommerce_single":["https:\/\/masilaparfum.com\/wp-content\/uploads\/2025\/01\/Maison-Francis-Kurkdjian-Baccara-resim-3503.jpg",600,600,false],"woocommerce_gallery_thumbnail":["https:\/\/masilaparfum.com\/wp-content\/uploads\/2025\/01\/Maison-Francis-Kurkdjian-Baccara-resim-3503-100x100.jpg",100,100,true],"wcpr-photo-reviews":["https:\/\/masilaparfum.com\/wp-content\/uploads\/2025\/01\/Maison-Francis-Kurkdjian-Baccara-resim-3503.jpg",500,500,false]},"uagb_author_info":{"display_name":"masilaparfum","author_link":"https:\/\/masilaparfum.com\/index.php\/author\/"},"uagb_comment_info":0,"uagb_excerpt":"Baccarat Rouge 540 Coffret de voyage &#8211; Extrait de parfum Extrait de parfum Baccarat Rouge apporte un souffle nouveau, puissant et intense, \u00e0 la fragrance n\u00e9e de la rencontre entre Maison Francis Kurkdjian et la cristallerie Baccarat. Ce coffret de voyage c\u00e9l\u00e8bre la fragrance \u00e0 la signature olfactive exalt\u00e9e, au sillage fleuri ambr\u00e9 et bois\u00e9.\u2026","_links":{"self":[{"href":"https:\/\/masilaparfum.com\/index.php\/wp-json\/wp\/v2\/product\/9181","targetHints":{"allow":["GET"]}}],"collection":[{"href":"https:\/\/masilaparfum.com\/index.php\/wp-json\/wp\/v2\/product"}],"about":[{"href":"https:\/\/masilaparfum.com\/index.php\/wp-json\/wp\/v2\/types\/product"}],"replies":[{"embeddable":true,"href":"https:\/\/masilaparfum.com\/index.php\/wp-json\/wp\/v2\/comments?post=9181"}],"wp:featuredmedia":[{"embeddable":true,"href":"https:\/\/masilaparfum.com\/index.php\/wp-json\/wp\/v2\/media\/9182"}],"wp:attachment":[{"href":"https:\/\/masilaparfum.com\/index.php\/wp-json\/wp\/v2\/media?parent=9181"}],"wp:term":[{"taxonomy":"product_cat","embeddable":true,"href":"https:\/\/masilaparfum.com\/index.php\/wp-json\/wp\/v2\/product_cat?post=9181"},{"taxonomy":"product_tag","embeddable":true,"href":"https:\/\/masilaparfum.com\/index.php\/wp-json\/wp\/v2\/product_tag?post=9181"}],"curies":[{"name":"wp","href":"https:\/\/api.w.org\/{rel}","templated":true}]}}