{"id":9177,"date":"2025-01-19T20:13:39","date_gmt":"2025-01-19T19:13:39","guid":{"rendered":"https:\/\/masilaparfum.com\/?post_type=product&#038;p=9177"},"modified":"2025-05-26T18:21:54","modified_gmt":"2025-05-26T17:21:54","slug":"bacca-200ml","status":"publish","type":"product","link":"https:\/\/masilaparfum.com\/index.php\/product\/bacca-200ml\/","title":{"rendered":"Baccarat ext 540 &#8211; Maison Francis Kurkdjian- 200M"},"content":{"rendered":"<p style=\"text-align: center\"><strong>D\u00e9sormais disponible au format 200ml, le Baccarat Rouge 540 extrait de parfum est une version plus profonde et plus radieuse de l\u2019aura d\u2019origine florale bois\u00e9e ambr\u00e9e.<\/strong><\/p>\n<p style=\"text-align: center\"><strong>Dans cette version exalt\u00e9e, les fleurs de jasmin et les muscs ligneux se livrent \u00e0 une alchimie des sens. Une profusion et une fusion d&rsquo;\u00e9l\u00e9ments qui ne peuvent \u00eatre apprivois\u00e9s que par l&rsquo;art du parfumeur et par une sagesse \u00e9prouv\u00e9e.<\/strong><\/p>\n<p style=\"text-align: center\"><strong>Notes de t\u00eate : jasmin, safran<\/strong><\/p>\n<p style=\"text-align: center\"><strong>Notes de coeur : amande amere, cedre, rose<\/strong><\/p>\n<p style=\"text-align: center\"><strong>Notes de fond : ambre gris, caramel, cedre, musc<\/strong><\/p>\n","protected":false},"excerpt":{"rendered":"<p>D\u00e9sormais disponible au format 200ml, le Baccarat Rouge 540 extrait de parfum est une version plus profonde et plus radieuse de l\u2019aura d\u2019origine florale bois\u00e9e ambr\u00e9e. Dans cette version exalt\u00e9e, les fleurs de jasmin et les muscs ligneux se livrent \u00e0 une alchimie des sens. Une profusion et une fusion d&rsquo;\u00e9l\u00e9ments qui ne peuvent \u00eatre [&hellip;]<\/p>\n","protected":false},"featured_media":9178,"comment_status":"open","ping_status":"closed","template":"","meta":{"_uag_custom_page_level_css":"","site-sidebar-layout":"default","site-content-layout":"","ast-site-content-layout":"default","site-content-style":"default","site-sidebar-style":"default","ast-global-header-display":"","ast-banner-title-visibility":"","ast-main-header-display":"","ast-hfb-above-header-display":"","ast-hfb-below-header-display":"","ast-hfb-mobile-header-display":"","site-post-title":"","ast-breadcrumbs-content":"","ast-featured-img":"","footer-sml-layout":"","theme-transparent-header-meta":"default","adv-header-id-meta":"","stick-header-meta":"","header-above-stick-meta":"","header-main-stick-meta":"","header-below-stick-meta":"","astra-migrate-meta-layouts":"set","ast-page-background-enabled":"default","ast-page-background-meta":{"desktop":{"background-color":"","background-image":"","background-repeat":"repeat","background-position":"center center","background-size":"auto","background-attachment":"scroll","background-type":"","background-media":"","overlay-type":"","overlay-color":"","overlay-opacity":"","overlay-gradient":""},"tablet":{"background-color":"","background-image":"","background-repeat":"repeat","background-position":"center center","background-size":"auto","background-attachment":"scroll","background-type":"","background-media":"","overlay-type":"","overlay-color":"","overlay-opacity":"","overlay-gradient":""},"mobile":{"background-color":"","background-image":"","background-repeat":"repeat","background-position":"center center","background-size":"auto","background-attachment":"scroll","background-type":"","background-media":"","overlay-type":"","overlay-color":"","overlay-opacity":"","overlay-gradient":""}},"ast-content-background-meta":{"desktop":{"background-color":"var(--ast-global-color-5)","background-image":"","background-repeat":"repeat","background-position":"center center","background-size":"auto","background-attachment":"scroll","background-type":"","background-media":"","overlay-type":"","overlay-color":"","overlay-opacity":"","overlay-gradient":""},"tablet":{"background-color":"var(--ast-global-color-5)","background-image":"","background-repeat":"repeat","background-position":"center center","background-size":"auto","background-attachment":"scroll","background-type":"","background-media":"","overlay-type":"","overlay-color":"","overlay-opacity":"","overlay-gradient":""},"mobile":{"background-color":"var(--ast-global-color-5)","background-image":"","background-repeat":"repeat","background-position":"center center","background-size":"auto","background-attachment":"scroll","background-type":"","background-media":"","overlay-type":"","overlay-color":"","overlay-opacity":"","overlay-gradient":""}}},"product_cat":[59,60,62],"product_tag":[],"class_list":{"0":"post-9177","1":"product","2":"type-product","3":"status-publish","4":"has-post-thumbnail","6":"product_cat-parfumfemme","7":"product_cat-parfumhomme","8":"product_cat-parfum-unisex","9":"desktop-align-center","10":"tablet-align-left","11":"mobile-align-center","13":"first","14":"instock","15":"shipping-taxable","16":"purchasable","17":"product-type-simple"},"uagb_featured_image_src":{"full":["https:\/\/masilaparfum.com\/wp-content\/uploads\/2025\/01\/francis_kurkdjian_baccarat_rouge_extrait_de_parfum_200ml_1.jpg",600,600,false],"thumbnail":["https:\/\/masilaparfum.com\/wp-content\/uploads\/2025\/01\/francis_kurkdjian_baccarat_rouge_extrait_de_parfum_200ml_1-150x150.jpg",150,150,true],"medium":["https:\/\/masilaparfum.com\/wp-content\/uploads\/2025\/01\/francis_kurkdjian_baccarat_rouge_extrait_de_parfum_200ml_1-300x300.jpg",300,300,true],"medium_large":["https:\/\/masilaparfum.com\/wp-content\/uploads\/2025\/01\/francis_kurkdjian_baccarat_rouge_extrait_de_parfum_200ml_1.jpg",600,600,false],"large":["https:\/\/masilaparfum.com\/wp-content\/uploads\/2025\/01\/francis_kurkdjian_baccarat_rouge_extrait_de_parfum_200ml_1.jpg",600,600,false],"1536x1536":["https:\/\/masilaparfum.com\/wp-content\/uploads\/2025\/01\/francis_kurkdjian_baccarat_rouge_extrait_de_parfum_200ml_1.jpg",600,600,false],"2048x2048":["https:\/\/masilaparfum.com\/wp-content\/uploads\/2025\/01\/francis_kurkdjian_baccarat_rouge_extrait_de_parfum_200ml_1.jpg",600,600,false],"mailpoet_newsletter_max":["https:\/\/masilaparfum.com\/wp-content\/uploads\/2025\/01\/francis_kurkdjian_baccarat_rouge_extrait_de_parfum_200ml_1.jpg",600,600,false],"woocommerce_thumbnail":["https:\/\/masilaparfum.com\/wp-content\/uploads\/2025\/01\/francis_kurkdjian_baccarat_rouge_extrait_de_parfum_200ml_1-300x300.jpg",300,300,true],"woocommerce_single":["https:\/\/masilaparfum.com\/wp-content\/uploads\/2025\/01\/francis_kurkdjian_baccarat_rouge_extrait_de_parfum_200ml_1.jpg",600,600,false],"woocommerce_gallery_thumbnail":["https:\/\/masilaparfum.com\/wp-content\/uploads\/2025\/01\/francis_kurkdjian_baccarat_rouge_extrait_de_parfum_200ml_1-100x100.jpg",100,100,true],"wcpr-photo-reviews":["https:\/\/masilaparfum.com\/wp-content\/uploads\/2025\/01\/francis_kurkdjian_baccarat_rouge_extrait_de_parfum_200ml_1.jpg",500,500,false]},"uagb_author_info":{"display_name":"masilaparfum","author_link":"https:\/\/masilaparfum.com\/index.php\/author\/"},"uagb_comment_info":0,"uagb_excerpt":"D\u00e9sormais disponible au format 200ml, le Baccarat Rouge 540 extrait de parfum est une version plus profonde et plus radieuse de l\u2019aura d\u2019origine florale bois\u00e9e ambr\u00e9e. Dans cette version exalt\u00e9e, les fleurs de jasmin et les muscs ligneux se livrent \u00e0 une alchimie des sens. Une profusion et une fusion d&rsquo;\u00e9l\u00e9ments qui ne peuvent \u00eatre\u2026","_links":{"self":[{"href":"https:\/\/masilaparfum.com\/index.php\/wp-json\/wp\/v2\/product\/9177","targetHints":{"allow":["GET"]}}],"collection":[{"href":"https:\/\/masilaparfum.com\/index.php\/wp-json\/wp\/v2\/product"}],"about":[{"href":"https:\/\/masilaparfum.com\/index.php\/wp-json\/wp\/v2\/types\/product"}],"replies":[{"embeddable":true,"href":"https:\/\/masilaparfum.com\/index.php\/wp-json\/wp\/v2\/comments?post=9177"}],"wp:featuredmedia":[{"embeddable":true,"href":"https:\/\/masilaparfum.com\/index.php\/wp-json\/wp\/v2\/media\/9178"}],"wp:attachment":[{"href":"https:\/\/masilaparfum.com\/index.php\/wp-json\/wp\/v2\/media?parent=9177"}],"wp:term":[{"taxonomy":"product_cat","embeddable":true,"href":"https:\/\/masilaparfum.com\/index.php\/wp-json\/wp\/v2\/product_cat?post=9177"},{"taxonomy":"product_tag","embeddable":true,"href":"https:\/\/masilaparfum.com\/index.php\/wp-json\/wp\/v2\/product_tag?post=9177"}],"curies":[{"name":"wp","href":"https:\/\/api.w.org\/{rel}","templated":true}]}}