{"id":9007,"date":"2024-12-05T16:30:38","date_gmt":"2024-12-05T15:30:38","guid":{"rendered":"https:\/\/masilaparfum.com\/?post_type=product&#038;p=9007"},"modified":"2025-10-09T20:56:18","modified_gmt":"2025-10-09T19:56:18","slug":"naxo","status":"publish","type":"product","link":"https:\/\/masilaparfum.com\/index.php\/product\/naxo\/","title":{"rendered":"XERJOFF NAXOS EDP 100ML"},"content":{"rendered":"<div class=\"product-section\">\n<h2 class=\"single-title\" style=\"text-align: center\"><em>XERJOFF NAXOS EDP 100ML<\/em><\/h2>\n<\/div>\n<div class=\"product-section price-section\" style=\"text-align: center\">\n<h2 class=\"single-price\"><\/h2>\n<\/div>\n<p style=\"text-align: center\"><em>Un parfum Hesp\u00e9rid\u00e9 gourmand pour homme et femme. <\/em><\/p>\n<p style=\"text-align: center\"><em>Les notes de t\u00eate sont Lavande, Bergamote et Citron; les notes de coeur sont Miel, Cannelle, Bois de cachemire et Jasmin Sambac; les notes de fond sont Feuille de tabac, Vanille et F\u00e8ve de tonka.<\/em><\/p>\n","protected":false},"excerpt":{"rendered":"<p>XERJOFF NAXOS EDP 100ML Un parfum Hesp\u00e9rid\u00e9 gourmand pour homme et femme. Les notes de t\u00eate sont Lavande, Bergamote et Citron; les notes de coeur sont Miel, Cannelle, Bois de cachemire et Jasmin Sambac; les notes de fond sont Feuille de tabac, Vanille et F\u00e8ve de tonka.<\/p>\n","protected":false},"featured_media":9763,"comment_status":"open","ping_status":"closed","template":"","meta":{"_uag_custom_page_level_css":"","site-sidebar-layout":"default","site-content-layout":"","ast-site-content-layout":"default","site-content-style":"default","site-sidebar-style":"default","ast-global-header-display":"","ast-banner-title-visibility":"","ast-main-header-display":"","ast-hfb-above-header-display":"","ast-hfb-below-header-display":"","ast-hfb-mobile-header-display":"","site-post-title":"","ast-breadcrumbs-content":"","ast-featured-img":"","footer-sml-layout":"","theme-transparent-header-meta":"default","adv-header-id-meta":"","stick-header-meta":"","header-above-stick-meta":"","header-main-stick-meta":"","header-below-stick-meta":"","astra-migrate-meta-layouts":"set","ast-page-background-enabled":"default","ast-page-background-meta":{"desktop":{"background-color":"","background-image":"","background-repeat":"repeat","background-position":"center center","background-size":"auto","background-attachment":"scroll","background-type":"","background-media":"","overlay-type":"","overlay-color":"","overlay-opacity":"","overlay-gradient":""},"tablet":{"background-color":"","background-image":"","background-repeat":"repeat","background-position":"center center","background-size":"auto","background-attachment":"scroll","background-type":"","background-media":"","overlay-type":"","overlay-color":"","overlay-opacity":"","overlay-gradient":""},"mobile":{"background-color":"","background-image":"","background-repeat":"repeat","background-position":"center center","background-size":"auto","background-attachment":"scroll","background-type":"","background-media":"","overlay-type":"","overlay-color":"","overlay-opacity":"","overlay-gradient":""}},"ast-content-background-meta":{"desktop":{"background-color":"var(--ast-global-color-5)","background-image":"","background-repeat":"repeat","background-position":"center center","background-size":"auto","background-attachment":"scroll","background-type":"","background-media":"","overlay-type":"","overlay-color":"","overlay-opacity":"","overlay-gradient":""},"tablet":{"background-color":"var(--ast-global-color-5)","background-image":"","background-repeat":"repeat","background-position":"center center","background-size":"auto","background-attachment":"scroll","background-type":"","background-media":"","overlay-type":"","overlay-color":"","overlay-opacity":"","overlay-gradient":""},"mobile":{"background-color":"var(--ast-global-color-5)","background-image":"","background-repeat":"repeat","background-position":"center center","background-size":"auto","background-attachment":"scroll","background-type":"","background-media":"","overlay-type":"","overlay-color":"","overlay-opacity":"","overlay-gradient":""}}},"product_cat":[59,60,62],"product_tag":[],"class_list":{"0":"post-9007","1":"product","2":"type-product","3":"status-publish","4":"has-post-thumbnail","6":"product_cat-parfumfemme","7":"product_cat-parfumhomme","8":"product_cat-parfum-unisex","9":"desktop-align-center","10":"tablet-align-left","11":"mobile-align-center","13":"first","14":"instock","15":"sale","16":"shipping-taxable","17":"purchasable","18":"product-type-simple"},"uagb_featured_image_src":{"full":["https:\/\/masilaparfum.com\/wp-content\/uploads\/2024\/12\/TSvPEWGD2aZ4PYLMd8X7aPEcdfCSMcLY8WCqJ74Z_md.jpeg",453,453,false],"thumbnail":["https:\/\/masilaparfum.com\/wp-content\/uploads\/2024\/12\/TSvPEWGD2aZ4PYLMd8X7aPEcdfCSMcLY8WCqJ74Z_md-150x150.jpeg",150,150,true],"medium":["https:\/\/masilaparfum.com\/wp-content\/uploads\/2024\/12\/TSvPEWGD2aZ4PYLMd8X7aPEcdfCSMcLY8WCqJ74Z_md-300x300.jpeg",300,300,true],"medium_large":["https:\/\/masilaparfum.com\/wp-content\/uploads\/2024\/12\/TSvPEWGD2aZ4PYLMd8X7aPEcdfCSMcLY8WCqJ74Z_md.jpeg",453,453,false],"large":["https:\/\/masilaparfum.com\/wp-content\/uploads\/2024\/12\/TSvPEWGD2aZ4PYLMd8X7aPEcdfCSMcLY8WCqJ74Z_md.jpeg",453,453,false],"1536x1536":["https:\/\/masilaparfum.com\/wp-content\/uploads\/2024\/12\/TSvPEWGD2aZ4PYLMd8X7aPEcdfCSMcLY8WCqJ74Z_md.jpeg",453,453,false],"2048x2048":["https:\/\/masilaparfum.com\/wp-content\/uploads\/2024\/12\/TSvPEWGD2aZ4PYLMd8X7aPEcdfCSMcLY8WCqJ74Z_md.jpeg",453,453,false],"mailpoet_newsletter_max":["https:\/\/masilaparfum.com\/wp-content\/uploads\/2024\/12\/TSvPEWGD2aZ4PYLMd8X7aPEcdfCSMcLY8WCqJ74Z_md.jpeg",453,453,false],"woocommerce_thumbnail":["https:\/\/masilaparfum.com\/wp-content\/uploads\/2024\/12\/TSvPEWGD2aZ4PYLMd8X7aPEcdfCSMcLY8WCqJ74Z_md-300x300.jpeg",300,300,true],"woocommerce_single":["https:\/\/masilaparfum.com\/wp-content\/uploads\/2024\/12\/TSvPEWGD2aZ4PYLMd8X7aPEcdfCSMcLY8WCqJ74Z_md.jpeg",453,453,false],"woocommerce_gallery_thumbnail":["https:\/\/masilaparfum.com\/wp-content\/uploads\/2024\/12\/TSvPEWGD2aZ4PYLMd8X7aPEcdfCSMcLY8WCqJ74Z_md-100x100.jpeg",100,100,true],"wcpr-photo-reviews":["https:\/\/masilaparfum.com\/wp-content\/uploads\/2024\/12\/TSvPEWGD2aZ4PYLMd8X7aPEcdfCSMcLY8WCqJ74Z_md.jpeg",453,453,false]},"uagb_author_info":{"display_name":"masilaparfum","author_link":"https:\/\/masilaparfum.com\/index.php\/author\/"},"uagb_comment_info":0,"uagb_excerpt":"XERJOFF NAXOS EDP 100ML Un parfum Hesp\u00e9rid\u00e9 gourmand pour homme et femme. Les notes de t\u00eate sont Lavande, Bergamote et Citron; les notes de coeur sont Miel, Cannelle, Bois de cachemire et Jasmin Sambac; les notes de fond sont Feuille de tabac, Vanille et F\u00e8ve de tonka.","_links":{"self":[{"href":"https:\/\/masilaparfum.com\/index.php\/wp-json\/wp\/v2\/product\/9007","targetHints":{"allow":["GET"]}}],"collection":[{"href":"https:\/\/masilaparfum.com\/index.php\/wp-json\/wp\/v2\/product"}],"about":[{"href":"https:\/\/masilaparfum.com\/index.php\/wp-json\/wp\/v2\/types\/product"}],"replies":[{"embeddable":true,"href":"https:\/\/masilaparfum.com\/index.php\/wp-json\/wp\/v2\/comments?post=9007"}],"wp:featuredmedia":[{"embeddable":true,"href":"https:\/\/masilaparfum.com\/index.php\/wp-json\/wp\/v2\/media\/9763"}],"wp:attachment":[{"href":"https:\/\/masilaparfum.com\/index.php\/wp-json\/wp\/v2\/media?parent=9007"}],"wp:term":[{"taxonomy":"product_cat","embeddable":true,"href":"https:\/\/masilaparfum.com\/index.php\/wp-json\/wp\/v2\/product_cat?post=9007"},{"taxonomy":"product_tag","embeddable":true,"href":"https:\/\/masilaparfum.com\/index.php\/wp-json\/wp\/v2\/product_tag?post=9007"}],"curies":[{"name":"wp","href":"https:\/\/api.w.org\/{rel}","templated":true}]}}