{"id":8849,"date":"2024-11-08T23:29:12","date_gmt":"2024-11-08T22:29:12","guid":{"rendered":"https:\/\/masilaparfum.com\/?post_type=product&#038;p=8849"},"modified":"2025-02-21T01:56:13","modified_gmt":"2025-02-21T00:56:13","slug":"ultramallle","status":"publish","type":"product","link":"https:\/\/masilaparfum.com\/index.php\/product\/ultramallle\/","title":{"rendered":"JPG Ultra Male 125ml"},"content":{"rendered":"<h3 style=\"text-align: center\"><b>Ultra Male<\/b>\u00a0de\u00a0<b>Jean Paul Gaultier 125ml<\/b><\/h3>\n<p style=\"text-align: center\">Un parfum Orientale Foug\u00e8re pour homme.<\/p>\n<p style=\"text-align: center\">\u00a0Les notes de t\u00eate sont Poire, Lavande, Menthe, Bergamote et Citron; les notes de coeur sont Cannelle, Sauge sclar\u00e9e et Carvi; les notes de fond sont Gousse de vanille noire, Ambre, Patchouli et C\u00e8dre.<\/p>\n","protected":false},"excerpt":{"rendered":"<p>Ultra Male\u00a0de\u00a0Jean Paul Gaultier 125ml Un parfum Orientale Foug\u00e8re pour homme. \u00a0Les notes de t\u00eate sont Poire, Lavande, Menthe, Bergamote et Citron; les notes de coeur sont Cannelle, Sauge sclar\u00e9e et Carvi; les notes de fond sont Gousse de vanille noire, Ambre, Patchouli et C\u00e8dre.<\/p>\n","protected":false},"featured_media":8850,"comment_status":"closed","ping_status":"closed","template":"","meta":{"_uag_custom_page_level_css":"","site-sidebar-layout":"default","site-content-layout":"","ast-site-content-layout":"default","site-content-style":"default","site-sidebar-style":"default","ast-global-header-display":"","ast-banner-title-visibility":"","ast-main-header-display":"","ast-hfb-above-header-display":"","ast-hfb-below-header-display":"","ast-hfb-mobile-header-display":"","site-post-title":"","ast-breadcrumbs-content":"","ast-featured-img":"","footer-sml-layout":"","theme-transparent-header-meta":"default","adv-header-id-meta":"","stick-header-meta":"","header-above-stick-meta":"","header-main-stick-meta":"","header-below-stick-meta":"","astra-migrate-meta-layouts":"set","ast-page-background-enabled":"default","ast-page-background-meta":{"desktop":{"background-color":"","background-image":"","background-repeat":"repeat","background-position":"center center","background-size":"auto","background-attachment":"scroll","background-type":"","background-media":"","overlay-type":"","overlay-color":"","overlay-opacity":"","overlay-gradient":""},"tablet":{"background-color":"","background-image":"","background-repeat":"repeat","background-position":"center center","background-size":"auto","background-attachment":"scroll","background-type":"","background-media":"","overlay-type":"","overlay-color":"","overlay-opacity":"","overlay-gradient":""},"mobile":{"background-color":"","background-image":"","background-repeat":"repeat","background-position":"center center","background-size":"auto","background-attachment":"scroll","background-type":"","background-media":"","overlay-type":"","overlay-color":"","overlay-opacity":"","overlay-gradient":""}},"ast-content-background-meta":{"desktop":{"background-color":"var(--ast-global-color-5)","background-image":"","background-repeat":"repeat","background-position":"center center","background-size":"auto","background-attachment":"scroll","background-type":"","background-media":"","overlay-type":"","overlay-color":"","overlay-opacity":"","overlay-gradient":""},"tablet":{"background-color":"var(--ast-global-color-5)","background-image":"","background-repeat":"repeat","background-position":"center center","background-size":"auto","background-attachment":"scroll","background-type":"","background-media":"","overlay-type":"","overlay-color":"","overlay-opacity":"","overlay-gradient":""},"mobile":{"background-color":"var(--ast-global-color-5)","background-image":"","background-repeat":"repeat","background-position":"center center","background-size":"auto","background-attachment":"scroll","background-type":"","background-media":"","overlay-type":"","overlay-color":"","overlay-opacity":"","overlay-gradient":""}}},"product_cat":[60],"product_tag":[],"class_list":{"0":"post-8849","1":"product","2":"type-product","3":"status-publish","4":"has-post-thumbnail","6":"product_cat-parfumhomme","7":"desktop-align-center","8":"tablet-align-left","9":"mobile-align-center","11":"first","12":"instock","13":"shipping-taxable","14":"purchasable","15":"product-type-simple"},"uagb_featured_image_src":{"full":["https:\/\/masilaparfum.com\/wp-content\/uploads\/2024\/11\/51kllSL8DL._SL1000_.jpg",698,753,false],"thumbnail":["https:\/\/masilaparfum.com\/wp-content\/uploads\/2024\/11\/51kllSL8DL._SL1000_-150x150.jpg",150,150,true],"medium":["https:\/\/masilaparfum.com\/wp-content\/uploads\/2024\/11\/51kllSL8DL._SL1000_-300x300.jpg",300,300,true],"medium_large":["https:\/\/masilaparfum.com\/wp-content\/uploads\/2024\/11\/51kllSL8DL._SL1000_.jpg",698,753,false],"large":["https:\/\/masilaparfum.com\/wp-content\/uploads\/2024\/11\/51kllSL8DL._SL1000_.jpg",698,753,false],"1536x1536":["https:\/\/masilaparfum.com\/wp-content\/uploads\/2024\/11\/51kllSL8DL._SL1000_.jpg",698,753,false],"2048x2048":["https:\/\/masilaparfum.com\/wp-content\/uploads\/2024\/11\/51kllSL8DL._SL1000_.jpg",698,753,false],"mailpoet_newsletter_max":["https:\/\/masilaparfum.com\/wp-content\/uploads\/2024\/11\/51kllSL8DL._SL1000_.jpg",698,753,false],"woocommerce_thumbnail":["https:\/\/masilaparfum.com\/wp-content\/uploads\/2024\/11\/51kllSL8DL._SL1000_-300x300.jpg",300,300,true],"woocommerce_single":["https:\/\/masilaparfum.com\/wp-content\/uploads\/2024\/11\/51kllSL8DL._SL1000_-600x647.jpg",600,647,true],"woocommerce_gallery_thumbnail":["https:\/\/masilaparfum.com\/wp-content\/uploads\/2024\/11\/51kllSL8DL._SL1000_-100x100.jpg",100,100,true],"wcpr-photo-reviews":["https:\/\/masilaparfum.com\/wp-content\/uploads\/2024\/11\/51kllSL8DL._SL1000_.jpg",463,500,false]},"uagb_author_info":{"display_name":"masilaparfum","author_link":"https:\/\/masilaparfum.com\/index.php\/author\/"},"uagb_comment_info":0,"uagb_excerpt":"Ultra Male\u00a0de\u00a0Jean Paul Gaultier 125ml Un parfum Orientale Foug\u00e8re pour homme. \u00a0Les notes de t\u00eate sont Poire, Lavande, Menthe, Bergamote et Citron; les notes de coeur sont Cannelle, Sauge sclar\u00e9e et Carvi; les notes de fond sont Gousse de vanille noire, Ambre, Patchouli et C\u00e8dre.","_links":{"self":[{"href":"https:\/\/masilaparfum.com\/index.php\/wp-json\/wp\/v2\/product\/8849","targetHints":{"allow":["GET"]}}],"collection":[{"href":"https:\/\/masilaparfum.com\/index.php\/wp-json\/wp\/v2\/product"}],"about":[{"href":"https:\/\/masilaparfum.com\/index.php\/wp-json\/wp\/v2\/types\/product"}],"replies":[{"embeddable":true,"href":"https:\/\/masilaparfum.com\/index.php\/wp-json\/wp\/v2\/comments?post=8849"}],"wp:featuredmedia":[{"embeddable":true,"href":"https:\/\/masilaparfum.com\/index.php\/wp-json\/wp\/v2\/media\/8850"}],"wp:attachment":[{"href":"https:\/\/masilaparfum.com\/index.php\/wp-json\/wp\/v2\/media?parent=8849"}],"wp:term":[{"taxonomy":"product_cat","embeddable":true,"href":"https:\/\/masilaparfum.com\/index.php\/wp-json\/wp\/v2\/product_cat?post=8849"},{"taxonomy":"product_tag","embeddable":true,"href":"https:\/\/masilaparfum.com\/index.php\/wp-json\/wp\/v2\/product_tag?post=8849"}],"curies":[{"name":"wp","href":"https:\/\/api.w.org\/{rel}","templated":true}]}}