{"id":8775,"date":"2024-10-31T19:11:21","date_gmt":"2024-10-31T18:11:21","guid":{"rendered":"https:\/\/masilaparfum.com\/?post_type=product&#038;p=8775"},"modified":"2025-06-22T05:56:40","modified_gmt":"2025-06-22T04:56:40","slug":"1elixir","status":"publish","type":"product","link":"https:\/\/masilaparfum.com\/index.php\/product\/1elixir\/","title":{"rendered":"1 Million Elixir\u00a0100ml"},"content":{"rendered":"<p style=\"text-align: center\"><b>1 Million Elixir\u00a0<\/b><\/p>\n<p style=\"text-align: center\">Un parfum Bois\u00e9 Aromatique pour homme. C&rsquo;est un nouveau parfum.<\/p>\n<p style=\"text-align: center\">\u00a0Les notes de t\u00eate sont Pomme et Davana; les notes de coeur sont Rose de Damas, C\u00e8dre et Osmanthus; les notes de fond sont Absolu de vanille, F\u00e8ve de tonka et Patchouli.<\/p>\n","protected":false},"excerpt":{"rendered":"<p>1 Million Elixir\u00a0 Un parfum Bois\u00e9 Aromatique pour homme. C&rsquo;est un nouveau parfum. \u00a0Les notes de t\u00eate sont Pomme et Davana; les notes de coeur sont Rose de Damas, C\u00e8dre et Osmanthus; les notes de fond sont Absolu de vanille, F\u00e8ve de tonka et Patchouli.<\/p>\n","protected":false},"featured_media":8776,"comment_status":"closed","ping_status":"closed","template":"","meta":{"_uag_custom_page_level_css":"","site-sidebar-layout":"default","site-content-layout":"","ast-site-content-layout":"default","site-content-style":"default","site-sidebar-style":"default","ast-global-header-display":"","ast-banner-title-visibility":"","ast-main-header-display":"","ast-hfb-above-header-display":"","ast-hfb-below-header-display":"","ast-hfb-mobile-header-display":"","site-post-title":"","ast-breadcrumbs-content":"","ast-featured-img":"","footer-sml-layout":"","theme-transparent-header-meta":"default","adv-header-id-meta":"","stick-header-meta":"","header-above-stick-meta":"","header-main-stick-meta":"","header-below-stick-meta":"","astra-migrate-meta-layouts":"set","ast-page-background-enabled":"default","ast-page-background-meta":{"desktop":{"background-color":"","background-image":"","background-repeat":"repeat","background-position":"center center","background-size":"auto","background-attachment":"scroll","background-type":"","background-media":"","overlay-type":"","overlay-color":"","overlay-opacity":"","overlay-gradient":""},"tablet":{"background-color":"","background-image":"","background-repeat":"repeat","background-position":"center center","background-size":"auto","background-attachment":"scroll","background-type":"","background-media":"","overlay-type":"","overlay-color":"","overlay-opacity":"","overlay-gradient":""},"mobile":{"background-color":"","background-image":"","background-repeat":"repeat","background-position":"center center","background-size":"auto","background-attachment":"scroll","background-type":"","background-media":"","overlay-type":"","overlay-color":"","overlay-opacity":"","overlay-gradient":""}},"ast-content-background-meta":{"desktop":{"background-color":"var(--ast-global-color-5)","background-image":"","background-repeat":"repeat","background-position":"center center","background-size":"auto","background-attachment":"scroll","background-type":"","background-media":"","overlay-type":"","overlay-color":"","overlay-opacity":"","overlay-gradient":""},"tablet":{"background-color":"var(--ast-global-color-5)","background-image":"","background-repeat":"repeat","background-position":"center center","background-size":"auto","background-attachment":"scroll","background-type":"","background-media":"","overlay-type":"","overlay-color":"","overlay-opacity":"","overlay-gradient":""},"mobile":{"background-color":"var(--ast-global-color-5)","background-image":"","background-repeat":"repeat","background-position":"center center","background-size":"auto","background-attachment":"scroll","background-type":"","background-media":"","overlay-type":"","overlay-color":"","overlay-opacity":"","overlay-gradient":""}}},"product_cat":[60],"product_tag":[],"class_list":{"0":"post-8775","1":"product","2":"type-product","3":"status-publish","4":"has-post-thumbnail","6":"product_cat-parfumhomme","7":"desktop-align-center","8":"tablet-align-left","9":"mobile-align-center","11":"first","12":"instock","13":"sale","14":"featured","15":"shipping-taxable","16":"purchasable","17":"product-type-simple"},"uagb_featured_image_src":{"full":["https:\/\/masilaparfum.com\/wp-content\/uploads\/2024\/10\/423_0662_2_3a07446fbd-1.jpg",765,746,false],"thumbnail":["https:\/\/masilaparfum.com\/wp-content\/uploads\/2024\/10\/423_0662_2_3a07446fbd-1-150x150.jpg",150,150,true],"medium":["https:\/\/masilaparfum.com\/wp-content\/uploads\/2024\/10\/423_0662_2_3a07446fbd-1-300x300.jpg",300,300,true],"medium_large":["https:\/\/masilaparfum.com\/wp-content\/uploads\/2024\/10\/423_0662_2_3a07446fbd-1.jpg",765,746,false],"large":["https:\/\/masilaparfum.com\/wp-content\/uploads\/2024\/10\/423_0662_2_3a07446fbd-1.jpg",765,746,false],"1536x1536":["https:\/\/masilaparfum.com\/wp-content\/uploads\/2024\/10\/423_0662_2_3a07446fbd-1.jpg",765,746,false],"2048x2048":["https:\/\/masilaparfum.com\/wp-content\/uploads\/2024\/10\/423_0662_2_3a07446fbd-1.jpg",765,746,false],"mailpoet_newsletter_max":["https:\/\/masilaparfum.com\/wp-content\/uploads\/2024\/10\/423_0662_2_3a07446fbd-1.jpg",765,746,false],"woocommerce_thumbnail":["https:\/\/masilaparfum.com\/wp-content\/uploads\/2024\/10\/423_0662_2_3a07446fbd-1-300x300.jpg",300,300,true],"woocommerce_single":["https:\/\/masilaparfum.com\/wp-content\/uploads\/2024\/10\/423_0662_2_3a07446fbd-1-600x585.jpg",600,585,true],"woocommerce_gallery_thumbnail":["https:\/\/masilaparfum.com\/wp-content\/uploads\/2024\/10\/423_0662_2_3a07446fbd-1-100x100.jpg",100,100,true],"wcpr-photo-reviews":["https:\/\/masilaparfum.com\/wp-content\/uploads\/2024\/10\/423_0662_2_3a07446fbd-1.jpg",500,488,false]},"uagb_author_info":{"display_name":"masilaparfum","author_link":"https:\/\/masilaparfum.com\/index.php\/author\/"},"uagb_comment_info":0,"uagb_excerpt":"1 Million Elixir\u00a0 Un parfum Bois\u00e9 Aromatique pour homme. C&rsquo;est un nouveau parfum. \u00a0Les notes de t\u00eate sont Pomme et Davana; les notes de coeur sont Rose de Damas, C\u00e8dre et Osmanthus; les notes de fond sont Absolu de vanille, F\u00e8ve de tonka et Patchouli.","_links":{"self":[{"href":"https:\/\/masilaparfum.com\/index.php\/wp-json\/wp\/v2\/product\/8775","targetHints":{"allow":["GET"]}}],"collection":[{"href":"https:\/\/masilaparfum.com\/index.php\/wp-json\/wp\/v2\/product"}],"about":[{"href":"https:\/\/masilaparfum.com\/index.php\/wp-json\/wp\/v2\/types\/product"}],"replies":[{"embeddable":true,"href":"https:\/\/masilaparfum.com\/index.php\/wp-json\/wp\/v2\/comments?post=8775"}],"wp:featuredmedia":[{"embeddable":true,"href":"https:\/\/masilaparfum.com\/index.php\/wp-json\/wp\/v2\/media\/8776"}],"wp:attachment":[{"href":"https:\/\/masilaparfum.com\/index.php\/wp-json\/wp\/v2\/media?parent=8775"}],"wp:term":[{"taxonomy":"product_cat","embeddable":true,"href":"https:\/\/masilaparfum.com\/index.php\/wp-json\/wp\/v2\/product_cat?post=8775"},{"taxonomy":"product_tag","embeddable":true,"href":"https:\/\/masilaparfum.com\/index.php\/wp-json\/wp\/v2\/product_tag?post=8775"}],"curies":[{"name":"wp","href":"https:\/\/api.w.org\/{rel}","templated":true}]}}