{"id":8765,"date":"2024-10-31T18:51:15","date_gmt":"2024-10-31T17:51:15","guid":{"rendered":"https:\/\/masilaparfum.com\/?post_type=product&#038;p=8765"},"modified":"2024-11-06T21:51:24","modified_gmt":"2024-11-06T20:51:24","slug":"rosedor","status":"publish","type":"product","link":"https:\/\/masilaparfum.com\/index.php\/product\/rosedor\/","title":{"rendered":"Armani Rose d\u2019Arabie L&rsquo;or du desert\u00a0 100ml"},"content":{"rendered":"<p style=\"text-align: center;\">D\u00e9couvrez le parfum<strong> Rose d\u2019Arabie L&rsquo;or du desert\u00a0<\/strong><\/p>\n<p style=\"text-align: center;\">Une ode majestueuse \u00e0 la voluptueuse rose de Damas orientale, qui enivre, envo\u00fbtante telle une m\u00e9lodie du d\u00e9sert. Rose d\u2019Arabie est inspir\u00e9 de la plus belle des roses, une fleur royale qui incarne la sensualit\u00e9 orientale selon Giorgio Armani. Ce parfum unisexe est une ode majestueuse \u00e0 la voluptueuse rose de Damas, dont la corolle d\u00e9voile toutes les nuances du rouge, du violet royal \u00e0 l&rsquo;\u00e9carlate sensuel. Il est \u00e0 la fois g\u00e9n\u00e9reux, incandescent et ostentatoire.<\/p>\n<p style=\"text-align: center;\"><strong>NOTES<\/strong><\/p>\n<p style=\"text-align: center;\">Rose enivrante lib\u00e9rant sa sensualit\u00e9 assum\u00e9e. R\u00e9v\u00e9lant d\u2019abord des notes \u00e9pic\u00e9es de safran, elle offre ensuite un c\u0153ur de patchouli et d\u2019essences de bois fonc\u00e9s qui laisse la place \u00e0 des accords voluptueux d\u2019ambre dor\u00e9.<\/p>\n","protected":false},"excerpt":{"rendered":"<p>D\u00e9couvrez le parfum Rose d\u2019Arabie L&rsquo;or du desert\u00a0 Une ode majestueuse \u00e0 la voluptueuse rose de Damas orientale, qui enivre, envo\u00fbtante telle une m\u00e9lodie du d\u00e9sert. Rose d\u2019Arabie est inspir\u00e9 de la plus belle des roses, une fleur royale qui incarne la sensualit\u00e9 orientale selon Giorgio Armani. Ce parfum unisexe est une ode majestueuse \u00e0 [&hellip;]<\/p>\n","protected":false},"featured_media":8768,"comment_status":"closed","ping_status":"closed","template":"","meta":{"_uag_custom_page_level_css":"","site-sidebar-layout":"default","site-content-layout":"","ast-site-content-layout":"default","site-content-style":"default","site-sidebar-style":"default","ast-global-header-display":"","ast-banner-title-visibility":"","ast-main-header-display":"","ast-hfb-above-header-display":"","ast-hfb-below-header-display":"","ast-hfb-mobile-header-display":"","site-post-title":"","ast-breadcrumbs-content":"","ast-featured-img":"","footer-sml-layout":"","theme-transparent-header-meta":"default","adv-header-id-meta":"","stick-header-meta":"","header-above-stick-meta":"","header-main-stick-meta":"","header-below-stick-meta":"","astra-migrate-meta-layouts":"set","ast-page-background-enabled":"default","ast-page-background-meta":{"desktop":{"background-color":"","background-image":"","background-repeat":"repeat","background-position":"center center","background-size":"auto","background-attachment":"scroll","background-type":"","background-media":"","overlay-type":"","overlay-color":"","overlay-opacity":"","overlay-gradient":""},"tablet":{"background-color":"","background-image":"","background-repeat":"repeat","background-position":"center center","background-size":"auto","background-attachment":"scroll","background-type":"","background-media":"","overlay-type":"","overlay-color":"","overlay-opacity":"","overlay-gradient":""},"mobile":{"background-color":"","background-image":"","background-repeat":"repeat","background-position":"center center","background-size":"auto","background-attachment":"scroll","background-type":"","background-media":"","overlay-type":"","overlay-color":"","overlay-opacity":"","overlay-gradient":""}},"ast-content-background-meta":{"desktop":{"background-color":"var(--ast-global-color-5)","background-image":"","background-repeat":"repeat","background-position":"center center","background-size":"auto","background-attachment":"scroll","background-type":"","background-media":"","overlay-type":"","overlay-color":"","overlay-opacity":"","overlay-gradient":""},"tablet":{"background-color":"var(--ast-global-color-5)","background-image":"","background-repeat":"repeat","background-position":"center center","background-size":"auto","background-attachment":"scroll","background-type":"","background-media":"","overlay-type":"","overlay-color":"","overlay-opacity":"","overlay-gradient":""},"mobile":{"background-color":"var(--ast-global-color-5)","background-image":"","background-repeat":"repeat","background-position":"center center","background-size":"auto","background-attachment":"scroll","background-type":"","background-media":"","overlay-type":"","overlay-color":"","overlay-opacity":"","overlay-gradient":""}}},"product_cat":[59,60,62],"product_tag":[],"class_list":{"0":"post-8765","1":"product","2":"type-product","3":"status-publish","4":"has-post-thumbnail","6":"product_cat-parfumfemme","7":"product_cat-parfumhomme","8":"product_cat-parfum-unisex","9":"desktop-align-center","10":"tablet-align-left","11":"mobile-align-center","13":"first","14":"instock","15":"shipping-taxable","16":"purchasable","17":"product-type-simple"},"uagb_featured_image_src":{"full":["https:\/\/masilaparfum.com\/wp-content\/uploads\/2024\/10\/1qmzoSuFo2Keax2XxhD4ZZBe7G1Lgrjj2qOpQ0KI_lg-1.jpg",680,548,false],"thumbnail":["https:\/\/masilaparfum.com\/wp-content\/uploads\/2024\/10\/1qmzoSuFo2Keax2XxhD4ZZBe7G1Lgrjj2qOpQ0KI_lg-1-150x150.jpg",150,150,true],"medium":["https:\/\/masilaparfum.com\/wp-content\/uploads\/2024\/10\/1qmzoSuFo2Keax2XxhD4ZZBe7G1Lgrjj2qOpQ0KI_lg-1-300x300.jpg",300,300,true],"medium_large":["https:\/\/masilaparfum.com\/wp-content\/uploads\/2024\/10\/1qmzoSuFo2Keax2XxhD4ZZBe7G1Lgrjj2qOpQ0KI_lg-1.jpg",680,548,false],"large":["https:\/\/masilaparfum.com\/wp-content\/uploads\/2024\/10\/1qmzoSuFo2Keax2XxhD4ZZBe7G1Lgrjj2qOpQ0KI_lg-1.jpg",680,548,false],"1536x1536":["https:\/\/masilaparfum.com\/wp-content\/uploads\/2024\/10\/1qmzoSuFo2Keax2XxhD4ZZBe7G1Lgrjj2qOpQ0KI_lg-1.jpg",680,548,false],"2048x2048":["https:\/\/masilaparfum.com\/wp-content\/uploads\/2024\/10\/1qmzoSuFo2Keax2XxhD4ZZBe7G1Lgrjj2qOpQ0KI_lg-1.jpg",680,548,false],"mailpoet_newsletter_max":["https:\/\/masilaparfum.com\/wp-content\/uploads\/2024\/10\/1qmzoSuFo2Keax2XxhD4ZZBe7G1Lgrjj2qOpQ0KI_lg-1.jpg",680,548,false],"woocommerce_thumbnail":["https:\/\/masilaparfum.com\/wp-content\/uploads\/2024\/10\/1qmzoSuFo2Keax2XxhD4ZZBe7G1Lgrjj2qOpQ0KI_lg-1-300x300.jpg",300,300,true],"woocommerce_single":["https:\/\/masilaparfum.com\/wp-content\/uploads\/2024\/10\/1qmzoSuFo2Keax2XxhD4ZZBe7G1Lgrjj2qOpQ0KI_lg-1-600x484.jpg",600,484,true],"woocommerce_gallery_thumbnail":["https:\/\/masilaparfum.com\/wp-content\/uploads\/2024\/10\/1qmzoSuFo2Keax2XxhD4ZZBe7G1Lgrjj2qOpQ0KI_lg-1-100x100.jpg",100,100,true],"wcpr-photo-reviews":["https:\/\/masilaparfum.com\/wp-content\/uploads\/2024\/10\/1qmzoSuFo2Keax2XxhD4ZZBe7G1Lgrjj2qOpQ0KI_lg-1.jpg",500,403,false]},"uagb_author_info":{"display_name":"masilaparfum","author_link":"https:\/\/masilaparfum.com\/index.php\/author\/"},"uagb_comment_info":0,"uagb_excerpt":"D\u00e9couvrez le parfum Rose d\u2019Arabie L&rsquo;or du desert\u00a0 Une ode majestueuse \u00e0 la voluptueuse rose de Damas orientale, qui enivre, envo\u00fbtante telle une m\u00e9lodie du d\u00e9sert. Rose d\u2019Arabie est inspir\u00e9 de la plus belle des roses, une fleur royale qui incarne la sensualit\u00e9 orientale selon Giorgio Armani. Ce parfum unisexe est une ode majestueuse \u00e0\u2026","_links":{"self":[{"href":"https:\/\/masilaparfum.com\/index.php\/wp-json\/wp\/v2\/product\/8765","targetHints":{"allow":["GET"]}}],"collection":[{"href":"https:\/\/masilaparfum.com\/index.php\/wp-json\/wp\/v2\/product"}],"about":[{"href":"https:\/\/masilaparfum.com\/index.php\/wp-json\/wp\/v2\/types\/product"}],"replies":[{"embeddable":true,"href":"https:\/\/masilaparfum.com\/index.php\/wp-json\/wp\/v2\/comments?post=8765"}],"wp:featuredmedia":[{"embeddable":true,"href":"https:\/\/masilaparfum.com\/index.php\/wp-json\/wp\/v2\/media\/8768"}],"wp:attachment":[{"href":"https:\/\/masilaparfum.com\/index.php\/wp-json\/wp\/v2\/media?parent=8765"}],"wp:term":[{"taxonomy":"product_cat","embeddable":true,"href":"https:\/\/masilaparfum.com\/index.php\/wp-json\/wp\/v2\/product_cat?post=8765"},{"taxonomy":"product_tag","embeddable":true,"href":"https:\/\/masilaparfum.com\/index.php\/wp-json\/wp\/v2\/product_tag?post=8765"}],"curies":[{"name":"wp","href":"https:\/\/api.w.org\/{rel}","templated":true}]}}