{"id":8760,"date":"2024-10-31T18:32:02","date_gmt":"2024-10-31T17:32:02","guid":{"rendered":"https:\/\/masilaparfum.com\/?post_type=product&#038;p=8760"},"modified":"2024-11-25T16:59:30","modified_gmt":"2024-11-25T15:59:30","slug":"blush","status":"publish","type":"product","link":"https:\/\/masilaparfum.com\/index.php\/product\/blush\/","title":{"rendered":"Good Girl Blush 80ml"},"content":{"rendered":"<h3 style=\"text-align: center\"><strong>Good Girl Blush \u00a0<\/strong><\/h3>\n<p style=\"text-align: center\">Un parfum Chypr\u00e9 Floral pour femme. C&rsquo;est un nouveau parfum.<\/p>\n<p style=\"text-align: center\">. Les notes de t\u00eate sont Bergamote et Amande am\u00e8re; les notes de coeur sont Pivoine et Ylang-ylang; les notes de fond sont Vanille et Coumarine.<\/p>\n","protected":false},"excerpt":{"rendered":"<p>Good Girl Blush \u00a0 Un parfum Chypr\u00e9 Floral pour femme. C&rsquo;est un nouveau parfum. . Les notes de t\u00eate sont Bergamote et Amande am\u00e8re; les notes de coeur sont Pivoine et Ylang-ylang; les notes de fond sont Vanille et Coumarine.<\/p>\n","protected":false},"featured_media":8762,"comment_status":"closed","ping_status":"closed","template":"","meta":{"_uag_custom_page_level_css":"","site-sidebar-layout":"default","site-content-layout":"","ast-site-content-layout":"default","site-content-style":"default","site-sidebar-style":"default","ast-global-header-display":"","ast-banner-title-visibility":"","ast-main-header-display":"","ast-hfb-above-header-display":"","ast-hfb-below-header-display":"","ast-hfb-mobile-header-display":"","site-post-title":"","ast-breadcrumbs-content":"","ast-featured-img":"","footer-sml-layout":"","theme-transparent-header-meta":"default","adv-header-id-meta":"","stick-header-meta":"","header-above-stick-meta":"","header-main-stick-meta":"","header-below-stick-meta":"","astra-migrate-meta-layouts":"set","ast-page-background-enabled":"default","ast-page-background-meta":{"desktop":{"background-color":"","background-image":"","background-repeat":"repeat","background-position":"center center","background-size":"auto","background-attachment":"scroll","background-type":"","background-media":"","overlay-type":"","overlay-color":"","overlay-opacity":"","overlay-gradient":""},"tablet":{"background-color":"","background-image":"","background-repeat":"repeat","background-position":"center center","background-size":"auto","background-attachment":"scroll","background-type":"","background-media":"","overlay-type":"","overlay-color":"","overlay-opacity":"","overlay-gradient":""},"mobile":{"background-color":"","background-image":"","background-repeat":"repeat","background-position":"center center","background-size":"auto","background-attachment":"scroll","background-type":"","background-media":"","overlay-type":"","overlay-color":"","overlay-opacity":"","overlay-gradient":""}},"ast-content-background-meta":{"desktop":{"background-color":"var(--ast-global-color-5)","background-image":"","background-repeat":"repeat","background-position":"center center","background-size":"auto","background-attachment":"scroll","background-type":"","background-media":"","overlay-type":"","overlay-color":"","overlay-opacity":"","overlay-gradient":""},"tablet":{"background-color":"var(--ast-global-color-5)","background-image":"","background-repeat":"repeat","background-position":"center center","background-size":"auto","background-attachment":"scroll","background-type":"","background-media":"","overlay-type":"","overlay-color":"","overlay-opacity":"","overlay-gradient":""},"mobile":{"background-color":"var(--ast-global-color-5)","background-image":"","background-repeat":"repeat","background-position":"center center","background-size":"auto","background-attachment":"scroll","background-type":"","background-media":"","overlay-type":"","overlay-color":"","overlay-opacity":"","overlay-gradient":""}}},"product_cat":[59],"product_tag":[],"class_list":{"0":"post-8760","1":"product","2":"type-product","3":"status-publish","4":"has-post-thumbnail","6":"product_cat-parfumfemme","7":"desktop-align-center","8":"tablet-align-left","9":"mobile-align-center","11":"first","12":"instock","13":"sale","14":"shipping-taxable","15":"purchasable","16":"product-type-simple"},"uagb_featured_image_src":{"full":["https:\/\/masilaparfum.com\/wp-content\/uploads\/2024\/10\/carolina-herrera-good-girl-blush-woda-perfumowana-dla-kobiet-80-ml-496428-1.jpg",1000,1000,false],"thumbnail":["https:\/\/masilaparfum.com\/wp-content\/uploads\/2024\/10\/carolina-herrera-good-girl-blush-woda-perfumowana-dla-kobiet-80-ml-496428-1-150x150.jpg",150,150,true],"medium":["https:\/\/masilaparfum.com\/wp-content\/uploads\/2024\/10\/carolina-herrera-good-girl-blush-woda-perfumowana-dla-kobiet-80-ml-496428-1-300x300.jpg",300,300,true],"medium_large":["https:\/\/masilaparfum.com\/wp-content\/uploads\/2024\/10\/carolina-herrera-good-girl-blush-woda-perfumowana-dla-kobiet-80-ml-496428-1-768x768.jpg",768,768,true],"large":["https:\/\/masilaparfum.com\/wp-content\/uploads\/2024\/10\/carolina-herrera-good-girl-blush-woda-perfumowana-dla-kobiet-80-ml-496428-1.jpg",1000,1000,false],"1536x1536":["https:\/\/masilaparfum.com\/wp-content\/uploads\/2024\/10\/carolina-herrera-good-girl-blush-woda-perfumowana-dla-kobiet-80-ml-496428-1.jpg",1000,1000,false],"2048x2048":["https:\/\/masilaparfum.com\/wp-content\/uploads\/2024\/10\/carolina-herrera-good-girl-blush-woda-perfumowana-dla-kobiet-80-ml-496428-1.jpg",1000,1000,false],"mailpoet_newsletter_max":["https:\/\/masilaparfum.com\/wp-content\/uploads\/2024\/10\/carolina-herrera-good-girl-blush-woda-perfumowana-dla-kobiet-80-ml-496428-1.jpg",1000,1000,false],"woocommerce_thumbnail":["https:\/\/masilaparfum.com\/wp-content\/uploads\/2024\/10\/carolina-herrera-good-girl-blush-woda-perfumowana-dla-kobiet-80-ml-496428-1-300x300.jpg",300,300,true],"woocommerce_single":["https:\/\/masilaparfum.com\/wp-content\/uploads\/2024\/10\/carolina-herrera-good-girl-blush-woda-perfumowana-dla-kobiet-80-ml-496428-1-600x600.jpg",600,600,true],"woocommerce_gallery_thumbnail":["https:\/\/masilaparfum.com\/wp-content\/uploads\/2024\/10\/carolina-herrera-good-girl-blush-woda-perfumowana-dla-kobiet-80-ml-496428-1-100x100.jpg",100,100,true],"wcpr-photo-reviews":["https:\/\/masilaparfum.com\/wp-content\/uploads\/2024\/10\/carolina-herrera-good-girl-blush-woda-perfumowana-dla-kobiet-80-ml-496428-1.jpg",500,500,false]},"uagb_author_info":{"display_name":"masilaparfum","author_link":"https:\/\/masilaparfum.com\/index.php\/author\/"},"uagb_comment_info":0,"uagb_excerpt":"Good Girl Blush \u00a0 Un parfum Chypr\u00e9 Floral pour femme. C&rsquo;est un nouveau parfum. . Les notes de t\u00eate sont Bergamote et Amande am\u00e8re; les notes de coeur sont Pivoine et Ylang-ylang; les notes de fond sont Vanille et Coumarine.","_links":{"self":[{"href":"https:\/\/masilaparfum.com\/index.php\/wp-json\/wp\/v2\/product\/8760","targetHints":{"allow":["GET"]}}],"collection":[{"href":"https:\/\/masilaparfum.com\/index.php\/wp-json\/wp\/v2\/product"}],"about":[{"href":"https:\/\/masilaparfum.com\/index.php\/wp-json\/wp\/v2\/types\/product"}],"replies":[{"embeddable":true,"href":"https:\/\/masilaparfum.com\/index.php\/wp-json\/wp\/v2\/comments?post=8760"}],"wp:featuredmedia":[{"embeddable":true,"href":"https:\/\/masilaparfum.com\/index.php\/wp-json\/wp\/v2\/media\/8762"}],"wp:attachment":[{"href":"https:\/\/masilaparfum.com\/index.php\/wp-json\/wp\/v2\/media?parent=8760"}],"wp:term":[{"taxonomy":"product_cat","embeddable":true,"href":"https:\/\/masilaparfum.com\/index.php\/wp-json\/wp\/v2\/product_cat?post=8760"},{"taxonomy":"product_tag","embeddable":true,"href":"https:\/\/masilaparfum.com\/index.php\/wp-json\/wp\/v2\/product_tag?post=8760"}],"curies":[{"name":"wp","href":"https:\/\/api.w.org\/{rel}","templated":true}]}}