{"id":8620,"date":"2024-10-23T22:45:08","date_gmt":"2024-10-23T21:45:08","guid":{"rendered":"https:\/\/masilaparfum.com\/?post_type=product&#038;p=8620"},"modified":"2025-05-26T18:22:17","modified_gmt":"2025-05-26T17:22:17","slug":"divine","status":"publish","type":"product","link":"https:\/\/masilaparfum.com\/index.php\/product\/divine\/","title":{"rendered":"JPG Divine 125ml"},"content":{"rendered":"<h2 style=\"text-align: center\"><em><b>JPG Divine 125ml<\/b><\/em><\/h2>\n<p style=\"text-align: center\">Un parfum Orientale Floral pour femme. C&rsquo;est un nouveau parfum.\u00a0<b>Gaultier Divine<\/b>\u00a0a \u00e9t\u00e9 lanc\u00e9 en 2023. Le nez derri\u00e8re ce parfum est Quentin Bisch. Les notes de t\u00eate sont Calypsone, Bergamote et Fruits rouges; les notes de coeur sont Lys, Ylang-ylang et Jasmin; les notes de fond sont Meringue, Musc et Patchouli.<\/p>\n","protected":false},"excerpt":{"rendered":"<p>JPG Divine 125ml Un parfum Orientale Floral pour femme. C&rsquo;est un nouveau parfum.\u00a0Gaultier Divine\u00a0a \u00e9t\u00e9 lanc\u00e9 en 2023. Le nez derri\u00e8re ce parfum est Quentin Bisch. Les notes de t\u00eate sont Calypsone, Bergamote et Fruits rouges; les notes de coeur sont Lys, Ylang-ylang et Jasmin; les notes de fond sont Meringue, Musc et Patchouli.<\/p>\n","protected":false},"featured_media":8622,"comment_status":"closed","ping_status":"closed","template":"","meta":{"_uag_custom_page_level_css":"","site-sidebar-layout":"default","site-content-layout":"","ast-site-content-layout":"default","site-content-style":"default","site-sidebar-style":"default","ast-global-header-display":"","ast-banner-title-visibility":"","ast-main-header-display":"","ast-hfb-above-header-display":"","ast-hfb-below-header-display":"","ast-hfb-mobile-header-display":"","site-post-title":"","ast-breadcrumbs-content":"","ast-featured-img":"","footer-sml-layout":"","theme-transparent-header-meta":"default","adv-header-id-meta":"","stick-header-meta":"","header-above-stick-meta":"","header-main-stick-meta":"","header-below-stick-meta":"","astra-migrate-meta-layouts":"set","ast-page-background-enabled":"default","ast-page-background-meta":{"desktop":{"background-color":"","background-image":"","background-repeat":"repeat","background-position":"center center","background-size":"auto","background-attachment":"scroll","background-type":"","background-media":"","overlay-type":"","overlay-color":"","overlay-opacity":"","overlay-gradient":""},"tablet":{"background-color":"","background-image":"","background-repeat":"repeat","background-position":"center center","background-size":"auto","background-attachment":"scroll","background-type":"","background-media":"","overlay-type":"","overlay-color":"","overlay-opacity":"","overlay-gradient":""},"mobile":{"background-color":"","background-image":"","background-repeat":"repeat","background-position":"center center","background-size":"auto","background-attachment":"scroll","background-type":"","background-media":"","overlay-type":"","overlay-color":"","overlay-opacity":"","overlay-gradient":""}},"ast-content-background-meta":{"desktop":{"background-color":"var(--ast-global-color-5)","background-image":"","background-repeat":"repeat","background-position":"center center","background-size":"auto","background-attachment":"scroll","background-type":"","background-media":"","overlay-type":"","overlay-color":"","overlay-opacity":"","overlay-gradient":""},"tablet":{"background-color":"var(--ast-global-color-5)","background-image":"","background-repeat":"repeat","background-position":"center center","background-size":"auto","background-attachment":"scroll","background-type":"","background-media":"","overlay-type":"","overlay-color":"","overlay-opacity":"","overlay-gradient":""},"mobile":{"background-color":"var(--ast-global-color-5)","background-image":"","background-repeat":"repeat","background-position":"center center","background-size":"auto","background-attachment":"scroll","background-type":"","background-media":"","overlay-type":"","overlay-color":"","overlay-opacity":"","overlay-gradient":""}}},"product_cat":[59],"product_tag":[],"class_list":{"0":"post-8620","1":"product","2":"type-product","3":"status-publish","4":"has-post-thumbnail","6":"product_cat-parfumfemme","7":"desktop-align-center","8":"tablet-align-left","9":"mobile-align-center","11":"first","12":"instock","13":"shipping-taxable","14":"purchasable","15":"product-type-simple"},"uagb_featured_image_src":{"full":["https:\/\/masilaparfum.com\/wp-content\/uploads\/2024\/10\/Capture-decran-2024-10-23-a-22.41.21.png",277,320,false],"thumbnail":["https:\/\/masilaparfum.com\/wp-content\/uploads\/2024\/10\/Capture-decran-2024-10-23-a-22.41.21-150x150.png",150,150,true],"medium":["https:\/\/masilaparfum.com\/wp-content\/uploads\/2024\/10\/Capture-decran-2024-10-23-a-22.41.21-277x300.png",277,300,true],"medium_large":["https:\/\/masilaparfum.com\/wp-content\/uploads\/2024\/10\/Capture-decran-2024-10-23-a-22.41.21.png",277,320,false],"large":["https:\/\/masilaparfum.com\/wp-content\/uploads\/2024\/10\/Capture-decran-2024-10-23-a-22.41.21.png",277,320,false],"1536x1536":["https:\/\/masilaparfum.com\/wp-content\/uploads\/2024\/10\/Capture-decran-2024-10-23-a-22.41.21.png",277,320,false],"2048x2048":["https:\/\/masilaparfum.com\/wp-content\/uploads\/2024\/10\/Capture-decran-2024-10-23-a-22.41.21.png",277,320,false],"mailpoet_newsletter_max":["https:\/\/masilaparfum.com\/wp-content\/uploads\/2024\/10\/Capture-decran-2024-10-23-a-22.41.21.png",277,320,false],"woocommerce_thumbnail":["https:\/\/masilaparfum.com\/wp-content\/uploads\/2024\/10\/Capture-decran-2024-10-23-a-22.41.21-277x300.png",277,300,true],"woocommerce_single":["https:\/\/masilaparfum.com\/wp-content\/uploads\/2024\/10\/Capture-decran-2024-10-23-a-22.41.21.png",277,320,false],"woocommerce_gallery_thumbnail":["https:\/\/masilaparfum.com\/wp-content\/uploads\/2024\/10\/Capture-decran-2024-10-23-a-22.41.21-100x100.png",100,100,true],"wcpr-photo-reviews":["https:\/\/masilaparfum.com\/wp-content\/uploads\/2024\/10\/Capture-decran-2024-10-23-a-22.41.21.png",277,320,false]},"uagb_author_info":{"display_name":"masilaparfum","author_link":"https:\/\/masilaparfum.com\/index.php\/author\/"},"uagb_comment_info":0,"uagb_excerpt":"JPG Divine 125ml Un parfum Orientale Floral pour femme. C&rsquo;est un nouveau parfum.\u00a0Gaultier Divine\u00a0a \u00e9t\u00e9 lanc\u00e9 en 2023. Le nez derri\u00e8re ce parfum est Quentin Bisch. Les notes de t\u00eate sont Calypsone, Bergamote et Fruits rouges; les notes de coeur sont Lys, Ylang-ylang et Jasmin; les notes de fond sont Meringue, Musc et Patchouli.","_links":{"self":[{"href":"https:\/\/masilaparfum.com\/index.php\/wp-json\/wp\/v2\/product\/8620","targetHints":{"allow":["GET"]}}],"collection":[{"href":"https:\/\/masilaparfum.com\/index.php\/wp-json\/wp\/v2\/product"}],"about":[{"href":"https:\/\/masilaparfum.com\/index.php\/wp-json\/wp\/v2\/types\/product"}],"replies":[{"embeddable":true,"href":"https:\/\/masilaparfum.com\/index.php\/wp-json\/wp\/v2\/comments?post=8620"}],"wp:featuredmedia":[{"embeddable":true,"href":"https:\/\/masilaparfum.com\/index.php\/wp-json\/wp\/v2\/media\/8622"}],"wp:attachment":[{"href":"https:\/\/masilaparfum.com\/index.php\/wp-json\/wp\/v2\/media?parent=8620"}],"wp:term":[{"taxonomy":"product_cat","embeddable":true,"href":"https:\/\/masilaparfum.com\/index.php\/wp-json\/wp\/v2\/product_cat?post=8620"},{"taxonomy":"product_tag","embeddable":true,"href":"https:\/\/masilaparfum.com\/index.php\/wp-json\/wp\/v2\/product_tag?post=8620"}],"curies":[{"name":"wp","href":"https:\/\/api.w.org\/{rel}","templated":true}]}}