{"id":8282,"date":"2024-09-08T21:27:03","date_gmt":"2024-09-08T20:27:03","guid":{"rendered":"https:\/\/masilaparfum.com\/?post_type=product&#038;p=8282"},"modified":"2025-03-26T01:47:58","modified_gmt":"2025-03-26T01:47:58","slug":"tobacco-vanille-100ml","status":"publish","type":"product","link":"https:\/\/masilaparfum.com\/index.php\/product\/tobacco-vanille-100ml\/","title":{"rendered":"TOM FORD TOBACCO VANILLE 100ML"},"content":{"rendered":"<p style=\"text-align: center\"><em>Tobacco Vanille Eau de Parfum : l&rsquo;opulent parfum artisanal met en sc\u00e8ne le tabac et des notes chaudes et sucr\u00e9es.<\/em><br \/>\n<em>Opulent. Chaud. Iconique.<\/em><br \/>\n<em>Famille olfactive: Epic\u00e9e.<\/em><br \/>\n<em>L&rsquo;affection de Tom ford pour Londres a inspir\u00e9 cette eau de parfum, qui rappelle un club de gentlemen anglais, rougeoyant d&rsquo;\u00e9pices.<\/em><br \/>\n<em>Il r\u00e9invente un genre de parfum classique en ajoutant de la f\u00e8ve tonka cr\u00e9meuse, de la vanille, du cacao, des accords de fruits secs et de la s\u00e8ve de bois doux pour une impression moderne, opulente et presque capiteuse qui est tout \u00e0 fait masculine, sauf si elle est port\u00e9e par une femme.<\/em><\/p>\n","protected":false},"excerpt":{"rendered":"<p>Tobacco Vanille Eau de Parfum : l&rsquo;opulent parfum artisanal met en sc\u00e8ne le tabac et des notes chaudes et sucr\u00e9es. Opulent. Chaud. Iconique. Famille olfactive: Epic\u00e9e. L&rsquo;affection de Tom ford pour Londres a inspir\u00e9 cette eau de parfum, qui rappelle un club de gentlemen anglais, rougeoyant d&rsquo;\u00e9pices. Il r\u00e9invente un genre de parfum classique en [&hellip;]<\/p>\n","protected":false},"featured_media":8283,"comment_status":"closed","ping_status":"closed","template":"","meta":{"_uag_custom_page_level_css":"","site-sidebar-layout":"default","site-content-layout":"","ast-site-content-layout":"default","site-content-style":"default","site-sidebar-style":"default","ast-global-header-display":"","ast-banner-title-visibility":"","ast-main-header-display":"","ast-hfb-above-header-display":"","ast-hfb-below-header-display":"","ast-hfb-mobile-header-display":"","site-post-title":"","ast-breadcrumbs-content":"","ast-featured-img":"","footer-sml-layout":"","theme-transparent-header-meta":"default","adv-header-id-meta":"","stick-header-meta":"","header-above-stick-meta":"","header-main-stick-meta":"","header-below-stick-meta":"","astra-migrate-meta-layouts":"set","ast-page-background-enabled":"default","ast-page-background-meta":{"desktop":{"background-color":"","background-image":"","background-repeat":"repeat","background-position":"center center","background-size":"auto","background-attachment":"scroll","background-type":"","background-media":"","overlay-type":"","overlay-color":"","overlay-opacity":"","overlay-gradient":""},"tablet":{"background-color":"","background-image":"","background-repeat":"repeat","background-position":"center center","background-size":"auto","background-attachment":"scroll","background-type":"","background-media":"","overlay-type":"","overlay-color":"","overlay-opacity":"","overlay-gradient":""},"mobile":{"background-color":"","background-image":"","background-repeat":"repeat","background-position":"center center","background-size":"auto","background-attachment":"scroll","background-type":"","background-media":"","overlay-type":"","overlay-color":"","overlay-opacity":"","overlay-gradient":""}},"ast-content-background-meta":{"desktop":{"background-color":"var(--ast-global-color-5)","background-image":"","background-repeat":"repeat","background-position":"center center","background-size":"auto","background-attachment":"scroll","background-type":"","background-media":"","overlay-type":"","overlay-color":"","overlay-opacity":"","overlay-gradient":""},"tablet":{"background-color":"var(--ast-global-color-5)","background-image":"","background-repeat":"repeat","background-position":"center center","background-size":"auto","background-attachment":"scroll","background-type":"","background-media":"","overlay-type":"","overlay-color":"","overlay-opacity":"","overlay-gradient":""},"mobile":{"background-color":"var(--ast-global-color-5)","background-image":"","background-repeat":"repeat","background-position":"center center","background-size":"auto","background-attachment":"scroll","background-type":"","background-media":"","overlay-type":"","overlay-color":"","overlay-opacity":"","overlay-gradient":""}}},"product_cat":[60,62],"product_tag":[],"class_list":{"0":"post-8282","1":"product","2":"type-product","3":"status-publish","4":"has-post-thumbnail","6":"product_cat-parfumhomme","7":"product_cat-parfum-unisex","8":"desktop-align-center","9":"tablet-align-left","10":"mobile-align-center","12":"first","13":"instock","14":"shipping-taxable","15":"purchasable","16":"product-type-simple"},"uagb_featured_image_src":{"full":["https:\/\/masilaparfum.com\/wp-content\/uploads\/2024\/09\/s-l400-1.jpg",400,400,false],"thumbnail":["https:\/\/masilaparfum.com\/wp-content\/uploads\/2024\/09\/s-l400-1-150x150.jpg",150,150,true],"medium":["https:\/\/masilaparfum.com\/wp-content\/uploads\/2024\/09\/s-l400-1-300x300.jpg",300,300,true],"medium_large":["https:\/\/masilaparfum.com\/wp-content\/uploads\/2024\/09\/s-l400-1.jpg",400,400,false],"large":["https:\/\/masilaparfum.com\/wp-content\/uploads\/2024\/09\/s-l400-1.jpg",400,400,false],"1536x1536":["https:\/\/masilaparfum.com\/wp-content\/uploads\/2024\/09\/s-l400-1.jpg",400,400,false],"2048x2048":["https:\/\/masilaparfum.com\/wp-content\/uploads\/2024\/09\/s-l400-1.jpg",400,400,false],"mailpoet_newsletter_max":["https:\/\/masilaparfum.com\/wp-content\/uploads\/2024\/09\/s-l400-1.jpg",400,400,false],"woocommerce_thumbnail":["https:\/\/masilaparfum.com\/wp-content\/uploads\/2024\/09\/s-l400-1-300x300.jpg",300,300,true],"woocommerce_single":["https:\/\/masilaparfum.com\/wp-content\/uploads\/2024\/09\/s-l400-1.jpg",400,400,false],"woocommerce_gallery_thumbnail":["https:\/\/masilaparfum.com\/wp-content\/uploads\/2024\/09\/s-l400-1-100x100.jpg",100,100,true],"wcpr-photo-reviews":["https:\/\/masilaparfum.com\/wp-content\/uploads\/2024\/09\/s-l400-1.jpg",400,400,false]},"uagb_author_info":{"display_name":"masilaparfum","author_link":"https:\/\/masilaparfum.com\/index.php\/author\/"},"uagb_comment_info":0,"uagb_excerpt":"Tobacco Vanille Eau de Parfum : l&rsquo;opulent parfum artisanal met en sc\u00e8ne le tabac et des notes chaudes et sucr\u00e9es. Opulent. Chaud. Iconique. Famille olfactive: Epic\u00e9e. L&rsquo;affection de Tom ford pour Londres a inspir\u00e9 cette eau de parfum, qui rappelle un club de gentlemen anglais, rougeoyant d&rsquo;\u00e9pices. Il r\u00e9invente un genre de parfum classique en\u2026","_links":{"self":[{"href":"https:\/\/masilaparfum.com\/index.php\/wp-json\/wp\/v2\/product\/8282","targetHints":{"allow":["GET"]}}],"collection":[{"href":"https:\/\/masilaparfum.com\/index.php\/wp-json\/wp\/v2\/product"}],"about":[{"href":"https:\/\/masilaparfum.com\/index.php\/wp-json\/wp\/v2\/types\/product"}],"replies":[{"embeddable":true,"href":"https:\/\/masilaparfum.com\/index.php\/wp-json\/wp\/v2\/comments?post=8282"}],"wp:featuredmedia":[{"embeddable":true,"href":"https:\/\/masilaparfum.com\/index.php\/wp-json\/wp\/v2\/media\/8283"}],"wp:attachment":[{"href":"https:\/\/masilaparfum.com\/index.php\/wp-json\/wp\/v2\/media?parent=8282"}],"wp:term":[{"taxonomy":"product_cat","embeddable":true,"href":"https:\/\/masilaparfum.com\/index.php\/wp-json\/wp\/v2\/product_cat?post=8282"},{"taxonomy":"product_tag","embeddable":true,"href":"https:\/\/masilaparfum.com\/index.php\/wp-json\/wp\/v2\/product_tag?post=8282"}],"curies":[{"name":"wp","href":"https:\/\/api.w.org\/{rel}","templated":true}]}}