{"id":8277,"date":"2024-09-08T21:19:32","date_gmt":"2024-09-08T20:19:32","guid":{"rendered":"https:\/\/masilaparfum.com\/?post_type=product&#038;p=8277"},"modified":"2024-11-08T18:40:58","modified_gmt":"2024-11-08T17:40:58","slug":"versace-dylan-blue-100ml","status":"publish","type":"product","link":"https:\/\/masilaparfum.com\/index.php\/product\/versace-dylan-blue-100ml\/","title":{"rendered":"VERSACE DYLAN BLUE 100ML"},"content":{"rendered":"<p style=\"text-align: center;\"><em><strong>Parfum fort et sensuel, Dylan Blue repr\u00e9sente une alchimie de notes s\u00e9duisantes dont le sorbet frais de cassis et de pomme, fusionn\u00e9 avec un bouquet de fleurs sauvages. <\/strong><\/em><\/p>\n<p style=\"text-align: center;\"><em><strong>Le parfum poss\u00e8de des notes de fond bois\u00e9es, comme le patchouli coeur, le styrax et les bois blancs, qui ajoutent de la vibration \u00e0 ce parfum f\u00e9minin. \u00c9voquant l&rsquo;h\u00e9ritage de la marque \u00e0 travers la culture et la mythologie grecques, l&rsquo;\u00e9l\u00e9gant flacon pr\u00e9sente des lignes courbes rappelant une amphore.<\/strong><\/em><\/p>\n","protected":false},"excerpt":{"rendered":"<p>Parfum fort et sensuel, Dylan Blue repr\u00e9sente une alchimie de notes s\u00e9duisantes dont le sorbet frais de cassis et de pomme, fusionn\u00e9 avec un bouquet de fleurs sauvages. Le parfum poss\u00e8de des notes de fond bois\u00e9es, comme le patchouli coeur, le styrax et les bois blancs, qui ajoutent de la vibration \u00e0 ce parfum f\u00e9minin. [&hellip;]<\/p>\n","protected":false},"featured_media":8278,"comment_status":"closed","ping_status":"closed","template":"","meta":{"_uag_custom_page_level_css":"","site-sidebar-layout":"default","site-content-layout":"","ast-site-content-layout":"default","site-content-style":"default","site-sidebar-style":"default","ast-global-header-display":"","ast-banner-title-visibility":"","ast-main-header-display":"","ast-hfb-above-header-display":"","ast-hfb-below-header-display":"","ast-hfb-mobile-header-display":"","site-post-title":"","ast-breadcrumbs-content":"","ast-featured-img":"","footer-sml-layout":"","theme-transparent-header-meta":"default","adv-header-id-meta":"","stick-header-meta":"","header-above-stick-meta":"","header-main-stick-meta":"","header-below-stick-meta":"","astra-migrate-meta-layouts":"set","ast-page-background-enabled":"default","ast-page-background-meta":{"desktop":{"background-color":"","background-image":"","background-repeat":"repeat","background-position":"center center","background-size":"auto","background-attachment":"scroll","background-type":"","background-media":"","overlay-type":"","overlay-color":"","overlay-opacity":"","overlay-gradient":""},"tablet":{"background-color":"","background-image":"","background-repeat":"repeat","background-position":"center center","background-size":"auto","background-attachment":"scroll","background-type":"","background-media":"","overlay-type":"","overlay-color":"","overlay-opacity":"","overlay-gradient":""},"mobile":{"background-color":"","background-image":"","background-repeat":"repeat","background-position":"center center","background-size":"auto","background-attachment":"scroll","background-type":"","background-media":"","overlay-type":"","overlay-color":"","overlay-opacity":"","overlay-gradient":""}},"ast-content-background-meta":{"desktop":{"background-color":"var(--ast-global-color-5)","background-image":"","background-repeat":"repeat","background-position":"center center","background-size":"auto","background-attachment":"scroll","background-type":"","background-media":"","overlay-type":"","overlay-color":"","overlay-opacity":"","overlay-gradient":""},"tablet":{"background-color":"var(--ast-global-color-5)","background-image":"","background-repeat":"repeat","background-position":"center center","background-size":"auto","background-attachment":"scroll","background-type":"","background-media":"","overlay-type":"","overlay-color":"","overlay-opacity":"","overlay-gradient":""},"mobile":{"background-color":"var(--ast-global-color-5)","background-image":"","background-repeat":"repeat","background-position":"center center","background-size":"auto","background-attachment":"scroll","background-type":"","background-media":"","overlay-type":"","overlay-color":"","overlay-opacity":"","overlay-gradient":""}}},"product_cat":[59],"product_tag":[],"class_list":{"0":"post-8277","1":"product","2":"type-product","3":"status-publish","4":"has-post-thumbnail","6":"product_cat-parfumfemme","7":"desktop-align-center","8":"tablet-align-left","9":"mobile-align-center","11":"first","12":"instock","13":"shipping-taxable","14":"purchasable","15":"product-type-simple"},"uagb_featured_image_src":{"full":["https:\/\/masilaparfum.com\/wp-content\/uploads\/2024\/09\/7UpnHrXWzmQSz4qzNzUH6FmxrsuhZFAzwGk7tROx-1.jpeg",1500,1500,false],"thumbnail":["https:\/\/masilaparfum.com\/wp-content\/uploads\/2024\/09\/7UpnHrXWzmQSz4qzNzUH6FmxrsuhZFAzwGk7tROx-1-150x150.jpeg",150,150,true],"medium":["https:\/\/masilaparfum.com\/wp-content\/uploads\/2024\/09\/7UpnHrXWzmQSz4qzNzUH6FmxrsuhZFAzwGk7tROx-1-300x300.jpeg",300,300,true],"medium_large":["https:\/\/masilaparfum.com\/wp-content\/uploads\/2024\/09\/7UpnHrXWzmQSz4qzNzUH6FmxrsuhZFAzwGk7tROx-1-768x768.jpeg",768,768,true],"large":["https:\/\/masilaparfum.com\/wp-content\/uploads\/2024\/09\/7UpnHrXWzmQSz4qzNzUH6FmxrsuhZFAzwGk7tROx-1-1024x1024.jpeg",1024,1024,true],"1536x1536":["https:\/\/masilaparfum.com\/wp-content\/uploads\/2024\/09\/7UpnHrXWzmQSz4qzNzUH6FmxrsuhZFAzwGk7tROx-1.jpeg",1500,1500,false],"2048x2048":["https:\/\/masilaparfum.com\/wp-content\/uploads\/2024\/09\/7UpnHrXWzmQSz4qzNzUH6FmxrsuhZFAzwGk7tROx-1.jpeg",1500,1500,false],"mailpoet_newsletter_max":["https:\/\/masilaparfum.com\/wp-content\/uploads\/2024\/09\/7UpnHrXWzmQSz4qzNzUH6FmxrsuhZFAzwGk7tROx-1-1320x1320.jpeg",1320,1320,true],"woocommerce_thumbnail":["https:\/\/masilaparfum.com\/wp-content\/uploads\/2024\/09\/7UpnHrXWzmQSz4qzNzUH6FmxrsuhZFAzwGk7tROx-1-300x300.jpeg",300,300,true],"woocommerce_single":["https:\/\/masilaparfum.com\/wp-content\/uploads\/2024\/09\/7UpnHrXWzmQSz4qzNzUH6FmxrsuhZFAzwGk7tROx-1-600x600.jpeg",600,600,true],"woocommerce_gallery_thumbnail":["https:\/\/masilaparfum.com\/wp-content\/uploads\/2024\/09\/7UpnHrXWzmQSz4qzNzUH6FmxrsuhZFAzwGk7tROx-1-100x100.jpeg",100,100,true],"wcpr-photo-reviews":["https:\/\/masilaparfum.com\/wp-content\/uploads\/2024\/09\/7UpnHrXWzmQSz4qzNzUH6FmxrsuhZFAzwGk7tROx-1.jpeg",500,500,false]},"uagb_author_info":{"display_name":"masilaparfum","author_link":"https:\/\/masilaparfum.com\/index.php\/author\/"},"uagb_comment_info":0,"uagb_excerpt":"Parfum fort et sensuel, Dylan Blue repr\u00e9sente une alchimie de notes s\u00e9duisantes dont le sorbet frais de cassis et de pomme, fusionn\u00e9 avec un bouquet de fleurs sauvages. Le parfum poss\u00e8de des notes de fond bois\u00e9es, comme le patchouli coeur, le styrax et les bois blancs, qui ajoutent de la vibration \u00e0 ce parfum f\u00e9minin.\u2026","_links":{"self":[{"href":"https:\/\/masilaparfum.com\/index.php\/wp-json\/wp\/v2\/product\/8277","targetHints":{"allow":["GET"]}}],"collection":[{"href":"https:\/\/masilaparfum.com\/index.php\/wp-json\/wp\/v2\/product"}],"about":[{"href":"https:\/\/masilaparfum.com\/index.php\/wp-json\/wp\/v2\/types\/product"}],"replies":[{"embeddable":true,"href":"https:\/\/masilaparfum.com\/index.php\/wp-json\/wp\/v2\/comments?post=8277"}],"wp:featuredmedia":[{"embeddable":true,"href":"https:\/\/masilaparfum.com\/index.php\/wp-json\/wp\/v2\/media\/8278"}],"wp:attachment":[{"href":"https:\/\/masilaparfum.com\/index.php\/wp-json\/wp\/v2\/media?parent=8277"}],"wp:term":[{"taxonomy":"product_cat","embeddable":true,"href":"https:\/\/masilaparfum.com\/index.php\/wp-json\/wp\/v2\/product_cat?post=8277"},{"taxonomy":"product_tag","embeddable":true,"href":"https:\/\/masilaparfum.com\/index.php\/wp-json\/wp\/v2\/product_tag?post=8277"}],"curies":[{"name":"wp","href":"https:\/\/api.w.org\/{rel}","templated":true}]}}