{"id":8274,"date":"2024-09-08T21:11:33","date_gmt":"2024-09-08T20:11:33","guid":{"rendered":"https:\/\/masilaparfum.com\/?post_type=product&#038;p=8274"},"modified":"2024-09-08T21:11:34","modified_gmt":"2024-09-08T20:11:34","slug":"tom-ford-noir-extreme-edp-100ml","status":"publish","type":"product","link":"https:\/\/masilaparfum.com\/index.php\/product\/tom-ford-noir-extreme-edp-100ml\/","title":{"rendered":"TOM FORD NOIR EXTREME EDP 100ML"},"content":{"rendered":"<p style=\"text-align: center;\"><em><b>Noir Extreme<\/b>\u00a0de\u00a0<b>Tom Ford<\/b>\u00a0est un parfum Ambre bois\u00e9 pour homme.\u00a0<b>Noir Extreme<\/b>\u00a0a \u00e9t\u00e9 lanc\u00e9 en 2015. Le nez derri\u00e8re ce parfum est Sonia Constant. Les notes de t\u00eate sont Cardamome, Noix de muscade, Safran, Mandarine et N\u00e9roli; les notes de coeur sont Kulfi, Rose, Lentisque, Fleur d&rsquo;oranger et Jasmin; les notes de fond sont Vanille, Ambre, Notes bois\u00e9es et Bois de santal.<\/em><\/p>\n","protected":false},"excerpt":{"rendered":"<p>Noir Extreme\u00a0de\u00a0Tom Ford\u00a0est un parfum Ambre bois\u00e9 pour homme.\u00a0Noir Extreme\u00a0a \u00e9t\u00e9 lanc\u00e9 en 2015. Le nez derri\u00e8re ce parfum est Sonia Constant. Les notes de t\u00eate sont Cardamome, Noix de muscade, Safran, Mandarine et N\u00e9roli; les notes de coeur sont Kulfi, Rose, Lentisque, Fleur d&rsquo;oranger et Jasmin; les notes de fond sont Vanille, Ambre, Notes [&hellip;]<\/p>\n","protected":false},"featured_media":8275,"comment_status":"closed","ping_status":"closed","template":"","meta":{"_uag_custom_page_level_css":"","site-sidebar-layout":"default","site-content-layout":"","ast-site-content-layout":"default","site-content-style":"default","site-sidebar-style":"default","ast-global-header-display":"","ast-banner-title-visibility":"","ast-main-header-display":"","ast-hfb-above-header-display":"","ast-hfb-below-header-display":"","ast-hfb-mobile-header-display":"","site-post-title":"","ast-breadcrumbs-content":"","ast-featured-img":"","footer-sml-layout":"","theme-transparent-header-meta":"default","adv-header-id-meta":"","stick-header-meta":"","header-above-stick-meta":"","header-main-stick-meta":"","header-below-stick-meta":"","astra-migrate-meta-layouts":"set","ast-page-background-enabled":"default","ast-page-background-meta":{"desktop":{"background-color":"","background-image":"","background-repeat":"repeat","background-position":"center center","background-size":"auto","background-attachment":"scroll","background-type":"","background-media":"","overlay-type":"","overlay-color":"","overlay-opacity":"","overlay-gradient":""},"tablet":{"background-color":"","background-image":"","background-repeat":"repeat","background-position":"center center","background-size":"auto","background-attachment":"scroll","background-type":"","background-media":"","overlay-type":"","overlay-color":"","overlay-opacity":"","overlay-gradient":""},"mobile":{"background-color":"","background-image":"","background-repeat":"repeat","background-position":"center center","background-size":"auto","background-attachment":"scroll","background-type":"","background-media":"","overlay-type":"","overlay-color":"","overlay-opacity":"","overlay-gradient":""}},"ast-content-background-meta":{"desktop":{"background-color":"var(--ast-global-color-5)","background-image":"","background-repeat":"repeat","background-position":"center center","background-size":"auto","background-attachment":"scroll","background-type":"","background-media":"","overlay-type":"","overlay-color":"","overlay-opacity":"","overlay-gradient":""},"tablet":{"background-color":"var(--ast-global-color-5)","background-image":"","background-repeat":"repeat","background-position":"center center","background-size":"auto","background-attachment":"scroll","background-type":"","background-media":"","overlay-type":"","overlay-color":"","overlay-opacity":"","overlay-gradient":""},"mobile":{"background-color":"var(--ast-global-color-5)","background-image":"","background-repeat":"repeat","background-position":"center center","background-size":"auto","background-attachment":"scroll","background-type":"","background-media":"","overlay-type":"","overlay-color":"","overlay-opacity":"","overlay-gradient":""}}},"product_cat":[60],"product_tag":[],"class_list":{"0":"post-8274","1":"product","2":"type-product","3":"status-publish","4":"has-post-thumbnail","6":"product_cat-parfumhomme","7":"desktop-align-center","8":"tablet-align-left","9":"mobile-align-center","11":"first","12":"instock","13":"sale","14":"shipping-taxable","15":"purchasable","16":"product-type-simple"},"uagb_featured_image_src":{"full":["https:\/\/masilaparfum.com\/wp-content\/uploads\/2024\/09\/8qPPxbkei7AycbITd712zQhdTZzhXOv8xgi1koAM_lg-1.jpeg",680,773,false],"thumbnail":["https:\/\/masilaparfum.com\/wp-content\/uploads\/2024\/09\/8qPPxbkei7AycbITd712zQhdTZzhXOv8xgi1koAM_lg-1-150x150.jpeg",150,150,true],"medium":["https:\/\/masilaparfum.com\/wp-content\/uploads\/2024\/09\/8qPPxbkei7AycbITd712zQhdTZzhXOv8xgi1koAM_lg-1-300x300.jpeg",300,300,true],"medium_large":["https:\/\/masilaparfum.com\/wp-content\/uploads\/2024\/09\/8qPPxbkei7AycbITd712zQhdTZzhXOv8xgi1koAM_lg-1-680x768.jpeg",680,768,true],"large":["https:\/\/masilaparfum.com\/wp-content\/uploads\/2024\/09\/8qPPxbkei7AycbITd712zQhdTZzhXOv8xgi1koAM_lg-1.jpeg",680,773,false],"1536x1536":["https:\/\/masilaparfum.com\/wp-content\/uploads\/2024\/09\/8qPPxbkei7AycbITd712zQhdTZzhXOv8xgi1koAM_lg-1.jpeg",680,773,false],"2048x2048":["https:\/\/masilaparfum.com\/wp-content\/uploads\/2024\/09\/8qPPxbkei7AycbITd712zQhdTZzhXOv8xgi1koAM_lg-1.jpeg",680,773,false],"mailpoet_newsletter_max":["https:\/\/masilaparfum.com\/wp-content\/uploads\/2024\/09\/8qPPxbkei7AycbITd712zQhdTZzhXOv8xgi1koAM_lg-1.jpeg",680,773,false],"woocommerce_thumbnail":["https:\/\/masilaparfum.com\/wp-content\/uploads\/2024\/09\/8qPPxbkei7AycbITd712zQhdTZzhXOv8xgi1koAM_lg-1-300x300.jpeg",300,300,true],"woocommerce_single":["https:\/\/masilaparfum.com\/wp-content\/uploads\/2024\/09\/8qPPxbkei7AycbITd712zQhdTZzhXOv8xgi1koAM_lg-1-600x682.jpeg",600,682,true],"woocommerce_gallery_thumbnail":["https:\/\/masilaparfum.com\/wp-content\/uploads\/2024\/09\/8qPPxbkei7AycbITd712zQhdTZzhXOv8xgi1koAM_lg-1-100x100.jpeg",100,100,true],"wcpr-photo-reviews":["https:\/\/masilaparfum.com\/wp-content\/uploads\/2024\/09\/8qPPxbkei7AycbITd712zQhdTZzhXOv8xgi1koAM_lg-1.jpeg",440,500,false]},"uagb_author_info":{"display_name":"masilaparfum","author_link":"https:\/\/masilaparfum.com\/index.php\/author\/"},"uagb_comment_info":0,"uagb_excerpt":"Noir Extreme\u00a0de\u00a0Tom Ford\u00a0est un parfum Ambre bois\u00e9 pour homme.\u00a0Noir Extreme\u00a0a \u00e9t\u00e9 lanc\u00e9 en 2015. Le nez derri\u00e8re ce parfum est Sonia Constant. Les notes de t\u00eate sont Cardamome, Noix de muscade, Safran, Mandarine et N\u00e9roli; les notes de coeur sont Kulfi, Rose, Lentisque, Fleur d&rsquo;oranger et Jasmin; les notes de fond sont Vanille, Ambre, Notes\u2026","_links":{"self":[{"href":"https:\/\/masilaparfum.com\/index.php\/wp-json\/wp\/v2\/product\/8274","targetHints":{"allow":["GET"]}}],"collection":[{"href":"https:\/\/masilaparfum.com\/index.php\/wp-json\/wp\/v2\/product"}],"about":[{"href":"https:\/\/masilaparfum.com\/index.php\/wp-json\/wp\/v2\/types\/product"}],"replies":[{"embeddable":true,"href":"https:\/\/masilaparfum.com\/index.php\/wp-json\/wp\/v2\/comments?post=8274"}],"wp:featuredmedia":[{"embeddable":true,"href":"https:\/\/masilaparfum.com\/index.php\/wp-json\/wp\/v2\/media\/8275"}],"wp:attachment":[{"href":"https:\/\/masilaparfum.com\/index.php\/wp-json\/wp\/v2\/media?parent=8274"}],"wp:term":[{"taxonomy":"product_cat","embeddable":true,"href":"https:\/\/masilaparfum.com\/index.php\/wp-json\/wp\/v2\/product_cat?post=8274"},{"taxonomy":"product_tag","embeddable":true,"href":"https:\/\/masilaparfum.com\/index.php\/wp-json\/wp\/v2\/product_tag?post=8274"}],"curies":[{"name":"wp","href":"https:\/\/api.w.org\/{rel}","templated":true}]}}