{"id":7339,"date":"2024-01-09T04:02:22","date_gmt":"2024-01-09T03:02:22","guid":{"rendered":"https:\/\/masilaparfum.com\/?post_type=product&#038;p=7339"},"modified":"2024-08-20T06:17:14","modified_gmt":"2024-08-20T05:17:14","slug":"armani-code-parfm","status":"publish","type":"product","link":"https:\/\/masilaparfum.com\/index.php\/product\/armani-code-parfm\/","title":{"rendered":"Armani Code Parfum Giorgio Armani 100ml"},"content":{"rendered":"","protected":false},"excerpt":{"rendered":"<h4 class=\"text-center medium-text-left\" style=\"text-align: center\"><em><strong>Armani Code Parfum Giorgio Armani<\/strong><\/em><\/h4>\n<p style=\"text-align: center\"><em>Un parfum Bois\u00e9 Aromatique pour homme. C&rsquo;est un nouveau parfum.\u00a0<b>Armani Code Parfum<\/b>\u00a0a \u00e9t\u00e9 lanc\u00e9 en 2022. Le nez derri\u00e8re ce parfum est Antoine Maisondieu. Les notes de t\u00eate sont Bergamote et Feuille de bergamote; les notes de coeur sont Iris, Sauge sclar\u00e9e, Ald\u00e9hydes et Racine d&rsquo;iris; les notes de fond sont F\u00e8ve de tonka et C\u00e8dre.<\/em><\/p>\n","protected":false},"featured_media":7341,"comment_status":"closed","ping_status":"closed","template":"","meta":{"_uag_custom_page_level_css":"","site-sidebar-layout":"default","site-content-layout":"","ast-site-content-layout":"default","site-content-style":"default","site-sidebar-style":"default","ast-global-header-display":"","ast-banner-title-visibility":"","ast-main-header-display":"","ast-hfb-above-header-display":"","ast-hfb-below-header-display":"","ast-hfb-mobile-header-display":"","site-post-title":"","ast-breadcrumbs-content":"","ast-featured-img":"","footer-sml-layout":"","theme-transparent-header-meta":"default","adv-header-id-meta":"","stick-header-meta":"","header-above-stick-meta":"","header-main-stick-meta":"","header-below-stick-meta":"","astra-migrate-meta-layouts":"set","ast-page-background-enabled":"default","ast-page-background-meta":{"desktop":{"background-color":"","background-image":"","background-repeat":"repeat","background-position":"center center","background-size":"auto","background-attachment":"scroll","background-type":"","background-media":"","overlay-type":"","overlay-color":"","overlay-opacity":"","overlay-gradient":""},"tablet":{"background-color":"","background-image":"","background-repeat":"repeat","background-position":"center center","background-size":"auto","background-attachment":"scroll","background-type":"","background-media":"","overlay-type":"","overlay-color":"","overlay-opacity":"","overlay-gradient":""},"mobile":{"background-color":"","background-image":"","background-repeat":"repeat","background-position":"center center","background-size":"auto","background-attachment":"scroll","background-type":"","background-media":"","overlay-type":"","overlay-color":"","overlay-opacity":"","overlay-gradient":""}},"ast-content-background-meta":{"desktop":{"background-color":"var(--ast-global-color-5)","background-image":"","background-repeat":"repeat","background-position":"center center","background-size":"auto","background-attachment":"scroll","background-type":"","background-media":"","overlay-type":"","overlay-color":"","overlay-opacity":"","overlay-gradient":""},"tablet":{"background-color":"var(--ast-global-color-5)","background-image":"","background-repeat":"repeat","background-position":"center center","background-size":"auto","background-attachment":"scroll","background-type":"","background-media":"","overlay-type":"","overlay-color":"","overlay-opacity":"","overlay-gradient":""},"mobile":{"background-color":"var(--ast-global-color-5)","background-image":"","background-repeat":"repeat","background-position":"center center","background-size":"auto","background-attachment":"scroll","background-type":"","background-media":"","overlay-type":"","overlay-color":"","overlay-opacity":"","overlay-gradient":""}}},"product_cat":[60],"product_tag":[],"class_list":{"0":"post-7339","1":"product","2":"type-product","3":"status-publish","4":"has-post-thumbnail","6":"product_cat-parfumhomme","7":"desktop-align-center","8":"tablet-align-left","9":"mobile-align-center","11":"first","12":"instock","13":"sale","14":"shipping-taxable","15":"purchasable","16":"product-type-simple"},"uagb_featured_image_src":{"full":["https:\/\/masilaparfum.com\/wp-content\/uploads\/2024\/01\/armani-code-le-parfum-1.jpeg",650,650,false],"thumbnail":["https:\/\/masilaparfum.com\/wp-content\/uploads\/2024\/01\/armani-code-le-parfum-1-150x150.jpeg",150,150,true],"medium":["https:\/\/masilaparfum.com\/wp-content\/uploads\/2024\/01\/armani-code-le-parfum-1-300x300.jpeg",300,300,true],"medium_large":["https:\/\/masilaparfum.com\/wp-content\/uploads\/2024\/01\/armani-code-le-parfum-1.jpeg",650,650,false],"large":["https:\/\/masilaparfum.com\/wp-content\/uploads\/2024\/01\/armani-code-le-parfum-1.jpeg",650,650,false],"1536x1536":["https:\/\/masilaparfum.com\/wp-content\/uploads\/2024\/01\/armani-code-le-parfum-1.jpeg",650,650,false],"2048x2048":["https:\/\/masilaparfum.com\/wp-content\/uploads\/2024\/01\/armani-code-le-parfum-1.jpeg",650,650,false],"mailpoet_newsletter_max":["https:\/\/masilaparfum.com\/wp-content\/uploads\/2024\/01\/armani-code-le-parfum-1.jpeg",650,650,false],"woocommerce_thumbnail":["https:\/\/masilaparfum.com\/wp-content\/uploads\/2024\/01\/armani-code-le-parfum-1-300x300.jpeg",300,300,true],"woocommerce_single":["https:\/\/masilaparfum.com\/wp-content\/uploads\/2024\/01\/armani-code-le-parfum-1-600x600.jpeg",600,600,true],"woocommerce_gallery_thumbnail":["https:\/\/masilaparfum.com\/wp-content\/uploads\/2024\/01\/armani-code-le-parfum-1-100x100.jpeg",100,100,true],"wcpr-photo-reviews":["https:\/\/masilaparfum.com\/wp-content\/uploads\/2024\/01\/armani-code-le-parfum-1.jpeg",500,500,false]},"uagb_author_info":{"display_name":"masilaparfum","author_link":"https:\/\/masilaparfum.com\/index.php\/author\/"},"uagb_comment_info":1,"uagb_excerpt":"Armani Code Parfum Giorgio Armani Un parfum Bois\u00e9 Aromatique pour homme. C'est un nouveau parfum.\u00a0Armani Code Parfum\u00a0a \u00e9t\u00e9 lanc\u00e9 en 2022. Le nez derri\u00e8re ce parfum est Antoine Maisondieu. Les notes de t\u00eate sont Bergamote et Feuille de bergamote; les notes de coeur sont Iris, Sauge sclar\u00e9e, Ald\u00e9hydes et Racine d'iris; les notes de fond\u2026","_links":{"self":[{"href":"https:\/\/masilaparfum.com\/index.php\/wp-json\/wp\/v2\/product\/7339","targetHints":{"allow":["GET"]}}],"collection":[{"href":"https:\/\/masilaparfum.com\/index.php\/wp-json\/wp\/v2\/product"}],"about":[{"href":"https:\/\/masilaparfum.com\/index.php\/wp-json\/wp\/v2\/types\/product"}],"replies":[{"embeddable":true,"href":"https:\/\/masilaparfum.com\/index.php\/wp-json\/wp\/v2\/comments?post=7339"}],"wp:featuredmedia":[{"embeddable":true,"href":"https:\/\/masilaparfum.com\/index.php\/wp-json\/wp\/v2\/media\/7341"}],"wp:attachment":[{"href":"https:\/\/masilaparfum.com\/index.php\/wp-json\/wp\/v2\/media?parent=7339"}],"wp:term":[{"taxonomy":"product_cat","embeddable":true,"href":"https:\/\/masilaparfum.com\/index.php\/wp-json\/wp\/v2\/product_cat?post=7339"},{"taxonomy":"product_tag","embeddable":true,"href":"https:\/\/masilaparfum.com\/index.php\/wp-json\/wp\/v2\/product_tag?post=7339"}],"curies":[{"name":"wp","href":"https:\/\/api.w.org\/{rel}","templated":true}]}}