{"id":6832,"date":"2023-07-29T01:58:55","date_gmt":"2023-07-29T00:58:55","guid":{"rendered":"https:\/\/masilaparfum.com\/?post_type=product&#038;p=6832"},"modified":"2025-03-26T01:48:44","modified_gmt":"2025-03-26T01:48:44","slug":"scandal-pour-homme","status":"publish","type":"product","link":"https:\/\/masilaparfum.com\/index.php\/product\/scandal-pour-homme\/","title":{"rendered":"Scandal Pour Homme 100ml"},"content":{"rendered":"<p style=\"text-align: center\"><em><b>Scandal Pour Homme<\/b>\u00a0de\u00a0<b>Jean Paul Gaultier<\/b> est un parfum Ambre bois\u00e9 pour homme.\u00a0<\/em><\/p>\n<p style=\"text-align: center\"><em>\u00a0Les notes de t\u00eate sont Sauge sclar\u00e9e et Mandarine; les notes de coeur sont Caramel et F\u00e8ve de tonka; la note de fond est V\u00e9tiver.<\/em><\/p>\n","protected":false},"excerpt":{"rendered":"<p>Scandal Pour Homme\u00a0de\u00a0Jean Paul Gaultier est un parfum Ambre bois\u00e9 pour homme.\u00a0 \u00a0Les notes de t\u00eate sont Sauge sclar\u00e9e et Mandarine; les notes de coeur sont Caramel et F\u00e8ve de tonka; la note de fond est V\u00e9tiver.<\/p>\n","protected":false},"featured_media":6833,"comment_status":"closed","ping_status":"closed","template":"","meta":{"_uag_custom_page_level_css":"","site-sidebar-layout":"default","site-content-layout":"default","ast-site-content-layout":"","site-content-style":"default","site-sidebar-style":"default","ast-global-header-display":"","ast-banner-title-visibility":"","ast-main-header-display":"","ast-hfb-above-header-display":"","ast-hfb-below-header-display":"","ast-hfb-mobile-header-display":"","site-post-title":"","ast-breadcrumbs-content":"","ast-featured-img":"","footer-sml-layout":"","theme-transparent-header-meta":"default","adv-header-id-meta":"","stick-header-meta":"","header-above-stick-meta":"","header-main-stick-meta":"","header-below-stick-meta":"","astra-migrate-meta-layouts":"default","ast-page-background-enabled":"default","ast-page-background-meta":{"desktop":{"background-color":"","background-image":"","background-repeat":"repeat","background-position":"center center","background-size":"auto","background-attachment":"scroll","background-type":"","background-media":"","overlay-type":"","overlay-color":"","overlay-opacity":"","overlay-gradient":""},"tablet":{"background-color":"","background-image":"","background-repeat":"repeat","background-position":"center center","background-size":"auto","background-attachment":"scroll","background-type":"","background-media":"","overlay-type":"","overlay-color":"","overlay-opacity":"","overlay-gradient":""},"mobile":{"background-color":"","background-image":"","background-repeat":"repeat","background-position":"center center","background-size":"auto","background-attachment":"scroll","background-type":"","background-media":"","overlay-type":"","overlay-color":"","overlay-opacity":"","overlay-gradient":""}},"ast-content-background-meta":{"desktop":{"background-color":"var(--ast-global-color-5)","background-image":"","background-repeat":"repeat","background-position":"center center","background-size":"auto","background-attachment":"scroll","background-type":"","background-media":"","overlay-type":"","overlay-color":"","overlay-opacity":"","overlay-gradient":""},"tablet":{"background-color":"var(--ast-global-color-5)","background-image":"","background-repeat":"repeat","background-position":"center center","background-size":"auto","background-attachment":"scroll","background-type":"","background-media":"","overlay-type":"","overlay-color":"","overlay-opacity":"","overlay-gradient":""},"mobile":{"background-color":"var(--ast-global-color-5)","background-image":"","background-repeat":"repeat","background-position":"center center","background-size":"auto","background-attachment":"scroll","background-type":"","background-media":"","overlay-type":"","overlay-color":"","overlay-opacity":"","overlay-gradient":""}}},"product_cat":[60],"product_tag":[],"class_list":{"0":"post-6832","1":"product","2":"type-product","3":"status-publish","4":"has-post-thumbnail","6":"product_cat-parfumhomme","7":"desktop-align-center","8":"tablet-align-left","9":"mobile-align-center","11":"first","12":"instock","13":"shipping-taxable","14":"purchasable","15":"product-type-simple"},"uagb_featured_image_src":{"full":["https:\/\/masilaparfum.com\/wp-content\/uploads\/2023\/07\/Capture-decran-2023-07-29-a-01.56.07.png",331,329,false],"thumbnail":["https:\/\/masilaparfum.com\/wp-content\/uploads\/2023\/07\/Capture-decran-2023-07-29-a-01.56.07-150x150.png",150,150,true],"medium":["https:\/\/masilaparfum.com\/wp-content\/uploads\/2023\/07\/Capture-decran-2023-07-29-a-01.56.07-300x300.png",300,300,true],"medium_large":["https:\/\/masilaparfum.com\/wp-content\/uploads\/2023\/07\/Capture-decran-2023-07-29-a-01.56.07.png",331,329,false],"large":["https:\/\/masilaparfum.com\/wp-content\/uploads\/2023\/07\/Capture-decran-2023-07-29-a-01.56.07.png",331,329,false],"1536x1536":["https:\/\/masilaparfum.com\/wp-content\/uploads\/2023\/07\/Capture-decran-2023-07-29-a-01.56.07.png",331,329,false],"2048x2048":["https:\/\/masilaparfum.com\/wp-content\/uploads\/2023\/07\/Capture-decran-2023-07-29-a-01.56.07.png",331,329,false],"mailpoet_newsletter_max":["https:\/\/masilaparfum.com\/wp-content\/uploads\/2023\/07\/Capture-decran-2023-07-29-a-01.56.07.png",331,329,false],"woocommerce_thumbnail":["https:\/\/masilaparfum.com\/wp-content\/uploads\/2023\/07\/Capture-decran-2023-07-29-a-01.56.07-300x300.png",300,300,true],"woocommerce_single":["https:\/\/masilaparfum.com\/wp-content\/uploads\/2023\/07\/Capture-decran-2023-07-29-a-01.56.07.png",331,329,false],"woocommerce_gallery_thumbnail":["https:\/\/masilaparfum.com\/wp-content\/uploads\/2023\/07\/Capture-decran-2023-07-29-a-01.56.07-100x100.png",100,100,true],"wcpr-photo-reviews":["https:\/\/masilaparfum.com\/wp-content\/uploads\/2023\/07\/Capture-decran-2023-07-29-a-01.56.07.png",331,329,false]},"uagb_author_info":{"display_name":"masilaparfum","author_link":"https:\/\/masilaparfum.com\/index.php\/author\/"},"uagb_comment_info":0,"uagb_excerpt":"Scandal Pour Homme\u00a0de\u00a0Jean Paul Gaultier est un parfum Ambre bois\u00e9 pour homme.\u00a0 \u00a0Les notes de t\u00eate sont Sauge sclar\u00e9e et Mandarine; les notes de coeur sont Caramel et F\u00e8ve de tonka; la note de fond est V\u00e9tiver.","_links":{"self":[{"href":"https:\/\/masilaparfum.com\/index.php\/wp-json\/wp\/v2\/product\/6832","targetHints":{"allow":["GET"]}}],"collection":[{"href":"https:\/\/masilaparfum.com\/index.php\/wp-json\/wp\/v2\/product"}],"about":[{"href":"https:\/\/masilaparfum.com\/index.php\/wp-json\/wp\/v2\/types\/product"}],"replies":[{"embeddable":true,"href":"https:\/\/masilaparfum.com\/index.php\/wp-json\/wp\/v2\/comments?post=6832"}],"wp:featuredmedia":[{"embeddable":true,"href":"https:\/\/masilaparfum.com\/index.php\/wp-json\/wp\/v2\/media\/6833"}],"wp:attachment":[{"href":"https:\/\/masilaparfum.com\/index.php\/wp-json\/wp\/v2\/media?parent=6832"}],"wp:term":[{"taxonomy":"product_cat","embeddable":true,"href":"https:\/\/masilaparfum.com\/index.php\/wp-json\/wp\/v2\/product_cat?post=6832"},{"taxonomy":"product_tag","embeddable":true,"href":"https:\/\/masilaparfum.com\/index.php\/wp-json\/wp\/v2\/product_tag?post=6832"}],"curies":[{"name":"wp","href":"https:\/\/api.w.org\/{rel}","templated":true}]}}