{"id":6529,"date":"2023-05-04T20:23:43","date_gmt":"2023-05-04T19:23:43","guid":{"rendered":"https:\/\/masilaparfum.com\/?post_type=product&#038;p=6529"},"modified":"2023-05-04T20:23:43","modified_gmt":"2023-05-04T19:23:43","slug":"chanche-chanel-eau-tendre","status":"publish","type":"product","link":"https:\/\/masilaparfum.com\/index.php\/product\/chanche-chanel-eau-tendre\/","title":{"rendered":"CHANCHE CHANEL Eau tendre"},"content":{"rendered":"<div class=\"product-section\">\n<h3 class=\"single-title\" style=\"text-align: center;\"><strong><em>CHANCE CHANEL Eau tendre 100 ml<\/em><\/strong><\/h3>\n<p style=\"text-align: center;\"><em><b>Chance Eau Tendre<\/b>\u00a0de\u00a0<b>Chanel<\/b> est un parfum Floral fruit\u00e9 pour femme.<\/em><\/p>\n<p style=\"text-align: center;\"><em>Les notes de t\u00eate sont Coing et Pamplemousse; les notes de coeur sont Jacinthe et Jasmin; les notes de fond sont Musc, Iris, C\u00e8dre de Virginie et Ambre.<\/em><\/p>\n<\/div>\n<div class=\"product-section price-section\">\n<h3 class=\"single-price\"><\/h3>\n<\/div>\n","protected":false},"excerpt":{"rendered":"<div class=\"product-section\">\n<h3 class=\"single-title\" style=\"text-align: center;\"><strong><em>CHANCE CHANEL Eau tendre 100 ml<\/em><\/strong><\/h3>\n<p style=\"text-align: center;\"><em><b>Chance Eau Tendre<\/b>\u00a0de\u00a0<b>Chanel<\/b> est un parfum Floral fruit\u00e9 pour femme.<\/em><\/p>\n<p style=\"text-align: center;\"><em>Les notes de t\u00eate sont Coing et Pamplemousse; les notes de coeur sont Jacinthe et Jasmin; les notes de fond sont Musc, Iris, C\u00e8dre de Virginie et Ambre.<\/em><\/p>\n<\/div>\n<div class=\"product-section price-section\">\n<h3 class=\"single-price\"><\/h3>\n<\/div>\n","protected":false},"featured_media":6530,"comment_status":"open","ping_status":"closed","template":"","meta":{"_uag_custom_page_level_css":"","site-sidebar-layout":"default","site-content-layout":"default","ast-site-content-layout":"","site-content-style":"default","site-sidebar-style":"default","ast-global-header-display":"","ast-banner-title-visibility":"","ast-main-header-display":"","ast-hfb-above-header-display":"","ast-hfb-below-header-display":"","ast-hfb-mobile-header-display":"","site-post-title":"","ast-breadcrumbs-content":"","ast-featured-img":"","footer-sml-layout":"","theme-transparent-header-meta":"default","adv-header-id-meta":"","stick-header-meta":"","header-above-stick-meta":"","header-main-stick-meta":"","header-below-stick-meta":"","astra-migrate-meta-layouts":"default","ast-page-background-enabled":"default","ast-page-background-meta":{"desktop":{"background-color":"","background-image":"","background-repeat":"repeat","background-position":"center center","background-size":"auto","background-attachment":"scroll","background-type":"","background-media":"","overlay-type":"","overlay-color":"","overlay-opacity":"","overlay-gradient":""},"tablet":{"background-color":"","background-image":"","background-repeat":"repeat","background-position":"center center","background-size":"auto","background-attachment":"scroll","background-type":"","background-media":"","overlay-type":"","overlay-color":"","overlay-opacity":"","overlay-gradient":""},"mobile":{"background-color":"","background-image":"","background-repeat":"repeat","background-position":"center center","background-size":"auto","background-attachment":"scroll","background-type":"","background-media":"","overlay-type":"","overlay-color":"","overlay-opacity":"","overlay-gradient":""}},"ast-content-background-meta":{"desktop":{"background-color":"var(--ast-global-color-5)","background-image":"","background-repeat":"repeat","background-position":"center center","background-size":"auto","background-attachment":"scroll","background-type":"","background-media":"","overlay-type":"","overlay-color":"","overlay-opacity":"","overlay-gradient":""},"tablet":{"background-color":"var(--ast-global-color-5)","background-image":"","background-repeat":"repeat","background-position":"center center","background-size":"auto","background-attachment":"scroll","background-type":"","background-media":"","overlay-type":"","overlay-color":"","overlay-opacity":"","overlay-gradient":""},"mobile":{"background-color":"var(--ast-global-color-5)","background-image":"","background-repeat":"repeat","background-position":"center center","background-size":"auto","background-attachment":"scroll","background-type":"","background-media":"","overlay-type":"","overlay-color":"","overlay-opacity":"","overlay-gradient":""}}},"product_cat":[59],"product_tag":[],"class_list":{"0":"post-6529","1":"product","2":"type-product","3":"status-publish","4":"has-post-thumbnail","6":"product_cat-parfumfemme","7":"desktop-align-center","8":"tablet-align-left","9":"mobile-align-center","11":"first","12":"instock","13":"shipping-taxable","14":"purchasable","15":"product-type-simple"},"uagb_featured_image_src":{"full":["https:\/\/masilaparfum.com\/wp-content\/uploads\/2023\/05\/GBq2e4PzZiqN8ouaQzrQJoDmTjrwnSgBjvKtuIaj_lg-1.png",650,650,false],"thumbnail":["https:\/\/masilaparfum.com\/wp-content\/uploads\/2023\/05\/GBq2e4PzZiqN8ouaQzrQJoDmTjrwnSgBjvKtuIaj_lg-1-150x150.png",150,150,true],"medium":["https:\/\/masilaparfum.com\/wp-content\/uploads\/2023\/05\/GBq2e4PzZiqN8ouaQzrQJoDmTjrwnSgBjvKtuIaj_lg-1-300x300.png",300,300,true],"medium_large":["https:\/\/masilaparfum.com\/wp-content\/uploads\/2023\/05\/GBq2e4PzZiqN8ouaQzrQJoDmTjrwnSgBjvKtuIaj_lg-1.png",650,650,false],"large":["https:\/\/masilaparfum.com\/wp-content\/uploads\/2023\/05\/GBq2e4PzZiqN8ouaQzrQJoDmTjrwnSgBjvKtuIaj_lg-1.png",650,650,false],"1536x1536":["https:\/\/masilaparfum.com\/wp-content\/uploads\/2023\/05\/GBq2e4PzZiqN8ouaQzrQJoDmTjrwnSgBjvKtuIaj_lg-1.png",650,650,false],"2048x2048":["https:\/\/masilaparfum.com\/wp-content\/uploads\/2023\/05\/GBq2e4PzZiqN8ouaQzrQJoDmTjrwnSgBjvKtuIaj_lg-1.png",650,650,false],"mailpoet_newsletter_max":["https:\/\/masilaparfum.com\/wp-content\/uploads\/2023\/05\/GBq2e4PzZiqN8ouaQzrQJoDmTjrwnSgBjvKtuIaj_lg-1.png",650,650,false],"woocommerce_thumbnail":["https:\/\/masilaparfum.com\/wp-content\/uploads\/2023\/05\/GBq2e4PzZiqN8ouaQzrQJoDmTjrwnSgBjvKtuIaj_lg-1-300x300.png",300,300,true],"woocommerce_single":["https:\/\/masilaparfum.com\/wp-content\/uploads\/2023\/05\/GBq2e4PzZiqN8ouaQzrQJoDmTjrwnSgBjvKtuIaj_lg-1-600x600.png",600,600,true],"woocommerce_gallery_thumbnail":["https:\/\/masilaparfum.com\/wp-content\/uploads\/2023\/05\/GBq2e4PzZiqN8ouaQzrQJoDmTjrwnSgBjvKtuIaj_lg-1-100x100.png",100,100,true],"wcpr-photo-reviews":["https:\/\/masilaparfum.com\/wp-content\/uploads\/2023\/05\/GBq2e4PzZiqN8ouaQzrQJoDmTjrwnSgBjvKtuIaj_lg-1.png",500,500,false]},"uagb_author_info":{"display_name":"masilaparfum","author_link":"https:\/\/masilaparfum.com\/index.php\/author\/"},"uagb_comment_info":0,"uagb_excerpt":"CHANCE CHANEL Eau tendre 100 ml Chance Eau Tendre\u00a0de\u00a0Chanel est un parfum Floral fruit\u00e9 pour femme. Les notes de t\u00eate sont Coing et Pamplemousse; les notes de coeur sont Jacinthe et Jasmin; les notes de fond sont Musc, Iris, C\u00e8dre de Virginie et Ambre.","_links":{"self":[{"href":"https:\/\/masilaparfum.com\/index.php\/wp-json\/wp\/v2\/product\/6529","targetHints":{"allow":["GET"]}}],"collection":[{"href":"https:\/\/masilaparfum.com\/index.php\/wp-json\/wp\/v2\/product"}],"about":[{"href":"https:\/\/masilaparfum.com\/index.php\/wp-json\/wp\/v2\/types\/product"}],"replies":[{"embeddable":true,"href":"https:\/\/masilaparfum.com\/index.php\/wp-json\/wp\/v2\/comments?post=6529"}],"wp:featuredmedia":[{"embeddable":true,"href":"https:\/\/masilaparfum.com\/index.php\/wp-json\/wp\/v2\/media\/6530"}],"wp:attachment":[{"href":"https:\/\/masilaparfum.com\/index.php\/wp-json\/wp\/v2\/media?parent=6529"}],"wp:term":[{"taxonomy":"product_cat","embeddable":true,"href":"https:\/\/masilaparfum.com\/index.php\/wp-json\/wp\/v2\/product_cat?post=6529"},{"taxonomy":"product_tag","embeddable":true,"href":"https:\/\/masilaparfum.com\/index.php\/wp-json\/wp\/v2\/product_tag?post=6529"}],"curies":[{"name":"wp","href":"https:\/\/api.w.org\/{rel}","templated":true}]}}