{"id":6507,"date":"2023-05-04T19:59:24","date_gmt":"2023-05-04T18:59:24","guid":{"rendered":"https:\/\/masilaparfum.com\/?post_type=product&#038;p=6507"},"modified":"2026-02-07T17:48:55","modified_gmt":"2026-02-07T16:48:55","slug":"gucci-bloom-aqua-di-fiori","status":"publish","type":"product","link":"https:\/\/masilaparfum.com\/index.php\/product\/gucci-bloom-aqua-di-fiori\/","title":{"rendered":"GUCCI BLOOM AQUA DI FIORI"},"content":{"rendered":"<div class=\"product-section\">\n<h3 class=\"single-title\" style=\"text-align: center\"><strong><em>GUCCI BLOOM AQUA DI FIORI 100ml<\/em><\/strong><\/h3>\n<p style=\"text-align: center\"><em><b>Gucci Bloom Acqua di Fiori<\/b>\u00a0de\u00a0<b>Gucci<\/b> est un parfum Floral pour femme.\u00a0<\/em><\/p>\n<p style=\"text-align: center\"><em>Les notes de t\u00eate sont Feuille de f\u00e9rule gommeuse, Bourgeon de cassis, Bergamote et Citron; les notes de coeur sont Ch\u00e8vrefeuille, Tub\u00e9reuse, Jasmin, Muguet et Freesia; les notes de fond sont Musc, Iso E Super et Bois de santal.<\/em><\/p>\n<\/div>\n<div class=\"product-section price-section\">\n<h3 class=\"single-price\"><\/h3>\n<\/div>\n","protected":false},"excerpt":{"rendered":"<h3 class=\"single-title\" style=\"text-align: center\"><strong><em>GUCCI BLOOM AQUA DI FIORI 100ml<\/em><\/strong><\/h3>\n<p style=\"text-align: center\"><em><b>Gucci Bloom Acqua di Fiori<\/b>\u00a0de\u00a0<b>Gucci<\/b> est un parfum Floral pour femme.\u00a0<\/em><\/p>\n<p style=\"text-align: center\"><em>Les notes de t\u00eate sont Feuille de f\u00e9rule gommeuse, Bourgeon de cassis, Bergamote et Citron; les notes de coeur sont Ch\u00e8vrefeuille, Tub\u00e9reuse, Jasmin, Muguet et Freesia; les notes de fond sont Musc, Iso E Super et Bois de santal.<\/em><\/p>\n","protected":false},"featured_media":6510,"comment_status":"open","ping_status":"closed","template":"","meta":{"_uag_custom_page_level_css":"","site-sidebar-layout":"default","site-content-layout":"default","ast-site-content-layout":"","site-content-style":"default","site-sidebar-style":"default","ast-global-header-display":"","ast-banner-title-visibility":"","ast-main-header-display":"","ast-hfb-above-header-display":"","ast-hfb-below-header-display":"","ast-hfb-mobile-header-display":"","site-post-title":"","ast-breadcrumbs-content":"","ast-featured-img":"","footer-sml-layout":"","theme-transparent-header-meta":"default","adv-header-id-meta":"","stick-header-meta":"","header-above-stick-meta":"","header-main-stick-meta":"","header-below-stick-meta":"","astra-migrate-meta-layouts":"default","ast-page-background-enabled":"default","ast-page-background-meta":{"desktop":{"background-color":"","background-image":"","background-repeat":"repeat","background-position":"center center","background-size":"auto","background-attachment":"scroll","background-type":"","background-media":"","overlay-type":"","overlay-color":"","overlay-opacity":"","overlay-gradient":""},"tablet":{"background-color":"","background-image":"","background-repeat":"repeat","background-position":"center center","background-size":"auto","background-attachment":"scroll","background-type":"","background-media":"","overlay-type":"","overlay-color":"","overlay-opacity":"","overlay-gradient":""},"mobile":{"background-color":"","background-image":"","background-repeat":"repeat","background-position":"center center","background-size":"auto","background-attachment":"scroll","background-type":"","background-media":"","overlay-type":"","overlay-color":"","overlay-opacity":"","overlay-gradient":""}},"ast-content-background-meta":{"desktop":{"background-color":"var(--ast-global-color-5)","background-image":"","background-repeat":"repeat","background-position":"center center","background-size":"auto","background-attachment":"scroll","background-type":"","background-media":"","overlay-type":"","overlay-color":"","overlay-opacity":"","overlay-gradient":""},"tablet":{"background-color":"var(--ast-global-color-5)","background-image":"","background-repeat":"repeat","background-position":"center center","background-size":"auto","background-attachment":"scroll","background-type":"","background-media":"","overlay-type":"","overlay-color":"","overlay-opacity":"","overlay-gradient":""},"mobile":{"background-color":"var(--ast-global-color-5)","background-image":"","background-repeat":"repeat","background-position":"center center","background-size":"auto","background-attachment":"scroll","background-type":"","background-media":"","overlay-type":"","overlay-color":"","overlay-opacity":"","overlay-gradient":""}}},"product_cat":[59],"product_tag":[],"class_list":{"0":"post-6507","1":"product","2":"type-product","3":"status-publish","4":"has-post-thumbnail","6":"product_cat-parfumfemme","7":"desktop-align-center","8":"tablet-align-left","9":"mobile-align-center","11":"first","12":"instock","13":"sale","14":"shipping-taxable","15":"purchasable","16":"product-type-simple"},"uagb_featured_image_src":{"full":["https:\/\/masilaparfum.com\/wp-content\/uploads\/2023\/05\/telechargement-1.jpeg",225,225,false],"thumbnail":["https:\/\/masilaparfum.com\/wp-content\/uploads\/2023\/05\/telechargement-1-150x150.jpeg",150,150,true],"medium":["https:\/\/masilaparfum.com\/wp-content\/uploads\/2023\/05\/telechargement-1.jpeg",225,225,false],"medium_large":["https:\/\/masilaparfum.com\/wp-content\/uploads\/2023\/05\/telechargement-1.jpeg",225,225,false],"large":["https:\/\/masilaparfum.com\/wp-content\/uploads\/2023\/05\/telechargement-1.jpeg",225,225,false],"1536x1536":["https:\/\/masilaparfum.com\/wp-content\/uploads\/2023\/05\/telechargement-1.jpeg",225,225,false],"2048x2048":["https:\/\/masilaparfum.com\/wp-content\/uploads\/2023\/05\/telechargement-1.jpeg",225,225,false],"mailpoet_newsletter_max":["https:\/\/masilaparfum.com\/wp-content\/uploads\/2023\/05\/telechargement-1.jpeg",225,225,false],"woocommerce_thumbnail":["https:\/\/masilaparfum.com\/wp-content\/uploads\/2023\/05\/telechargement-1.jpeg",225,225,false],"woocommerce_single":["https:\/\/masilaparfum.com\/wp-content\/uploads\/2023\/05\/telechargement-1.jpeg",225,225,false],"woocommerce_gallery_thumbnail":["https:\/\/masilaparfum.com\/wp-content\/uploads\/2023\/05\/telechargement-1-100x100.jpeg",100,100,true],"wcpr-photo-reviews":["https:\/\/masilaparfum.com\/wp-content\/uploads\/2023\/05\/telechargement-1.jpeg",225,225,false]},"uagb_author_info":{"display_name":"masilaparfum","author_link":"https:\/\/masilaparfum.com\/index.php\/author\/"},"uagb_comment_info":0,"uagb_excerpt":"GUCCI BLOOM AQUA DI FIORI 100ml Gucci Bloom Acqua di Fiori\u00a0de\u00a0Gucci est un parfum Floral pour femme.\u00a0 Les notes de t\u00eate sont Feuille de f\u00e9rule gommeuse, Bourgeon de cassis, Bergamote et Citron; les notes de coeur sont Ch\u00e8vrefeuille, Tub\u00e9reuse, Jasmin, Muguet et Freesia; les notes de fond sont Musc, Iso E Super et Bois de\u2026","_links":{"self":[{"href":"https:\/\/masilaparfum.com\/index.php\/wp-json\/wp\/v2\/product\/6507","targetHints":{"allow":["GET"]}}],"collection":[{"href":"https:\/\/masilaparfum.com\/index.php\/wp-json\/wp\/v2\/product"}],"about":[{"href":"https:\/\/masilaparfum.com\/index.php\/wp-json\/wp\/v2\/types\/product"}],"replies":[{"embeddable":true,"href":"https:\/\/masilaparfum.com\/index.php\/wp-json\/wp\/v2\/comments?post=6507"}],"wp:featuredmedia":[{"embeddable":true,"href":"https:\/\/masilaparfum.com\/index.php\/wp-json\/wp\/v2\/media\/6510"}],"wp:attachment":[{"href":"https:\/\/masilaparfum.com\/index.php\/wp-json\/wp\/v2\/media?parent=6507"}],"wp:term":[{"taxonomy":"product_cat","embeddable":true,"href":"https:\/\/masilaparfum.com\/index.php\/wp-json\/wp\/v2\/product_cat?post=6507"},{"taxonomy":"product_tag","embeddable":true,"href":"https:\/\/masilaparfum.com\/index.php\/wp-json\/wp\/v2\/product_tag?post=6507"}],"curies":[{"name":"wp","href":"https:\/\/api.w.org\/{rel}","templated":true}]}}