{"id":6504,"date":"2023-05-04T19:54:45","date_gmt":"2023-05-04T18:54:45","guid":{"rendered":"https:\/\/masilaparfum.com\/?post_type=product&#038;p=6504"},"modified":"2024-11-08T18:44:51","modified_gmt":"2024-11-08T17:44:51","slug":"parfum-scandal","status":"publish","type":"product","link":"https:\/\/masilaparfum.com\/index.php\/product\/parfum-scandal\/","title":{"rendered":"PARFUM SCANDAL 80ml"},"content":{"rendered":"<div class=\"product-section\">\n<h3 class=\"single-title\" style=\"text-align: center\"><strong><em>PARFUM SCANDAL\u00a0 80ml<\/em><\/strong><\/h3>\n<p style=\"text-align: center\"><em><b>Scandal<\/b>\u00a0de\u00a0<b>Jean Paul Gaultier<\/b> est un parfum Chypr\u00e9 Floral pour femme.\u00a0<\/em><\/p>\n<p style=\"text-align: center\"><em>Les notes de t\u00eate sont Orange sanguine et Mandarine; les notes de coeur sont Miel, Gard\u00e9nia, Fleur d&rsquo;oranger, Jasmin et P\u00eache; les notes de fond sont Cire d&rsquo;abeille, Caramel, Patchouli et R\u00e9glisse.<\/em><\/p>\n<p>&nbsp;<\/p>\n<p>&nbsp;<\/p>\n<\/div>\n<div class=\"product-section price-section\">\n<h3 class=\"single-price\"><\/h3>\n<\/div>\n","protected":false},"excerpt":{"rendered":"<h3 class=\"single-title\" style=\"text-align: center\"><strong><em>PARFUM SCANDAL\u00a0 80ml<\/em><\/strong><\/h3>\n<p style=\"text-align: center\"><em><b>Scandal<\/b>\u00a0de\u00a0<b>Jean Paul Gaultier<\/b> est un parfum Chypr\u00e9 Floral pour femme.\u00a0<\/em><\/p>\n<p style=\"text-align: center\"><em>Les notes de t\u00eate sont Orange sanguine et Mandarine; les notes de coeur sont Miel, Gard\u00e9nia, Fleur d&rsquo;oranger, Jasmin et P\u00eache; les notes de fond sont Cire d&rsquo;abeille, Caramel, Patchouli et R\u00e9glisse.<\/em><\/p>\n<p>&nbsp;<\/p>\n","protected":false},"featured_media":6505,"comment_status":"closed","ping_status":"closed","template":"","meta":{"_uag_custom_page_level_css":"","site-sidebar-layout":"default","site-content-layout":"default","ast-site-content-layout":"","site-content-style":"default","site-sidebar-style":"default","ast-global-header-display":"","ast-banner-title-visibility":"","ast-main-header-display":"","ast-hfb-above-header-display":"","ast-hfb-below-header-display":"","ast-hfb-mobile-header-display":"","site-post-title":"","ast-breadcrumbs-content":"","ast-featured-img":"","footer-sml-layout":"","theme-transparent-header-meta":"default","adv-header-id-meta":"","stick-header-meta":"","header-above-stick-meta":"","header-main-stick-meta":"","header-below-stick-meta":"","astra-migrate-meta-layouts":"default","ast-page-background-enabled":"default","ast-page-background-meta":{"desktop":{"background-color":"","background-image":"","background-repeat":"repeat","background-position":"center center","background-size":"auto","background-attachment":"scroll","background-type":"","background-media":"","overlay-type":"","overlay-color":"","overlay-opacity":"","overlay-gradient":""},"tablet":{"background-color":"","background-image":"","background-repeat":"repeat","background-position":"center center","background-size":"auto","background-attachment":"scroll","background-type":"","background-media":"","overlay-type":"","overlay-color":"","overlay-opacity":"","overlay-gradient":""},"mobile":{"background-color":"","background-image":"","background-repeat":"repeat","background-position":"center center","background-size":"auto","background-attachment":"scroll","background-type":"","background-media":"","overlay-type":"","overlay-color":"","overlay-opacity":"","overlay-gradient":""}},"ast-content-background-meta":{"desktop":{"background-color":"var(--ast-global-color-5)","background-image":"","background-repeat":"repeat","background-position":"center center","background-size":"auto","background-attachment":"scroll","background-type":"","background-media":"","overlay-type":"","overlay-color":"","overlay-opacity":"","overlay-gradient":""},"tablet":{"background-color":"var(--ast-global-color-5)","background-image":"","background-repeat":"repeat","background-position":"center center","background-size":"auto","background-attachment":"scroll","background-type":"","background-media":"","overlay-type":"","overlay-color":"","overlay-opacity":"","overlay-gradient":""},"mobile":{"background-color":"var(--ast-global-color-5)","background-image":"","background-repeat":"repeat","background-position":"center center","background-size":"auto","background-attachment":"scroll","background-type":"","background-media":"","overlay-type":"","overlay-color":"","overlay-opacity":"","overlay-gradient":""}}},"product_cat":[59],"product_tag":[],"class_list":{"0":"post-6504","1":"product","2":"type-product","3":"status-publish","4":"has-post-thumbnail","6":"product_cat-parfumfemme","7":"desktop-align-center","8":"tablet-align-left","9":"mobile-align-center","11":"first","12":"instock","13":"sale","14":"shipping-taxable","15":"purchasable","16":"product-type-simple"},"uagb_featured_image_src":{"full":["https:\/\/masilaparfum.com\/wp-content\/uploads\/2023\/05\/gebtgt-1.jpeg",600,600,false],"thumbnail":["https:\/\/masilaparfum.com\/wp-content\/uploads\/2023\/05\/gebtgt-1-150x150.jpeg",150,150,true],"medium":["https:\/\/masilaparfum.com\/wp-content\/uploads\/2023\/05\/gebtgt-1-300x300.jpeg",300,300,true],"medium_large":["https:\/\/masilaparfum.com\/wp-content\/uploads\/2023\/05\/gebtgt-1.jpeg",600,600,false],"large":["https:\/\/masilaparfum.com\/wp-content\/uploads\/2023\/05\/gebtgt-1.jpeg",600,600,false],"1536x1536":["https:\/\/masilaparfum.com\/wp-content\/uploads\/2023\/05\/gebtgt-1.jpeg",600,600,false],"2048x2048":["https:\/\/masilaparfum.com\/wp-content\/uploads\/2023\/05\/gebtgt-1.jpeg",600,600,false],"mailpoet_newsletter_max":["https:\/\/masilaparfum.com\/wp-content\/uploads\/2023\/05\/gebtgt-1.jpeg",600,600,false],"woocommerce_thumbnail":["https:\/\/masilaparfum.com\/wp-content\/uploads\/2023\/05\/gebtgt-1-300x300.jpeg",300,300,true],"woocommerce_single":["https:\/\/masilaparfum.com\/wp-content\/uploads\/2023\/05\/gebtgt-1.jpeg",600,600,false],"woocommerce_gallery_thumbnail":["https:\/\/masilaparfum.com\/wp-content\/uploads\/2023\/05\/gebtgt-1-100x100.jpeg",100,100,true],"wcpr-photo-reviews":["https:\/\/masilaparfum.com\/wp-content\/uploads\/2023\/05\/gebtgt-1.jpeg",500,500,false]},"uagb_author_info":{"display_name":"masilaparfum","author_link":"https:\/\/masilaparfum.com\/index.php\/author\/"},"uagb_comment_info":0,"uagb_excerpt":"PARFUM SCANDAL\u00a0 80ml Scandal\u00a0de\u00a0Jean Paul Gaultier est un parfum Chypr\u00e9 Floral pour femme.\u00a0 Les notes de t\u00eate sont Orange sanguine et Mandarine; les notes de coeur sont Miel, Gard\u00e9nia, Fleur d'oranger, Jasmin et P\u00eache; les notes de fond sont Cire d'abeille, Caramel, Patchouli et R\u00e9glisse. &nbsp;","_links":{"self":[{"href":"https:\/\/masilaparfum.com\/index.php\/wp-json\/wp\/v2\/product\/6504","targetHints":{"allow":["GET"]}}],"collection":[{"href":"https:\/\/masilaparfum.com\/index.php\/wp-json\/wp\/v2\/product"}],"about":[{"href":"https:\/\/masilaparfum.com\/index.php\/wp-json\/wp\/v2\/types\/product"}],"replies":[{"embeddable":true,"href":"https:\/\/masilaparfum.com\/index.php\/wp-json\/wp\/v2\/comments?post=6504"}],"wp:featuredmedia":[{"embeddable":true,"href":"https:\/\/masilaparfum.com\/index.php\/wp-json\/wp\/v2\/media\/6505"}],"wp:attachment":[{"href":"https:\/\/masilaparfum.com\/index.php\/wp-json\/wp\/v2\/media?parent=6504"}],"wp:term":[{"taxonomy":"product_cat","embeddable":true,"href":"https:\/\/masilaparfum.com\/index.php\/wp-json\/wp\/v2\/product_cat?post=6504"},{"taxonomy":"product_tag","embeddable":true,"href":"https:\/\/masilaparfum.com\/index.php\/wp-json\/wp\/v2\/product_tag?post=6504"}],"curies":[{"name":"wp","href":"https:\/\/api.w.org\/{rel}","templated":true}]}}