{"id":6431,"date":"2023-04-30T20:39:25","date_gmt":"2023-04-30T19:39:25","guid":{"rendered":"https:\/\/masilaparfum.com\/?post_type=product&#038;p=6431"},"modified":"2023-08-18T19:56:13","modified_gmt":"2023-08-18T18:56:13","slug":"ysl-mon-paris","status":"publish","type":"product","link":"https:\/\/masilaparfum.com\/index.php\/product\/ysl-mon-paris\/","title":{"rendered":"YSL MON PARIS"},"content":{"rendered":"<h3 style=\"text-align: center;\"><strong><em>YSL MON PARIS 100ml<\/em><\/strong><\/h3>\n<p style=\"text-align: center;\"><em>Mon Paris Eau de Parfum par Yves Saint-Laurent : laissez-vous emporter par le vertige de l\u2019Amour Fou.<br \/>\n<\/em><\/p>\n<div>\n<div>\n<div>\n<div>\n<div>\n<div>\n<div>\n<div>\n<div>\n<div>\n<div>\n<div>\n<div>\n<div>\n<div>\n<div>\n<div>\n<div>\n<div>\n<div>\n<div>\n<div>\n<div>\n<div>\n<div>\n<div>\n<div>\n<div>\n<div>\n<div>\n<div>\n<div>\n<div>\n<div>\n<p style=\"text-align: center;\"><em>La sensualit\u00e9 hypnotique de l\u2019Eau de Parfum Mon Paris invite \u00e0 vivre l\u2019exp\u00e9rience du vertige et \u00e0 perdre le contr\u00f4le au c\u0153ur d\u2019une capitale vertigineuse. Le parfum d\u2019une femme libre et passionn\u00e9e qui se livre \u00e0 des \u00e9motions intenses, d\u2019une sensualit\u00e9 d\u00e9routante.<\/p>\n<p>Avec Mon Paris Eau de Parfum, succombez \u00e0 l\u2019extase d\u2019une rencontre bouleversante.<\/em><\/p>\n<\/div>\n<\/div>\n<\/div>\n<\/div>\n<\/div>\n<\/div>\n<\/div>\n<\/div>\n<\/div>\n<\/div>\n<\/div>\n<\/div>\n<\/div>\n<\/div>\n<\/div>\n<\/div>\n<\/div>\n<\/div>\n<\/div>\n<\/div>\n<\/div>\n<\/div>\n<\/div>\n<\/div>\n<\/div>\n<\/div>\n<\/div>\n<\/div>\n<\/div>\n<\/div>\n<\/div>\n<\/div>\n<\/div>\n<\/div>\n","protected":false},"excerpt":{"rendered":"<h3 style=\"text-align: center;\"><strong><em>YSL MON PARIS 100ml<\/em><\/strong><\/h3>\n<p style=\"text-align: center;\"><em>Mon Paris Eau de Parfum par Yves Saint-Laurent : laissez-vous emporter par le vertige de l\u2019Amour Fou.<br \/>\n<\/em><\/p>\n<div>\n<div>\n<div>\n<div>\n<div>\n<div>\n<div>\n<div>\n<div>\n<div>\n<div>\n<div>\n<div>\n<div>\n<div>\n<div>\n<div>\n<div>\n<div>\n<div>\n<div>\n<div>\n<div>\n<div>\n<div>\n<div>\n<div>\n<div>\n<div>\n<div>\n<div>\n<div>\n<div>\n<div>\n<p style=\"text-align: center;\"><em>La sensualit\u00e9 hypnotique de l\u2019Eau de Parfum Mon Paris invite \u00e0 vivre l\u2019exp\u00e9rience du vertige et \u00e0 perdre le contr\u00f4le au c\u0153ur d\u2019une capitale vertigineuse. Le parfum d\u2019une femme libre et passionn\u00e9e qui se livre \u00e0 des \u00e9motions intenses, d\u2019une sensualit\u00e9 d\u00e9routante.<\/p>\n<p>Avec Mon Paris Eau de Parfum, succombez \u00e0 l\u2019extase d\u2019une rencontre bouleversante.<\/em><\/p>\n<\/div>\n<\/div>\n<\/div>\n<\/div>\n<\/div>\n<\/div>\n<\/div>\n<\/div>\n<\/div>\n<\/div>\n<\/div>\n<\/div>\n<\/div>\n<\/div>\n<\/div>\n<\/div>\n<\/div>\n<\/div>\n<\/div>\n<\/div>\n<\/div>\n<\/div>\n<\/div>\n<\/div>\n<\/div>\n<\/div>\n<\/div>\n<\/div>\n<\/div>\n<\/div>\n<\/div>\n<\/div>\n<\/div>\n<\/div>\n","protected":false},"featured_media":6432,"comment_status":"open","ping_status":"closed","template":"","meta":{"_uag_custom_page_level_css":"","site-sidebar-layout":"default","site-content-layout":"default","ast-site-content-layout":"","site-content-style":"default","site-sidebar-style":"default","ast-global-header-display":"","ast-banner-title-visibility":"","ast-main-header-display":"","ast-hfb-above-header-display":"","ast-hfb-below-header-display":"","ast-hfb-mobile-header-display":"","site-post-title":"","ast-breadcrumbs-content":"","ast-featured-img":"","footer-sml-layout":"","theme-transparent-header-meta":"default","adv-header-id-meta":"","stick-header-meta":"","header-above-stick-meta":"","header-main-stick-meta":"","header-below-stick-meta":"","astra-migrate-meta-layouts":"default","ast-page-background-enabled":"default","ast-page-background-meta":{"desktop":{"background-color":"","background-image":"","background-repeat":"repeat","background-position":"center center","background-size":"auto","background-attachment":"scroll","background-type":"","background-media":"","overlay-type":"","overlay-color":"","overlay-opacity":"","overlay-gradient":""},"tablet":{"background-color":"","background-image":"","background-repeat":"repeat","background-position":"center center","background-size":"auto","background-attachment":"scroll","background-type":"","background-media":"","overlay-type":"","overlay-color":"","overlay-opacity":"","overlay-gradient":""},"mobile":{"background-color":"","background-image":"","background-repeat":"repeat","background-position":"center center","background-size":"auto","background-attachment":"scroll","background-type":"","background-media":"","overlay-type":"","overlay-color":"","overlay-opacity":"","overlay-gradient":""}},"ast-content-background-meta":{"desktop":{"background-color":"var(--ast-global-color-5)","background-image":"","background-repeat":"repeat","background-position":"center center","background-size":"auto","background-attachment":"scroll","background-type":"","background-media":"","overlay-type":"","overlay-color":"","overlay-opacity":"","overlay-gradient":""},"tablet":{"background-color":"var(--ast-global-color-5)","background-image":"","background-repeat":"repeat","background-position":"center center","background-size":"auto","background-attachment":"scroll","background-type":"","background-media":"","overlay-type":"","overlay-color":"","overlay-opacity":"","overlay-gradient":""},"mobile":{"background-color":"var(--ast-global-color-5)","background-image":"","background-repeat":"repeat","background-position":"center center","background-size":"auto","background-attachment":"scroll","background-type":"","background-media":"","overlay-type":"","overlay-color":"","overlay-opacity":"","overlay-gradient":""}}},"product_cat":[59],"product_tag":[],"class_list":{"0":"post-6431","1":"product","2":"type-product","3":"status-publish","4":"has-post-thumbnail","6":"product_cat-parfumfemme","7":"desktop-align-center","8":"tablet-align-left","9":"mobile-align-center","11":"first","12":"instock","13":"sale","14":"shipping-taxable","15":"purchasable","16":"product-type-simple"},"uagb_featured_image_src":{"full":["https:\/\/masilaparfum.com\/wp-content\/uploads\/2023\/04\/ysl-mon-paris-eau-de-parfum-femmes-90ml-1.jpeg",1000,1000,false],"thumbnail":["https:\/\/masilaparfum.com\/wp-content\/uploads\/2023\/04\/ysl-mon-paris-eau-de-parfum-femmes-90ml-1-150x150.jpeg",150,150,true],"medium":["https:\/\/masilaparfum.com\/wp-content\/uploads\/2023\/04\/ysl-mon-paris-eau-de-parfum-femmes-90ml-1-300x300.jpeg",300,300,true],"medium_large":["https:\/\/masilaparfum.com\/wp-content\/uploads\/2023\/04\/ysl-mon-paris-eau-de-parfum-femmes-90ml-1-768x768.jpeg",768,768,true],"large":["https:\/\/masilaparfum.com\/wp-content\/uploads\/2023\/04\/ysl-mon-paris-eau-de-parfum-femmes-90ml-1.jpeg",1000,1000,false],"1536x1536":["https:\/\/masilaparfum.com\/wp-content\/uploads\/2023\/04\/ysl-mon-paris-eau-de-parfum-femmes-90ml-1.jpeg",1000,1000,false],"2048x2048":["https:\/\/masilaparfum.com\/wp-content\/uploads\/2023\/04\/ysl-mon-paris-eau-de-parfum-femmes-90ml-1.jpeg",1000,1000,false],"mailpoet_newsletter_max":["https:\/\/masilaparfum.com\/wp-content\/uploads\/2023\/04\/ysl-mon-paris-eau-de-parfum-femmes-90ml-1.jpeg",1000,1000,false],"woocommerce_thumbnail":["https:\/\/masilaparfum.com\/wp-content\/uploads\/2023\/04\/ysl-mon-paris-eau-de-parfum-femmes-90ml-1-300x300.jpeg",300,300,true],"woocommerce_single":["https:\/\/masilaparfum.com\/wp-content\/uploads\/2023\/04\/ysl-mon-paris-eau-de-parfum-femmes-90ml-1-600x600.jpeg",600,600,true],"woocommerce_gallery_thumbnail":["https:\/\/masilaparfum.com\/wp-content\/uploads\/2023\/04\/ysl-mon-paris-eau-de-parfum-femmes-90ml-1-100x100.jpeg",100,100,true],"wcpr-photo-reviews":["https:\/\/masilaparfum.com\/wp-content\/uploads\/2023\/04\/ysl-mon-paris-eau-de-parfum-femmes-90ml-1.jpeg",500,500,false]},"uagb_author_info":{"display_name":"masilaparfum","author_link":"https:\/\/masilaparfum.com\/index.php\/author\/"},"uagb_comment_info":0,"uagb_excerpt":"YSL MON PARIS 100ml Mon Paris Eau de Parfum par Yves Saint-Laurent : laissez-vous emporter par le vertige de l\u2019Amour Fou. La sensualit\u00e9 hypnotique de l\u2019Eau de Parfum Mon Paris invite \u00e0 vivre l\u2019exp\u00e9rience du vertige et \u00e0 perdre le contr\u00f4le au c\u0153ur d\u2019une capitale vertigineuse. Le parfum d\u2019une femme libre et passionn\u00e9e qui se\u2026","_links":{"self":[{"href":"https:\/\/masilaparfum.com\/index.php\/wp-json\/wp\/v2\/product\/6431","targetHints":{"allow":["GET"]}}],"collection":[{"href":"https:\/\/masilaparfum.com\/index.php\/wp-json\/wp\/v2\/product"}],"about":[{"href":"https:\/\/masilaparfum.com\/index.php\/wp-json\/wp\/v2\/types\/product"}],"replies":[{"embeddable":true,"href":"https:\/\/masilaparfum.com\/index.php\/wp-json\/wp\/v2\/comments?post=6431"}],"wp:featuredmedia":[{"embeddable":true,"href":"https:\/\/masilaparfum.com\/index.php\/wp-json\/wp\/v2\/media\/6432"}],"wp:attachment":[{"href":"https:\/\/masilaparfum.com\/index.php\/wp-json\/wp\/v2\/media?parent=6431"}],"wp:term":[{"taxonomy":"product_cat","embeddable":true,"href":"https:\/\/masilaparfum.com\/index.php\/wp-json\/wp\/v2\/product_cat?post=6431"},{"taxonomy":"product_tag","embeddable":true,"href":"https:\/\/masilaparfum.com\/index.php\/wp-json\/wp\/v2\/product_tag?post=6431"}],"curies":[{"name":"wp","href":"https:\/\/api.w.org\/{rel}","templated":true}]}}