{"id":6425,"date":"2023-04-30T20:30:25","date_gmt":"2023-04-30T19:30:25","guid":{"rendered":"https:\/\/masilaparfum.com\/?post_type=product&#038;p=6425"},"modified":"2023-04-30T20:30:26","modified_gmt":"2023-04-30T19:30:26","slug":"good-girl-80ml","status":"publish","type":"product","link":"https:\/\/masilaparfum.com\/index.php\/product\/good-girl-80ml\/","title":{"rendered":"Good Girl 80ml"},"content":{"rendered":"<h3 style=\"text-align: center;\"><em><b>Good Girl<\/b><\/em><\/h3>\n<p style=\"text-align: center;\"><em>Un parfum Ambre Floral pour femme. Les notes de t\u00eate sont Amande, Caf\u00e9, Bergamote et Citron<\/em><\/p>\n<p style=\"text-align: center;\"><em>les notes de coeur sont Tub\u00e9reuse, Jasmin Sambac, Fleur d&rsquo;oranger, Racine d&rsquo;iris et Rose de Bulgarie<\/em><\/p>\n<p style=\"text-align: center;\"><em> les notes de fond sont F\u00e8ve de tonka, Cacao, Vanille, Pralin\u00e9, Bois de santal, Musc, Ambre, Bois de cachemire, Cannelle, Patchouli et C\u00e8dre.<\/em><\/p>\n","protected":false},"excerpt":{"rendered":"<h3 style=\"text-align: center;\"><em><b>Good Girl<\/b><\/em><\/h3>\n<p style=\"text-align: center;\"><em>Un parfum Ambre Floral pour femme. Les notes de t\u00eate sont Amande, Caf\u00e9, Bergamote et Citron<\/em><\/p>\n<p style=\"text-align: center;\"><em>les notes de coeur sont Tub\u00e9reuse, Jasmin Sambac, Fleur d&rsquo;oranger, Racine d&rsquo;iris et Rose de Bulgarie<\/em><\/p>\n<p style=\"text-align: center;\"><em> les notes de fond sont F\u00e8ve de tonka, Cacao, Vanille, Pralin\u00e9, Bois de santal, Musc, Ambre, Bois de cachemire, Cannelle, Patchouli et C\u00e8dre.<\/em><\/p>\n","protected":false},"featured_media":6426,"comment_status":"open","ping_status":"closed","template":"","meta":{"_uag_custom_page_level_css":"","site-sidebar-layout":"default","site-content-layout":"default","ast-site-content-layout":"","site-content-style":"default","site-sidebar-style":"default","ast-global-header-display":"","ast-banner-title-visibility":"","ast-main-header-display":"","ast-hfb-above-header-display":"","ast-hfb-below-header-display":"","ast-hfb-mobile-header-display":"","site-post-title":"","ast-breadcrumbs-content":"","ast-featured-img":"","footer-sml-layout":"","theme-transparent-header-meta":"default","adv-header-id-meta":"","stick-header-meta":"","header-above-stick-meta":"","header-main-stick-meta":"","header-below-stick-meta":"","astra-migrate-meta-layouts":"default","ast-page-background-enabled":"default","ast-page-background-meta":{"desktop":{"background-color":"","background-image":"","background-repeat":"repeat","background-position":"center center","background-size":"auto","background-attachment":"scroll","background-type":"","background-media":"","overlay-type":"","overlay-color":"","overlay-opacity":"","overlay-gradient":""},"tablet":{"background-color":"","background-image":"","background-repeat":"repeat","background-position":"center center","background-size":"auto","background-attachment":"scroll","background-type":"","background-media":"","overlay-type":"","overlay-color":"","overlay-opacity":"","overlay-gradient":""},"mobile":{"background-color":"","background-image":"","background-repeat":"repeat","background-position":"center center","background-size":"auto","background-attachment":"scroll","background-type":"","background-media":"","overlay-type":"","overlay-color":"","overlay-opacity":"","overlay-gradient":""}},"ast-content-background-meta":{"desktop":{"background-color":"var(--ast-global-color-5)","background-image":"","background-repeat":"repeat","background-position":"center center","background-size":"auto","background-attachment":"scroll","background-type":"","background-media":"","overlay-type":"","overlay-color":"","overlay-opacity":"","overlay-gradient":""},"tablet":{"background-color":"var(--ast-global-color-5)","background-image":"","background-repeat":"repeat","background-position":"center center","background-size":"auto","background-attachment":"scroll","background-type":"","background-media":"","overlay-type":"","overlay-color":"","overlay-opacity":"","overlay-gradient":""},"mobile":{"background-color":"var(--ast-global-color-5)","background-image":"","background-repeat":"repeat","background-position":"center center","background-size":"auto","background-attachment":"scroll","background-type":"","background-media":"","overlay-type":"","overlay-color":"","overlay-opacity":"","overlay-gradient":""}}},"product_cat":[59],"product_tag":[],"class_list":{"0":"post-6425","1":"product","2":"type-product","3":"status-publish","4":"has-post-thumbnail","6":"product_cat-parfumfemme","7":"desktop-align-center","8":"tablet-align-left","9":"mobile-align-center","11":"first","12":"instock","13":"shipping-taxable","14":"purchasable","15":"product-type-simple"},"uagb_featured_image_src":{"full":["https:\/\/masilaparfum.com\/wp-content\/uploads\/2023\/04\/gg-1.jpeg",600,600,false],"thumbnail":["https:\/\/masilaparfum.com\/wp-content\/uploads\/2023\/04\/gg-1-150x150.jpeg",150,150,true],"medium":["https:\/\/masilaparfum.com\/wp-content\/uploads\/2023\/04\/gg-1-300x300.jpeg",300,300,true],"medium_large":["https:\/\/masilaparfum.com\/wp-content\/uploads\/2023\/04\/gg-1.jpeg",600,600,false],"large":["https:\/\/masilaparfum.com\/wp-content\/uploads\/2023\/04\/gg-1.jpeg",600,600,false],"1536x1536":["https:\/\/masilaparfum.com\/wp-content\/uploads\/2023\/04\/gg-1.jpeg",600,600,false],"2048x2048":["https:\/\/masilaparfum.com\/wp-content\/uploads\/2023\/04\/gg-1.jpeg",600,600,false],"mailpoet_newsletter_max":["https:\/\/masilaparfum.com\/wp-content\/uploads\/2023\/04\/gg-1.jpeg",600,600,false],"woocommerce_thumbnail":["https:\/\/masilaparfum.com\/wp-content\/uploads\/2023\/04\/gg-1-300x300.jpeg",300,300,true],"woocommerce_single":["https:\/\/masilaparfum.com\/wp-content\/uploads\/2023\/04\/gg-1.jpeg",600,600,false],"woocommerce_gallery_thumbnail":["https:\/\/masilaparfum.com\/wp-content\/uploads\/2023\/04\/gg-1-100x100.jpeg",100,100,true],"wcpr-photo-reviews":["https:\/\/masilaparfum.com\/wp-content\/uploads\/2023\/04\/gg-1.jpeg",500,500,false]},"uagb_author_info":{"display_name":"masilaparfum","author_link":"https:\/\/masilaparfum.com\/index.php\/author\/"},"uagb_comment_info":0,"uagb_excerpt":"Good Girl Un parfum Ambre Floral pour femme. Les notes de t\u00eate sont Amande, Caf\u00e9, Bergamote et Citron les notes de coeur sont Tub\u00e9reuse, Jasmin Sambac, Fleur d'oranger, Racine d'iris et Rose de Bulgarie les notes de fond sont F\u00e8ve de tonka, Cacao, Vanille, Pralin\u00e9, Bois de santal, Musc, Ambre, Bois de cachemire, Cannelle, Patchouli\u2026","_links":{"self":[{"href":"https:\/\/masilaparfum.com\/index.php\/wp-json\/wp\/v2\/product\/6425","targetHints":{"allow":["GET"]}}],"collection":[{"href":"https:\/\/masilaparfum.com\/index.php\/wp-json\/wp\/v2\/product"}],"about":[{"href":"https:\/\/masilaparfum.com\/index.php\/wp-json\/wp\/v2\/types\/product"}],"replies":[{"embeddable":true,"href":"https:\/\/masilaparfum.com\/index.php\/wp-json\/wp\/v2\/comments?post=6425"}],"wp:featuredmedia":[{"embeddable":true,"href":"https:\/\/masilaparfum.com\/index.php\/wp-json\/wp\/v2\/media\/6426"}],"wp:attachment":[{"href":"https:\/\/masilaparfum.com\/index.php\/wp-json\/wp\/v2\/media?parent=6425"}],"wp:term":[{"taxonomy":"product_cat","embeddable":true,"href":"https:\/\/masilaparfum.com\/index.php\/wp-json\/wp\/v2\/product_cat?post=6425"},{"taxonomy":"product_tag","embeddable":true,"href":"https:\/\/masilaparfum.com\/index.php\/wp-json\/wp\/v2\/product_tag?post=6425"}],"curies":[{"name":"wp","href":"https:\/\/api.w.org\/{rel}","templated":true}]}}