{"id":6421,"date":"2023-04-30T20:24:57","date_gmt":"2023-04-30T19:24:57","guid":{"rendered":"https:\/\/masilaparfum.com\/?post_type=product&#038;p=6421"},"modified":"2024-09-11T03:05:19","modified_gmt":"2024-09-11T02:05:19","slug":"coc-cha","status":"publish","type":"product","link":"https:\/\/masilaparfum.com\/index.php\/product\/coc-cha\/","title":{"rendered":"COCO MADEMOISELLE CHANEL 100ml"},"content":{"rendered":"","protected":false},"excerpt":{"rendered":"<h3 style=\"text-align: center;\"><strong><em>COCO MADEMOISELLE CHANEL<\/em><\/strong><\/h3>\n<p style=\"text-align: center;\"><em>COCO MADEMOISELLE Eau de Parfum Intense. L&rsquo;essence d&rsquo;une femme libre et envo\u00fbtante. Un oriental bois\u00e9 et ambr\u00e9 au caract\u00e8re cors\u00e9\u00a0: sensuel, profond, addictif.<\/em><br \/>\n<em>COCO MADEMOISELLE Eau de Parfum Intense est un oriental, bois\u00e9 et ambr\u00e9 au caract\u00e8re extr\u00eame. Le parfum s&rsquo;articule autour d&rsquo;une overdose de patchouli soulign\u00e9e par la chaleur d&rsquo;un accord ambr\u00e9 d&rsquo;absolu de Vanille et de F\u00e8ve Tonka. Un coeur de rose et de jasmin et la fraicheur contrast\u00e9e d&rsquo;agrumes compl\u00e8tent cette partition puissante.<\/em><\/p>\n","protected":false},"featured_media":6424,"comment_status":"closed","ping_status":"closed","template":"","meta":{"_uag_custom_page_level_css":"","site-sidebar-layout":"default","site-content-layout":"default","ast-site-content-layout":"default","site-content-style":"default","site-sidebar-style":"default","ast-global-header-display":"","ast-banner-title-visibility":"","ast-main-header-display":"","ast-hfb-above-header-display":"","ast-hfb-below-header-display":"","ast-hfb-mobile-header-display":"","site-post-title":"","ast-breadcrumbs-content":"","ast-featured-img":"","footer-sml-layout":"","theme-transparent-header-meta":"default","adv-header-id-meta":"","stick-header-meta":"","header-above-stick-meta":"","header-main-stick-meta":"","header-below-stick-meta":"","astra-migrate-meta-layouts":"set","ast-page-background-enabled":"default","ast-page-background-meta":{"desktop":{"background-color":"","background-image":"","background-repeat":"repeat","background-position":"center center","background-size":"auto","background-attachment":"scroll","background-type":"","background-media":"","overlay-type":"","overlay-color":"","overlay-opacity":"","overlay-gradient":""},"tablet":{"background-color":"","background-image":"","background-repeat":"repeat","background-position":"center center","background-size":"auto","background-attachment":"scroll","background-type":"","background-media":"","overlay-type":"","overlay-color":"","overlay-opacity":"","overlay-gradient":""},"mobile":{"background-color":"","background-image":"","background-repeat":"repeat","background-position":"center center","background-size":"auto","background-attachment":"scroll","background-type":"","background-media":"","overlay-type":"","overlay-color":"","overlay-opacity":"","overlay-gradient":""}},"ast-content-background-meta":{"desktop":{"background-color":"var(--ast-global-color-5)","background-image":"","background-repeat":"repeat","background-position":"center center","background-size":"auto","background-attachment":"scroll","background-type":"","background-media":"","overlay-type":"","overlay-color":"","overlay-opacity":"","overlay-gradient":""},"tablet":{"background-color":"var(--ast-global-color-5)","background-image":"","background-repeat":"repeat","background-position":"center center","background-size":"auto","background-attachment":"scroll","background-type":"","background-media":"","overlay-type":"","overlay-color":"","overlay-opacity":"","overlay-gradient":""},"mobile":{"background-color":"var(--ast-global-color-5)","background-image":"","background-repeat":"repeat","background-position":"center center","background-size":"auto","background-attachment":"scroll","background-type":"","background-media":"","overlay-type":"","overlay-color":"","overlay-opacity":"","overlay-gradient":""}}},"product_cat":[59],"product_tag":[],"class_list":{"0":"post-6421","1":"product","2":"type-product","3":"status-publish","4":"has-post-thumbnail","6":"product_cat-parfumfemme","7":"desktop-align-center","8":"tablet-align-left","9":"mobile-align-center","11":"first","12":"instock","13":"sale","14":"shipping-taxable","15":"purchasable","16":"product-type-simple"},"uagb_featured_image_src":{"full":["https:\/\/masilaparfum.com\/wp-content\/uploads\/2023\/04\/AHyAlGbggooCHnjPx7x0ABOsjwY4UcOU0fUCYeJe_lg-1.png",650,650,false],"thumbnail":["https:\/\/masilaparfum.com\/wp-content\/uploads\/2023\/04\/AHyAlGbggooCHnjPx7x0ABOsjwY4UcOU0fUCYeJe_lg-1-150x150.png",150,150,true],"medium":["https:\/\/masilaparfum.com\/wp-content\/uploads\/2023\/04\/AHyAlGbggooCHnjPx7x0ABOsjwY4UcOU0fUCYeJe_lg-1-300x300.png",300,300,true],"medium_large":["https:\/\/masilaparfum.com\/wp-content\/uploads\/2023\/04\/AHyAlGbggooCHnjPx7x0ABOsjwY4UcOU0fUCYeJe_lg-1.png",650,650,false],"large":["https:\/\/masilaparfum.com\/wp-content\/uploads\/2023\/04\/AHyAlGbggooCHnjPx7x0ABOsjwY4UcOU0fUCYeJe_lg-1.png",650,650,false],"1536x1536":["https:\/\/masilaparfum.com\/wp-content\/uploads\/2023\/04\/AHyAlGbggooCHnjPx7x0ABOsjwY4UcOU0fUCYeJe_lg-1.png",650,650,false],"2048x2048":["https:\/\/masilaparfum.com\/wp-content\/uploads\/2023\/04\/AHyAlGbggooCHnjPx7x0ABOsjwY4UcOU0fUCYeJe_lg-1.png",650,650,false],"mailpoet_newsletter_max":["https:\/\/masilaparfum.com\/wp-content\/uploads\/2023\/04\/AHyAlGbggooCHnjPx7x0ABOsjwY4UcOU0fUCYeJe_lg-1.png",650,650,false],"woocommerce_thumbnail":["https:\/\/masilaparfum.com\/wp-content\/uploads\/2023\/04\/AHyAlGbggooCHnjPx7x0ABOsjwY4UcOU0fUCYeJe_lg-1-300x300.png",300,300,true],"woocommerce_single":["https:\/\/masilaparfum.com\/wp-content\/uploads\/2023\/04\/AHyAlGbggooCHnjPx7x0ABOsjwY4UcOU0fUCYeJe_lg-1-600x600.png",600,600,true],"woocommerce_gallery_thumbnail":["https:\/\/masilaparfum.com\/wp-content\/uploads\/2023\/04\/AHyAlGbggooCHnjPx7x0ABOsjwY4UcOU0fUCYeJe_lg-1-100x100.png",100,100,true],"wcpr-photo-reviews":["https:\/\/masilaparfum.com\/wp-content\/uploads\/2023\/04\/AHyAlGbggooCHnjPx7x0ABOsjwY4UcOU0fUCYeJe_lg-1.png",500,500,false]},"uagb_author_info":{"display_name":"masilaparfum","author_link":"https:\/\/masilaparfum.com\/index.php\/author\/"},"uagb_comment_info":0,"uagb_excerpt":"COCO MADEMOISELLE CHANEL COCO MADEMOISELLE Eau de Parfum Intense. L'essence d'une femme libre et envo\u00fbtante. Un oriental bois\u00e9 et ambr\u00e9 au caract\u00e8re cors\u00e9\u00a0: sensuel, profond, addictif. COCO MADEMOISELLE Eau de Parfum Intense est un oriental, bois\u00e9 et ambr\u00e9 au caract\u00e8re extr\u00eame. Le parfum s'articule autour d'une overdose de patchouli soulign\u00e9e par la chaleur d'un accord\u2026","_links":{"self":[{"href":"https:\/\/masilaparfum.com\/index.php\/wp-json\/wp\/v2\/product\/6421","targetHints":{"allow":["GET"]}}],"collection":[{"href":"https:\/\/masilaparfum.com\/index.php\/wp-json\/wp\/v2\/product"}],"about":[{"href":"https:\/\/masilaparfum.com\/index.php\/wp-json\/wp\/v2\/types\/product"}],"replies":[{"embeddable":true,"href":"https:\/\/masilaparfum.com\/index.php\/wp-json\/wp\/v2\/comments?post=6421"}],"wp:featuredmedia":[{"embeddable":true,"href":"https:\/\/masilaparfum.com\/index.php\/wp-json\/wp\/v2\/media\/6424"}],"wp:attachment":[{"href":"https:\/\/masilaparfum.com\/index.php\/wp-json\/wp\/v2\/media?parent=6421"}],"wp:term":[{"taxonomy":"product_cat","embeddable":true,"href":"https:\/\/masilaparfum.com\/index.php\/wp-json\/wp\/v2\/product_cat?post=6421"},{"taxonomy":"product_tag","embeddable":true,"href":"https:\/\/masilaparfum.com\/index.php\/wp-json\/wp\/v2\/product_tag?post=6421"}],"curies":[{"name":"wp","href":"https:\/\/api.w.org\/{rel}","templated":true}]}}