{"id":6262,"date":"2023-03-21T19:48:44","date_gmt":"2023-03-21T19:48:44","guid":{"rendered":"https:\/\/masilaparfum.com\/?post_type=product&#038;p=6262"},"modified":"2025-09-23T22:06:36","modified_gmt":"2025-09-23T21:06:36","slug":"invictus-legend-paco-rabanne-100ml","status":"publish","type":"product","link":"https:\/\/masilaparfum.com\/index.php\/product\/invictus-legend-paco-rabanne-100ml\/","title":{"rendered":"Invictus Legend Paco Rabanne 100ml"},"content":{"rendered":"<h3 style=\"text-align: center\"><strong><em>Invictus Legend Paco Rabanne 100ml<\/em> <\/strong><\/h3>\n<p style=\"text-align: center\"><strong><em>Un parfum pour HOMME<\/em><\/strong><\/p>\n<p style=\"text-align: center\"><em>Invictus Legend\u00a0de\u00a0Paco Rabanne est un parfum Bois\u00e9 Aromatique pour homme.<\/em><\/p>\n<p style=\"text-align: center\"><em>\u00a0Les notes de t\u00eate sont Notes marines, Sel de mer et Pamplemousse; les notes de coeur sont Feuille de laurier, G\u00e9ranium et Epices; les notes de fond sont Ambre rouge et Ga\u00efac.<\/em><\/p>\n","protected":false},"excerpt":{"rendered":"<h3 style=\"text-align: center\"><strong><em>Invictus Legend Paco Rabanne 100ml<\/em> <\/strong><\/h3>\n<p style=\"text-align: center\"><strong><em>Un parfum pour HOMME<\/em><\/strong><\/p>\n<p style=\"text-align: center\"><em>Invictus Legend\u00a0de\u00a0Paco Rabanne est un parfum Bois\u00e9 Aromatique pour homme.<\/em><\/p>\n<p style=\"text-align: center\"><em>\u00a0Les notes de t\u00eate sont Notes marines, Sel de mer et Pamplemousse; les notes de coeur sont Feuille de laurier, G\u00e9ranium et Epices; les notes de fond sont Ambre rouge et Ga\u00efac.<\/em><\/p>\n","protected":false},"featured_media":6264,"comment_status":"open","ping_status":"closed","template":"","meta":{"_uag_custom_page_level_css":"","site-sidebar-layout":"default","site-content-layout":"default","ast-site-content-layout":"","site-content-style":"default","site-sidebar-style":"default","ast-global-header-display":"","ast-banner-title-visibility":"","ast-main-header-display":"","ast-hfb-above-header-display":"","ast-hfb-below-header-display":"","ast-hfb-mobile-header-display":"","site-post-title":"","ast-breadcrumbs-content":"","ast-featured-img":"","footer-sml-layout":"","theme-transparent-header-meta":"default","adv-header-id-meta":"","stick-header-meta":"","header-above-stick-meta":"","header-main-stick-meta":"","header-below-stick-meta":"","astra-migrate-meta-layouts":"default","ast-page-background-enabled":"default","ast-page-background-meta":{"desktop":{"background-color":"","background-image":"","background-repeat":"repeat","background-position":"center center","background-size":"auto","background-attachment":"scroll","background-type":"","background-media":"","overlay-type":"","overlay-color":"","overlay-opacity":"","overlay-gradient":""},"tablet":{"background-color":"","background-image":"","background-repeat":"repeat","background-position":"center center","background-size":"auto","background-attachment":"scroll","background-type":"","background-media":"","overlay-type":"","overlay-color":"","overlay-opacity":"","overlay-gradient":""},"mobile":{"background-color":"","background-image":"","background-repeat":"repeat","background-position":"center center","background-size":"auto","background-attachment":"scroll","background-type":"","background-media":"","overlay-type":"","overlay-color":"","overlay-opacity":"","overlay-gradient":""}},"ast-content-background-meta":{"desktop":{"background-color":"var(--ast-global-color-5)","background-image":"","background-repeat":"repeat","background-position":"center center","background-size":"auto","background-attachment":"scroll","background-type":"","background-media":"","overlay-type":"","overlay-color":"","overlay-opacity":"","overlay-gradient":""},"tablet":{"background-color":"var(--ast-global-color-5)","background-image":"","background-repeat":"repeat","background-position":"center center","background-size":"auto","background-attachment":"scroll","background-type":"","background-media":"","overlay-type":"","overlay-color":"","overlay-opacity":"","overlay-gradient":""},"mobile":{"background-color":"var(--ast-global-color-5)","background-image":"","background-repeat":"repeat","background-position":"center center","background-size":"auto","background-attachment":"scroll","background-type":"","background-media":"","overlay-type":"","overlay-color":"","overlay-opacity":"","overlay-gradient":""}}},"product_cat":[60],"product_tag":[],"class_list":{"0":"post-6262","1":"product","2":"type-product","3":"status-publish","4":"has-post-thumbnail","6":"product_cat-parfumhomme","7":"desktop-align-center","8":"tablet-align-left","9":"mobile-align-center","11":"first","12":"outofstock","13":"shipping-taxable","14":"purchasable","15":"product-type-simple"},"uagb_featured_image_src":{"full":["https:\/\/masilaparfum.com\/wp-content\/uploads\/2023\/03\/26303035705-2.jpeg",700,700,false],"thumbnail":["https:\/\/masilaparfum.com\/wp-content\/uploads\/2023\/03\/26303035705-2-150x150.jpeg",150,150,true],"medium":["https:\/\/masilaparfum.com\/wp-content\/uploads\/2023\/03\/26303035705-2-300x300.jpeg",300,300,true],"medium_large":["https:\/\/masilaparfum.com\/wp-content\/uploads\/2023\/03\/26303035705-2.jpeg",700,700,false],"large":["https:\/\/masilaparfum.com\/wp-content\/uploads\/2023\/03\/26303035705-2.jpeg",700,700,false],"1536x1536":["https:\/\/masilaparfum.com\/wp-content\/uploads\/2023\/03\/26303035705-2.jpeg",700,700,false],"2048x2048":["https:\/\/masilaparfum.com\/wp-content\/uploads\/2023\/03\/26303035705-2.jpeg",700,700,false],"mailpoet_newsletter_max":["https:\/\/masilaparfum.com\/wp-content\/uploads\/2023\/03\/26303035705-2.jpeg",700,700,false],"woocommerce_thumbnail":["https:\/\/masilaparfum.com\/wp-content\/uploads\/2023\/03\/26303035705-2-300x300.jpeg",300,300,true],"woocommerce_single":["https:\/\/masilaparfum.com\/wp-content\/uploads\/2023\/03\/26303035705-2-600x600.jpeg",600,600,true],"woocommerce_gallery_thumbnail":["https:\/\/masilaparfum.com\/wp-content\/uploads\/2023\/03\/26303035705-2-100x100.jpeg",100,100,true],"wcpr-photo-reviews":["https:\/\/masilaparfum.com\/wp-content\/uploads\/2023\/03\/26303035705-2.jpeg",500,500,false]},"uagb_author_info":{"display_name":"masilaparfum","author_link":"https:\/\/masilaparfum.com\/index.php\/author\/"},"uagb_comment_info":0,"uagb_excerpt":"Invictus Legend Paco Rabanne 100ml Un parfum pour HOMME Invictus Legend\u00a0de\u00a0Paco Rabanne est un parfum Bois\u00e9 Aromatique pour homme. \u00a0Les notes de t\u00eate sont Notes marines, Sel de mer et Pamplemousse; les notes de coeur sont Feuille de laurier, G\u00e9ranium et Epices; les notes de fond sont Ambre rouge et Ga\u00efac.","_links":{"self":[{"href":"https:\/\/masilaparfum.com\/index.php\/wp-json\/wp\/v2\/product\/6262","targetHints":{"allow":["GET"]}}],"collection":[{"href":"https:\/\/masilaparfum.com\/index.php\/wp-json\/wp\/v2\/product"}],"about":[{"href":"https:\/\/masilaparfum.com\/index.php\/wp-json\/wp\/v2\/types\/product"}],"replies":[{"embeddable":true,"href":"https:\/\/masilaparfum.com\/index.php\/wp-json\/wp\/v2\/comments?post=6262"}],"wp:featuredmedia":[{"embeddable":true,"href":"https:\/\/masilaparfum.com\/index.php\/wp-json\/wp\/v2\/media\/6264"}],"wp:attachment":[{"href":"https:\/\/masilaparfum.com\/index.php\/wp-json\/wp\/v2\/media?parent=6262"}],"wp:term":[{"taxonomy":"product_cat","embeddable":true,"href":"https:\/\/masilaparfum.com\/index.php\/wp-json\/wp\/v2\/product_cat?post=6262"},{"taxonomy":"product_tag","embeddable":true,"href":"https:\/\/masilaparfum.com\/index.php\/wp-json\/wp\/v2\/product_tag?post=6262"}],"curies":[{"name":"wp","href":"https:\/\/api.w.org\/{rel}","templated":true}]}}