{"id":6259,"date":"2023-03-21T19:37:37","date_gmt":"2023-03-21T19:37:37","guid":{"rendered":"https:\/\/masilaparfum.com\/?post_type=product&#038;p=6259"},"modified":"2023-03-21T19:37:37","modified_gmt":"2023-03-21T19:37:37","slug":"dior-fahrenheit-100ml","status":"publish","type":"product","link":"https:\/\/masilaparfum.com\/index.php\/product\/dior-fahrenheit-100ml\/","title":{"rendered":"DIOR FAHRENHEIT 100ml"},"content":{"rendered":"<h3 style=\"text-align: center;\"><strong><em>DIOR FAHRENHEIT 100ML<\/em><\/strong><\/h3>\n<p style=\"text-align: center;\"><strong><em>Un parfum pour HOMME<\/em><\/strong><\/p>\n<p style=\"text-align: center;\"><em>Fahrenheit Eau de Toilette est un parfum bois\u00e9 cuir. Un parfum unique. L\u2019alliance de la Violette et de notes bois\u00e9es-cuir\u00e9es.<br \/>\nLa note de t\u00eate est li\u00e9e \u00e0 la premi\u00e8re impression olfactive et est la plus volatile.<br \/>\nLa note de coeur constitue le coeur du parfum et demeure pendant plusieurs heures.<br \/>\nLa note de fond est celle qui persiste le plus longtemps et qui impr\u00e8gne un v\u00e9tement plusieurs mois.<br \/>\n<\/em><\/p>\n<p style=\"text-align: center;\"><em>Testeur identique au parfum original<\/em><\/p>\n","protected":false},"excerpt":{"rendered":"<h3 style=\"text-align: center;\"><strong><em>DIOR FAHRENHEIT 100ML<\/em><\/strong><\/h3>\n<p style=\"text-align: center;\"><strong><em>Un parfum pour HOMME<\/em><\/strong><\/p>\n<p style=\"text-align: center;\"><em>Fahrenheit Eau de Toilette est un parfum bois\u00e9 cuir. Un parfum unique. L\u2019alliance de la Violette et de notes bois\u00e9es-cuir\u00e9es.<br \/>\nLa note de t\u00eate est li\u00e9e \u00e0 la premi\u00e8re impression olfactive et est la plus volatile.<br \/>\nLa note de coeur constitue le coeur du parfum et demeure pendant plusieurs heures.<br \/>\nLa note de fond est celle qui persiste le plus longtemps et qui impr\u00e8gne un v\u00e9tement plusieurs mois.<\/em><\/p>\n","protected":false},"featured_media":6260,"comment_status":"open","ping_status":"closed","template":"","meta":{"_uag_custom_page_level_css":"","site-sidebar-layout":"default","site-content-layout":"default","ast-site-content-layout":"","site-content-style":"default","site-sidebar-style":"default","ast-global-header-display":"","ast-banner-title-visibility":"","ast-main-header-display":"","ast-hfb-above-header-display":"","ast-hfb-below-header-display":"","ast-hfb-mobile-header-display":"","site-post-title":"","ast-breadcrumbs-content":"","ast-featured-img":"","footer-sml-layout":"","theme-transparent-header-meta":"default","adv-header-id-meta":"","stick-header-meta":"","header-above-stick-meta":"","header-main-stick-meta":"","header-below-stick-meta":"","astra-migrate-meta-layouts":"default","ast-page-background-enabled":"default","ast-page-background-meta":{"desktop":{"background-color":"","background-image":"","background-repeat":"repeat","background-position":"center center","background-size":"auto","background-attachment":"scroll","background-type":"","background-media":"","overlay-type":"","overlay-color":"","overlay-opacity":"","overlay-gradient":""},"tablet":{"background-color":"","background-image":"","background-repeat":"repeat","background-position":"center center","background-size":"auto","background-attachment":"scroll","background-type":"","background-media":"","overlay-type":"","overlay-color":"","overlay-opacity":"","overlay-gradient":""},"mobile":{"background-color":"","background-image":"","background-repeat":"repeat","background-position":"center center","background-size":"auto","background-attachment":"scroll","background-type":"","background-media":"","overlay-type":"","overlay-color":"","overlay-opacity":"","overlay-gradient":""}},"ast-content-background-meta":{"desktop":{"background-color":"var(--ast-global-color-5)","background-image":"","background-repeat":"repeat","background-position":"center center","background-size":"auto","background-attachment":"scroll","background-type":"","background-media":"","overlay-type":"","overlay-color":"","overlay-opacity":"","overlay-gradient":""},"tablet":{"background-color":"var(--ast-global-color-5)","background-image":"","background-repeat":"repeat","background-position":"center center","background-size":"auto","background-attachment":"scroll","background-type":"","background-media":"","overlay-type":"","overlay-color":"","overlay-opacity":"","overlay-gradient":""},"mobile":{"background-color":"var(--ast-global-color-5)","background-image":"","background-repeat":"repeat","background-position":"center center","background-size":"auto","background-attachment":"scroll","background-type":"","background-media":"","overlay-type":"","overlay-color":"","overlay-opacity":"","overlay-gradient":""}}},"product_cat":[60],"product_tag":[],"class_list":{"0":"post-6259","1":"product","2":"type-product","3":"status-publish","4":"has-post-thumbnail","6":"product_cat-parfumhomme","7":"desktop-align-center","8":"tablet-align-left","9":"mobile-align-center","11":"first","12":"instock","13":"shipping-taxable","14":"purchasable","15":"product-type-simple"},"uagb_featured_image_src":{"full":["https:\/\/masilaparfum.com\/wp-content\/uploads\/2023\/03\/chloe-see-by-chloe-75-ml.jpeg",800,800,false],"thumbnail":["https:\/\/masilaparfum.com\/wp-content\/uploads\/2023\/03\/chloe-see-by-chloe-75-ml-150x150.jpeg",150,150,true],"medium":["https:\/\/masilaparfum.com\/wp-content\/uploads\/2023\/03\/chloe-see-by-chloe-75-ml-300x300.jpeg",300,300,true],"medium_large":["https:\/\/masilaparfum.com\/wp-content\/uploads\/2023\/03\/chloe-see-by-chloe-75-ml-768x768.jpeg",768,768,true],"large":["https:\/\/masilaparfum.com\/wp-content\/uploads\/2023\/03\/chloe-see-by-chloe-75-ml.jpeg",800,800,false],"1536x1536":["https:\/\/masilaparfum.com\/wp-content\/uploads\/2023\/03\/chloe-see-by-chloe-75-ml.jpeg",800,800,false],"2048x2048":["https:\/\/masilaparfum.com\/wp-content\/uploads\/2023\/03\/chloe-see-by-chloe-75-ml.jpeg",800,800,false],"mailpoet_newsletter_max":["https:\/\/masilaparfum.com\/wp-content\/uploads\/2023\/03\/chloe-see-by-chloe-75-ml.jpeg",800,800,false],"woocommerce_thumbnail":["https:\/\/masilaparfum.com\/wp-content\/uploads\/2023\/03\/chloe-see-by-chloe-75-ml-300x300.jpeg",300,300,true],"woocommerce_single":["https:\/\/masilaparfum.com\/wp-content\/uploads\/2023\/03\/chloe-see-by-chloe-75-ml-600x600.jpeg",600,600,true],"woocommerce_gallery_thumbnail":["https:\/\/masilaparfum.com\/wp-content\/uploads\/2023\/03\/chloe-see-by-chloe-75-ml-100x100.jpeg",100,100,true],"wcpr-photo-reviews":["https:\/\/masilaparfum.com\/wp-content\/uploads\/2023\/03\/chloe-see-by-chloe-75-ml.jpeg",500,500,false]},"uagb_author_info":{"display_name":"masilaparfum","author_link":"https:\/\/masilaparfum.com\/index.php\/author\/"},"uagb_comment_info":0,"uagb_excerpt":"DIOR FAHRENHEIT 100ML Un parfum pour HOMME Fahrenheit Eau de Toilette est un parfum bois\u00e9 cuir. Un parfum unique. L\u2019alliance de la Violette et de notes bois\u00e9es-cuir\u00e9es. La note de t\u00eate est li\u00e9e \u00e0 la premi\u00e8re impression olfactive et est la plus volatile. La note de coeur constitue le coeur du parfum et demeure pendant\u2026","_links":{"self":[{"href":"https:\/\/masilaparfum.com\/index.php\/wp-json\/wp\/v2\/product\/6259","targetHints":{"allow":["GET"]}}],"collection":[{"href":"https:\/\/masilaparfum.com\/index.php\/wp-json\/wp\/v2\/product"}],"about":[{"href":"https:\/\/masilaparfum.com\/index.php\/wp-json\/wp\/v2\/types\/product"}],"replies":[{"embeddable":true,"href":"https:\/\/masilaparfum.com\/index.php\/wp-json\/wp\/v2\/comments?post=6259"}],"wp:featuredmedia":[{"embeddable":true,"href":"https:\/\/masilaparfum.com\/index.php\/wp-json\/wp\/v2\/media\/6260"}],"wp:attachment":[{"href":"https:\/\/masilaparfum.com\/index.php\/wp-json\/wp\/v2\/media?parent=6259"}],"wp:term":[{"taxonomy":"product_cat","embeddable":true,"href":"https:\/\/masilaparfum.com\/index.php\/wp-json\/wp\/v2\/product_cat?post=6259"},{"taxonomy":"product_tag","embeddable":true,"href":"https:\/\/masilaparfum.com\/index.php\/wp-json\/wp\/v2\/product_tag?post=6259"}],"curies":[{"name":"wp","href":"https:\/\/api.w.org\/{rel}","templated":true}]}}