{"id":6252,"date":"2023-03-21T19:18:17","date_gmt":"2023-03-21T19:18:17","guid":{"rendered":"https:\/\/masilaparfum.com\/?post_type=product&#038;p=6252"},"modified":"2024-10-08T00:22:27","modified_gmt":"2024-10-07T23:22:27","slug":"sauvage-dior-elixir-60ml","status":"publish","type":"product","link":"https:\/\/masilaparfum.com\/index.php\/product\/sauvage-dior-elixir-60ml\/","title":{"rendered":"SAUVAGE DIOR ELIXIR 60ML"},"content":{"rendered":"<div class=\"product-section\">\n<h3 class=\"single-title\" style=\"text-align: center\"><em>SAUVAGE DIOR ELIXIR 60ML<\/em><\/h3>\n<p style=\"text-align: center\"><em><strong>Un parfum pour HOMME<\/strong><\/em><\/p>\n<p style=\"text-align: center\"><em>Sauvage Elixir bouscule les codes de la parfumerie masculine en explorant les limites d&rsquo;une concentration extr\u00eame. Les notes bois\u00e9es, fra\u00eeches et \u00e9pic\u00e9es s&rsquo;expriment avec exaltation pour faire na\u00eetre le sillage de Sauvage Elixir.<\/em><\/p>\n<p style=\"text-align: center\"><em>Sauvage Elixir est un parfum \u00e0 la concentration hors normes* dans lequel la fra\u00eecheur embl\u00e9matique de Sauvage s&rsquo;enivre d&rsquo;un c ur d&rsquo;\u00e9pices, d&rsquo;une essence de lavande \u00ab sur mesure \u00bb et d&rsquo;un assemblage de bois liquoreux signant un nouveau sillage puissant, rac\u00e9 et envo\u00fbtant. Fran\u00e7ois Demachy, le Parfumeur Cr\u00e9ateur Dior, a cr\u00e9\u00e9 le parfum Sauvage Elixir comme une liqueur aux mati\u00e8res d&rsquo;exception. Cette concentration a \u00e9t\u00e9 rendue possible gr\u00e2ce \u00e0 la qualit\u00e9 exceptionnelle des mati\u00e8res premi\u00e8res : Sauvage Elixir est un parfum aussi unique et rare que l&rsquo;apparition d&rsquo;une lune rousse dans la nuit. Sauvage Elixir concentre sa puissance dans un flacon de verre laqu\u00e9 bleu nuit au format unique* de 60 ml. Pr\u00e9cieux, ce flacon aux allures de fiole multiplie les signes de sophistication : le nom magique du parfum est inscrit en argent brillant sur une \u00e9tiquette creus\u00e9e \u00e0 m\u00eame le verre. Le fond en forme de d\u00f4me grav\u00e9 du logo \u00ab CD \u00bb signe sa silhouette. * Chez Dior.<\/em><\/p>\n<p style=\"text-align: center\"><em>Sauvage Elixir est un parfum \u00e0 la concentration hors normes* dans lequel la fra\u00eecheur embl\u00e9matique de Sauvage s&rsquo;enivre d&rsquo;un c ur d&rsquo;\u00e9pices, d&rsquo;une essence de lavande \u00ab sur mesure \u00bb et d&rsquo;un assemblage de bois liquoreux signant un nouveau sillage puissant, rac\u00e9 et envo\u00fbtant. Fran\u00e7ois Demachy, le Parfumeur Cr\u00e9ateur Dior, a cr\u00e9\u00e9 le parfum Sauvage Elixir comme une liqueur aux mati\u00e8res d&rsquo;exception. Cette concentration a \u00e9t\u00e9 rendue possible gr\u00e2ce \u00e0 la qualit\u00e9 exceptionnelle des mati\u00e8res premi\u00e8res : Sauvage Elixir est un parfum aussi unique et rare que l&rsquo;apparition d&rsquo;une lune rousse dans la nuit. Sauvage Elixir concentre sa puissance dans un flacon de verre laqu\u00e9 bleu nuit au format unique* de 60 ml. Pr\u00e9cieux, ce flacon aux allures de fiole multiplie les signes de sophistication : le nom magique du parfum est inscrit en argent brillant sur une \u00e9tiquette creus\u00e9e \u00e0 m\u00eame le verre. Le fond en forme de d\u00f4me grav\u00e9 du logo \u00ab CD \u00bb signe sa silhouette. * Chez Dior.<\/em><\/p>\n<p style=\"text-align: center\">QUALITE GARANTIE<\/p>\n<p style=\"text-align: center\">PARFUM TESTEUR<\/p>\n<\/div>\n<div class=\"product-section price-section\">\n<h3 class=\"single-price\" style=\"text-align: center\"><\/h3>\n<\/div>\n","protected":false},"excerpt":{"rendered":"<h3 class=\"single-title\" style=\"text-align: center\"><em>SAUVAGE DIOR ELIXIR 60ML<\/em><\/h3>\n<p style=\"text-align: center\"><em><strong>Un parfum pour HOMME<\/strong><\/em><\/p>\n<p style=\"text-align: center\"><em>Sauvage Elixir bouscule les codes de la parfumerie masculine en explorant les limites d&rsquo;une concentration extr\u00eame. Les notes bois\u00e9es, fra\u00eeches et \u00e9pic\u00e9es s&rsquo;expriment avec exaltation pour faire na\u00eetre le sillage de Sauvage Elixir.<\/em><\/p>\n","protected":false},"featured_media":6672,"comment_status":"open","ping_status":"closed","template":"","meta":{"_uag_custom_page_level_css":"","site-sidebar-layout":"default","site-content-layout":"default","ast-site-content-layout":"","site-content-style":"default","site-sidebar-style":"default","ast-global-header-display":"","ast-banner-title-visibility":"","ast-main-header-display":"","ast-hfb-above-header-display":"","ast-hfb-below-header-display":"","ast-hfb-mobile-header-display":"","site-post-title":"","ast-breadcrumbs-content":"","ast-featured-img":"","footer-sml-layout":"","theme-transparent-header-meta":"default","adv-header-id-meta":"","stick-header-meta":"","header-above-stick-meta":"","header-main-stick-meta":"","header-below-stick-meta":"","astra-migrate-meta-layouts":"default","ast-page-background-enabled":"default","ast-page-background-meta":{"desktop":{"background-color":"","background-image":"","background-repeat":"repeat","background-position":"center center","background-size":"auto","background-attachment":"scroll","background-type":"","background-media":"","overlay-type":"","overlay-color":"","overlay-opacity":"","overlay-gradient":""},"tablet":{"background-color":"","background-image":"","background-repeat":"repeat","background-position":"center center","background-size":"auto","background-attachment":"scroll","background-type":"","background-media":"","overlay-type":"","overlay-color":"","overlay-opacity":"","overlay-gradient":""},"mobile":{"background-color":"","background-image":"","background-repeat":"repeat","background-position":"center center","background-size":"auto","background-attachment":"scroll","background-type":"","background-media":"","overlay-type":"","overlay-color":"","overlay-opacity":"","overlay-gradient":""}},"ast-content-background-meta":{"desktop":{"background-color":"var(--ast-global-color-5)","background-image":"","background-repeat":"repeat","background-position":"center center","background-size":"auto","background-attachment":"scroll","background-type":"","background-media":"","overlay-type":"","overlay-color":"","overlay-opacity":"","overlay-gradient":""},"tablet":{"background-color":"var(--ast-global-color-5)","background-image":"","background-repeat":"repeat","background-position":"center center","background-size":"auto","background-attachment":"scroll","background-type":"","background-media":"","overlay-type":"","overlay-color":"","overlay-opacity":"","overlay-gradient":""},"mobile":{"background-color":"var(--ast-global-color-5)","background-image":"","background-repeat":"repeat","background-position":"center center","background-size":"auto","background-attachment":"scroll","background-type":"","background-media":"","overlay-type":"","overlay-color":"","overlay-opacity":"","overlay-gradient":""}}},"product_cat":[60],"product_tag":[],"class_list":{"0":"post-6252","1":"product","2":"type-product","3":"status-publish","4":"has-post-thumbnail","6":"product_cat-parfumhomme","7":"desktop-align-center","8":"tablet-align-left","9":"mobile-align-center","11":"first","12":"instock","13":"shipping-taxable","14":"purchasable","15":"product-type-simple"},"uagb_featured_image_src":{"full":["https:\/\/masilaparfum.com\/wp-content\/uploads\/2023\/03\/telechargement-6-1.jpeg",224,224,false],"thumbnail":["https:\/\/masilaparfum.com\/wp-content\/uploads\/2023\/03\/telechargement-6-1-150x150.jpeg",150,150,true],"medium":["https:\/\/masilaparfum.com\/wp-content\/uploads\/2023\/03\/telechargement-6-1.jpeg",224,224,false],"medium_large":["https:\/\/masilaparfum.com\/wp-content\/uploads\/2023\/03\/telechargement-6-1.jpeg",224,224,false],"large":["https:\/\/masilaparfum.com\/wp-content\/uploads\/2023\/03\/telechargement-6-1.jpeg",224,224,false],"1536x1536":["https:\/\/masilaparfum.com\/wp-content\/uploads\/2023\/03\/telechargement-6-1.jpeg",224,224,false],"2048x2048":["https:\/\/masilaparfum.com\/wp-content\/uploads\/2023\/03\/telechargement-6-1.jpeg",224,224,false],"mailpoet_newsletter_max":["https:\/\/masilaparfum.com\/wp-content\/uploads\/2023\/03\/telechargement-6-1.jpeg",224,224,false],"woocommerce_thumbnail":["https:\/\/masilaparfum.com\/wp-content\/uploads\/2023\/03\/telechargement-6-1.jpeg",224,224,false],"woocommerce_single":["https:\/\/masilaparfum.com\/wp-content\/uploads\/2023\/03\/telechargement-6-1.jpeg",224,224,false],"woocommerce_gallery_thumbnail":["https:\/\/masilaparfum.com\/wp-content\/uploads\/2023\/03\/telechargement-6-1-100x100.jpeg",100,100,true],"wcpr-photo-reviews":["https:\/\/masilaparfum.com\/wp-content\/uploads\/2023\/03\/telechargement-6-1.jpeg",224,224,false]},"uagb_author_info":{"display_name":"masilaparfum","author_link":"https:\/\/masilaparfum.com\/index.php\/author\/"},"uagb_comment_info":0,"uagb_excerpt":"SAUVAGE DIOR ELIXIR 60ML Un parfum pour HOMME Sauvage Elixir bouscule les codes de la parfumerie masculine en explorant les limites d'une concentration extr\u00eame. Les notes bois\u00e9es, fra\u00eeches et \u00e9pic\u00e9es s'expriment avec exaltation pour faire na\u00eetre le sillage de Sauvage Elixir.","_links":{"self":[{"href":"https:\/\/masilaparfum.com\/index.php\/wp-json\/wp\/v2\/product\/6252","targetHints":{"allow":["GET"]}}],"collection":[{"href":"https:\/\/masilaparfum.com\/index.php\/wp-json\/wp\/v2\/product"}],"about":[{"href":"https:\/\/masilaparfum.com\/index.php\/wp-json\/wp\/v2\/types\/product"}],"replies":[{"embeddable":true,"href":"https:\/\/masilaparfum.com\/index.php\/wp-json\/wp\/v2\/comments?post=6252"}],"wp:featuredmedia":[{"embeddable":true,"href":"https:\/\/masilaparfum.com\/index.php\/wp-json\/wp\/v2\/media\/6672"}],"wp:attachment":[{"href":"https:\/\/masilaparfum.com\/index.php\/wp-json\/wp\/v2\/media?parent=6252"}],"wp:term":[{"taxonomy":"product_cat","embeddable":true,"href":"https:\/\/masilaparfum.com\/index.php\/wp-json\/wp\/v2\/product_cat?post=6252"},{"taxonomy":"product_tag","embeddable":true,"href":"https:\/\/masilaparfum.com\/index.php\/wp-json\/wp\/v2\/product_tag?post=6252"}],"curies":[{"name":"wp","href":"https:\/\/api.w.org\/{rel}","templated":true}]}}