{"id":6243,"date":"2023-03-21T19:05:20","date_gmt":"2023-03-21T19:05:20","guid":{"rendered":"https:\/\/masilaparfum.com\/?post_type=product&#038;p=6243"},"modified":"2025-07-04T17:30:48","modified_gmt":"2025-07-04T16:30:48","slug":"dg-light-blue-edt-125ml","status":"publish","type":"product","link":"https:\/\/masilaparfum.com\/index.php\/product\/dg-light-blue-edt-125ml\/","title":{"rendered":"D&amp;G LIGHT BLUE HOMME EDT 125ML"},"content":{"rendered":"<div class=\"product-section\">\n<h3 class=\"single-title\" style=\"text-align: center\"><strong><em>D&amp;G LIGHT BLUE pr Homme 125ML<\/em><\/strong><\/h3>\n<p style=\"text-align: center\"><strong><em>Un parfum pour HOMME<\/em><\/strong><\/p>\n<p style=\"text-align: center\"><em>Dolce &amp; Gabbana Light Blue Pour Homme, un nouveau parfum aux notes masculines pour l&rsquo;homme qui incarne l&rsquo;\u00e9tat d&rsquo;esprit m\u00e9diterran\u00e9en : charmant, sexy et s\u00e9ducteur.<\/em><\/p>\n<p style=\"text-align: center\"><em>Light Blue Pour Homme est con\u00e7u pour l&rsquo;homme Dolce &amp; Gabbana : sensuel et moderne, il aime prendre soin de soi et entretient son corps par le sport.Le parfum renferme les senteurs fra\u00eeches, \u00e9pic\u00e9es et sensuelles de la M\u00e9diterran\u00e9e qui est, selon nous, le terrain de jeux r\u00eav\u00e9 des s\u00e9ducteurs \u00bb, expliquent Domenico Dolce et Stefano Gabbana.Dolce &amp; Gabbana Light Blue Pour Homme se caract\u00e9rise par son charme et sa fra\u00eecheur sophistiqu\u00e9e.<\/em><\/p>\n<p style=\"text-align: center\"><em>QUALITE GARANTIE<\/em><\/p>\n<p style=\"text-align: center\"><em>PARFUM TESTEUR<\/em><\/p>\n<\/div>\n<div class=\"product-section price-section\">\n<h3 class=\"single-price\" style=\"text-align: center\"><\/h3>\n<\/div>\n","protected":false},"excerpt":{"rendered":"<p>D&amp;G LIGHT BLUE pr Homme 125ML Un parfum pour HOMME Dolce &amp; Gabbana Light Blue Pour Homme, un nouveau parfum aux notes masculines pour l&rsquo;homme qui incarne l&rsquo;\u00e9tat d&rsquo;esprit m\u00e9diterran\u00e9en : charmant, sexy et s\u00e9ducteur. Light Blue Pour Homme est con\u00e7u pour l&rsquo;homme Dolce &amp; Gabbana : sensuel et moderne, il aime prendre soin de [&hellip;]<\/p>\n","protected":false},"featured_media":6244,"comment_status":"open","ping_status":"closed","template":"","meta":{"_uag_custom_page_level_css":"","site-sidebar-layout":"default","site-content-layout":"default","ast-site-content-layout":"default","site-content-style":"default","site-sidebar-style":"default","ast-global-header-display":"","ast-banner-title-visibility":"","ast-main-header-display":"","ast-hfb-above-header-display":"","ast-hfb-below-header-display":"","ast-hfb-mobile-header-display":"","site-post-title":"","ast-breadcrumbs-content":"","ast-featured-img":"","footer-sml-layout":"","theme-transparent-header-meta":"default","adv-header-id-meta":"","stick-header-meta":"","header-above-stick-meta":"","header-main-stick-meta":"","header-below-stick-meta":"","astra-migrate-meta-layouts":"set","ast-page-background-enabled":"default","ast-page-background-meta":{"desktop":{"background-color":"","background-image":"","background-repeat":"repeat","background-position":"center center","background-size":"auto","background-attachment":"scroll","background-type":"","background-media":"","overlay-type":"","overlay-color":"","overlay-opacity":"","overlay-gradient":""},"tablet":{"background-color":"","background-image":"","background-repeat":"repeat","background-position":"center center","background-size":"auto","background-attachment":"scroll","background-type":"","background-media":"","overlay-type":"","overlay-color":"","overlay-opacity":"","overlay-gradient":""},"mobile":{"background-color":"","background-image":"","background-repeat":"repeat","background-position":"center center","background-size":"auto","background-attachment":"scroll","background-type":"","background-media":"","overlay-type":"","overlay-color":"","overlay-opacity":"","overlay-gradient":""}},"ast-content-background-meta":{"desktop":{"background-color":"var(--ast-global-color-5)","background-image":"","background-repeat":"repeat","background-position":"center center","background-size":"auto","background-attachment":"scroll","background-type":"","background-media":"","overlay-type":"","overlay-color":"","overlay-opacity":"","overlay-gradient":""},"tablet":{"background-color":"var(--ast-global-color-5)","background-image":"","background-repeat":"repeat","background-position":"center center","background-size":"auto","background-attachment":"scroll","background-type":"","background-media":"","overlay-type":"","overlay-color":"","overlay-opacity":"","overlay-gradient":""},"mobile":{"background-color":"var(--ast-global-color-5)","background-image":"","background-repeat":"repeat","background-position":"center center","background-size":"auto","background-attachment":"scroll","background-type":"","background-media":"","overlay-type":"","overlay-color":"","overlay-opacity":"","overlay-gradient":""}}},"product_cat":[60],"product_tag":[],"class_list":{"0":"post-6243","1":"product","2":"type-product","3":"status-publish","4":"has-post-thumbnail","6":"product_cat-parfumhomme","7":"desktop-align-center","8":"tablet-align-left","9":"mobile-align-center","11":"first","12":"instock","13":"sale","14":"shipping-taxable","15":"purchasable","16":"product-type-simple"},"uagb_featured_image_src":{"full":["https:\/\/masilaparfum.com\/wp-content\/uploads\/2023\/03\/157867_swatch.jpeg",870,1030,false],"thumbnail":["https:\/\/masilaparfum.com\/wp-content\/uploads\/2023\/03\/157867_swatch-150x150.jpeg",150,150,true],"medium":["https:\/\/masilaparfum.com\/wp-content\/uploads\/2023\/03\/157867_swatch-300x300.jpeg",300,300,true],"medium_large":["https:\/\/masilaparfum.com\/wp-content\/uploads\/2023\/03\/157867_swatch-768x768.jpeg",768,768,true],"large":["https:\/\/masilaparfum.com\/wp-content\/uploads\/2023\/03\/157867_swatch-870x1024.jpeg",870,1024,true],"1536x1536":["https:\/\/masilaparfum.com\/wp-content\/uploads\/2023\/03\/157867_swatch.jpeg",870,1030,false],"2048x2048":["https:\/\/masilaparfum.com\/wp-content\/uploads\/2023\/03\/157867_swatch.jpeg",870,1030,false],"mailpoet_newsletter_max":["https:\/\/masilaparfum.com\/wp-content\/uploads\/2023\/03\/157867_swatch.jpeg",870,1030,false],"woocommerce_thumbnail":["https:\/\/masilaparfum.com\/wp-content\/uploads\/2023\/03\/157867_swatch-300x300.jpeg",300,300,true],"woocommerce_single":["https:\/\/masilaparfum.com\/wp-content\/uploads\/2023\/03\/157867_swatch-600x710.jpeg",600,710,true],"woocommerce_gallery_thumbnail":["https:\/\/masilaparfum.com\/wp-content\/uploads\/2023\/03\/157867_swatch-100x100.jpeg",100,100,true],"wcpr-photo-reviews":["https:\/\/masilaparfum.com\/wp-content\/uploads\/2023\/03\/157867_swatch.jpeg",422,500,false]},"uagb_author_info":{"display_name":"masilaparfum","author_link":"https:\/\/masilaparfum.com\/index.php\/author\/"},"uagb_comment_info":0,"uagb_excerpt":"D&amp;G LIGHT BLUE pr Homme 125ML Un parfum pour HOMME Dolce &amp; Gabbana Light Blue Pour Homme, un nouveau parfum aux notes masculines pour l&rsquo;homme qui incarne l&rsquo;\u00e9tat d&rsquo;esprit m\u00e9diterran\u00e9en : charmant, sexy et s\u00e9ducteur. Light Blue Pour Homme est con\u00e7u pour l&rsquo;homme Dolce &amp; Gabbana : sensuel et moderne, il aime prendre soin de\u2026","_links":{"self":[{"href":"https:\/\/masilaparfum.com\/index.php\/wp-json\/wp\/v2\/product\/6243","targetHints":{"allow":["GET"]}}],"collection":[{"href":"https:\/\/masilaparfum.com\/index.php\/wp-json\/wp\/v2\/product"}],"about":[{"href":"https:\/\/masilaparfum.com\/index.php\/wp-json\/wp\/v2\/types\/product"}],"replies":[{"embeddable":true,"href":"https:\/\/masilaparfum.com\/index.php\/wp-json\/wp\/v2\/comments?post=6243"}],"wp:featuredmedia":[{"embeddable":true,"href":"https:\/\/masilaparfum.com\/index.php\/wp-json\/wp\/v2\/media\/6244"}],"wp:attachment":[{"href":"https:\/\/masilaparfum.com\/index.php\/wp-json\/wp\/v2\/media?parent=6243"}],"wp:term":[{"taxonomy":"product_cat","embeddable":true,"href":"https:\/\/masilaparfum.com\/index.php\/wp-json\/wp\/v2\/product_cat?post=6243"},{"taxonomy":"product_tag","embeddable":true,"href":"https:\/\/masilaparfum.com\/index.php\/wp-json\/wp\/v2\/product_tag?post=6243"}],"curies":[{"name":"wp","href":"https:\/\/api.w.org\/{rel}","templated":true}]}}