{"id":6238,"date":"2023-03-21T19:00:24","date_gmt":"2023-03-21T19:00:24","guid":{"rendered":"https:\/\/masilaparfum.com\/?post_type=product&#038;p=6238"},"modified":"2023-03-21T19:00:24","modified_gmt":"2023-03-21T19:00:24","slug":"armani-acqua-di-gio-absolu-100ml","status":"publish","type":"product","link":"https:\/\/masilaparfum.com\/index.php\/product\/armani-acqua-di-gio-absolu-100ml\/","title":{"rendered":"ARMANI ACQUA DI GIO absolu 100ml"},"content":{"rendered":"<div class=\"product-section\">\n<h3 class=\"single-title\" style=\"text-align: center;\"><em><strong>ARMANI ACQUA DI GIO absolu 100ml<\/strong><\/em><\/h3>\n<p style=\"text-align: center;\"><em><strong>Un parfum pour HOMME<\/strong><\/em><\/p>\n<p style=\"text-align: center;\"><em>Le parfum pour homme Acqua Di Gio Absolu est un hommage aux racines m\u00e9diterran\u00e9ennes de Giorgio Armani. Ses accords \u00e9voquent l\u2019\u00e9l\u00e9gance du bois alli\u00e9 \u00e0 la fraicheur de la mer. Une ode \u00e0 la fusion de l&rsquo;Homme avec la nature.<\/em><\/p>\n<p style=\"text-align: center;\"><em>C&rsquo;est un \u00e9quilibre parfait entre force et vitalit\u00e9, une eau de parfum, o\u00f9 s&rsquo;unissent des notes aquatiques et bois\u00e9es, devenue un classique de la maison Armani. L&rsquo;univers olfactif d&rsquo;Acqua Di Gio Absolu, c&rsquo;est cette signature caract\u00e9ristique \u00e0 l&rsquo;esprit sensuel et chaleureux. Une connexion avec les \u00e9l\u00e9ments et des senteurs qui invitent \u00e0 un voyage vers l&rsquo;essentiel, loin de la monotonie du quotidien.<\/em><br \/>\n<em>Cette eau de parfum pour homme \u00e0 la fois profonde et magn\u00e9tique tire son charme de ses notes fra\u00eeches et marines d&rsquo;abord. Ensuite vient la chaleur du patchouli, suave et bois\u00e9 \u00e0 la fois. Pour finir, le labdanum apporte sa touche ambr\u00e9 et herbac\u00e9 \u00e0 cette eau de parfum d&rsquo;une nouvelle sensualit\u00e9. On imagine l&rsquo;homme qui porte Acqua Di Gio Absolu authentique et en harmonie avec la nature \u00e0 l\u2019\u00e9tat brut. En accord avec lui-m\u00eame, empreint de libert\u00e9, il a un \u00e9tat sauvage et viril terriblement s\u00e9duisant. Une masculinit\u00e9 naturelle et authentique qui lui conf\u00e8re un charme intemporel convenant \u00e0 tous les hommes.<\/em><\/p>\n<\/div>\n<div class=\"product-section price-section\">\n<h3 class=\"single-price\"><\/h3>\n<\/div>\n","protected":false},"excerpt":{"rendered":"<h3 class=\"single-title\" style=\"text-align: center;\"><em><strong>ARMANI ACQUA DI GIO absolu 100ml<\/strong><\/em><\/h3>\n<p style=\"text-align: center;\"><em><strong>Un parfum pour HOMME<\/strong><\/em><\/p>\n<p style=\"text-align: center;\"><em>Le parfum pour homme Acqua Di Gio Absolu est un hommage aux racines m\u00e9diterran\u00e9ennes de Giorgio Armani. Ses accords \u00e9voquent l\u2019\u00e9l\u00e9gance du bois alli\u00e9 \u00e0 la fraicheur de la mer. Une ode \u00e0 la fusion de l&rsquo;Homme avec la nature.<\/em><\/p>\n","protected":false},"featured_media":6242,"comment_status":"open","ping_status":"closed","template":"","meta":{"_uag_custom_page_level_css":"","site-sidebar-layout":"default","site-content-layout":"default","ast-site-content-layout":"","site-content-style":"default","site-sidebar-style":"default","ast-global-header-display":"","ast-banner-title-visibility":"","ast-main-header-display":"","ast-hfb-above-header-display":"","ast-hfb-below-header-display":"","ast-hfb-mobile-header-display":"","site-post-title":"","ast-breadcrumbs-content":"","ast-featured-img":"","footer-sml-layout":"","theme-transparent-header-meta":"default","adv-header-id-meta":"","stick-header-meta":"","header-above-stick-meta":"","header-main-stick-meta":"","header-below-stick-meta":"","astra-migrate-meta-layouts":"default","ast-page-background-enabled":"default","ast-page-background-meta":{"desktop":{"background-color":"","background-image":"","background-repeat":"repeat","background-position":"center center","background-size":"auto","background-attachment":"scroll","background-type":"","background-media":"","overlay-type":"","overlay-color":"","overlay-opacity":"","overlay-gradient":""},"tablet":{"background-color":"","background-image":"","background-repeat":"repeat","background-position":"center center","background-size":"auto","background-attachment":"scroll","background-type":"","background-media":"","overlay-type":"","overlay-color":"","overlay-opacity":"","overlay-gradient":""},"mobile":{"background-color":"","background-image":"","background-repeat":"repeat","background-position":"center center","background-size":"auto","background-attachment":"scroll","background-type":"","background-media":"","overlay-type":"","overlay-color":"","overlay-opacity":"","overlay-gradient":""}},"ast-content-background-meta":{"desktop":{"background-color":"var(--ast-global-color-5)","background-image":"","background-repeat":"repeat","background-position":"center center","background-size":"auto","background-attachment":"scroll","background-type":"","background-media":"","overlay-type":"","overlay-color":"","overlay-opacity":"","overlay-gradient":""},"tablet":{"background-color":"var(--ast-global-color-5)","background-image":"","background-repeat":"repeat","background-position":"center center","background-size":"auto","background-attachment":"scroll","background-type":"","background-media":"","overlay-type":"","overlay-color":"","overlay-opacity":"","overlay-gradient":""},"mobile":{"background-color":"var(--ast-global-color-5)","background-image":"","background-repeat":"repeat","background-position":"center center","background-size":"auto","background-attachment":"scroll","background-type":"","background-media":"","overlay-type":"","overlay-color":"","overlay-opacity":"","overlay-gradient":""}}},"product_cat":[60],"product_tag":[],"class_list":{"0":"post-6238","1":"product","2":"type-product","3":"status-publish","4":"has-post-thumbnail","6":"product_cat-parfumhomme","7":"desktop-align-center","8":"tablet-align-left","9":"mobile-align-center","11":"first","12":"instock","13":"shipping-taxable","14":"purchasable","15":"product-type-simple"},"uagb_featured_image_src":{"full":["https:\/\/masilaparfum.com\/wp-content\/uploads\/2023\/03\/acqua-di-gio-absolu-bottle.jpeg",750,750,false],"thumbnail":["https:\/\/masilaparfum.com\/wp-content\/uploads\/2023\/03\/acqua-di-gio-absolu-bottle-150x150.jpeg",150,150,true],"medium":["https:\/\/masilaparfum.com\/wp-content\/uploads\/2023\/03\/acqua-di-gio-absolu-bottle-300x300.jpeg",300,300,true],"medium_large":["https:\/\/masilaparfum.com\/wp-content\/uploads\/2023\/03\/acqua-di-gio-absolu-bottle.jpeg",750,750,false],"large":["https:\/\/masilaparfum.com\/wp-content\/uploads\/2023\/03\/acqua-di-gio-absolu-bottle.jpeg",750,750,false],"1536x1536":["https:\/\/masilaparfum.com\/wp-content\/uploads\/2023\/03\/acqua-di-gio-absolu-bottle.jpeg",750,750,false],"2048x2048":["https:\/\/masilaparfum.com\/wp-content\/uploads\/2023\/03\/acqua-di-gio-absolu-bottle.jpeg",750,750,false],"mailpoet_newsletter_max":["https:\/\/masilaparfum.com\/wp-content\/uploads\/2023\/03\/acqua-di-gio-absolu-bottle.jpeg",750,750,false],"woocommerce_thumbnail":["https:\/\/masilaparfum.com\/wp-content\/uploads\/2023\/03\/acqua-di-gio-absolu-bottle-300x300.jpeg",300,300,true],"woocommerce_single":["https:\/\/masilaparfum.com\/wp-content\/uploads\/2023\/03\/acqua-di-gio-absolu-bottle-600x600.jpeg",600,600,true],"woocommerce_gallery_thumbnail":["https:\/\/masilaparfum.com\/wp-content\/uploads\/2023\/03\/acqua-di-gio-absolu-bottle-100x100.jpeg",100,100,true],"wcpr-photo-reviews":["https:\/\/masilaparfum.com\/wp-content\/uploads\/2023\/03\/acqua-di-gio-absolu-bottle.jpeg",500,500,false]},"uagb_author_info":{"display_name":"masilaparfum","author_link":"https:\/\/masilaparfum.com\/index.php\/author\/"},"uagb_comment_info":0,"uagb_excerpt":"ARMANI ACQUA DI GIO absolu 100ml Un parfum pour HOMME Le parfum pour homme Acqua Di Gio Absolu est un hommage aux racines m\u00e9diterran\u00e9ennes de Giorgio Armani. Ses accords \u00e9voquent l\u2019\u00e9l\u00e9gance du bois alli\u00e9 \u00e0 la fraicheur de la mer. Une ode \u00e0 la fusion de l'Homme avec la nature.","_links":{"self":[{"href":"https:\/\/masilaparfum.com\/index.php\/wp-json\/wp\/v2\/product\/6238","targetHints":{"allow":["GET"]}}],"collection":[{"href":"https:\/\/masilaparfum.com\/index.php\/wp-json\/wp\/v2\/product"}],"about":[{"href":"https:\/\/masilaparfum.com\/index.php\/wp-json\/wp\/v2\/types\/product"}],"replies":[{"embeddable":true,"href":"https:\/\/masilaparfum.com\/index.php\/wp-json\/wp\/v2\/comments?post=6238"}],"wp:featuredmedia":[{"embeddable":true,"href":"https:\/\/masilaparfum.com\/index.php\/wp-json\/wp\/v2\/media\/6242"}],"wp:attachment":[{"href":"https:\/\/masilaparfum.com\/index.php\/wp-json\/wp\/v2\/media?parent=6238"}],"wp:term":[{"taxonomy":"product_cat","embeddable":true,"href":"https:\/\/masilaparfum.com\/index.php\/wp-json\/wp\/v2\/product_cat?post=6238"},{"taxonomy":"product_tag","embeddable":true,"href":"https:\/\/masilaparfum.com\/index.php\/wp-json\/wp\/v2\/product_tag?post=6238"}],"curies":[{"name":"wp","href":"https:\/\/api.w.org\/{rel}","templated":true}]}}