{"id":6230,"date":"2023-03-21T18:46:39","date_gmt":"2023-03-21T18:46:39","guid":{"rendered":"https:\/\/masilaparfum.com\/?post_type=product&#038;p=6230"},"modified":"2024-07-16T16:33:50","modified_gmt":"2024-07-16T15:33:50","slug":"le-male-edt-125ml","status":"publish","type":"product","link":"https:\/\/masilaparfum.com\/index.php\/product\/le-male-edt-125ml\/","title":{"rendered":"LE MALE EDT 125ml"},"content":{"rendered":"<h3 style=\"text-align: center\"><strong><em>LE MALE EDT 125ml<\/em><\/strong><\/h3>\n<p style=\"text-align: center\"><strong><em>Un parfum pour HOMME<\/em><\/strong><\/p>\n<p style=\"text-align: center\"><em>Jean Paul Gaultier propose un parfum en un hommage \u00e0 une figure symbolique qui l\u2019inspire depuis toujours : le marin.<\/em><em>Le M\u00e2le, l&rsquo;Eau de Toilette, aussi viril que sexy, est une fragrance qui offre une vision anticonformiste de la masculinit\u00e9.<\/em><br \/>\n<em>Une fragrance rassurante au sillage extr\u00eamement moderne.<\/em><br \/>\n<em>La lavande, r\u00e9f\u00e9rence \u00e0 l\u2019odeur famili\u00e8re et r\u00e9confortante du savon \u00e0 barbe, est sublim\u00e9e par la sensualit\u00e9 de la vanille.<\/em><br \/>\n<em>Le flacon : Un physique de r\u00eave ! Silhouette \u00e9lanc\u00e9e, muscles saillants, le flacon Le M\u00e2le est un symbole de masculinit\u00e9.<\/em><\/p>\n<p style=\"text-align: center\"><em>QUALITE GARANTIE<\/em><\/p>\n<p style=\"text-align: center\"><em>SATISFAIT OU REMBOURSEE<\/em><\/p>\n<p>&nbsp;<\/p>\n","protected":false},"excerpt":{"rendered":"<h3 style=\"text-align: center\"><strong><em>LE MALE EDT 125ml<\/em><\/strong><\/h3>\n<p style=\"text-align: center\"><strong><em>Un parfum pour HOMME<\/em><\/strong><\/p>\n<p style=\"text-align: center\"><em>Jean Paul Gaultier propose un parfum en un hommage \u00e0 une figure symbolique qui l\u2019inspire depuis toujours : le marin.<\/em><em>Le M\u00e2le, l&rsquo;Eau de Toilette, aussi viril que sexy, est une fragrance qui offre une vision anticonformiste de la masculinit\u00e9.<\/em><br \/>\n<em>Une fragrance rassurante au sillage extr\u00eamement moderne.<\/em><br \/>\n<em>La lavande, r\u00e9f\u00e9rence \u00e0 l\u2019odeur famili\u00e8re et r\u00e9confortante du savon \u00e0 barbe, est sublim\u00e9e par la sensualit\u00e9 de la vanille.<\/em><br \/>\n<em>Le flacon : Un physique de r\u00eave ! Silhouette \u00e9lanc\u00e9e, muscles saillants, le flacon Le M\u00e2le est un symbole de masculinit\u00e9.<\/em><\/p>\n","protected":false},"featured_media":6233,"comment_status":"open","ping_status":"closed","template":"","meta":{"_uag_custom_page_level_css":"","site-sidebar-layout":"default","site-content-layout":"default","ast-site-content-layout":"","site-content-style":"default","site-sidebar-style":"default","ast-global-header-display":"","ast-banner-title-visibility":"","ast-main-header-display":"","ast-hfb-above-header-display":"","ast-hfb-below-header-display":"","ast-hfb-mobile-header-display":"","site-post-title":"","ast-breadcrumbs-content":"","ast-featured-img":"","footer-sml-layout":"","theme-transparent-header-meta":"default","adv-header-id-meta":"","stick-header-meta":"","header-above-stick-meta":"","header-main-stick-meta":"","header-below-stick-meta":"","astra-migrate-meta-layouts":"default","ast-page-background-enabled":"default","ast-page-background-meta":{"desktop":{"background-color":"","background-image":"","background-repeat":"repeat","background-position":"center center","background-size":"auto","background-attachment":"scroll","background-type":"","background-media":"","overlay-type":"","overlay-color":"","overlay-opacity":"","overlay-gradient":""},"tablet":{"background-color":"","background-image":"","background-repeat":"repeat","background-position":"center center","background-size":"auto","background-attachment":"scroll","background-type":"","background-media":"","overlay-type":"","overlay-color":"","overlay-opacity":"","overlay-gradient":""},"mobile":{"background-color":"","background-image":"","background-repeat":"repeat","background-position":"center center","background-size":"auto","background-attachment":"scroll","background-type":"","background-media":"","overlay-type":"","overlay-color":"","overlay-opacity":"","overlay-gradient":""}},"ast-content-background-meta":{"desktop":{"background-color":"var(--ast-global-color-5)","background-image":"","background-repeat":"repeat","background-position":"center center","background-size":"auto","background-attachment":"scroll","background-type":"","background-media":"","overlay-type":"","overlay-color":"","overlay-opacity":"","overlay-gradient":""},"tablet":{"background-color":"var(--ast-global-color-5)","background-image":"","background-repeat":"repeat","background-position":"center center","background-size":"auto","background-attachment":"scroll","background-type":"","background-media":"","overlay-type":"","overlay-color":"","overlay-opacity":"","overlay-gradient":""},"mobile":{"background-color":"var(--ast-global-color-5)","background-image":"","background-repeat":"repeat","background-position":"center center","background-size":"auto","background-attachment":"scroll","background-type":"","background-media":"","overlay-type":"","overlay-color":"","overlay-opacity":"","overlay-gradient":""}}},"product_cat":[60],"product_tag":[],"class_list":{"0":"post-6230","1":"product","2":"type-product","3":"status-publish","4":"has-post-thumbnail","6":"product_cat-parfumhomme","7":"desktop-align-center","8":"tablet-align-left","9":"mobile-align-center","11":"first","12":"instock","13":"sale","14":"shipping-taxable","15":"purchasable","16":"product-type-simple"},"uagb_featured_image_src":{"full":["https:\/\/masilaparfum.com\/wp-content\/uploads\/2023\/03\/65120122.png",403,480,false],"thumbnail":["https:\/\/masilaparfum.com\/wp-content\/uploads\/2023\/03\/65120122-150x150.png",150,150,true],"medium":["https:\/\/masilaparfum.com\/wp-content\/uploads\/2023\/03\/65120122-300x300.png",300,300,true],"medium_large":["https:\/\/masilaparfum.com\/wp-content\/uploads\/2023\/03\/65120122.png",403,480,false],"large":["https:\/\/masilaparfum.com\/wp-content\/uploads\/2023\/03\/65120122.png",403,480,false],"1536x1536":["https:\/\/masilaparfum.com\/wp-content\/uploads\/2023\/03\/65120122.png",403,480,false],"2048x2048":["https:\/\/masilaparfum.com\/wp-content\/uploads\/2023\/03\/65120122.png",403,480,false],"mailpoet_newsletter_max":["https:\/\/masilaparfum.com\/wp-content\/uploads\/2023\/03\/65120122.png",403,480,false],"woocommerce_thumbnail":["https:\/\/masilaparfum.com\/wp-content\/uploads\/2023\/03\/65120122-300x300.png",300,300,true],"woocommerce_single":["https:\/\/masilaparfum.com\/wp-content\/uploads\/2023\/03\/65120122.png",403,480,false],"woocommerce_gallery_thumbnail":["https:\/\/masilaparfum.com\/wp-content\/uploads\/2023\/03\/65120122-100x100.png",100,100,true],"wcpr-photo-reviews":["https:\/\/masilaparfum.com\/wp-content\/uploads\/2023\/03\/65120122.png",403,480,false]},"uagb_author_info":{"display_name":"masilaparfum","author_link":"https:\/\/masilaparfum.com\/index.php\/author\/"},"uagb_comment_info":0,"uagb_excerpt":"LE MALE EDT 125ml Un parfum pour HOMME Jean Paul Gaultier propose un parfum en un hommage \u00e0 une figure symbolique qui l\u2019inspire depuis toujours : le marin.Le M\u00e2le, l'Eau de Toilette, aussi viril que sexy, est une fragrance qui offre une vision anticonformiste de la masculinit\u00e9. Une fragrance rassurante au sillage extr\u00eamement moderne. La\u2026","_links":{"self":[{"href":"https:\/\/masilaparfum.com\/index.php\/wp-json\/wp\/v2\/product\/6230","targetHints":{"allow":["GET"]}}],"collection":[{"href":"https:\/\/masilaparfum.com\/index.php\/wp-json\/wp\/v2\/product"}],"about":[{"href":"https:\/\/masilaparfum.com\/index.php\/wp-json\/wp\/v2\/types\/product"}],"replies":[{"embeddable":true,"href":"https:\/\/masilaparfum.com\/index.php\/wp-json\/wp\/v2\/comments?post=6230"}],"wp:featuredmedia":[{"embeddable":true,"href":"https:\/\/masilaparfum.com\/index.php\/wp-json\/wp\/v2\/media\/6233"}],"wp:attachment":[{"href":"https:\/\/masilaparfum.com\/index.php\/wp-json\/wp\/v2\/media?parent=6230"}],"wp:term":[{"taxonomy":"product_cat","embeddable":true,"href":"https:\/\/masilaparfum.com\/index.php\/wp-json\/wp\/v2\/product_cat?post=6230"},{"taxonomy":"product_tag","embeddable":true,"href":"https:\/\/masilaparfum.com\/index.php\/wp-json\/wp\/v2\/product_tag?post=6230"}],"curies":[{"name":"wp","href":"https:\/\/api.w.org\/{rel}","templated":true}]}}