{"id":6227,"date":"2023-03-21T18:39:58","date_gmt":"2023-03-21T18:39:58","guid":{"rendered":"https:\/\/masilaparfum.com\/?post_type=product&#038;p=6227"},"modified":"2023-03-21T18:39:58","modified_gmt":"2023-03-21T18:39:58","slug":"dg-king-100ml","status":"publish","type":"product","link":"https:\/\/masilaparfum.com\/index.php\/product\/dg-king-100ml\/","title":{"rendered":"D&#038;G KING 100ml"},"content":{"rendered":"<h3 style=\"text-align: center;\"><em><strong>D&amp;G KING EDT 100ML<\/strong><\/em><\/h3>\n<p style=\"text-align: center;\"><strong><em>Un parfum pour HOMME<\/em><\/strong><\/p>\n<p style=\"text-align: center;\"><em>Une senteur bois\u00e9e m\u00e9diterran\u00e9enne.<br \/>\nK by Dolce&amp;Gabbana incarne l&rsquo;esprit charismatique et g\u00e9n\u00e9reux. Cela signifie respecter les traditions tout en embrassant la modernit\u00e9. La fra\u00eecheur d&rsquo;agrumes m\u00e9diterran\u00e9enne de l&rsquo;orange sanguine et le parfum de citron sicilien \u00e9veillent les sens. Les notes de c\u0153ur embrasent les agrumes gr\u00e2ce aux accents ambr\u00e9s de la sauge sclar\u00e9e, le tout agr\u00e9ment\u00e9 de g\u00e9ranium frais et de lavandin \u00e9nergisant. Une \u00e9tincelle inattendue d&rsquo;essence de piment ardent donne \u00e0 K by Dolce&amp;Gabbana une forte personnalit\u00e9. Puis vient la sensualit\u00e9 du bois de c\u00e8dre, m\u00eal\u00e9 \u00e0 deux ingr\u00e9dients \u00e0 la fois \u00e9l\u00e9gants et masculins : le v\u00e9tiver vert et le patchouli.<\/p>\n<p>K by Dolce&amp;Gabbana laisse derri\u00e8re lui un sillage \u00e9clatant et charismatique empreint d&rsquo;une s\u00e9duction persistante<\/em><\/p>\n<p style=\"text-align: center;\"><em>\u00a0PARFUM TESTEUR\u00a0<\/em><\/p>\n<p style=\"text-align: center;\"><em>QUALITE GARANTIE<\/em><\/p>\n","protected":false},"excerpt":{"rendered":"<h3 style=\"text-align: center;\"><em><strong>D&amp;G KING EDT 100ML<\/strong><\/em><\/h3>\n<p style=\"text-align: center;\"><strong><em>Un parfum pour HOMME<\/em><\/strong><\/p>\n<p style=\"text-align: center;\"><em>Une senteur bois\u00e9e m\u00e9diterran\u00e9enne.<br \/>\nK by Dolce&amp;Gabbana incarne l&rsquo;esprit charismatique et g\u00e9n\u00e9reux. Cela signifie respecter les traditions tout en embrassant la modernit\u00e9. La fra\u00eecheur d&rsquo;agrumes m\u00e9diterran\u00e9enne de l&rsquo;orange sanguine et le parfum de citron sicilien \u00e9veillent les sens. Les notes de c\u0153ur embrasent les agrumes gr\u00e2ce aux accents ambr\u00e9s de la sauge sclar\u00e9e, le tout agr\u00e9ment\u00e9 de g\u00e9ranium frais et de lavandin \u00e9nergisant. Une \u00e9tincelle inattendue d&rsquo;essence de piment ardent donne \u00e0 K by Dolce&amp;Gabbana une forte personnalit\u00e9. Puis vient la sensualit\u00e9 du bois de c\u00e8dre, m\u00eal\u00e9 \u00e0 deux ingr\u00e9dients \u00e0 la fois \u00e9l\u00e9gants et masculins : le v\u00e9tiver vert et le patchouli.<\/em><\/p>\n","protected":false},"featured_media":6228,"comment_status":"open","ping_status":"closed","template":"","meta":{"_uag_custom_page_level_css":"","site-sidebar-layout":"default","site-content-layout":"default","ast-site-content-layout":"","site-content-style":"default","site-sidebar-style":"default","ast-global-header-display":"","ast-banner-title-visibility":"","ast-main-header-display":"","ast-hfb-above-header-display":"","ast-hfb-below-header-display":"","ast-hfb-mobile-header-display":"","site-post-title":"","ast-breadcrumbs-content":"","ast-featured-img":"","footer-sml-layout":"","theme-transparent-header-meta":"default","adv-header-id-meta":"","stick-header-meta":"","header-above-stick-meta":"","header-main-stick-meta":"","header-below-stick-meta":"","astra-migrate-meta-layouts":"default","ast-page-background-enabled":"default","ast-page-background-meta":{"desktop":{"background-color":"","background-image":"","background-repeat":"repeat","background-position":"center center","background-size":"auto","background-attachment":"scroll","background-type":"","background-media":"","overlay-type":"","overlay-color":"","overlay-opacity":"","overlay-gradient":""},"tablet":{"background-color":"","background-image":"","background-repeat":"repeat","background-position":"center center","background-size":"auto","background-attachment":"scroll","background-type":"","background-media":"","overlay-type":"","overlay-color":"","overlay-opacity":"","overlay-gradient":""},"mobile":{"background-color":"","background-image":"","background-repeat":"repeat","background-position":"center center","background-size":"auto","background-attachment":"scroll","background-type":"","background-media":"","overlay-type":"","overlay-color":"","overlay-opacity":"","overlay-gradient":""}},"ast-content-background-meta":{"desktop":{"background-color":"var(--ast-global-color-5)","background-image":"","background-repeat":"repeat","background-position":"center center","background-size":"auto","background-attachment":"scroll","background-type":"","background-media":"","overlay-type":"","overlay-color":"","overlay-opacity":"","overlay-gradient":""},"tablet":{"background-color":"var(--ast-global-color-5)","background-image":"","background-repeat":"repeat","background-position":"center center","background-size":"auto","background-attachment":"scroll","background-type":"","background-media":"","overlay-type":"","overlay-color":"","overlay-opacity":"","overlay-gradient":""},"mobile":{"background-color":"var(--ast-global-color-5)","background-image":"","background-repeat":"repeat","background-position":"center center","background-size":"auto","background-attachment":"scroll","background-type":"","background-media":"","overlay-type":"","overlay-color":"","overlay-opacity":"","overlay-gradient":""}}},"product_cat":[60],"product_tag":[],"class_list":{"0":"post-6227","1":"product","2":"type-product","3":"status-publish","4":"has-post-thumbnail","6":"product_cat-parfumhomme","7":"desktop-align-center","8":"tablet-align-left","9":"mobile-align-center","11":"first","12":"instock","13":"sale","14":"shipping-taxable","15":"purchasable","16":"product-type-simple"},"uagb_featured_image_src":{"full":["https:\/\/masilaparfum.com\/wp-content\/uploads\/2023\/03\/k-by-dolce_gabbana.png",650,650,false],"thumbnail":["https:\/\/masilaparfum.com\/wp-content\/uploads\/2023\/03\/k-by-dolce_gabbana-150x150.png",150,150,true],"medium":["https:\/\/masilaparfum.com\/wp-content\/uploads\/2023\/03\/k-by-dolce_gabbana-300x300.png",300,300,true],"medium_large":["https:\/\/masilaparfum.com\/wp-content\/uploads\/2023\/03\/k-by-dolce_gabbana.png",650,650,false],"large":["https:\/\/masilaparfum.com\/wp-content\/uploads\/2023\/03\/k-by-dolce_gabbana.png",650,650,false],"1536x1536":["https:\/\/masilaparfum.com\/wp-content\/uploads\/2023\/03\/k-by-dolce_gabbana.png",650,650,false],"2048x2048":["https:\/\/masilaparfum.com\/wp-content\/uploads\/2023\/03\/k-by-dolce_gabbana.png",650,650,false],"mailpoet_newsletter_max":["https:\/\/masilaparfum.com\/wp-content\/uploads\/2023\/03\/k-by-dolce_gabbana.png",650,650,false],"woocommerce_thumbnail":["https:\/\/masilaparfum.com\/wp-content\/uploads\/2023\/03\/k-by-dolce_gabbana-300x300.png",300,300,true],"woocommerce_single":["https:\/\/masilaparfum.com\/wp-content\/uploads\/2023\/03\/k-by-dolce_gabbana-600x600.png",600,600,true],"woocommerce_gallery_thumbnail":["https:\/\/masilaparfum.com\/wp-content\/uploads\/2023\/03\/k-by-dolce_gabbana-100x100.png",100,100,true],"wcpr-photo-reviews":["https:\/\/masilaparfum.com\/wp-content\/uploads\/2023\/03\/k-by-dolce_gabbana.png",500,500,false]},"uagb_author_info":{"display_name":"masilaparfum","author_link":"https:\/\/masilaparfum.com\/index.php\/author\/"},"uagb_comment_info":0,"uagb_excerpt":"D&amp;G KING EDT 100ML Un parfum pour HOMME Une senteur bois\u00e9e m\u00e9diterran\u00e9enne. K by Dolce&amp;Gabbana incarne l'esprit charismatique et g\u00e9n\u00e9reux. Cela signifie respecter les traditions tout en embrassant la modernit\u00e9. La fra\u00eecheur d'agrumes m\u00e9diterran\u00e9enne de l'orange sanguine et le parfum de citron sicilien \u00e9veillent les sens. Les notes de c\u0153ur embrasent les agrumes gr\u00e2ce aux\u2026","_links":{"self":[{"href":"https:\/\/masilaparfum.com\/index.php\/wp-json\/wp\/v2\/product\/6227","targetHints":{"allow":["GET"]}}],"collection":[{"href":"https:\/\/masilaparfum.com\/index.php\/wp-json\/wp\/v2\/product"}],"about":[{"href":"https:\/\/masilaparfum.com\/index.php\/wp-json\/wp\/v2\/types\/product"}],"replies":[{"embeddable":true,"href":"https:\/\/masilaparfum.com\/index.php\/wp-json\/wp\/v2\/comments?post=6227"}],"wp:featuredmedia":[{"embeddable":true,"href":"https:\/\/masilaparfum.com\/index.php\/wp-json\/wp\/v2\/media\/6228"}],"wp:attachment":[{"href":"https:\/\/masilaparfum.com\/index.php\/wp-json\/wp\/v2\/media?parent=6227"}],"wp:term":[{"taxonomy":"product_cat","embeddable":true,"href":"https:\/\/masilaparfum.com\/index.php\/wp-json\/wp\/v2\/product_cat?post=6227"},{"taxonomy":"product_tag","embeddable":true,"href":"https:\/\/masilaparfum.com\/index.php\/wp-json\/wp\/v2\/product_tag?post=6227"}],"curies":[{"name":"wp","href":"https:\/\/api.w.org\/{rel}","templated":true}]}}