{"id":6224,"date":"2023-03-21T18:35:50","date_gmt":"2023-03-21T18:35:50","guid":{"rendered":"https:\/\/masilaparfum.com\/?post_type=product&#038;p=6224"},"modified":"2025-10-16T16:00:36","modified_gmt":"2025-10-16T15:00:36","slug":"amyris-homme-70ml","status":"publish","type":"product","link":"https:\/\/masilaparfum.com\/index.php\/product\/amyris-homme-70ml\/","title":{"rendered":"AMYRIS HOMME 70ML"},"content":{"rendered":"<h3 style=\"text-align: center;\"><strong><em>AMYRIS HOMME 70ML<\/em><\/strong><\/h3>\n<p style=\"text-align: center;\"><em><strong>Un parfum pour HOMME<\/strong><\/em><\/p>\n<p style=\"text-align: center;\"><em>Amyris Homme\u00a0de\u00a0Maison Francis Kurkdjian\u00a0est un parfum pour homme.<\/em><\/p>\n<p style=\"text-align: center;\"><em>\u00a0Amyris Homme\u00a0a\u00a0\u00e9t\u00e9 lanc\u00e9 en 2012. Le nez derri\u00e8re ce parfum est Francis Kurkdjian. Les notes de t\u00eate sont Mandarine de Sicile et Romarin; les notes de coeur sont Amyris, Iris, Chocolat au lait, Noix de Coco et Caf\u00e9; les notes de fond sont F\u00e8ve de tonka et Oud.<\/em><\/p>\n<p style=\"text-align: center;\"><em>\u00a0PARFUM TESTEUR\u00a0<\/em><\/p>\n<p style=\"text-align: center;\"><em>QUALITE GARANTIE<\/em><\/p>\n","protected":false},"excerpt":{"rendered":"<h3 style=\"text-align: center;\"><strong><em>AMYRIS HOMME 70ML<\/em><\/strong><\/h3>\n<p style=\"text-align: center;\"><em><strong>Un parfum pour HOMME<\/strong><\/em><\/p>\n<p style=\"text-align: center;\"><em>Amyris Homme\u00a0de\u00a0Maison Francis Kurkdjian\u00a0est un parfum pour homme.<\/em><\/p>\n<p style=\"text-align: center;\"><em>\u00a0Amyris Homme\u00a0a\u00a0\u00e9t\u00e9 lanc\u00e9 en 2012. Le nez derri\u00e8re ce parfum est Francis Kurkdjian. Les notes de t\u00eate sont Mandarine de Sicile et Romarin; les notes de coeur sont Amyris, Iris, Chocolat au lait, Noix de Coco et Caf\u00e9; les notes de fond sont F\u00e8ve de tonka et Oud.<\/em><\/p>\n","protected":false},"featured_media":6225,"comment_status":"open","ping_status":"closed","template":"","meta":{"_uag_custom_page_level_css":"","site-sidebar-layout":"default","site-content-layout":"default","ast-site-content-layout":"","site-content-style":"default","site-sidebar-style":"default","ast-global-header-display":"","ast-banner-title-visibility":"","ast-main-header-display":"","ast-hfb-above-header-display":"","ast-hfb-below-header-display":"","ast-hfb-mobile-header-display":"","site-post-title":"","ast-breadcrumbs-content":"","ast-featured-img":"","footer-sml-layout":"","theme-transparent-header-meta":"default","adv-header-id-meta":"","stick-header-meta":"","header-above-stick-meta":"","header-main-stick-meta":"","header-below-stick-meta":"","astra-migrate-meta-layouts":"default","ast-page-background-enabled":"default","ast-page-background-meta":{"desktop":{"background-color":"","background-image":"","background-repeat":"repeat","background-position":"center center","background-size":"auto","background-attachment":"scroll","background-type":"","background-media":"","overlay-type":"","overlay-color":"","overlay-opacity":"","overlay-gradient":""},"tablet":{"background-color":"","background-image":"","background-repeat":"repeat","background-position":"center center","background-size":"auto","background-attachment":"scroll","background-type":"","background-media":"","overlay-type":"","overlay-color":"","overlay-opacity":"","overlay-gradient":""},"mobile":{"background-color":"","background-image":"","background-repeat":"repeat","background-position":"center center","background-size":"auto","background-attachment":"scroll","background-type":"","background-media":"","overlay-type":"","overlay-color":"","overlay-opacity":"","overlay-gradient":""}},"ast-content-background-meta":{"desktop":{"background-color":"var(--ast-global-color-5)","background-image":"","background-repeat":"repeat","background-position":"center center","background-size":"auto","background-attachment":"scroll","background-type":"","background-media":"","overlay-type":"","overlay-color":"","overlay-opacity":"","overlay-gradient":""},"tablet":{"background-color":"var(--ast-global-color-5)","background-image":"","background-repeat":"repeat","background-position":"center center","background-size":"auto","background-attachment":"scroll","background-type":"","background-media":"","overlay-type":"","overlay-color":"","overlay-opacity":"","overlay-gradient":""},"mobile":{"background-color":"var(--ast-global-color-5)","background-image":"","background-repeat":"repeat","background-position":"center center","background-size":"auto","background-attachment":"scroll","background-type":"","background-media":"","overlay-type":"","overlay-color":"","overlay-opacity":"","overlay-gradient":""}}},"product_cat":[60],"product_tag":[],"class_list":{"0":"post-6224","1":"product","2":"type-product","3":"status-publish","4":"has-post-thumbnail","6":"product_cat-parfumhomme","7":"desktop-align-center","8":"tablet-align-left","9":"mobile-align-center","11":"first","12":"instock","13":"shipping-taxable","14":"purchasable","15":"product-type-simple"},"uagb_featured_image_src":{"full":["https:\/\/masilaparfum.com\/wp-content\/uploads\/2023\/03\/o.OITM0NvWete.jpg",535,535,false],"thumbnail":["https:\/\/masilaparfum.com\/wp-content\/uploads\/2023\/03\/o.OITM0NvWete-150x150.jpg",150,150,true],"medium":["https:\/\/masilaparfum.com\/wp-content\/uploads\/2023\/03\/o.OITM0NvWete-300x300.jpg",300,300,true],"medium_large":["https:\/\/masilaparfum.com\/wp-content\/uploads\/2023\/03\/o.OITM0NvWete.jpg",535,535,false],"large":["https:\/\/masilaparfum.com\/wp-content\/uploads\/2023\/03\/o.OITM0NvWete.jpg",535,535,false],"1536x1536":["https:\/\/masilaparfum.com\/wp-content\/uploads\/2023\/03\/o.OITM0NvWete.jpg",535,535,false],"2048x2048":["https:\/\/masilaparfum.com\/wp-content\/uploads\/2023\/03\/o.OITM0NvWete.jpg",535,535,false],"mailpoet_newsletter_max":["https:\/\/masilaparfum.com\/wp-content\/uploads\/2023\/03\/o.OITM0NvWete.jpg",535,535,false],"woocommerce_thumbnail":["https:\/\/masilaparfum.com\/wp-content\/uploads\/2023\/03\/o.OITM0NvWete-300x300.jpg",300,300,true],"woocommerce_single":["https:\/\/masilaparfum.com\/wp-content\/uploads\/2023\/03\/o.OITM0NvWete.jpg",535,535,false],"woocommerce_gallery_thumbnail":["https:\/\/masilaparfum.com\/wp-content\/uploads\/2023\/03\/o.OITM0NvWete-100x100.jpg",100,100,true],"wcpr-photo-reviews":["https:\/\/masilaparfum.com\/wp-content\/uploads\/2023\/03\/o.OITM0NvWete.jpg",500,500,false]},"uagb_author_info":{"display_name":"masilaparfum","author_link":"https:\/\/masilaparfum.com\/index.php\/author\/"},"uagb_comment_info":1,"uagb_excerpt":"AMYRIS HOMME 70ML Un parfum pour HOMME Amyris Homme\u00a0de\u00a0Maison Francis Kurkdjian\u00a0est un parfum pour homme. \u00a0Amyris Homme\u00a0a\u00a0\u00e9t\u00e9 lanc\u00e9 en 2012. Le nez derri\u00e8re ce parfum est Francis Kurkdjian. Les notes de t\u00eate sont Mandarine de Sicile et Romarin; les notes de coeur sont Amyris, Iris, Chocolat au lait, Noix de Coco et Caf\u00e9; les notes\u2026","_links":{"self":[{"href":"https:\/\/masilaparfum.com\/index.php\/wp-json\/wp\/v2\/product\/6224","targetHints":{"allow":["GET"]}}],"collection":[{"href":"https:\/\/masilaparfum.com\/index.php\/wp-json\/wp\/v2\/product"}],"about":[{"href":"https:\/\/masilaparfum.com\/index.php\/wp-json\/wp\/v2\/types\/product"}],"replies":[{"embeddable":true,"href":"https:\/\/masilaparfum.com\/index.php\/wp-json\/wp\/v2\/comments?post=6224"}],"wp:featuredmedia":[{"embeddable":true,"href":"https:\/\/masilaparfum.com\/index.php\/wp-json\/wp\/v2\/media\/6225"}],"wp:attachment":[{"href":"https:\/\/masilaparfum.com\/index.php\/wp-json\/wp\/v2\/media?parent=6224"}],"wp:term":[{"taxonomy":"product_cat","embeddable":true,"href":"https:\/\/masilaparfum.com\/index.php\/wp-json\/wp\/v2\/product_cat?post=6224"},{"taxonomy":"product_tag","embeddable":true,"href":"https:\/\/masilaparfum.com\/index.php\/wp-json\/wp\/v2\/product_tag?post=6224"}],"curies":[{"name":"wp","href":"https:\/\/api.w.org\/{rel}","templated":true}]}}