{"id":6204,"date":"2023-03-21T17:57:29","date_gmt":"2023-03-21T17:57:29","guid":{"rendered":"https:\/\/masilaparfum.com\/?post_type=product&#038;p=6204"},"modified":"2025-10-09T20:55:47","modified_gmt":"2025-10-09T19:55:47","slug":"acqua-di-gio-edt-100ml","status":"publish","type":"product","link":"https:\/\/masilaparfum.com\/index.php\/product\/acqua-di-gio-edt-100ml\/","title":{"rendered":"ACQUA DI GIO EDT 100ml"},"content":{"rendered":"<h3 style=\"text-align: center\"><em>ACQUA DI GIO EDT\u00a0<\/em><\/h3>\n<p style=\"text-align: center\"><strong><em>Un parfum pour HOMME<\/em><\/strong><\/p>\n<div data-tabs-content=\"phg2ru-responsiveaccordiontabs\">\n<div data-tab-content=\"\">\n<p style=\"text-align: center\"><em>Aqua Di Gi\u00f2 de Giorgio Armani est une ode \u00e0 l&rsquo;homme et \u00e0 la nature. Symbole de libert\u00e9, elle incarne la puissance des \u00e9l\u00e9ments et la sensation de puret\u00e9. Avec elle, on plonge dans une M\u00e9diterran\u00e9e d\u00e9cha\u00een\u00e9e. C&rsquo;est le rivage aride et secret de l&rsquo;\u00eele de Pantelleria, o\u00f9 Giorgio Armani aime se ressourcer, qui a inspir\u00e9 ce parfum.<\/em><br \/>\n<em>Aqua Di Gi\u00f2 de Giorgio Armani est une fragrance faite pour les \u00e9picuriens. C&rsquo;est le parfum d&rsquo;un homme simple, s\u00fbr de lui, connect\u00e9 avec lui-m\u00eame et avec son environnement.<\/em><em>Sa fra\u00eecheur issue de la bergamote et du n\u00e9roli est particuli\u00e8rement s\u00e9duisante. Des senteurs marines se d\u00e9gagent d\u00e8s les premiers effluves et font de lui un incontournable de la parfumerie masculine. Compos\u00e9 de bois de c\u00e8dre et de patchouli, c&rsquo;est aussi un parfum bois\u00e9 qui repr\u00e9sente la puissance masculine.<\/em><br \/>\n<em>Le flacon de l&rsquo;eau de toilette Aqua Di Gi\u00f2 est franc et masculin, \u00e0 l&rsquo;image de la fragrance. Rectangle de verre givr\u00e9, il exprime la fra\u00eecheur de l&rsquo;eau, tandis que son bouchon gris en m\u00e9tal apporte une touche de virilit\u00e9. C\u2019est un parfum authentique et naturel qui repr\u00e9sente la puissance masculine dans son plus pur accomplissement.<\/em><\/p>\n<\/div>\n<\/div>\n<p style=\"text-align: center\"><em><strong>QUALITE GARANTIE<\/strong><\/em><\/p>\n","protected":false},"excerpt":{"rendered":"<h3 style=\"text-align: center\"><em>ACQUA DI GIO EDT\u00a0<\/em><\/h3>\n<p style=\"text-align: center\"><strong><em>Un parfum pour HOMME<\/em><\/strong><\/p>\n<div data-tabs-content=\"phg2ru-responsiveaccordiontabs\">\n<div data-tab-content=\"\">\n<p style=\"text-align: center\"><em>Aqua Di Gi\u00f2 de Giorgio Armani est une ode \u00e0 l&rsquo;homme et \u00e0 la nature. Symbole de libert\u00e9, elle incarne la puissance des \u00e9l\u00e9ments et la sensation de puret\u00e9. Avec elle, on plonge dans une M\u00e9diterran\u00e9e d\u00e9cha\u00een\u00e9e. C&rsquo;est le rivage aride et secret de l&rsquo;\u00eele de Pantelleria, o\u00f9 Giorgio Armani aime se ressourcer, qui a inspir\u00e9 ce parfum.<\/em><br \/>\n<em>Aqua Di Gi\u00f2 de Giorgio Armani est une fragrance faite pour les \u00e9picuriens. C&rsquo;est le parfum d&rsquo;un homme simple, s\u00fbr de lui, connect\u00e9 avec lui-m\u00eame et avec son environnement.<\/em><em>Sa fra\u00eecheur issue de la bergamote et du n\u00e9roli est particuli\u00e8rement s\u00e9duisante. Des senteurs marines se d\u00e9gagent d\u00e8s les premiers effluves et font de lui un incontournable de la parfumerie masculine. Compos\u00e9 de bois de c\u00e8dre et de patchouli, c&rsquo;est aussi un parfum bois\u00e9 qui repr\u00e9sente la puissance masculine.<\/em><\/p>\n<\/div>\n<\/div>\n","protected":false},"featured_media":6206,"comment_status":"open","ping_status":"closed","template":"","meta":{"_uag_custom_page_level_css":"","site-sidebar-layout":"default","site-content-layout":"default","ast-site-content-layout":"","site-content-style":"default","site-sidebar-style":"default","ast-global-header-display":"","ast-banner-title-visibility":"","ast-main-header-display":"","ast-hfb-above-header-display":"","ast-hfb-below-header-display":"","ast-hfb-mobile-header-display":"","site-post-title":"","ast-breadcrumbs-content":"","ast-featured-img":"","footer-sml-layout":"","theme-transparent-header-meta":"default","adv-header-id-meta":"","stick-header-meta":"","header-above-stick-meta":"","header-main-stick-meta":"","header-below-stick-meta":"","astra-migrate-meta-layouts":"default","ast-page-background-enabled":"default","ast-page-background-meta":{"desktop":{"background-color":"","background-image":"","background-repeat":"repeat","background-position":"center center","background-size":"auto","background-attachment":"scroll","background-type":"","background-media":"","overlay-type":"","overlay-color":"","overlay-opacity":"","overlay-gradient":""},"tablet":{"background-color":"","background-image":"","background-repeat":"repeat","background-position":"center center","background-size":"auto","background-attachment":"scroll","background-type":"","background-media":"","overlay-type":"","overlay-color":"","overlay-opacity":"","overlay-gradient":""},"mobile":{"background-color":"","background-image":"","background-repeat":"repeat","background-position":"center center","background-size":"auto","background-attachment":"scroll","background-type":"","background-media":"","overlay-type":"","overlay-color":"","overlay-opacity":"","overlay-gradient":""}},"ast-content-background-meta":{"desktop":{"background-color":"var(--ast-global-color-5)","background-image":"","background-repeat":"repeat","background-position":"center center","background-size":"auto","background-attachment":"scroll","background-type":"","background-media":"","overlay-type":"","overlay-color":"","overlay-opacity":"","overlay-gradient":""},"tablet":{"background-color":"var(--ast-global-color-5)","background-image":"","background-repeat":"repeat","background-position":"center center","background-size":"auto","background-attachment":"scroll","background-type":"","background-media":"","overlay-type":"","overlay-color":"","overlay-opacity":"","overlay-gradient":""},"mobile":{"background-color":"var(--ast-global-color-5)","background-image":"","background-repeat":"repeat","background-position":"center center","background-size":"auto","background-attachment":"scroll","background-type":"","background-media":"","overlay-type":"","overlay-color":"","overlay-opacity":"","overlay-gradient":""}}},"product_cat":[60],"product_tag":[],"class_list":{"0":"post-6204","1":"product","2":"type-product","3":"status-publish","4":"has-post-thumbnail","6":"product_cat-parfumhomme","7":"desktop-align-center","8":"tablet-align-left","9":"mobile-align-center","11":"first","12":"instock","13":"shipping-taxable","14":"purchasable","15":"product-type-simple"},"uagb_featured_image_src":{"full":["https:\/\/masilaparfum.com\/wp-content\/uploads\/2023\/03\/zdz.jpeg",600,600,false],"thumbnail":["https:\/\/masilaparfum.com\/wp-content\/uploads\/2023\/03\/zdz-150x150.jpeg",150,150,true],"medium":["https:\/\/masilaparfum.com\/wp-content\/uploads\/2023\/03\/zdz-300x300.jpeg",300,300,true],"medium_large":["https:\/\/masilaparfum.com\/wp-content\/uploads\/2023\/03\/zdz.jpeg",600,600,false],"large":["https:\/\/masilaparfum.com\/wp-content\/uploads\/2023\/03\/zdz.jpeg",600,600,false],"1536x1536":["https:\/\/masilaparfum.com\/wp-content\/uploads\/2023\/03\/zdz.jpeg",600,600,false],"2048x2048":["https:\/\/masilaparfum.com\/wp-content\/uploads\/2023\/03\/zdz.jpeg",600,600,false],"mailpoet_newsletter_max":["https:\/\/masilaparfum.com\/wp-content\/uploads\/2023\/03\/zdz.jpeg",600,600,false],"woocommerce_thumbnail":["https:\/\/masilaparfum.com\/wp-content\/uploads\/2023\/03\/zdz-300x300.jpeg",300,300,true],"woocommerce_single":["https:\/\/masilaparfum.com\/wp-content\/uploads\/2023\/03\/zdz.jpeg",600,600,false],"woocommerce_gallery_thumbnail":["https:\/\/masilaparfum.com\/wp-content\/uploads\/2023\/03\/zdz-100x100.jpeg",100,100,true],"wcpr-photo-reviews":["https:\/\/masilaparfum.com\/wp-content\/uploads\/2023\/03\/zdz.jpeg",500,500,false]},"uagb_author_info":{"display_name":"masilaparfum","author_link":"https:\/\/masilaparfum.com\/index.php\/author\/"},"uagb_comment_info":0,"uagb_excerpt":"ACQUA DI GIO EDT\u00a0 Un parfum pour HOMME Aqua Di Gi\u00f2 de Giorgio Armani est une ode \u00e0 l'homme et \u00e0 la nature. Symbole de libert\u00e9, elle incarne la puissance des \u00e9l\u00e9ments et la sensation de puret\u00e9. Avec elle, on plonge dans une M\u00e9diterran\u00e9e d\u00e9cha\u00een\u00e9e. C'est le rivage aride et secret de l'\u00eele de Pantelleria,\u2026","_links":{"self":[{"href":"https:\/\/masilaparfum.com\/index.php\/wp-json\/wp\/v2\/product\/6204","targetHints":{"allow":["GET"]}}],"collection":[{"href":"https:\/\/masilaparfum.com\/index.php\/wp-json\/wp\/v2\/product"}],"about":[{"href":"https:\/\/masilaparfum.com\/index.php\/wp-json\/wp\/v2\/types\/product"}],"replies":[{"embeddable":true,"href":"https:\/\/masilaparfum.com\/index.php\/wp-json\/wp\/v2\/comments?post=6204"}],"wp:featuredmedia":[{"embeddable":true,"href":"https:\/\/masilaparfum.com\/index.php\/wp-json\/wp\/v2\/media\/6206"}],"wp:attachment":[{"href":"https:\/\/masilaparfum.com\/index.php\/wp-json\/wp\/v2\/media?parent=6204"}],"wp:term":[{"taxonomy":"product_cat","embeddable":true,"href":"https:\/\/masilaparfum.com\/index.php\/wp-json\/wp\/v2\/product_cat?post=6204"},{"taxonomy":"product_tag","embeddable":true,"href":"https:\/\/masilaparfum.com\/index.php\/wp-json\/wp\/v2\/product_tag?post=6204"}],"curies":[{"name":"wp","href":"https:\/\/api.w.org\/{rel}","templated":true}]}}