{"id":6192,"date":"2023-03-21T17:38:41","date_gmt":"2023-03-21T17:38:41","guid":{"rendered":"https:\/\/masilaparfum.com\/?post_type=product&#038;p=6192"},"modified":"2025-03-24T01:37:01","modified_gmt":"2025-03-24T01:37:01","slug":"bleu-de-chanel-le-parfum-100ml","status":"publish","type":"product","link":"https:\/\/masilaparfum.com\/index.php\/product\/bleu-de-chanel-le-parfum-100ml\/","title":{"rendered":"BLEU DE CHANEL LE PARFUM 100ml"},"content":{"rendered":"<h3 style=\"text-align: center;\"><strong><em>BLEU DE CHANEL LE PARFUM<\/em><\/strong><\/h3>\n<p style=\"text-align: center;\"><em><strong>Un parfum pour HOMME<\/strong><\/em><\/p>\n<p style=\"text-align: center;\"><strong>L&rsquo;\u00e9loge de la libert\u00e9, s&rsquo;exprimant dans un aromatique-bois\u00e9 au sillage captivant. Une fragrance intemporelle, dans un flacon d&rsquo;un bleu profond et myst\u00e9rieux.<\/strong><strong><\/p>\n<p>BLEU DE CHANEL Parfum affirme un caract\u00e8re accompli, dans une formule pure et soutenue. Une signature intens\u00e9ment masculine, qui incarne pl\u00e9nitude et confiance en soi.<\/p>\n<p><\/strong><strong>BLEU DE CHANEL Parfum est un aromatique intens\u00e9ment bois\u00e9. S&rsquo;ouvrant sur la fra\u00eecheur, il se prolonge dans un accord pr\u00e9cieux, illumin\u00e9 par le bois de santal de Nouvelle-Cal\u00e9donie. Majestueux, celui-ci d\u00e9voile ses nuances g\u00e9n\u00e9reuses et puissantes, tra\u00e7ant un sillage dense et raffin\u00e9.<\/strong><\/p>\n<p style=\"text-align: center;\"><strong>\u00a0<\/strong><strong>PARFUM TESTEUR\u00a0<\/strong><\/p>\n<p style=\"text-align: center;\"><strong>QUALITE GARANTIE<\/strong><\/p>\n","protected":false},"excerpt":{"rendered":"<h3 style=\"text-align: center;\"><strong><em>BLEU DE CHANEL LE PARFUM<\/em><\/strong><\/h3>\n<p style=\"text-align: center;\"><em><strong>Un parfum pour HOMME<\/strong><\/em><\/p>\n<p style=\"text-align: center;\"><strong>L&rsquo;\u00e9loge de la libert\u00e9, s&rsquo;exprimant dans un aromatique-bois\u00e9 au sillage captivant. Une fragrance intemporelle, dans un flacon d&rsquo;un bleu profond et myst\u00e9rieux.<\/strong><strong><\/p>\n<p>BLEU DE CHANEL Parfum affirme un caract\u00e8re accompli, dans une formule pure et soutenue. Une signature intens\u00e9ment masculine, qui incarne pl\u00e9nitude et confiance en soi.<\/p>\n<p><\/strong><strong>BLEU DE CHANEL Parfum est un aromatique intens\u00e9ment bois\u00e9. S&rsquo;ouvrant sur la fra\u00eecheur, il se prolonge dans un accord pr\u00e9cieux, illumin\u00e9 par le bois de santal de Nouvelle-Cal\u00e9donie. Majestueux, celui-ci d\u00e9voile ses nuances g\u00e9n\u00e9reuses et puissantes, tra\u00e7ant un sillage dense et raffin\u00e9.<\/strong><\/p>\n","protected":false},"featured_media":6193,"comment_status":"open","ping_status":"closed","template":"","meta":{"_uag_custom_page_level_css":"","site-sidebar-layout":"default","site-content-layout":"default","ast-site-content-layout":"","site-content-style":"default","site-sidebar-style":"default","ast-global-header-display":"","ast-banner-title-visibility":"","ast-main-header-display":"","ast-hfb-above-header-display":"","ast-hfb-below-header-display":"","ast-hfb-mobile-header-display":"","site-post-title":"","ast-breadcrumbs-content":"","ast-featured-img":"","footer-sml-layout":"","theme-transparent-header-meta":"default","adv-header-id-meta":"","stick-header-meta":"","header-above-stick-meta":"","header-main-stick-meta":"","header-below-stick-meta":"","astra-migrate-meta-layouts":"default","ast-page-background-enabled":"default","ast-page-background-meta":{"desktop":{"background-color":"","background-image":"","background-repeat":"repeat","background-position":"center center","background-size":"auto","background-attachment":"scroll","background-type":"","background-media":"","overlay-type":"","overlay-color":"","overlay-opacity":"","overlay-gradient":""},"tablet":{"background-color":"","background-image":"","background-repeat":"repeat","background-position":"center center","background-size":"auto","background-attachment":"scroll","background-type":"","background-media":"","overlay-type":"","overlay-color":"","overlay-opacity":"","overlay-gradient":""},"mobile":{"background-color":"","background-image":"","background-repeat":"repeat","background-position":"center center","background-size":"auto","background-attachment":"scroll","background-type":"","background-media":"","overlay-type":"","overlay-color":"","overlay-opacity":"","overlay-gradient":""}},"ast-content-background-meta":{"desktop":{"background-color":"var(--ast-global-color-5)","background-image":"","background-repeat":"repeat","background-position":"center center","background-size":"auto","background-attachment":"scroll","background-type":"","background-media":"","overlay-type":"","overlay-color":"","overlay-opacity":"","overlay-gradient":""},"tablet":{"background-color":"var(--ast-global-color-5)","background-image":"","background-repeat":"repeat","background-position":"center center","background-size":"auto","background-attachment":"scroll","background-type":"","background-media":"","overlay-type":"","overlay-color":"","overlay-opacity":"","overlay-gradient":""},"mobile":{"background-color":"var(--ast-global-color-5)","background-image":"","background-repeat":"repeat","background-position":"center center","background-size":"auto","background-attachment":"scroll","background-type":"","background-media":"","overlay-type":"","overlay-color":"","overlay-opacity":"","overlay-gradient":""}}},"product_cat":[60],"product_tag":[328],"class_list":{"0":"post-6192","1":"product","2":"type-product","3":"status-publish","4":"has-post-thumbnail","6":"product_cat-parfumhomme","7":"product_tag-mh","8":"desktop-align-center","9":"tablet-align-left","10":"mobile-align-center","12":"first","13":"instock","14":"sale","15":"shipping-taxable","16":"purchasable","17":"product-type-simple"},"uagb_featured_image_src":{"full":["https:\/\/masilaparfum.com\/wp-content\/uploads\/2023\/03\/QpxFqaQpNCk7wMaJhWhQkG4MhkXnaNDzJDVUrnCz_lg.png",650,650,false],"thumbnail":["https:\/\/masilaparfum.com\/wp-content\/uploads\/2023\/03\/QpxFqaQpNCk7wMaJhWhQkG4MhkXnaNDzJDVUrnCz_lg-150x150.png",150,150,true],"medium":["https:\/\/masilaparfum.com\/wp-content\/uploads\/2023\/03\/QpxFqaQpNCk7wMaJhWhQkG4MhkXnaNDzJDVUrnCz_lg-300x300.png",300,300,true],"medium_large":["https:\/\/masilaparfum.com\/wp-content\/uploads\/2023\/03\/QpxFqaQpNCk7wMaJhWhQkG4MhkXnaNDzJDVUrnCz_lg.png",650,650,false],"large":["https:\/\/masilaparfum.com\/wp-content\/uploads\/2023\/03\/QpxFqaQpNCk7wMaJhWhQkG4MhkXnaNDzJDVUrnCz_lg.png",650,650,false],"1536x1536":["https:\/\/masilaparfum.com\/wp-content\/uploads\/2023\/03\/QpxFqaQpNCk7wMaJhWhQkG4MhkXnaNDzJDVUrnCz_lg.png",650,650,false],"2048x2048":["https:\/\/masilaparfum.com\/wp-content\/uploads\/2023\/03\/QpxFqaQpNCk7wMaJhWhQkG4MhkXnaNDzJDVUrnCz_lg.png",650,650,false],"mailpoet_newsletter_max":["https:\/\/masilaparfum.com\/wp-content\/uploads\/2023\/03\/QpxFqaQpNCk7wMaJhWhQkG4MhkXnaNDzJDVUrnCz_lg.png",650,650,false],"woocommerce_thumbnail":["https:\/\/masilaparfum.com\/wp-content\/uploads\/2023\/03\/QpxFqaQpNCk7wMaJhWhQkG4MhkXnaNDzJDVUrnCz_lg-300x300.png",300,300,true],"woocommerce_single":["https:\/\/masilaparfum.com\/wp-content\/uploads\/2023\/03\/QpxFqaQpNCk7wMaJhWhQkG4MhkXnaNDzJDVUrnCz_lg-600x600.png",600,600,true],"woocommerce_gallery_thumbnail":["https:\/\/masilaparfum.com\/wp-content\/uploads\/2023\/03\/QpxFqaQpNCk7wMaJhWhQkG4MhkXnaNDzJDVUrnCz_lg-100x100.png",100,100,true],"wcpr-photo-reviews":["https:\/\/masilaparfum.com\/wp-content\/uploads\/2023\/03\/QpxFqaQpNCk7wMaJhWhQkG4MhkXnaNDzJDVUrnCz_lg.png",500,500,false]},"uagb_author_info":{"display_name":"masilaparfum","author_link":"https:\/\/masilaparfum.com\/index.php\/author\/"},"uagb_comment_info":3,"uagb_excerpt":"BLEU DE CHANEL LE PARFUM Un parfum pour HOMME L'\u00e9loge de la libert\u00e9, s'exprimant dans un aromatique-bois\u00e9 au sillage captivant. Une fragrance intemporelle, dans un flacon d'un bleu profond et myst\u00e9rieux. BLEU DE CHANEL Parfum affirme un caract\u00e8re accompli, dans une formule pure et soutenue. Une signature intens\u00e9ment masculine, qui incarne pl\u00e9nitude et confiance en\u2026","_links":{"self":[{"href":"https:\/\/masilaparfum.com\/index.php\/wp-json\/wp\/v2\/product\/6192","targetHints":{"allow":["GET"]}}],"collection":[{"href":"https:\/\/masilaparfum.com\/index.php\/wp-json\/wp\/v2\/product"}],"about":[{"href":"https:\/\/masilaparfum.com\/index.php\/wp-json\/wp\/v2\/types\/product"}],"replies":[{"embeddable":true,"href":"https:\/\/masilaparfum.com\/index.php\/wp-json\/wp\/v2\/comments?post=6192"}],"wp:featuredmedia":[{"embeddable":true,"href":"https:\/\/masilaparfum.com\/index.php\/wp-json\/wp\/v2\/media\/6193"}],"wp:attachment":[{"href":"https:\/\/masilaparfum.com\/index.php\/wp-json\/wp\/v2\/media?parent=6192"}],"wp:term":[{"taxonomy":"product_cat","embeddable":true,"href":"https:\/\/masilaparfum.com\/index.php\/wp-json\/wp\/v2\/product_cat?post=6192"},{"taxonomy":"product_tag","embeddable":true,"href":"https:\/\/masilaparfum.com\/index.php\/wp-json\/wp\/v2\/product_tag?post=6192"}],"curies":[{"name":"wp","href":"https:\/\/api.w.org\/{rel}","templated":true}]}}