{"id":6185,"date":"2023-03-21T17:29:00","date_gmt":"2023-03-21T17:29:00","guid":{"rendered":"https:\/\/masilaparfum.com\/?post_type=product&#038;p=6185"},"modified":"2025-05-14T09:43:15","modified_gmt":"2025-05-14T08:43:15","slug":"invictus-silver-cup-100ml","status":"publish","type":"product","link":"https:\/\/masilaparfum.com\/index.php\/product\/invictus-silver-cup-100ml\/","title":{"rendered":"INVICTUS SILVER CUP 100ml"},"content":{"rendered":"<h3 style=\"text-align: center\"><strong><em>INVICTUS SILVER CUP 100ml<\/em><\/strong><\/h3>\n<p style=\"text-align: center\"><strong><em>Un parfum pour HOMME<\/em><\/strong><\/p>\n<p style=\"text-align: center\"><em>Un h\u00e9ros face \u00e0 la puissance de l&rsquo;Eau. Super-\u00e9l\u00e9ment et d\u00e9fi ultime. Indomptable pour le commun des mortels, jamais pour Invictus. Affronter la vague pour y puiser une force nouvelle. R\u00e9fr\u00e9ner la mer et la soulever. Sacre absolu !<\/em><\/p>\n<p><em>Invictus Aqua. Une plong\u00e9e sal\u00e9e dans les abysses sur une d\u00e9ferlante de bois sensuels.<\/em><br \/>\n<em>Fra\u00eecheur colossale, et insubmersible<\/em><\/p>\n","protected":false},"excerpt":{"rendered":"<h3 style=\"text-align: center\"><strong><em>INVICTUS SILVER CUP 100ml<\/em><\/strong><\/h3>\n<p style=\"text-align: center\"><strong><em>Un parfum pour HOMME<\/em><\/strong><\/p>\n<p style=\"text-align: center\"><em>Un h\u00e9ros face \u00e0 la puissance de l&rsquo;Eau. Super-\u00e9l\u00e9ment et d\u00e9fi ultime. Indomptable pour le commun des mortels, jamais pour Invictus. Affronter la vague pour y puiser une force nouvelle. R\u00e9fr\u00e9ner la mer et la soulever. Sacre absolu !<\/em><\/p>\n<p><em>Invictus Aqua. Une plong\u00e9e sal\u00e9e dans les abysses sur une d\u00e9ferlante de bois sensuels.<\/em><br \/>\n<em>Fra\u00eecheur colossale, et insubmersible<\/em><\/p>\n","protected":false},"featured_media":6186,"comment_status":"open","ping_status":"closed","template":"","meta":{"_uag_custom_page_level_css":"","site-sidebar-layout":"default","site-content-layout":"default","ast-site-content-layout":"","site-content-style":"default","site-sidebar-style":"default","ast-global-header-display":"","ast-banner-title-visibility":"","ast-main-header-display":"","ast-hfb-above-header-display":"","ast-hfb-below-header-display":"","ast-hfb-mobile-header-display":"","site-post-title":"","ast-breadcrumbs-content":"","ast-featured-img":"","footer-sml-layout":"","theme-transparent-header-meta":"default","adv-header-id-meta":"","stick-header-meta":"","header-above-stick-meta":"","header-main-stick-meta":"","header-below-stick-meta":"","astra-migrate-meta-layouts":"default","ast-page-background-enabled":"default","ast-page-background-meta":{"desktop":{"background-color":"","background-image":"","background-repeat":"repeat","background-position":"center center","background-size":"auto","background-attachment":"scroll","background-type":"","background-media":"","overlay-type":"","overlay-color":"","overlay-opacity":"","overlay-gradient":""},"tablet":{"background-color":"","background-image":"","background-repeat":"repeat","background-position":"center center","background-size":"auto","background-attachment":"scroll","background-type":"","background-media":"","overlay-type":"","overlay-color":"","overlay-opacity":"","overlay-gradient":""},"mobile":{"background-color":"","background-image":"","background-repeat":"repeat","background-position":"center center","background-size":"auto","background-attachment":"scroll","background-type":"","background-media":"","overlay-type":"","overlay-color":"","overlay-opacity":"","overlay-gradient":""}},"ast-content-background-meta":{"desktop":{"background-color":"var(--ast-global-color-5)","background-image":"","background-repeat":"repeat","background-position":"center center","background-size":"auto","background-attachment":"scroll","background-type":"","background-media":"","overlay-type":"","overlay-color":"","overlay-opacity":"","overlay-gradient":""},"tablet":{"background-color":"var(--ast-global-color-5)","background-image":"","background-repeat":"repeat","background-position":"center center","background-size":"auto","background-attachment":"scroll","background-type":"","background-media":"","overlay-type":"","overlay-color":"","overlay-opacity":"","overlay-gradient":""},"mobile":{"background-color":"var(--ast-global-color-5)","background-image":"","background-repeat":"repeat","background-position":"center center","background-size":"auto","background-attachment":"scroll","background-type":"","background-media":"","overlay-type":"","overlay-color":"","overlay-opacity":"","overlay-gradient":""}}},"product_cat":[60],"product_tag":[],"class_list":{"0":"post-6185","1":"product","2":"type-product","3":"status-publish","4":"has-post-thumbnail","6":"product_cat-parfumhomme","7":"desktop-align-center","8":"tablet-align-left","9":"mobile-align-center","11":"first","12":"outofstock","13":"shipping-taxable","14":"purchasable","15":"product-type-simple"},"uagb_featured_image_src":{"full":["https:\/\/masilaparfum.com\/wp-content\/uploads\/2023\/03\/kxrmhurlj45h.jpeg",600,600,false],"thumbnail":["https:\/\/masilaparfum.com\/wp-content\/uploads\/2023\/03\/kxrmhurlj45h-150x150.jpeg",150,150,true],"medium":["https:\/\/masilaparfum.com\/wp-content\/uploads\/2023\/03\/kxrmhurlj45h-300x300.jpeg",300,300,true],"medium_large":["https:\/\/masilaparfum.com\/wp-content\/uploads\/2023\/03\/kxrmhurlj45h.jpeg",600,600,false],"large":["https:\/\/masilaparfum.com\/wp-content\/uploads\/2023\/03\/kxrmhurlj45h.jpeg",600,600,false],"1536x1536":["https:\/\/masilaparfum.com\/wp-content\/uploads\/2023\/03\/kxrmhurlj45h.jpeg",600,600,false],"2048x2048":["https:\/\/masilaparfum.com\/wp-content\/uploads\/2023\/03\/kxrmhurlj45h.jpeg",600,600,false],"mailpoet_newsletter_max":["https:\/\/masilaparfum.com\/wp-content\/uploads\/2023\/03\/kxrmhurlj45h.jpeg",600,600,false],"woocommerce_thumbnail":["https:\/\/masilaparfum.com\/wp-content\/uploads\/2023\/03\/kxrmhurlj45h-300x300.jpeg",300,300,true],"woocommerce_single":["https:\/\/masilaparfum.com\/wp-content\/uploads\/2023\/03\/kxrmhurlj45h.jpeg",600,600,false],"woocommerce_gallery_thumbnail":["https:\/\/masilaparfum.com\/wp-content\/uploads\/2023\/03\/kxrmhurlj45h-100x100.jpeg",100,100,true],"wcpr-photo-reviews":["https:\/\/masilaparfum.com\/wp-content\/uploads\/2023\/03\/kxrmhurlj45h.jpeg",500,500,false]},"uagb_author_info":{"display_name":"masilaparfum","author_link":"https:\/\/masilaparfum.com\/index.php\/author\/"},"uagb_comment_info":0,"uagb_excerpt":"INVICTUS SILVER CUP 100ml Un parfum pour HOMME Un h\u00e9ros face \u00e0 la puissance de l'Eau. Super-\u00e9l\u00e9ment et d\u00e9fi ultime. Indomptable pour le commun des mortels, jamais pour Invictus. Affronter la vague pour y puiser une force nouvelle. R\u00e9fr\u00e9ner la mer et la soulever. Sacre absolu ! Invictus Aqua. Une plong\u00e9e sal\u00e9e dans les abysses\u2026","_links":{"self":[{"href":"https:\/\/masilaparfum.com\/index.php\/wp-json\/wp\/v2\/product\/6185","targetHints":{"allow":["GET"]}}],"collection":[{"href":"https:\/\/masilaparfum.com\/index.php\/wp-json\/wp\/v2\/product"}],"about":[{"href":"https:\/\/masilaparfum.com\/index.php\/wp-json\/wp\/v2\/types\/product"}],"replies":[{"embeddable":true,"href":"https:\/\/masilaparfum.com\/index.php\/wp-json\/wp\/v2\/comments?post=6185"}],"wp:featuredmedia":[{"embeddable":true,"href":"https:\/\/masilaparfum.com\/index.php\/wp-json\/wp\/v2\/media\/6186"}],"wp:attachment":[{"href":"https:\/\/masilaparfum.com\/index.php\/wp-json\/wp\/v2\/media?parent=6185"}],"wp:term":[{"taxonomy":"product_cat","embeddable":true,"href":"https:\/\/masilaparfum.com\/index.php\/wp-json\/wp\/v2\/product_cat?post=6185"},{"taxonomy":"product_tag","embeddable":true,"href":"https:\/\/masilaparfum.com\/index.php\/wp-json\/wp\/v2\/product_tag?post=6185"}],"curies":[{"name":"wp","href":"https:\/\/api.w.org\/{rel}","templated":true}]}}