{"id":6179,"date":"2023-03-21T17:06:04","date_gmt":"2023-03-21T17:06:04","guid":{"rendered":"https:\/\/masilaparfum.com\/?post_type=product&#038;p=6179"},"modified":"2023-03-21T17:06:04","modified_gmt":"2023-03-21T17:06:04","slug":"y-live-yves-saint-laurent-100ml","status":"publish","type":"product","link":"https:\/\/masilaparfum.com\/index.php\/product\/y-live-yves-saint-laurent-100ml\/","title":{"rendered":"Y LIVE YVES SAINT LAURENT 100ml"},"content":{"rendered":"<h3 style=\"text-align: center;\"><em><strong>Y LIVE YVES SAINT LAURENT\u00a0<\/strong><\/em><\/h3>\n<p style=\"text-align: center;\"><strong><em>Un parfum pour HOMME<\/em><\/strong><\/p>\n<p style=\"text-align: center;\"><em>Y LIVE, la nouvelle Eau de Toilette \u00a0par Yves Saint Laurent, pour un homme sur le point de r\u00e9aliser ses r\u00eaves.\u00a0<\/em><\/p>\n<p style=\"text-align: center;\"><em>L&rsquo;HISTOIRE<br \/>\nDe l&rsquo;ombre des coulisses \u00e0 la lumi\u00e8re des projecteurs, Y LIVE Eau de Toilette Intense encapsule les quelques secondes d&rsquo;excitation avant un accomplissement.<\/em><\/p>\n<p style=\"text-align: center;\"><em>L&rsquo;OLFACTION<br \/>\nLa nouvelle Eau de Toilette Intense Y LIVE est une foug\u00e8re intense et vibrante, travaill\u00e9e en clair-obscur.<br \/>\nCette nouvelle interpr\u00e9tation allie le frisson lumineux de l&rsquo;Absolu de Fleur d&rsquo;Oranger \u00e0 l&rsquo;intensit\u00e9 charnelle et obscure de l&rsquo;Absolu de Cacao, toujours\u00a0sublim\u00e9 par la signature olfactive de Y : la fra\u00eecheur de l&rsquo;Absolu de G\u00e9ranium.<\/em><\/p>\n<p style=\"text-align: center;\"><em>QUALITE GARANTIE<\/em><\/p>\n","protected":false},"excerpt":{"rendered":"<h3 style=\"text-align: center;\"><em><strong>Y LIVE YVES SAINT LAURENT\u00a0<\/strong><\/em><\/h3>\n<p style=\"text-align: center;\"><strong><em>Un parfum pour HOMME<\/em><\/strong><\/p>\n<p style=\"text-align: center;\"><em>Y LIVE, la nouvelle Eau de Toilette \u00a0par Yves Saint Laurent, pour un homme sur le point de r\u00e9aliser ses r\u00eaves.\u00a0<\/em><\/p>\n<p style=\"text-align: center;\"><em>L&rsquo;HISTOIRE<br \/>\nDe l&rsquo;ombre des coulisses \u00e0 la lumi\u00e8re des projecteurs, Y LIVE Eau de Toilette Intense encapsule les quelques secondes d&rsquo;excitation avant un accomplissement.<\/em><\/p>\n","protected":false},"featured_media":6180,"comment_status":"open","ping_status":"closed","template":"","meta":{"_uag_custom_page_level_css":"","site-sidebar-layout":"default","site-content-layout":"default","ast-site-content-layout":"","site-content-style":"default","site-sidebar-style":"default","ast-global-header-display":"","ast-banner-title-visibility":"","ast-main-header-display":"","ast-hfb-above-header-display":"","ast-hfb-below-header-display":"","ast-hfb-mobile-header-display":"","site-post-title":"","ast-breadcrumbs-content":"","ast-featured-img":"","footer-sml-layout":"","theme-transparent-header-meta":"default","adv-header-id-meta":"","stick-header-meta":"","header-above-stick-meta":"","header-main-stick-meta":"","header-below-stick-meta":"","astra-migrate-meta-layouts":"default","ast-page-background-enabled":"default","ast-page-background-meta":{"desktop":{"background-color":"","background-image":"","background-repeat":"repeat","background-position":"center center","background-size":"auto","background-attachment":"scroll","background-type":"","background-media":"","overlay-type":"","overlay-color":"","overlay-opacity":"","overlay-gradient":""},"tablet":{"background-color":"","background-image":"","background-repeat":"repeat","background-position":"center center","background-size":"auto","background-attachment":"scroll","background-type":"","background-media":"","overlay-type":"","overlay-color":"","overlay-opacity":"","overlay-gradient":""},"mobile":{"background-color":"","background-image":"","background-repeat":"repeat","background-position":"center center","background-size":"auto","background-attachment":"scroll","background-type":"","background-media":"","overlay-type":"","overlay-color":"","overlay-opacity":"","overlay-gradient":""}},"ast-content-background-meta":{"desktop":{"background-color":"var(--ast-global-color-5)","background-image":"","background-repeat":"repeat","background-position":"center center","background-size":"auto","background-attachment":"scroll","background-type":"","background-media":"","overlay-type":"","overlay-color":"","overlay-opacity":"","overlay-gradient":""},"tablet":{"background-color":"var(--ast-global-color-5)","background-image":"","background-repeat":"repeat","background-position":"center center","background-size":"auto","background-attachment":"scroll","background-type":"","background-media":"","overlay-type":"","overlay-color":"","overlay-opacity":"","overlay-gradient":""},"mobile":{"background-color":"var(--ast-global-color-5)","background-image":"","background-repeat":"repeat","background-position":"center center","background-size":"auto","background-attachment":"scroll","background-type":"","background-media":"","overlay-type":"","overlay-color":"","overlay-opacity":"","overlay-gradient":""}}},"product_cat":[60],"product_tag":[],"class_list":{"0":"post-6179","1":"product","2":"type-product","3":"status-publish","4":"has-post-thumbnail","6":"product_cat-parfumhomme","7":"desktop-align-center","8":"tablet-align-left","9":"mobile-align-center","11":"first","12":"instock","13":"sale","14":"shipping-taxable","15":"purchasable","16":"product-type-simple"},"uagb_featured_image_src":{"full":["https:\/\/masilaparfum.com\/wp-content\/uploads\/2023\/03\/iFp4sxrPKUJQNP3Zs7l3hDPlMNxOhoWxKwatxLAn.jpeg",400,500,false],"thumbnail":["https:\/\/masilaparfum.com\/wp-content\/uploads\/2023\/03\/iFp4sxrPKUJQNP3Zs7l3hDPlMNxOhoWxKwatxLAn-150x150.jpeg",150,150,true],"medium":["https:\/\/masilaparfum.com\/wp-content\/uploads\/2023\/03\/iFp4sxrPKUJQNP3Zs7l3hDPlMNxOhoWxKwatxLAn-300x300.jpeg",300,300,true],"medium_large":["https:\/\/masilaparfum.com\/wp-content\/uploads\/2023\/03\/iFp4sxrPKUJQNP3Zs7l3hDPlMNxOhoWxKwatxLAn.jpeg",400,500,false],"large":["https:\/\/masilaparfum.com\/wp-content\/uploads\/2023\/03\/iFp4sxrPKUJQNP3Zs7l3hDPlMNxOhoWxKwatxLAn.jpeg",400,500,false],"1536x1536":["https:\/\/masilaparfum.com\/wp-content\/uploads\/2023\/03\/iFp4sxrPKUJQNP3Zs7l3hDPlMNxOhoWxKwatxLAn.jpeg",400,500,false],"2048x2048":["https:\/\/masilaparfum.com\/wp-content\/uploads\/2023\/03\/iFp4sxrPKUJQNP3Zs7l3hDPlMNxOhoWxKwatxLAn.jpeg",400,500,false],"mailpoet_newsletter_max":["https:\/\/masilaparfum.com\/wp-content\/uploads\/2023\/03\/iFp4sxrPKUJQNP3Zs7l3hDPlMNxOhoWxKwatxLAn.jpeg",400,500,false],"woocommerce_thumbnail":["https:\/\/masilaparfum.com\/wp-content\/uploads\/2023\/03\/iFp4sxrPKUJQNP3Zs7l3hDPlMNxOhoWxKwatxLAn-300x300.jpeg",300,300,true],"woocommerce_single":["https:\/\/masilaparfum.com\/wp-content\/uploads\/2023\/03\/iFp4sxrPKUJQNP3Zs7l3hDPlMNxOhoWxKwatxLAn.jpeg",400,500,false],"woocommerce_gallery_thumbnail":["https:\/\/masilaparfum.com\/wp-content\/uploads\/2023\/03\/iFp4sxrPKUJQNP3Zs7l3hDPlMNxOhoWxKwatxLAn-100x100.jpeg",100,100,true],"wcpr-photo-reviews":["https:\/\/masilaparfum.com\/wp-content\/uploads\/2023\/03\/iFp4sxrPKUJQNP3Zs7l3hDPlMNxOhoWxKwatxLAn.jpeg",400,500,false]},"uagb_author_info":{"display_name":"masilaparfum","author_link":"https:\/\/masilaparfum.com\/index.php\/author\/"},"uagb_comment_info":0,"uagb_excerpt":"Y LIVE YVES SAINT LAURENT\u00a0 Un parfum pour HOMME Y LIVE, la nouvelle Eau de Toilette \u00a0par Yves Saint Laurent, pour un homme sur le point de r\u00e9aliser ses r\u00eaves.\u00a0 L'HISTOIRE De l'ombre des coulisses \u00e0 la lumi\u00e8re des projecteurs, Y LIVE Eau de Toilette Intense encapsule les quelques secondes d'excitation avant un accomplissement.","_links":{"self":[{"href":"https:\/\/masilaparfum.com\/index.php\/wp-json\/wp\/v2\/product\/6179","targetHints":{"allow":["GET"]}}],"collection":[{"href":"https:\/\/masilaparfum.com\/index.php\/wp-json\/wp\/v2\/product"}],"about":[{"href":"https:\/\/masilaparfum.com\/index.php\/wp-json\/wp\/v2\/types\/product"}],"replies":[{"embeddable":true,"href":"https:\/\/masilaparfum.com\/index.php\/wp-json\/wp\/v2\/comments?post=6179"}],"wp:featuredmedia":[{"embeddable":true,"href":"https:\/\/masilaparfum.com\/index.php\/wp-json\/wp\/v2\/media\/6180"}],"wp:attachment":[{"href":"https:\/\/masilaparfum.com\/index.php\/wp-json\/wp\/v2\/media?parent=6179"}],"wp:term":[{"taxonomy":"product_cat","embeddable":true,"href":"https:\/\/masilaparfum.com\/index.php\/wp-json\/wp\/v2\/product_cat?post=6179"},{"taxonomy":"product_tag","embeddable":true,"href":"https:\/\/masilaparfum.com\/index.php\/wp-json\/wp\/v2\/product_tag?post=6179"}],"curies":[{"name":"wp","href":"https:\/\/api.w.org\/{rel}","templated":true}]}}