{"id":6175,"date":"2023-03-21T16:59:47","date_gmt":"2023-03-21T16:59:47","guid":{"rendered":"https:\/\/masilaparfum.com\/?post_type=product&#038;p=6175"},"modified":"2025-03-07T16:29:09","modified_gmt":"2025-03-07T16:29:09","slug":"stronger-with-you-armani-100-ml","status":"publish","type":"product","link":"https:\/\/masilaparfum.com\/index.php\/product\/stronger-with-you-armani-100-ml\/","title":{"rendered":"STRONGER WITH YOU ARMANI 100 ml"},"content":{"rendered":"<h3 style=\"text-align: center\"><em><strong>STRONGER WITH YOU ARMANI 100 ml<\/strong><\/em><\/h3>\n<p style=\"text-align: center\"><em><strong>Un parfum pour HOMME<\/strong><\/em><\/p>\n<p style=\"text-align: center\"><em>Stronger With Youest une nouvelle interpr\u00e9tation encore plus puissante de la premi\u00e8re version du parfum Stronger With You de la ligne Emporio Armani. Avec In Love With You, il forme un duo de parfums qui expriment avec audace et passion, la force et l&rsquo;intensit\u00e9 de l&rsquo;amour.<\/em><\/p>\n<p style=\"text-align: center\">\n<p style=\"text-align: center\"><em>N\u00e9 en 2019, le nouveau couple a, lui aussi, \u00e9t\u00e9 cr\u00e9\u00e9 en hommage \u00e0 l&rsquo;union de l&rsquo;homme et de la femme d&rsquo;aujourd&rsquo;hui. Le parfum pour homme Stronger With You \u00a0est une fragrance \u00e9pic\u00e9e \u00e0 laquelle une note ambr\u00e9e a \u00e9t\u00e9 ajout\u00e9e pour apporter une touche de myst\u00e8re. On y retrouve une base foug\u00e8re masculine, grand classique de la parfumerie pour hommes. Le marron glac\u00e9 et la vanille conf\u00e8rent au parfum d&rsquo;Emporio Armani rondeur et sensualit\u00e9. On retrouve \u00e9galement dans son univers olfactif des notes bois\u00e9es pleines de chaleur. Le parfum Stronger With You \u00a0est l&rsquo;image d&rsquo;un homme \u00e9perdument amoureux qui vit sa relation avec fougue et passion. C&rsquo;est un homme \u00e9l\u00e9gant et authentique qui conserve son identit\u00e9 en toutes circonstances.<\/em><\/p>\n<p style=\"text-align: center\"><em>QUALITE GARANTIE<\/em><\/p>\n<p style=\"text-align: center\"><em>SATISFAIT OU REMBOURSEE<\/em><\/p>\n","protected":false},"excerpt":{"rendered":"<h3 style=\"text-align: center\"><em><strong>STRONGER WITH YOU ARMANI 100 ml<\/strong><\/em><\/h3>\n<p style=\"text-align: center\"><em><strong>Un parfum pour HOMME<\/strong><\/em><\/p>\n<p style=\"text-align: center\"><em>Stronger With Youest une nouvelle interpr\u00e9tation encore plus puissante de la premi\u00e8re version du parfum Stronger With You de la ligne Emporio Armani. Avec In Love With You, il forme un duo de parfums qui expriment avec audace et passion, la force et l&rsquo;intensit\u00e9 de l&rsquo;amour.<\/em><\/p>\n","protected":false},"featured_media":6177,"comment_status":"open","ping_status":"closed","template":"","meta":{"_uag_custom_page_level_css":"","site-sidebar-layout":"default","site-content-layout":"default","ast-site-content-layout":"","site-content-style":"default","site-sidebar-style":"default","ast-global-header-display":"","ast-banner-title-visibility":"","ast-main-header-display":"","ast-hfb-above-header-display":"","ast-hfb-below-header-display":"","ast-hfb-mobile-header-display":"","site-post-title":"","ast-breadcrumbs-content":"","ast-featured-img":"","footer-sml-layout":"","theme-transparent-header-meta":"default","adv-header-id-meta":"","stick-header-meta":"","header-above-stick-meta":"","header-main-stick-meta":"","header-below-stick-meta":"","astra-migrate-meta-layouts":"default","ast-page-background-enabled":"default","ast-page-background-meta":{"desktop":{"background-color":"","background-image":"","background-repeat":"repeat","background-position":"center center","background-size":"auto","background-attachment":"scroll","background-type":"","background-media":"","overlay-type":"","overlay-color":"","overlay-opacity":"","overlay-gradient":""},"tablet":{"background-color":"","background-image":"","background-repeat":"repeat","background-position":"center center","background-size":"auto","background-attachment":"scroll","background-type":"","background-media":"","overlay-type":"","overlay-color":"","overlay-opacity":"","overlay-gradient":""},"mobile":{"background-color":"","background-image":"","background-repeat":"repeat","background-position":"center center","background-size":"auto","background-attachment":"scroll","background-type":"","background-media":"","overlay-type":"","overlay-color":"","overlay-opacity":"","overlay-gradient":""}},"ast-content-background-meta":{"desktop":{"background-color":"var(--ast-global-color-5)","background-image":"","background-repeat":"repeat","background-position":"center center","background-size":"auto","background-attachment":"scroll","background-type":"","background-media":"","overlay-type":"","overlay-color":"","overlay-opacity":"","overlay-gradient":""},"tablet":{"background-color":"var(--ast-global-color-5)","background-image":"","background-repeat":"repeat","background-position":"center center","background-size":"auto","background-attachment":"scroll","background-type":"","background-media":"","overlay-type":"","overlay-color":"","overlay-opacity":"","overlay-gradient":""},"mobile":{"background-color":"var(--ast-global-color-5)","background-image":"","background-repeat":"repeat","background-position":"center center","background-size":"auto","background-attachment":"scroll","background-type":"","background-media":"","overlay-type":"","overlay-color":"","overlay-opacity":"","overlay-gradient":""}}},"product_cat":[60],"product_tag":[],"class_list":{"0":"post-6175","1":"product","2":"type-product","3":"status-publish","4":"has-post-thumbnail","6":"product_cat-parfumhomme","7":"desktop-align-center","8":"tablet-align-left","9":"mobile-align-center","11":"first","12":"outofstock","13":"shipping-taxable","14":"purchasable","15":"product-type-simple"},"uagb_featured_image_src":{"full":["https:\/\/masilaparfum.com\/wp-content\/uploads\/2023\/03\/emporio-armani-stronger-with-you-visuel-du-parfum.jpeg",710,710,false],"thumbnail":["https:\/\/masilaparfum.com\/wp-content\/uploads\/2023\/03\/emporio-armani-stronger-with-you-visuel-du-parfum-150x150.jpeg",150,150,true],"medium":["https:\/\/masilaparfum.com\/wp-content\/uploads\/2023\/03\/emporio-armani-stronger-with-you-visuel-du-parfum-300x300.jpeg",300,300,true],"medium_large":["https:\/\/masilaparfum.com\/wp-content\/uploads\/2023\/03\/emporio-armani-stronger-with-you-visuel-du-parfum.jpeg",710,710,false],"large":["https:\/\/masilaparfum.com\/wp-content\/uploads\/2023\/03\/emporio-armani-stronger-with-you-visuel-du-parfum.jpeg",710,710,false],"1536x1536":["https:\/\/masilaparfum.com\/wp-content\/uploads\/2023\/03\/emporio-armani-stronger-with-you-visuel-du-parfum.jpeg",710,710,false],"2048x2048":["https:\/\/masilaparfum.com\/wp-content\/uploads\/2023\/03\/emporio-armani-stronger-with-you-visuel-du-parfum.jpeg",710,710,false],"mailpoet_newsletter_max":["https:\/\/masilaparfum.com\/wp-content\/uploads\/2023\/03\/emporio-armani-stronger-with-you-visuel-du-parfum.jpeg",710,710,false],"woocommerce_thumbnail":["https:\/\/masilaparfum.com\/wp-content\/uploads\/2023\/03\/emporio-armani-stronger-with-you-visuel-du-parfum-300x300.jpeg",300,300,true],"woocommerce_single":["https:\/\/masilaparfum.com\/wp-content\/uploads\/2023\/03\/emporio-armani-stronger-with-you-visuel-du-parfum-600x600.jpeg",600,600,true],"woocommerce_gallery_thumbnail":["https:\/\/masilaparfum.com\/wp-content\/uploads\/2023\/03\/emporio-armani-stronger-with-you-visuel-du-parfum-100x100.jpeg",100,100,true],"wcpr-photo-reviews":["https:\/\/masilaparfum.com\/wp-content\/uploads\/2023\/03\/emporio-armani-stronger-with-you-visuel-du-parfum.jpeg",500,500,false]},"uagb_author_info":{"display_name":"masilaparfum","author_link":"https:\/\/masilaparfum.com\/index.php\/author\/"},"uagb_comment_info":0,"uagb_excerpt":"STRONGER WITH YOU ARMANI 100 ml Un parfum pour HOMME Stronger With Youest une nouvelle interpr\u00e9tation encore plus puissante de la premi\u00e8re version du parfum Stronger With You de la ligne Emporio Armani. Avec In Love With You, il forme un duo de parfums qui expriment avec audace et passion, la force et l'intensit\u00e9 de\u2026","_links":{"self":[{"href":"https:\/\/masilaparfum.com\/index.php\/wp-json\/wp\/v2\/product\/6175","targetHints":{"allow":["GET"]}}],"collection":[{"href":"https:\/\/masilaparfum.com\/index.php\/wp-json\/wp\/v2\/product"}],"about":[{"href":"https:\/\/masilaparfum.com\/index.php\/wp-json\/wp\/v2\/types\/product"}],"replies":[{"embeddable":true,"href":"https:\/\/masilaparfum.com\/index.php\/wp-json\/wp\/v2\/comments?post=6175"}],"wp:featuredmedia":[{"embeddable":true,"href":"https:\/\/masilaparfum.com\/index.php\/wp-json\/wp\/v2\/media\/6177"}],"wp:attachment":[{"href":"https:\/\/masilaparfum.com\/index.php\/wp-json\/wp\/v2\/media?parent=6175"}],"wp:term":[{"taxonomy":"product_cat","embeddable":true,"href":"https:\/\/masilaparfum.com\/index.php\/wp-json\/wp\/v2\/product_cat?post=6175"},{"taxonomy":"product_tag","embeddable":true,"href":"https:\/\/masilaparfum.com\/index.php\/wp-json\/wp\/v2\/product_tag?post=6175"}],"curies":[{"name":"wp","href":"https:\/\/api.w.org\/{rel}","templated":true}]}}