{"id":6171,"date":"2023-03-21T16:54:17","date_gmt":"2023-03-21T16:54:17","guid":{"rendered":"https:\/\/masilaparfum.com\/?post_type=product&#038;p=6171"},"modified":"2024-09-11T04:56:30","modified_gmt":"2024-09-11T03:56:30","slug":"hugo-boss-the-scent-100-ml","status":"publish","type":"product","link":"https:\/\/masilaparfum.com\/index.php\/product\/hugo-boss-the-scent-100-ml\/","title":{"rendered":"HUGO BOSS The Scent 100 ml"},"content":{"rendered":"<h3 style=\"text-align: center\"><strong><em>HUGO BOSS The Scent 100 ml<\/em><\/strong><\/h3>\n<p style=\"text-align: center\"><strong><em>Un parfum pour HOMME<\/em><\/strong><\/p>\n<p style=\"text-align: center\"><em>Comme chacun des parfums pour homme Hugo Boss, l&rsquo;eau de toilette vaporisateur Boss The Scent joue clairement la carte de la s\u00e9duction. N\u00e9anmoins, l&rsquo;homme semble aujourd&rsquo;hui avoir m\u00fbri et avoir gagn\u00e9 en assurance.<\/em><\/p>\n<p style=\"text-align: center\"><em>\u00a0Ainsi, il joue de ses charmes avec une facilit\u00e9 d\u00e9concertante. D\u00e9sormais, la s\u00e9duction est quelque chose qui se cultive avec patience. Boss The Scent nous r\u00e9v\u00e8le une facette tr\u00e8s diff\u00e9rente de l&rsquo;homme Hugo Boss, jouant aujourd&rsquo;hui davantage dans le registre de l&rsquo;\u00e9motion.<\/em><\/p>\n<p style=\"text-align: center\"><em>\u00a0PARFUM TESTEUR\u00a0<\/em><\/p>\n<p style=\"text-align: center\"><em>QUALITE GARANTIE<\/em><\/p>\n","protected":false},"excerpt":{"rendered":"<h3 style=\"text-align: center\"><strong><em>HUGO BOSS The Scent 100 ml<\/em><\/strong><\/h3>\n<p style=\"text-align: center\"><strong><em>Un parfum pour HOMME<\/em><\/strong><\/p>\n<p style=\"text-align: center\"><em>Comme chacun des parfums pour homme Hugo Boss, l&rsquo;eau de toilette vaporisateur Boss The Scent joue clairement la carte de la s\u00e9duction. N\u00e9anmoins, l&rsquo;homme semble aujourd&rsquo;hui avoir m\u00fbri et avoir gagn\u00e9 en assurance.<\/em><\/p>\n<p style=\"text-align: center\"><em>\u00a0Ainsi, il joue de ses charmes avec une facilit\u00e9 d\u00e9concertante. D\u00e9sormais, la s\u00e9duction est quelque chose qui se cultive avec patience. Boss The Scent nous r\u00e9v\u00e8le une facette tr\u00e8s diff\u00e9rente de l&rsquo;homme Hugo Boss, jouant aujourd&rsquo;hui davantage dans le registre de l&rsquo;\u00e9motion.<\/em><\/p>\n","protected":false},"featured_media":6172,"comment_status":"open","ping_status":"closed","template":"","meta":{"_uag_custom_page_level_css":"","site-sidebar-layout":"default","site-content-layout":"default","ast-site-content-layout":"","site-content-style":"default","site-sidebar-style":"default","ast-global-header-display":"","ast-banner-title-visibility":"","ast-main-header-display":"","ast-hfb-above-header-display":"","ast-hfb-below-header-display":"","ast-hfb-mobile-header-display":"","site-post-title":"","ast-breadcrumbs-content":"","ast-featured-img":"","footer-sml-layout":"","theme-transparent-header-meta":"default","adv-header-id-meta":"","stick-header-meta":"","header-above-stick-meta":"","header-main-stick-meta":"","header-below-stick-meta":"","astra-migrate-meta-layouts":"default","ast-page-background-enabled":"default","ast-page-background-meta":{"desktop":{"background-color":"","background-image":"","background-repeat":"repeat","background-position":"center center","background-size":"auto","background-attachment":"scroll","background-type":"","background-media":"","overlay-type":"","overlay-color":"","overlay-opacity":"","overlay-gradient":""},"tablet":{"background-color":"","background-image":"","background-repeat":"repeat","background-position":"center center","background-size":"auto","background-attachment":"scroll","background-type":"","background-media":"","overlay-type":"","overlay-color":"","overlay-opacity":"","overlay-gradient":""},"mobile":{"background-color":"","background-image":"","background-repeat":"repeat","background-position":"center center","background-size":"auto","background-attachment":"scroll","background-type":"","background-media":"","overlay-type":"","overlay-color":"","overlay-opacity":"","overlay-gradient":""}},"ast-content-background-meta":{"desktop":{"background-color":"var(--ast-global-color-5)","background-image":"","background-repeat":"repeat","background-position":"center center","background-size":"auto","background-attachment":"scroll","background-type":"","background-media":"","overlay-type":"","overlay-color":"","overlay-opacity":"","overlay-gradient":""},"tablet":{"background-color":"var(--ast-global-color-5)","background-image":"","background-repeat":"repeat","background-position":"center center","background-size":"auto","background-attachment":"scroll","background-type":"","background-media":"","overlay-type":"","overlay-color":"","overlay-opacity":"","overlay-gradient":""},"mobile":{"background-color":"var(--ast-global-color-5)","background-image":"","background-repeat":"repeat","background-position":"center center","background-size":"auto","background-attachment":"scroll","background-type":"","background-media":"","overlay-type":"","overlay-color":"","overlay-opacity":"","overlay-gradient":""}}},"product_cat":[60],"product_tag":[],"class_list":{"0":"post-6171","1":"product","2":"type-product","3":"status-publish","4":"has-post-thumbnail","6":"product_cat-parfumhomme","7":"desktop-align-center","8":"tablet-align-left","9":"mobile-align-center","11":"first","12":"outofstock","13":"shipping-taxable","14":"purchasable","15":"product-type-simple"},"uagb_featured_image_src":{"full":["https:\/\/masilaparfum.com\/wp-content\/uploads\/2023\/03\/Boss-The-Scent.jpeg",1500,1500,false],"thumbnail":["https:\/\/masilaparfum.com\/wp-content\/uploads\/2023\/03\/Boss-The-Scent-150x150.jpeg",150,150,true],"medium":["https:\/\/masilaparfum.com\/wp-content\/uploads\/2023\/03\/Boss-The-Scent-300x300.jpeg",300,300,true],"medium_large":["https:\/\/masilaparfum.com\/wp-content\/uploads\/2023\/03\/Boss-The-Scent-768x768.jpeg",768,768,true],"large":["https:\/\/masilaparfum.com\/wp-content\/uploads\/2023\/03\/Boss-The-Scent-1024x1024.jpeg",1024,1024,true],"1536x1536":["https:\/\/masilaparfum.com\/wp-content\/uploads\/2023\/03\/Boss-The-Scent.jpeg",1500,1500,false],"2048x2048":["https:\/\/masilaparfum.com\/wp-content\/uploads\/2023\/03\/Boss-The-Scent.jpeg",1500,1500,false],"mailpoet_newsletter_max":["https:\/\/masilaparfum.com\/wp-content\/uploads\/2023\/03\/Boss-The-Scent-1320x1320.jpeg",1320,1320,true],"woocommerce_thumbnail":["https:\/\/masilaparfum.com\/wp-content\/uploads\/2023\/03\/Boss-The-Scent-300x300.jpeg",300,300,true],"woocommerce_single":["https:\/\/masilaparfum.com\/wp-content\/uploads\/2023\/03\/Boss-The-Scent-600x600.jpeg",600,600,true],"woocommerce_gallery_thumbnail":["https:\/\/masilaparfum.com\/wp-content\/uploads\/2023\/03\/Boss-The-Scent-100x100.jpeg",100,100,true],"wcpr-photo-reviews":["https:\/\/masilaparfum.com\/wp-content\/uploads\/2023\/03\/Boss-The-Scent.jpeg",500,500,false]},"uagb_author_info":{"display_name":"masilaparfum","author_link":"https:\/\/masilaparfum.com\/index.php\/author\/"},"uagb_comment_info":0,"uagb_excerpt":"HUGO BOSS The Scent 100 ml Un parfum pour HOMME Comme chacun des parfums pour homme Hugo Boss, l'eau de toilette vaporisateur Boss The Scent joue clairement la carte de la s\u00e9duction. N\u00e9anmoins, l'homme semble aujourd'hui avoir m\u00fbri et avoir gagn\u00e9 en assurance. \u00a0Ainsi, il joue de ses charmes avec une facilit\u00e9 d\u00e9concertante. D\u00e9sormais, la\u2026","_links":{"self":[{"href":"https:\/\/masilaparfum.com\/index.php\/wp-json\/wp\/v2\/product\/6171","targetHints":{"allow":["GET"]}}],"collection":[{"href":"https:\/\/masilaparfum.com\/index.php\/wp-json\/wp\/v2\/product"}],"about":[{"href":"https:\/\/masilaparfum.com\/index.php\/wp-json\/wp\/v2\/types\/product"}],"replies":[{"embeddable":true,"href":"https:\/\/masilaparfum.com\/index.php\/wp-json\/wp\/v2\/comments?post=6171"}],"wp:featuredmedia":[{"embeddable":true,"href":"https:\/\/masilaparfum.com\/index.php\/wp-json\/wp\/v2\/media\/6172"}],"wp:attachment":[{"href":"https:\/\/masilaparfum.com\/index.php\/wp-json\/wp\/v2\/media?parent=6171"}],"wp:term":[{"taxonomy":"product_cat","embeddable":true,"href":"https:\/\/masilaparfum.com\/index.php\/wp-json\/wp\/v2\/product_cat?post=6171"},{"taxonomy":"product_tag","embeddable":true,"href":"https:\/\/masilaparfum.com\/index.php\/wp-json\/wp\/v2\/product_tag?post=6171"}],"curies":[{"name":"wp","href":"https:\/\/api.w.org\/{rel}","templated":true}]}}