{"id":6158,"date":"2023-03-21T16:18:29","date_gmt":"2023-03-21T16:18:29","guid":{"rendered":"https:\/\/masilaparfum.com\/?post_type=product&#038;p=6158"},"modified":"2026-03-22T04:33:55","modified_gmt":"2026-03-22T03:33:55","slug":"bleu-de-chanel-edp-100ml","status":"publish","type":"product","link":"https:\/\/masilaparfum.com\/index.php\/product\/bleu-de-chanel-edp-100ml\/","title":{"rendered":"BLEU DE CHANEL ( Edp ) 100ml"},"content":{"rendered":"<h3 style=\"text-align: center\"><em><strong>BLEU DE CHANEL ( Eau de parfum ) 100ml<\/strong><\/em><\/h3>\n<p style=\"text-align: center\"><em><strong>Un parfum Pour Homme<\/strong><\/em><\/p>\n<p style=\"text-align: center\"><em>L\u2019\u00e9loge de la libert\u00e9, s\u2019exprimant dans un aromatique-bois\u00e9 au sillage captivant. Une fragrance intemporelle, dans un flacon d\u2019un bleu profond et myst\u00e9rieux.<\/em><br \/>\n<em>BLEU DE CHANEL Parfum affirme un caract\u00e8re accompli, dans une formule pure et soutenue. Une signature intens\u00e9ment masculine, qui incarne pl\u00e9nitude et confiance en soi.<\/em><br \/>\n<em>BLEU DE CHANEL Parfum est un aromatique intens\u00e9ment bois\u00e9. S\u2019ouvrant sur la fra\u00eecheur, il se prolonge dans un accord pr\u00e9cieux, illumin\u00e9 par le bois de santal de Nouvelle-Cal\u00e9donie. Majestueux, celui-ci d\u00e9voile ses nuances g\u00e9n\u00e9reuses et puissantes, tra\u00e7ant un sillage dense et raffin\u00e9.<\/em><\/p>\n<p style=\"text-align: center\"><em>\u00a0PARFUM TESTEUR\u00a0<\/em><\/p>\n<p style=\"text-align: center\"><em>QUALITE GARANTIE<\/em><\/p>\n","protected":false},"excerpt":{"rendered":"<h3 style=\"text-align: center\"><em><strong>BLEU DE CHANEL ( Eau de parfum ) 100ml<\/strong><\/em><\/h3>\n<p style=\"text-align: center\"><em><strong>Un parfum Pour Homme<\/strong><\/em><\/p>\n<p style=\"text-align: center\"><em>L\u2019\u00e9loge de la libert\u00e9, s\u2019exprimant dans un aromatique-bois\u00e9 au sillage captivant. Une fragrance intemporelle, dans un flacon d\u2019un bleu profond et myst\u00e9rieux.<\/em><br \/>\n<em>BLEU DE CHANEL Parfum affirme un caract\u00e8re accompli, dans une formule pure et soutenue. Une signature intens\u00e9ment masculine, qui incarne pl\u00e9nitude et confiance en soi.<\/em><\/p>\n","protected":false},"featured_media":6160,"comment_status":"open","ping_status":"closed","template":"","meta":{"_uag_custom_page_level_css":"","site-sidebar-layout":"default","site-content-layout":"default","ast-site-content-layout":"","site-content-style":"default","site-sidebar-style":"default","ast-global-header-display":"","ast-banner-title-visibility":"","ast-main-header-display":"","ast-hfb-above-header-display":"","ast-hfb-below-header-display":"","ast-hfb-mobile-header-display":"","site-post-title":"","ast-breadcrumbs-content":"","ast-featured-img":"","footer-sml-layout":"","theme-transparent-header-meta":"default","adv-header-id-meta":"","stick-header-meta":"","header-above-stick-meta":"","header-main-stick-meta":"","header-below-stick-meta":"","astra-migrate-meta-layouts":"default","ast-page-background-enabled":"default","ast-page-background-meta":{"desktop":{"background-color":"","background-image":"","background-repeat":"repeat","background-position":"center center","background-size":"auto","background-attachment":"scroll","background-type":"","background-media":"","overlay-type":"","overlay-color":"","overlay-opacity":"","overlay-gradient":""},"tablet":{"background-color":"","background-image":"","background-repeat":"repeat","background-position":"center center","background-size":"auto","background-attachment":"scroll","background-type":"","background-media":"","overlay-type":"","overlay-color":"","overlay-opacity":"","overlay-gradient":""},"mobile":{"background-color":"","background-image":"","background-repeat":"repeat","background-position":"center center","background-size":"auto","background-attachment":"scroll","background-type":"","background-media":"","overlay-type":"","overlay-color":"","overlay-opacity":"","overlay-gradient":""}},"ast-content-background-meta":{"desktop":{"background-color":"var(--ast-global-color-5)","background-image":"","background-repeat":"repeat","background-position":"center center","background-size":"auto","background-attachment":"scroll","background-type":"","background-media":"","overlay-type":"","overlay-color":"","overlay-opacity":"","overlay-gradient":""},"tablet":{"background-color":"var(--ast-global-color-5)","background-image":"","background-repeat":"repeat","background-position":"center center","background-size":"auto","background-attachment":"scroll","background-type":"","background-media":"","overlay-type":"","overlay-color":"","overlay-opacity":"","overlay-gradient":""},"mobile":{"background-color":"var(--ast-global-color-5)","background-image":"","background-repeat":"repeat","background-position":"center center","background-size":"auto","background-attachment":"scroll","background-type":"","background-media":"","overlay-type":"","overlay-color":"","overlay-opacity":"","overlay-gradient":""}}},"product_cat":[60],"product_tag":[],"class_list":{"0":"post-6158","1":"product","2":"type-product","3":"status-publish","4":"has-post-thumbnail","6":"product_cat-parfumhomme","7":"desktop-align-center","8":"tablet-align-left","9":"mobile-align-center","11":"first","12":"instock","13":"sale","14":"shipping-taxable","15":"purchasable","16":"product-type-simple"},"uagb_featured_image_src":{"full":["https:\/\/masilaparfum.com\/wp-content\/uploads\/2023\/03\/bleu-de-Chanel-150-ml-prix-maroc-eau-de-parfum-homme-pas-cher.jpeg",700,823,false],"thumbnail":["https:\/\/masilaparfum.com\/wp-content\/uploads\/2023\/03\/bleu-de-Chanel-150-ml-prix-maroc-eau-de-parfum-homme-pas-cher-150x150.jpeg",150,150,true],"medium":["https:\/\/masilaparfum.com\/wp-content\/uploads\/2023\/03\/bleu-de-Chanel-150-ml-prix-maroc-eau-de-parfum-homme-pas-cher-300x300.jpeg",300,300,true],"medium_large":["https:\/\/masilaparfum.com\/wp-content\/uploads\/2023\/03\/bleu-de-Chanel-150-ml-prix-maroc-eau-de-parfum-homme-pas-cher-700x768.jpeg",700,768,true],"large":["https:\/\/masilaparfum.com\/wp-content\/uploads\/2023\/03\/bleu-de-Chanel-150-ml-prix-maroc-eau-de-parfum-homme-pas-cher.jpeg",700,823,false],"1536x1536":["https:\/\/masilaparfum.com\/wp-content\/uploads\/2023\/03\/bleu-de-Chanel-150-ml-prix-maroc-eau-de-parfum-homme-pas-cher.jpeg",700,823,false],"2048x2048":["https:\/\/masilaparfum.com\/wp-content\/uploads\/2023\/03\/bleu-de-Chanel-150-ml-prix-maroc-eau-de-parfum-homme-pas-cher.jpeg",700,823,false],"mailpoet_newsletter_max":["https:\/\/masilaparfum.com\/wp-content\/uploads\/2023\/03\/bleu-de-Chanel-150-ml-prix-maroc-eau-de-parfum-homme-pas-cher.jpeg",700,823,false],"woocommerce_thumbnail":["https:\/\/masilaparfum.com\/wp-content\/uploads\/2023\/03\/bleu-de-Chanel-150-ml-prix-maroc-eau-de-parfum-homme-pas-cher-300x300.jpeg",300,300,true],"woocommerce_single":["https:\/\/masilaparfum.com\/wp-content\/uploads\/2023\/03\/bleu-de-Chanel-150-ml-prix-maroc-eau-de-parfum-homme-pas-cher-600x705.jpeg",600,705,true],"woocommerce_gallery_thumbnail":["https:\/\/masilaparfum.com\/wp-content\/uploads\/2023\/03\/bleu-de-Chanel-150-ml-prix-maroc-eau-de-parfum-homme-pas-cher-100x100.jpeg",100,100,true],"wcpr-photo-reviews":["https:\/\/masilaparfum.com\/wp-content\/uploads\/2023\/03\/bleu-de-Chanel-150-ml-prix-maroc-eau-de-parfum-homme-pas-cher.jpeg",425,500,false]},"uagb_author_info":{"display_name":"masilaparfum","author_link":"https:\/\/masilaparfum.com\/index.php\/author\/"},"uagb_comment_info":0,"uagb_excerpt":"BLEU DE CHANEL ( Eau de parfum ) 100ml Un parfum Pour Homme L\u2019\u00e9loge de la libert\u00e9, s\u2019exprimant dans un aromatique-bois\u00e9 au sillage captivant. Une fragrance intemporelle, dans un flacon d\u2019un bleu profond et myst\u00e9rieux. BLEU DE CHANEL Parfum affirme un caract\u00e8re accompli, dans une formule pure et soutenue. Une signature intens\u00e9ment masculine, qui incarne\u2026","_links":{"self":[{"href":"https:\/\/masilaparfum.com\/index.php\/wp-json\/wp\/v2\/product\/6158","targetHints":{"allow":["GET"]}}],"collection":[{"href":"https:\/\/masilaparfum.com\/index.php\/wp-json\/wp\/v2\/product"}],"about":[{"href":"https:\/\/masilaparfum.com\/index.php\/wp-json\/wp\/v2\/types\/product"}],"replies":[{"embeddable":true,"href":"https:\/\/masilaparfum.com\/index.php\/wp-json\/wp\/v2\/comments?post=6158"}],"wp:featuredmedia":[{"embeddable":true,"href":"https:\/\/masilaparfum.com\/index.php\/wp-json\/wp\/v2\/media\/6160"}],"wp:attachment":[{"href":"https:\/\/masilaparfum.com\/index.php\/wp-json\/wp\/v2\/media?parent=6158"}],"wp:term":[{"taxonomy":"product_cat","embeddable":true,"href":"https:\/\/masilaparfum.com\/index.php\/wp-json\/wp\/v2\/product_cat?post=6158"},{"taxonomy":"product_tag","embeddable":true,"href":"https:\/\/masilaparfum.com\/index.php\/wp-json\/wp\/v2\/product_tag?post=6158"}],"curies":[{"name":"wp","href":"https:\/\/api.w.org\/{rel}","templated":true}]}}