{"id":6155,"date":"2023-03-21T16:11:16","date_gmt":"2023-03-21T16:11:16","guid":{"rendered":"https:\/\/masilaparfum.com\/?post_type=product&#038;p=6155"},"modified":"2023-03-21T16:11:16","modified_gmt":"2023-03-21T16:11:16","slug":"parfum-terre-dhermes-100ml","status":"publish","type":"product","link":"https:\/\/masilaparfum.com\/index.php\/product\/parfum-terre-dhermes-100ml\/","title":{"rendered":"PARFUM TERRE D&rsquo;HERM\u00c8S  100ml"},"content":{"rendered":"<div class=\"product-section\">\n<h1 class=\"single-title\" style=\"text-align: center;\"><em><strong>PARFUM TERRE D&rsquo;HERM\u00c8S EDT 100ML<\/strong><\/em><\/h1>\n<p style=\"text-align: center;\"><em><strong>Un Parfum pour HOMME\u00a0<\/strong><\/em><\/p>\n<p style=\"text-align: center;\"><em>La chaleur et la densit\u00e9 des bois associ\u00e9es \u00e0 la douceur du benjoin et \u00e0 l&rsquo;\u00e9clat du shiso.Terre d&rsquo;Herm\u00e8s raconte la relation de l&rsquo;homme \u00e0 la terre<\/em><\/p>\n<p style=\"text-align: center;\"><em>Son dialogue humble et harmonieux avec la nature et les \u00e9l\u00e9ments. Terre d&rsquo;Herm\u00e8s est le parfum qui relie l&rsquo;homme \u00e0 ses origines, aux sources de sa puissance cr\u00e9atrice.<\/em><\/p>\n<\/div>\n<div class=\"product-section price-section\">\n<h3 class=\"single-price\"><\/h3>\n<\/div>\n","protected":false},"excerpt":{"rendered":"<div class=\"product-section\">\n<p style=\"text-align: center;\"><em><strong>Un Parfum pour HOMME\u00a0<\/strong><\/em><\/p>\n<p style=\"text-align: center;\"><em>La chaleur et la densit\u00e9 des bois associ\u00e9es \u00e0 la douceur du benjoin et \u00e0 l&rsquo;\u00e9clat du shiso.Terre d&rsquo;Herm\u00e8s raconte la relation de l&rsquo;homme \u00e0 la terre<\/em><\/p>\n<p style=\"text-align: center;\"><em>Son dialogue humble et harmonieux avec la nature et les \u00e9l\u00e9ments. Terre d&rsquo;Herm\u00e8s est le parfum qui relie l&rsquo;homme \u00e0 ses origines, aux sources de sa puissance cr\u00e9atrice.<\/em><\/p>\n<\/div>\n<div class=\"product-section price-section\">\n<h3 class=\"single-price\"><\/h3>\n<\/div>\n","protected":false},"featured_media":6156,"comment_status":"open","ping_status":"closed","template":"","meta":{"_uag_custom_page_level_css":"","site-sidebar-layout":"default","site-content-layout":"default","ast-site-content-layout":"","site-content-style":"default","site-sidebar-style":"default","ast-global-header-display":"","ast-banner-title-visibility":"","ast-main-header-display":"","ast-hfb-above-header-display":"","ast-hfb-below-header-display":"","ast-hfb-mobile-header-display":"","site-post-title":"","ast-breadcrumbs-content":"","ast-featured-img":"","footer-sml-layout":"","theme-transparent-header-meta":"default","adv-header-id-meta":"","stick-header-meta":"","header-above-stick-meta":"","header-main-stick-meta":"","header-below-stick-meta":"","astra-migrate-meta-layouts":"default","ast-page-background-enabled":"default","ast-page-background-meta":{"desktop":{"background-color":"","background-image":"","background-repeat":"repeat","background-position":"center center","background-size":"auto","background-attachment":"scroll","background-type":"","background-media":"","overlay-type":"","overlay-color":"","overlay-opacity":"","overlay-gradient":""},"tablet":{"background-color":"","background-image":"","background-repeat":"repeat","background-position":"center center","background-size":"auto","background-attachment":"scroll","background-type":"","background-media":"","overlay-type":"","overlay-color":"","overlay-opacity":"","overlay-gradient":""},"mobile":{"background-color":"","background-image":"","background-repeat":"repeat","background-position":"center center","background-size":"auto","background-attachment":"scroll","background-type":"","background-media":"","overlay-type":"","overlay-color":"","overlay-opacity":"","overlay-gradient":""}},"ast-content-background-meta":{"desktop":{"background-color":"var(--ast-global-color-5)","background-image":"","background-repeat":"repeat","background-position":"center center","background-size":"auto","background-attachment":"scroll","background-type":"","background-media":"","overlay-type":"","overlay-color":"","overlay-opacity":"","overlay-gradient":""},"tablet":{"background-color":"var(--ast-global-color-5)","background-image":"","background-repeat":"repeat","background-position":"center center","background-size":"auto","background-attachment":"scroll","background-type":"","background-media":"","overlay-type":"","overlay-color":"","overlay-opacity":"","overlay-gradient":""},"mobile":{"background-color":"var(--ast-global-color-5)","background-image":"","background-repeat":"repeat","background-position":"center center","background-size":"auto","background-attachment":"scroll","background-type":"","background-media":"","overlay-type":"","overlay-color":"","overlay-opacity":"","overlay-gradient":""}}},"product_cat":[60],"product_tag":[],"class_list":{"0":"post-6155","1":"product","2":"type-product","3":"status-publish","4":"has-post-thumbnail","6":"product_cat-parfumhomme","7":"desktop-align-center","8":"tablet-align-left","9":"mobile-align-center","11":"first","12":"instock","13":"sale","14":"shipping-taxable","15":"purchasable","16":"product-type-simple"},"uagb_featured_image_src":{"full":["https:\/\/masilaparfum.com\/wp-content\/uploads\/2023\/03\/WBUfkC7kGmejYVzn25gwzBzgScs0qiSB8vTLjNy3_lg.jpeg",680,680,false],"thumbnail":["https:\/\/masilaparfum.com\/wp-content\/uploads\/2023\/03\/WBUfkC7kGmejYVzn25gwzBzgScs0qiSB8vTLjNy3_lg-150x150.jpeg",150,150,true],"medium":["https:\/\/masilaparfum.com\/wp-content\/uploads\/2023\/03\/WBUfkC7kGmejYVzn25gwzBzgScs0qiSB8vTLjNy3_lg-300x300.jpeg",300,300,true],"medium_large":["https:\/\/masilaparfum.com\/wp-content\/uploads\/2023\/03\/WBUfkC7kGmejYVzn25gwzBzgScs0qiSB8vTLjNy3_lg.jpeg",680,680,false],"large":["https:\/\/masilaparfum.com\/wp-content\/uploads\/2023\/03\/WBUfkC7kGmejYVzn25gwzBzgScs0qiSB8vTLjNy3_lg.jpeg",680,680,false],"1536x1536":["https:\/\/masilaparfum.com\/wp-content\/uploads\/2023\/03\/WBUfkC7kGmejYVzn25gwzBzgScs0qiSB8vTLjNy3_lg.jpeg",680,680,false],"2048x2048":["https:\/\/masilaparfum.com\/wp-content\/uploads\/2023\/03\/WBUfkC7kGmejYVzn25gwzBzgScs0qiSB8vTLjNy3_lg.jpeg",680,680,false],"mailpoet_newsletter_max":["https:\/\/masilaparfum.com\/wp-content\/uploads\/2023\/03\/WBUfkC7kGmejYVzn25gwzBzgScs0qiSB8vTLjNy3_lg.jpeg",680,680,false],"woocommerce_thumbnail":["https:\/\/masilaparfum.com\/wp-content\/uploads\/2023\/03\/WBUfkC7kGmejYVzn25gwzBzgScs0qiSB8vTLjNy3_lg-300x300.jpeg",300,300,true],"woocommerce_single":["https:\/\/masilaparfum.com\/wp-content\/uploads\/2023\/03\/WBUfkC7kGmejYVzn25gwzBzgScs0qiSB8vTLjNy3_lg-600x600.jpeg",600,600,true],"woocommerce_gallery_thumbnail":["https:\/\/masilaparfum.com\/wp-content\/uploads\/2023\/03\/WBUfkC7kGmejYVzn25gwzBzgScs0qiSB8vTLjNy3_lg-100x100.jpeg",100,100,true],"wcpr-photo-reviews":["https:\/\/masilaparfum.com\/wp-content\/uploads\/2023\/03\/WBUfkC7kGmejYVzn25gwzBzgScs0qiSB8vTLjNy3_lg.jpeg",500,500,false]},"uagb_author_info":{"display_name":"masilaparfum","author_link":"https:\/\/masilaparfum.com\/index.php\/author\/"},"uagb_comment_info":0,"uagb_excerpt":"Un Parfum pour HOMME\u00a0 La chaleur et la densit\u00e9 des bois associ\u00e9es \u00e0 la douceur du benjoin et \u00e0 l'\u00e9clat du shiso.Terre d'Herm\u00e8s raconte la relation de l'homme \u00e0 la terre Son dialogue humble et harmonieux avec la nature et les \u00e9l\u00e9ments. Terre d'Herm\u00e8s est le parfum qui relie l'homme \u00e0 ses origines, aux sources\u2026","_links":{"self":[{"href":"https:\/\/masilaparfum.com\/index.php\/wp-json\/wp\/v2\/product\/6155","targetHints":{"allow":["GET"]}}],"collection":[{"href":"https:\/\/masilaparfum.com\/index.php\/wp-json\/wp\/v2\/product"}],"about":[{"href":"https:\/\/masilaparfum.com\/index.php\/wp-json\/wp\/v2\/types\/product"}],"replies":[{"embeddable":true,"href":"https:\/\/masilaparfum.com\/index.php\/wp-json\/wp\/v2\/comments?post=6155"}],"wp:featuredmedia":[{"embeddable":true,"href":"https:\/\/masilaparfum.com\/index.php\/wp-json\/wp\/v2\/media\/6156"}],"wp:attachment":[{"href":"https:\/\/masilaparfum.com\/index.php\/wp-json\/wp\/v2\/media?parent=6155"}],"wp:term":[{"taxonomy":"product_cat","embeddable":true,"href":"https:\/\/masilaparfum.com\/index.php\/wp-json\/wp\/v2\/product_cat?post=6155"},{"taxonomy":"product_tag","embeddable":true,"href":"https:\/\/masilaparfum.com\/index.php\/wp-json\/wp\/v2\/product_tag?post=6155"}],"curies":[{"name":"wp","href":"https:\/\/api.w.org\/{rel}","templated":true}]}}