{"id":6146,"date":"2023-03-19T01:24:26","date_gmt":"2023-03-19T00:24:26","guid":{"rendered":"https:\/\/masilaparfum.com\/?post_type=product&#038;p=6146"},"modified":"2024-11-08T18:44:30","modified_gmt":"2024-11-08T17:44:30","slug":"baccarat-rouge-540-eau-de-parfum","status":"publish","type":"product","link":"https:\/\/masilaparfum.com\/index.php\/product\/baccarat-rouge-540-eau-de-parfum\/","title":{"rendered":"BACCARAT ROUGE 540 eau de parfum 70ml"},"content":{"rendered":"<h2 style=\"text-align: center\"><em><strong>BACCARAT ROUGE 540 eau de parfum<\/strong><\/em><\/h2>\n<p style=\"text-align: center\"><em><strong>Un parfum unisex pour femme et homme<\/strong><\/em><\/p>\n<div style=\"text-align: center\"><em>Lumineux et rac\u00e9, Baccarat Rouge 540 se pose sur la peau tel un souffle fleuri ambr\u00e9 et bois\u00e9. Une alchimie po\u00e9tique. Une signature olfactive graphique et condens\u00e9e \u00e0 l\u2019extr\u00eame.<\/em><\/div>\n<p style=\"text-align: center\"><em>Composition<\/em><\/p>\n<p style=\"text-align: center\"><em>Jasmin, safran, bois de c\u00e8dre, ambre gris<\/em><\/p>\n","protected":false},"excerpt":{"rendered":"<h2 style=\"text-align: center\"><em><strong>BACCARAT ROUGE 540 eau de parfum 70ml<\/strong><\/em><\/h2>\n<p style=\"text-align: center\"><em><strong>Un parfum unisex pour femme et homme<\/strong><\/em><\/p>\n<div style=\"text-align: center\"><em>Lumineux et rac\u00e9, Baccarat Rouge 540 se pose sur la peau tel un souffle fleuri ambr\u00e9 et bois\u00e9. Une alchimie po\u00e9tique. Une signature olfactive graphique et condens\u00e9e \u00e0 l\u2019extr\u00eame.<\/em><\/div>\n<p style=\"text-align: center\"><em>Composition<\/em><\/p>\n<p style=\"text-align: center\"><em>Jasmin, safran, bois de c\u00e8dre, ambre gris<\/em><\/p>\n","protected":false},"featured_media":6147,"comment_status":"closed","ping_status":"closed","template":"","meta":{"_uag_custom_page_level_css":"","site-sidebar-layout":"default","site-content-layout":"default","ast-site-content-layout":"","site-content-style":"default","site-sidebar-style":"default","ast-global-header-display":"","ast-banner-title-visibility":"","ast-main-header-display":"","ast-hfb-above-header-display":"","ast-hfb-below-header-display":"","ast-hfb-mobile-header-display":"","site-post-title":"","ast-breadcrumbs-content":"","ast-featured-img":"","footer-sml-layout":"","theme-transparent-header-meta":"default","adv-header-id-meta":"","stick-header-meta":"","header-above-stick-meta":"","header-main-stick-meta":"","header-below-stick-meta":"","astra-migrate-meta-layouts":"default","ast-page-background-enabled":"default","ast-page-background-meta":{"desktop":{"background-color":"","background-image":"","background-repeat":"repeat","background-position":"center center","background-size":"auto","background-attachment":"scroll","background-type":"","background-media":"","overlay-type":"","overlay-color":"","overlay-opacity":"","overlay-gradient":""},"tablet":{"background-color":"","background-image":"","background-repeat":"repeat","background-position":"center center","background-size":"auto","background-attachment":"scroll","background-type":"","background-media":"","overlay-type":"","overlay-color":"","overlay-opacity":"","overlay-gradient":""},"mobile":{"background-color":"","background-image":"","background-repeat":"repeat","background-position":"center center","background-size":"auto","background-attachment":"scroll","background-type":"","background-media":"","overlay-type":"","overlay-color":"","overlay-opacity":"","overlay-gradient":""}},"ast-content-background-meta":{"desktop":{"background-color":"var(--ast-global-color-5)","background-image":"","background-repeat":"repeat","background-position":"center center","background-size":"auto","background-attachment":"scroll","background-type":"","background-media":"","overlay-type":"","overlay-color":"","overlay-opacity":"","overlay-gradient":""},"tablet":{"background-color":"var(--ast-global-color-5)","background-image":"","background-repeat":"repeat","background-position":"center center","background-size":"auto","background-attachment":"scroll","background-type":"","background-media":"","overlay-type":"","overlay-color":"","overlay-opacity":"","overlay-gradient":""},"mobile":{"background-color":"var(--ast-global-color-5)","background-image":"","background-repeat":"repeat","background-position":"center center","background-size":"auto","background-attachment":"scroll","background-type":"","background-media":"","overlay-type":"","overlay-color":"","overlay-opacity":"","overlay-gradient":""}}},"product_cat":[59,60,62],"product_tag":[328],"class_list":{"0":"post-6146","1":"product","2":"type-product","3":"status-publish","4":"has-post-thumbnail","6":"product_cat-parfumfemme","7":"product_cat-parfumhomme","8":"product_cat-parfum-unisex","9":"product_tag-mh","10":"desktop-align-center","11":"tablet-align-left","12":"mobile-align-center","14":"first","15":"instock","16":"sale","17":"shipping-taxable","18":"purchasable","19":"product-type-simple"},"uagb_featured_image_src":{"full":["https:\/\/masilaparfum.com\/wp-content\/uploads\/2023\/03\/350x350-1.jpeg",350,350,false],"thumbnail":["https:\/\/masilaparfum.com\/wp-content\/uploads\/2023\/03\/350x350-1-150x150.jpeg",150,150,true],"medium":["https:\/\/masilaparfum.com\/wp-content\/uploads\/2023\/03\/350x350-1-300x300.jpeg",300,300,true],"medium_large":["https:\/\/masilaparfum.com\/wp-content\/uploads\/2023\/03\/350x350-1.jpeg",350,350,false],"large":["https:\/\/masilaparfum.com\/wp-content\/uploads\/2023\/03\/350x350-1.jpeg",350,350,false],"1536x1536":["https:\/\/masilaparfum.com\/wp-content\/uploads\/2023\/03\/350x350-1.jpeg",350,350,false],"2048x2048":["https:\/\/masilaparfum.com\/wp-content\/uploads\/2023\/03\/350x350-1.jpeg",350,350,false],"mailpoet_newsletter_max":["https:\/\/masilaparfum.com\/wp-content\/uploads\/2023\/03\/350x350-1.jpeg",350,350,false],"woocommerce_thumbnail":["https:\/\/masilaparfum.com\/wp-content\/uploads\/2023\/03\/350x350-1-300x300.jpeg",300,300,true],"woocommerce_single":["https:\/\/masilaparfum.com\/wp-content\/uploads\/2023\/03\/350x350-1.jpeg",350,350,false],"woocommerce_gallery_thumbnail":["https:\/\/masilaparfum.com\/wp-content\/uploads\/2023\/03\/350x350-1-100x100.jpeg",100,100,true],"wcpr-photo-reviews":["https:\/\/masilaparfum.com\/wp-content\/uploads\/2023\/03\/350x350-1.jpeg",350,350,false]},"uagb_author_info":{"display_name":"masilaparfum","author_link":"https:\/\/masilaparfum.com\/index.php\/author\/"},"uagb_comment_info":3,"uagb_excerpt":"BACCARAT ROUGE 540 eau de parfum 70ml Un parfum unisex pour femme et homme Lumineux et rac\u00e9, Baccarat Rouge 540 se pose sur la peau tel un souffle fleuri ambr\u00e9 et bois\u00e9. Une alchimie po\u00e9tique. Une signature olfactive graphique et condens\u00e9e \u00e0 l\u2019extr\u00eame. Composition Jasmin, safran, bois de c\u00e8dre, ambre gris","_links":{"self":[{"href":"https:\/\/masilaparfum.com\/index.php\/wp-json\/wp\/v2\/product\/6146","targetHints":{"allow":["GET"]}}],"collection":[{"href":"https:\/\/masilaparfum.com\/index.php\/wp-json\/wp\/v2\/product"}],"about":[{"href":"https:\/\/masilaparfum.com\/index.php\/wp-json\/wp\/v2\/types\/product"}],"replies":[{"embeddable":true,"href":"https:\/\/masilaparfum.com\/index.php\/wp-json\/wp\/v2\/comments?post=6146"}],"wp:featuredmedia":[{"embeddable":true,"href":"https:\/\/masilaparfum.com\/index.php\/wp-json\/wp\/v2\/media\/6147"}],"wp:attachment":[{"href":"https:\/\/masilaparfum.com\/index.php\/wp-json\/wp\/v2\/media?parent=6146"}],"wp:term":[{"taxonomy":"product_cat","embeddable":true,"href":"https:\/\/masilaparfum.com\/index.php\/wp-json\/wp\/v2\/product_cat?post=6146"},{"taxonomy":"product_tag","embeddable":true,"href":"https:\/\/masilaparfum.com\/index.php\/wp-json\/wp\/v2\/product_tag?post=6146"}],"curies":[{"name":"wp","href":"https:\/\/api.w.org\/{rel}","templated":true}]}}