{"id":6143,"date":"2023-03-19T01:15:08","date_gmt":"2023-03-19T00:15:08","guid":{"rendered":"https:\/\/masilaparfum.com\/?post_type=product&#038;p=6143"},"modified":"2025-03-26T01:35:57","modified_gmt":"2025-03-26T01:35:57","slug":"bacca","status":"publish","type":"product","link":"https:\/\/masilaparfum.com\/index.php\/product\/bacca\/","title":{"rendered":"BACCARAT ROUGE 540 extrait de parfum 70ML"},"content":{"rendered":"<h2 style=\"text-align: center\"><strong><em>BACCARAT ROUGE 540 extrait de parfum<\/em><\/strong><\/h2>\n<p style=\"text-align: center\"><em><strong>Un parfum Unisex pour femme et homme\u00a0<\/strong><\/em><\/p>\n<p style=\"text-align: center\"><em>L\u2019extrait de parfum Baccarat Rouge 540 d\u00e9cuple la puissance et l\u2019\u00e9clat de son souffle fleuri ambr\u00e9 et bois\u00e9. Expression exalt\u00e9e de cette signature, les fleurs de jasmin et les muscs bois\u00e9s participent \u00e0 cette alchimie des sens. Profusion et fusion des \u00e9l\u00e9ments que seul l\u2019art du parfumeur et la sagesse du temps savent apprivoiser.<\/em><\/p>\n<p style=\"text-align: center\"><em>Description olfactive:\u00a0<\/em><\/p>\n<p style=\"text-align: center\"><em>Jasmin Grandiflorum d\u2019Egypte<\/em><br \/>\n<em>Safran<\/em><br \/>\n<em>Amande am\u00e8re du Maroc<\/em><br \/>\n<em>Bois de c\u00e8dre<\/em><br \/>\n<em>Accord bois\u00e9 musqu\u00e9<\/em><br \/>\n<em>Ambre gris<\/em><\/p>\n","protected":false},"excerpt":{"rendered":"<h2 style=\"text-align: center\"><em><strong>BACCARAT ROUGE 540 extrait de parfum<\/strong><\/em><\/h2>\n<p style=\"text-align: center\"><em><strong>Un parfum Unisex pour femme et homme\u00a0<\/strong><\/em><\/p>\n<p style=\"text-align: center\">\n","protected":false},"featured_media":6144,"comment_status":"closed","ping_status":"closed","template":"","meta":{"_uag_custom_page_level_css":"","site-sidebar-layout":"default","site-content-layout":"default","ast-site-content-layout":"default","site-content-style":"default","site-sidebar-style":"default","ast-global-header-display":"","ast-banner-title-visibility":"","ast-main-header-display":"","ast-hfb-above-header-display":"","ast-hfb-below-header-display":"","ast-hfb-mobile-header-display":"","site-post-title":"","ast-breadcrumbs-content":"","ast-featured-img":"","footer-sml-layout":"","theme-transparent-header-meta":"default","adv-header-id-meta":"","stick-header-meta":"","header-above-stick-meta":"","header-main-stick-meta":"","header-below-stick-meta":"","astra-migrate-meta-layouts":"set","ast-page-background-enabled":"default","ast-page-background-meta":{"desktop":{"background-color":"","background-image":"","background-repeat":"repeat","background-position":"center center","background-size":"auto","background-attachment":"scroll","background-type":"","background-media":"","overlay-type":"","overlay-color":"","overlay-opacity":"","overlay-gradient":""},"tablet":{"background-color":"","background-image":"","background-repeat":"repeat","background-position":"center center","background-size":"auto","background-attachment":"scroll","background-type":"","background-media":"","overlay-type":"","overlay-color":"","overlay-opacity":"","overlay-gradient":""},"mobile":{"background-color":"","background-image":"","background-repeat":"repeat","background-position":"center center","background-size":"auto","background-attachment":"scroll","background-type":"","background-media":"","overlay-type":"","overlay-color":"","overlay-opacity":"","overlay-gradient":""}},"ast-content-background-meta":{"desktop":{"background-color":"var(--ast-global-color-5)","background-image":"","background-repeat":"repeat","background-position":"center center","background-size":"auto","background-attachment":"scroll","background-type":"","background-media":"","overlay-type":"","overlay-color":"","overlay-opacity":"","overlay-gradient":""},"tablet":{"background-color":"var(--ast-global-color-5)","background-image":"","background-repeat":"repeat","background-position":"center center","background-size":"auto","background-attachment":"scroll","background-type":"","background-media":"","overlay-type":"","overlay-color":"","overlay-opacity":"","overlay-gradient":""},"mobile":{"background-color":"var(--ast-global-color-5)","background-image":"","background-repeat":"repeat","background-position":"center center","background-size":"auto","background-attachment":"scroll","background-type":"","background-media":"","overlay-type":"","overlay-color":"","overlay-opacity":"","overlay-gradient":""}}},"product_cat":[59,60,62],"product_tag":[328],"class_list":{"0":"post-6143","1":"product","2":"type-product","3":"status-publish","4":"has-post-thumbnail","6":"product_cat-parfumfemme","7":"product_cat-parfumhomme","8":"product_cat-parfum-unisex","9":"product_tag-mh","10":"desktop-align-center","11":"tablet-align-left","12":"mobile-align-center","14":"first","15":"instock","16":"shipping-taxable","17":"purchasable","18":"product-type-simple"},"uagb_featured_image_src":{"full":["https:\/\/masilaparfum.com\/wp-content\/uploads\/2023\/03\/4K1b6YYl1v3BWy2ILvomO0Rws4ghvLKMgrtTbDH3_md.jpeg",453,453,false],"thumbnail":["https:\/\/masilaparfum.com\/wp-content\/uploads\/2023\/03\/4K1b6YYl1v3BWy2ILvomO0Rws4ghvLKMgrtTbDH3_md-150x150.jpeg",150,150,true],"medium":["https:\/\/masilaparfum.com\/wp-content\/uploads\/2023\/03\/4K1b6YYl1v3BWy2ILvomO0Rws4ghvLKMgrtTbDH3_md-300x300.jpeg",300,300,true],"medium_large":["https:\/\/masilaparfum.com\/wp-content\/uploads\/2023\/03\/4K1b6YYl1v3BWy2ILvomO0Rws4ghvLKMgrtTbDH3_md.jpeg",453,453,false],"large":["https:\/\/masilaparfum.com\/wp-content\/uploads\/2023\/03\/4K1b6YYl1v3BWy2ILvomO0Rws4ghvLKMgrtTbDH3_md.jpeg",453,453,false],"1536x1536":["https:\/\/masilaparfum.com\/wp-content\/uploads\/2023\/03\/4K1b6YYl1v3BWy2ILvomO0Rws4ghvLKMgrtTbDH3_md.jpeg",453,453,false],"2048x2048":["https:\/\/masilaparfum.com\/wp-content\/uploads\/2023\/03\/4K1b6YYl1v3BWy2ILvomO0Rws4ghvLKMgrtTbDH3_md.jpeg",453,453,false],"mailpoet_newsletter_max":["https:\/\/masilaparfum.com\/wp-content\/uploads\/2023\/03\/4K1b6YYl1v3BWy2ILvomO0Rws4ghvLKMgrtTbDH3_md.jpeg",453,453,false],"woocommerce_thumbnail":["https:\/\/masilaparfum.com\/wp-content\/uploads\/2023\/03\/4K1b6YYl1v3BWy2ILvomO0Rws4ghvLKMgrtTbDH3_md-300x300.jpeg",300,300,true],"woocommerce_single":["https:\/\/masilaparfum.com\/wp-content\/uploads\/2023\/03\/4K1b6YYl1v3BWy2ILvomO0Rws4ghvLKMgrtTbDH3_md.jpeg",453,453,false],"woocommerce_gallery_thumbnail":["https:\/\/masilaparfum.com\/wp-content\/uploads\/2023\/03\/4K1b6YYl1v3BWy2ILvomO0Rws4ghvLKMgrtTbDH3_md-100x100.jpeg",100,100,true],"wcpr-photo-reviews":["https:\/\/masilaparfum.com\/wp-content\/uploads\/2023\/03\/4K1b6YYl1v3BWy2ILvomO0Rws4ghvLKMgrtTbDH3_md.jpeg",453,453,false]},"uagb_author_info":{"display_name":"masilaparfum","author_link":"https:\/\/masilaparfum.com\/index.php\/author\/"},"uagb_comment_info":4,"uagb_excerpt":"BACCARAT ROUGE 540 extrait de parfum Un parfum Unisex pour femme et homme\u00a0","_links":{"self":[{"href":"https:\/\/masilaparfum.com\/index.php\/wp-json\/wp\/v2\/product\/6143","targetHints":{"allow":["GET"]}}],"collection":[{"href":"https:\/\/masilaparfum.com\/index.php\/wp-json\/wp\/v2\/product"}],"about":[{"href":"https:\/\/masilaparfum.com\/index.php\/wp-json\/wp\/v2\/types\/product"}],"replies":[{"embeddable":true,"href":"https:\/\/masilaparfum.com\/index.php\/wp-json\/wp\/v2\/comments?post=6143"}],"wp:featuredmedia":[{"embeddable":true,"href":"https:\/\/masilaparfum.com\/index.php\/wp-json\/wp\/v2\/media\/6144"}],"wp:attachment":[{"href":"https:\/\/masilaparfum.com\/index.php\/wp-json\/wp\/v2\/media?parent=6143"}],"wp:term":[{"taxonomy":"product_cat","embeddable":true,"href":"https:\/\/masilaparfum.com\/index.php\/wp-json\/wp\/v2\/product_cat?post=6143"},{"taxonomy":"product_tag","embeddable":true,"href":"https:\/\/masilaparfum.com\/index.php\/wp-json\/wp\/v2\/product_tag?post=6143"}],"curies":[{"name":"wp","href":"https:\/\/api.w.org\/{rel}","templated":true}]}}