{"id":6136,"date":"2023-03-19T01:04:09","date_gmt":"2023-03-19T00:04:09","guid":{"rendered":"https:\/\/masilaparfum.com\/?post_type=product&#038;p=6136"},"modified":"2025-05-26T18:28:01","modified_gmt":"2025-05-26T17:28:01","slug":"montale-black-aoud-100ml","status":"publish","type":"product","link":"https:\/\/masilaparfum.com\/index.php\/product\/montale-black-aoud-100ml\/","title":{"rendered":"MONTALE BLACK AOUD 100ml"},"content":{"rendered":"<h2 style=\"text-align: center\"><em><strong>MONTALE BLACK AOUD<\/strong><\/em><\/h2>\n<p style=\"text-align: center\"><strong>Un Parfum Unisex pour homme et femme<\/strong><\/p>\n<p style=\"text-align: center\">Black Aoud\u00a0de\u00a0Montale\u00a0est un parfum Bois\u00e9 Floral Musqu\u00e9 pour homme.\u00a0Black Aoud\u00a0a \u00e9t\u00e9 lanc\u00e9 en 2006. Le nez derri\u00e8re ce parfum est Pierre Montale.<\/p>\n<p style=\"text-align: center\">\u00a0le nouveau parfum d\u2019un homme pleinement accompli. Capable de surmonter tous les challenges, il ne prend jamais rien pour acquis et continue obstin\u00e9ment de suivre le chemin qu\u2019il s\u2019est trac\u00e9. Son credo : aller toujours plus loin.<\/p>\n<p style=\"text-align: center\">\n<p style=\"text-align: center\">S\u2019il a souvent \u00e9t\u00e9 qualifi\u00e9 de non conventionnel ou d\u2019agitateur d\u2019id\u00e9e,\u00a0Black Aoud\u00a0de\u00a0Montale\u00a0 \u00a0reste un des plus grands couturiers et une v\u00e9ritable r\u00e9f\u00e9rence en parfumerie.<\/p>\n<p style=\"text-align: center\">PARFUM TESTEUR<\/p>\n<p style=\"text-align: center\">QUALITE GARANTIE<\/p>\n","protected":false},"excerpt":{"rendered":"<h2 style=\"text-align: center\"><em><strong>MONTALE BLACK AOUD<\/strong><\/em><\/h2>\n<p style=\"text-align: center\"><strong>Un Parfum Unisex pour homme et femme<\/strong><\/p>\n<p style=\"text-align: center\">Black Aoud\u00a0de\u00a0Montale\u00a0est un parfum Bois\u00e9 Floral Musqu\u00e9 pour homme.\u00a0Black Aoud\u00a0a \u00e9t\u00e9 lanc\u00e9 en 2006. Le nez derri\u00e8re ce parfum est Pierre Montale.<\/p>\n","protected":false},"featured_media":6138,"comment_status":"open","ping_status":"closed","template":"","meta":{"_uag_custom_page_level_css":"","site-sidebar-layout":"default","site-content-layout":"default","ast-site-content-layout":"","site-content-style":"default","site-sidebar-style":"default","ast-global-header-display":"","ast-banner-title-visibility":"","ast-main-header-display":"","ast-hfb-above-header-display":"","ast-hfb-below-header-display":"","ast-hfb-mobile-header-display":"","site-post-title":"","ast-breadcrumbs-content":"","ast-featured-img":"","footer-sml-layout":"","theme-transparent-header-meta":"default","adv-header-id-meta":"","stick-header-meta":"","header-above-stick-meta":"","header-main-stick-meta":"","header-below-stick-meta":"","astra-migrate-meta-layouts":"default","ast-page-background-enabled":"default","ast-page-background-meta":{"desktop":{"background-color":"","background-image":"","background-repeat":"repeat","background-position":"center center","background-size":"auto","background-attachment":"scroll","background-type":"","background-media":"","overlay-type":"","overlay-color":"","overlay-opacity":"","overlay-gradient":""},"tablet":{"background-color":"","background-image":"","background-repeat":"repeat","background-position":"center center","background-size":"auto","background-attachment":"scroll","background-type":"","background-media":"","overlay-type":"","overlay-color":"","overlay-opacity":"","overlay-gradient":""},"mobile":{"background-color":"","background-image":"","background-repeat":"repeat","background-position":"center center","background-size":"auto","background-attachment":"scroll","background-type":"","background-media":"","overlay-type":"","overlay-color":"","overlay-opacity":"","overlay-gradient":""}},"ast-content-background-meta":{"desktop":{"background-color":"var(--ast-global-color-5)","background-image":"","background-repeat":"repeat","background-position":"center center","background-size":"auto","background-attachment":"scroll","background-type":"","background-media":"","overlay-type":"","overlay-color":"","overlay-opacity":"","overlay-gradient":""},"tablet":{"background-color":"var(--ast-global-color-5)","background-image":"","background-repeat":"repeat","background-position":"center center","background-size":"auto","background-attachment":"scroll","background-type":"","background-media":"","overlay-type":"","overlay-color":"","overlay-opacity":"","overlay-gradient":""},"mobile":{"background-color":"var(--ast-global-color-5)","background-image":"","background-repeat":"repeat","background-position":"center center","background-size":"auto","background-attachment":"scroll","background-type":"","background-media":"","overlay-type":"","overlay-color":"","overlay-opacity":"","overlay-gradient":""}}},"product_cat":[59,60,62],"product_tag":[328],"class_list":{"0":"post-6136","1":"product","2":"type-product","3":"status-publish","4":"has-post-thumbnail","6":"product_cat-parfumfemme","7":"product_cat-parfumhomme","8":"product_cat-parfum-unisex","9":"product_tag-mh","10":"desktop-align-center","11":"tablet-align-left","12":"mobile-align-center","14":"first","15":"instock","16":"sale","17":"shipping-taxable","18":"purchasable","19":"product-type-simple"},"uagb_featured_image_src":{"full":["https:\/\/masilaparfum.com\/wp-content\/uploads\/2023\/03\/Montale_BlackOud_1.jpeg",501,500,false],"thumbnail":["https:\/\/masilaparfum.com\/wp-content\/uploads\/2023\/03\/Montale_BlackOud_1-150x150.jpeg",150,150,true],"medium":["https:\/\/masilaparfum.com\/wp-content\/uploads\/2023\/03\/Montale_BlackOud_1-300x300.jpeg",300,300,true],"medium_large":["https:\/\/masilaparfum.com\/wp-content\/uploads\/2023\/03\/Montale_BlackOud_1.jpeg",501,500,false],"large":["https:\/\/masilaparfum.com\/wp-content\/uploads\/2023\/03\/Montale_BlackOud_1.jpeg",501,500,false],"1536x1536":["https:\/\/masilaparfum.com\/wp-content\/uploads\/2023\/03\/Montale_BlackOud_1.jpeg",501,500,false],"2048x2048":["https:\/\/masilaparfum.com\/wp-content\/uploads\/2023\/03\/Montale_BlackOud_1.jpeg",501,500,false],"mailpoet_newsletter_max":["https:\/\/masilaparfum.com\/wp-content\/uploads\/2023\/03\/Montale_BlackOud_1.jpeg",501,500,false],"woocommerce_thumbnail":["https:\/\/masilaparfum.com\/wp-content\/uploads\/2023\/03\/Montale_BlackOud_1-300x300.jpeg",300,300,true],"woocommerce_single":["https:\/\/masilaparfum.com\/wp-content\/uploads\/2023\/03\/Montale_BlackOud_1.jpeg",501,500,false],"woocommerce_gallery_thumbnail":["https:\/\/masilaparfum.com\/wp-content\/uploads\/2023\/03\/Montale_BlackOud_1-100x100.jpeg",100,100,true],"wcpr-photo-reviews":["https:\/\/masilaparfum.com\/wp-content\/uploads\/2023\/03\/Montale_BlackOud_1.jpeg",500,499,false]},"uagb_author_info":{"display_name":"masilaparfum","author_link":"https:\/\/masilaparfum.com\/index.php\/author\/"},"uagb_comment_info":0,"uagb_excerpt":"MONTALE BLACK AOUD Un Parfum Unisex pour homme et femme Black Aoud\u00a0de\u00a0Montale\u00a0est un parfum Bois\u00e9 Floral Musqu\u00e9 pour homme.\u00a0Black Aoud\u00a0a \u00e9t\u00e9 lanc\u00e9 en 2006. Le nez derri\u00e8re ce parfum est Pierre Montale.","_links":{"self":[{"href":"https:\/\/masilaparfum.com\/index.php\/wp-json\/wp\/v2\/product\/6136","targetHints":{"allow":["GET"]}}],"collection":[{"href":"https:\/\/masilaparfum.com\/index.php\/wp-json\/wp\/v2\/product"}],"about":[{"href":"https:\/\/masilaparfum.com\/index.php\/wp-json\/wp\/v2\/types\/product"}],"replies":[{"embeddable":true,"href":"https:\/\/masilaparfum.com\/index.php\/wp-json\/wp\/v2\/comments?post=6136"}],"wp:featuredmedia":[{"embeddable":true,"href":"https:\/\/masilaparfum.com\/index.php\/wp-json\/wp\/v2\/media\/6138"}],"wp:attachment":[{"href":"https:\/\/masilaparfum.com\/index.php\/wp-json\/wp\/v2\/media?parent=6136"}],"wp:term":[{"taxonomy":"product_cat","embeddable":true,"href":"https:\/\/masilaparfum.com\/index.php\/wp-json\/wp\/v2\/product_cat?post=6136"},{"taxonomy":"product_tag","embeddable":true,"href":"https:\/\/masilaparfum.com\/index.php\/wp-json\/wp\/v2\/product_tag?post=6136"}],"curies":[{"name":"wp","href":"https:\/\/api.w.org\/{rel}","templated":true}]}}