{"id":6127,"date":"2023-03-19T00:31:14","date_gmt":"2023-03-18T23:31:14","guid":{"rendered":"https:\/\/masilaparfum.com\/?post_type=product&#038;p=6127"},"modified":"2025-05-26T18:28:37","modified_gmt":"2025-05-26T17:28:37","slug":"tom-ford-soleil-blanc-100ml","status":"publish","type":"product","link":"https:\/\/masilaparfum.com\/index.php\/product\/tom-ford-soleil-blanc-100ml\/","title":{"rendered":"TOM FORD SOLEIL BLANC  100ML"},"content":{"rendered":"<h2 style=\"text-align: center\"><em><strong>Tom Ford Soleil Blanc\u00a0<\/strong><\/em><\/h2>\n<p style=\"text-align: center\"><strong>Un Parfum Unisex pour femme et homme\u00a0<\/strong><\/p>\n<p style=\"text-align: center\">Blanc Soleil Eau de Parfum Epic\u00e9e : le parfum ambr\u00e9 solaire et floral qui fait la part belle aux gourmands chauds et sucr\u00e9s.Inattendu. Sulfureux. Addictif.<br \/>\nFamille olfactive : Ambr\u00e9e florale.<br \/>\nLes \u00eeles priv\u00e9es \u00e9loign\u00e9es o\u00f9 l&rsquo;\u00e9t\u00e9 dure toute l&rsquo;ann\u00e9e et o\u00f9 un jour se fond dans le suivant inspirent soleil blanc, un ambre floral solaire addictif vivant avec un raffinement s\u00e9duisant et une d\u00e9cadence rafra\u00eechissante. La derni\u00e8re cr\u00e9ation de Tom ord en mati\u00e8re de m\u00e9lange priv\u00e9 exhale sans ambages la poursuite sans fin du soleil et du luxe qui d\u00e9finit Tom ford soleil.<br \/>\nL&rsquo;INSPIRATION:<br \/>\nLes \u00eeles priv\u00e9es \u00e9loign\u00e9es o\u00f9 l&rsquo;\u00e9t\u00e9 dure toute l&rsquo;ann\u00e9e et o\u00f9 un jour se fond dans le suivant de fa\u00e7on transparente.<br \/>\nLE FLACON :<br \/>\nL&rsquo;allure architecturale \u00e9pur\u00e9e d&rsquo;une pi\u00e8ce d&rsquo;\u00e9chec.<br \/>\n\u00a0\u00bb Soleil Blanc est inattendu, sulfureux et addictif. C&rsquo;est un ambre solaire et floral qui exhale sans ambages la recherche du soleil et du luxe qui d\u00e9finit Soleil.\u00a0\u00bb\u00a0 &#8211; TOM FORD<\/p>\n<p style=\"text-align: center\">PARFUM TESTEUR<\/p>\n<p style=\"text-align: center\">QUALITE GARANTIE<\/p>\n","protected":false},"excerpt":{"rendered":"<h2 style=\"text-align: center\"><em><strong>Tom Ford Soleil Blanc\u00a0<\/strong><\/em><\/h2>\n<p style=\"text-align: center\"><strong>Un Parfum Unisex pour femme et homme\u00a0<\/strong><\/p>\n<p style=\"text-align: center\">Blanc Soleil Eau de Parfum Epic\u00e9e : le parfum ambr\u00e9 solaire et floral qui fait la part belle aux gourmands chauds et sucr\u00e9s.Inattendu. Sulfureux. Addictif.<br \/>\nFamille olfactive : Ambr\u00e9e florale.<\/p>\n","protected":false},"featured_media":6128,"comment_status":"open","ping_status":"closed","template":"","meta":{"_uag_custom_page_level_css":"","site-sidebar-layout":"default","site-content-layout":"default","ast-site-content-layout":"","site-content-style":"default","site-sidebar-style":"default","ast-global-header-display":"","ast-banner-title-visibility":"","ast-main-header-display":"","ast-hfb-above-header-display":"","ast-hfb-below-header-display":"","ast-hfb-mobile-header-display":"","site-post-title":"","ast-breadcrumbs-content":"","ast-featured-img":"","footer-sml-layout":"","theme-transparent-header-meta":"default","adv-header-id-meta":"","stick-header-meta":"","header-above-stick-meta":"","header-main-stick-meta":"","header-below-stick-meta":"","astra-migrate-meta-layouts":"default","ast-page-background-enabled":"default","ast-page-background-meta":{"desktop":{"background-color":"","background-image":"","background-repeat":"repeat","background-position":"center center","background-size":"auto","background-attachment":"scroll","background-type":"","background-media":"","overlay-type":"","overlay-color":"","overlay-opacity":"","overlay-gradient":""},"tablet":{"background-color":"","background-image":"","background-repeat":"repeat","background-position":"center center","background-size":"auto","background-attachment":"scroll","background-type":"","background-media":"","overlay-type":"","overlay-color":"","overlay-opacity":"","overlay-gradient":""},"mobile":{"background-color":"","background-image":"","background-repeat":"repeat","background-position":"center center","background-size":"auto","background-attachment":"scroll","background-type":"","background-media":"","overlay-type":"","overlay-color":"","overlay-opacity":"","overlay-gradient":""}},"ast-content-background-meta":{"desktop":{"background-color":"var(--ast-global-color-5)","background-image":"","background-repeat":"repeat","background-position":"center center","background-size":"auto","background-attachment":"scroll","background-type":"","background-media":"","overlay-type":"","overlay-color":"","overlay-opacity":"","overlay-gradient":""},"tablet":{"background-color":"var(--ast-global-color-5)","background-image":"","background-repeat":"repeat","background-position":"center center","background-size":"auto","background-attachment":"scroll","background-type":"","background-media":"","overlay-type":"","overlay-color":"","overlay-opacity":"","overlay-gradient":""},"mobile":{"background-color":"var(--ast-global-color-5)","background-image":"","background-repeat":"repeat","background-position":"center center","background-size":"auto","background-attachment":"scroll","background-type":"","background-media":"","overlay-type":"","overlay-color":"","overlay-opacity":"","overlay-gradient":""}}},"product_cat":[59,60,62],"product_tag":[328],"class_list":{"0":"post-6127","1":"product","2":"type-product","3":"status-publish","4":"has-post-thumbnail","6":"product_cat-parfumfemme","7":"product_cat-parfumhomme","8":"product_cat-parfum-unisex","9":"product_tag-mh","10":"desktop-align-center","11":"tablet-align-left","12":"mobile-align-center","14":"first","15":"instock","16":"sale","17":"shipping-taxable","18":"purchasable","19":"product-type-simple"},"uagb_featured_image_src":{"full":["https:\/\/masilaparfum.com\/wp-content\/uploads\/2023\/03\/Z7kBCxJEhEIRxszNLz546kc6aJuRSkKy82JyQxRz_lg.jpeg",600,600,false],"thumbnail":["https:\/\/masilaparfum.com\/wp-content\/uploads\/2023\/03\/Z7kBCxJEhEIRxszNLz546kc6aJuRSkKy82JyQxRz_lg-150x150.jpeg",150,150,true],"medium":["https:\/\/masilaparfum.com\/wp-content\/uploads\/2023\/03\/Z7kBCxJEhEIRxszNLz546kc6aJuRSkKy82JyQxRz_lg-300x300.jpeg",300,300,true],"medium_large":["https:\/\/masilaparfum.com\/wp-content\/uploads\/2023\/03\/Z7kBCxJEhEIRxszNLz546kc6aJuRSkKy82JyQxRz_lg.jpeg",600,600,false],"large":["https:\/\/masilaparfum.com\/wp-content\/uploads\/2023\/03\/Z7kBCxJEhEIRxszNLz546kc6aJuRSkKy82JyQxRz_lg.jpeg",600,600,false],"1536x1536":["https:\/\/masilaparfum.com\/wp-content\/uploads\/2023\/03\/Z7kBCxJEhEIRxszNLz546kc6aJuRSkKy82JyQxRz_lg.jpeg",600,600,false],"2048x2048":["https:\/\/masilaparfum.com\/wp-content\/uploads\/2023\/03\/Z7kBCxJEhEIRxszNLz546kc6aJuRSkKy82JyQxRz_lg.jpeg",600,600,false],"mailpoet_newsletter_max":["https:\/\/masilaparfum.com\/wp-content\/uploads\/2023\/03\/Z7kBCxJEhEIRxszNLz546kc6aJuRSkKy82JyQxRz_lg.jpeg",600,600,false],"woocommerce_thumbnail":["https:\/\/masilaparfum.com\/wp-content\/uploads\/2023\/03\/Z7kBCxJEhEIRxszNLz546kc6aJuRSkKy82JyQxRz_lg-300x300.jpeg",300,300,true],"woocommerce_single":["https:\/\/masilaparfum.com\/wp-content\/uploads\/2023\/03\/Z7kBCxJEhEIRxszNLz546kc6aJuRSkKy82JyQxRz_lg.jpeg",600,600,false],"woocommerce_gallery_thumbnail":["https:\/\/masilaparfum.com\/wp-content\/uploads\/2023\/03\/Z7kBCxJEhEIRxszNLz546kc6aJuRSkKy82JyQxRz_lg-100x100.jpeg",100,100,true],"wcpr-photo-reviews":["https:\/\/masilaparfum.com\/wp-content\/uploads\/2023\/03\/Z7kBCxJEhEIRxszNLz546kc6aJuRSkKy82JyQxRz_lg.jpeg",500,500,false]},"uagb_author_info":{"display_name":"masilaparfum","author_link":"https:\/\/masilaparfum.com\/index.php\/author\/"},"uagb_comment_info":0,"uagb_excerpt":"Tom Ford Soleil Blanc\u00a0 Un Parfum Unisex pour femme et homme\u00a0 Blanc Soleil Eau de Parfum Epic\u00e9e : le parfum ambr\u00e9 solaire et floral qui fait la part belle aux gourmands chauds et sucr\u00e9s.Inattendu. Sulfureux. Addictif. Famille olfactive : Ambr\u00e9e florale.","_links":{"self":[{"href":"https:\/\/masilaparfum.com\/index.php\/wp-json\/wp\/v2\/product\/6127","targetHints":{"allow":["GET"]}}],"collection":[{"href":"https:\/\/masilaparfum.com\/index.php\/wp-json\/wp\/v2\/product"}],"about":[{"href":"https:\/\/masilaparfum.com\/index.php\/wp-json\/wp\/v2\/types\/product"}],"replies":[{"embeddable":true,"href":"https:\/\/masilaparfum.com\/index.php\/wp-json\/wp\/v2\/comments?post=6127"}],"wp:featuredmedia":[{"embeddable":true,"href":"https:\/\/masilaparfum.com\/index.php\/wp-json\/wp\/v2\/media\/6128"}],"wp:attachment":[{"href":"https:\/\/masilaparfum.com\/index.php\/wp-json\/wp\/v2\/media?parent=6127"}],"wp:term":[{"taxonomy":"product_cat","embeddable":true,"href":"https:\/\/masilaparfum.com\/index.php\/wp-json\/wp\/v2\/product_cat?post=6127"},{"taxonomy":"product_tag","embeddable":true,"href":"https:\/\/masilaparfum.com\/index.php\/wp-json\/wp\/v2\/product_tag?post=6127"}],"curies":[{"name":"wp","href":"https:\/\/api.w.org\/{rel}","templated":true}]}}